{"id":7676,"date":"2020-11-29T18:24:14","date_gmt":"2020-11-29T23:24:14","guid":{"rendered":"https:\/\/www.dramaction.qc.ca\/fr\/?post_type=product&#038;p=7676"},"modified":"2020-11-30T12:25:18","modified_gmt":"2020-11-30T17:25:18","slug":"art-dramatique-disparition-mysterieuse","status":"publish","type":"product","link":"https:\/\/www.dramaction.qc.ca\/fr\/produit\/art-dramatique-disparition-mysterieuse\/","title":{"rendered":"Art dramatique- Disparition myst\u00e9rieuse"},"content":{"rendered":"<p class=\"p1\">Une histoire myst\u00e9rieuse \u00e0 compl\u00e9ter<\/p>\n<p class=\"p2\">En \u00e9quipe de 3-4 \u00e9l\u00e8ves vous allez imaginer ce qui s\u2019est pass\u00e9<\/p>\n<p class=\"p2\">avec l\u2019enseignante\u2026 et vous allez faire la sc\u00e8ne avec des<\/p>\n<p class=\"p2\">accessoires.<\/p>\n<p>&nbsp;<\/p>\n<p>(aper\u00e7u seulement de la moiti\u00e9 des \u00e9l\u00e9ments)<\/p>\n<p class=\"p3\">ATTENTION IL FAUT UTILISER TOUS LES INDICES D\u00c9CRITS ICI.<\/p>\n<p class=\"p4\">Mise en situation<\/p>\n<p class=\"p2\">Avant la r\u00e9cr\u00e9ation, votre enseignante vous a enseign\u00e9 les<\/p>\n<p class=\"p2\">math\u00e9matiques. Vous n\u2019avez rien remarqu\u00e9 de bizarre \u00e0 part<\/p>\n<p class=\"p2\">qu\u2019elle regardait toujours sur son cellulaire.<\/p>\n<p class=\"p2\">Au retour de la r\u00e9cr\u00e9ation, la porte est ouverte et la lumi\u00e8re<\/p>\n<p class=\"p2\">ferm\u00e9e.<\/p>\n<p class=\"p2\">Vous trouvez des cl\u00e9s sur la table pr\u00e8s de la porte\u2026 mais sans le<\/p>\n<p class=\"p2\">trousseau, seulement 2 cl\u00e9s&#8230;<\/p>\n<p>&nbsp;<\/p>\n<p>Document de 3 pages avec un tableau pour l&#8217;\u00e9valuation.<\/p>\n","protected":false},"excerpt":{"rendered":"<p>Voici mon projet d&#8217;art dramatique le plus populaire de ma boutique Univers Merveilleux!!<\/p>\n<p>Description du projet de la disparition myst\u00e9rieuse du professeur.<\/p>\n<p>Grille d&#8217;\u00e9valuation incluse.<\/p>\n<p>Fait avec un groupe de 5-6 ann\u00e9e du primaire et c&#8217;\u00e9tait vraiment g\u00e9nial<\/p>\n","protected":false},"featured_media":7693,"comment_status":"open","ping_status":"closed","template":"","meta":[],"product_brand":[],"product_cat":[316],"product_tag":[318,317,320,322,321,319],"class_list":{"0":"post-7676","1":"product","2":"type-product","3":"status-publish","4":"has-post-thumbnail","6":"product_cat-univers-merveilleux","7":"product_tag-art","8":"product_tag-art-dramatique","9":"product_tag-equipe","10":"product_tag-mystere","11":"product_tag-professeur","12":"product_tag-projet","13":"wcpv_product_vendors-joanie-simard","15":"first","16":"instock","17":"downloadable","18":"shipping-taxable","19":"purchasable","20":"product-type-simple"},"jetpack_sharing_enabled":true,"_links":{"self":[{"href":"https:\/\/www.dramaction.qc.ca\/fr\/wp-json\/wp\/v2\/product\/7676","targetHints":{"allow":["GET"]}}],"collection":[{"href":"https:\/\/www.dramaction.qc.ca\/fr\/wp-json\/wp\/v2\/product"}],"about":[{"href":"https:\/\/www.dramaction.qc.ca\/fr\/wp-json\/wp\/v2\/types\/product"}],"replies":[{"embeddable":true,"href":"https:\/\/www.dramaction.qc.ca\/fr\/wp-json\/wp\/v2\/comments?post=7676"}],"wp:featuredmedia":[{"embeddable":true,"href":"https:\/\/www.dramaction.qc.ca\/fr\/wp-json\/wp\/v2\/media\/7693"}],"wp:attachment":[{"href":"https:\/\/www.dramaction.qc.ca\/fr\/wp-json\/wp\/v2\/media?parent=7676"}],"wp:term":[{"taxonomy":"product_brand","embeddable":true,"href":"https:\/\/www.dramaction.qc.ca\/fr\/wp-json\/wp\/v2\/product_brand?post=7676"},{"taxonomy":"product_cat","embeddable":true,"href":"https:\/\/www.dramaction.qc.ca\/fr\/wp-json\/wp\/v2\/product_cat?post=7676"},{"taxonomy":"product_tag","embeddable":true,"href":"https:\/\/www.dramaction.qc.ca\/fr\/wp-json\/wp\/v2\/product_tag?post=7676"}],"curies":[{"name":"wp","href":"https:\/\/api.w.org\/{rel}","templated":true}]}}