{"id":7635,"date":"2020-11-16T15:16:10","date_gmt":"2020-11-16T20:16:10","guid":{"rendered":"https:\/\/www.dramaction.qc.ca\/fr\/?post_type=product&#038;p=7635"},"modified":"2020-11-16T15:16:10","modified_gmt":"2020-11-16T20:16:10","slug":"monologues-et-dialogues-pour-les-6-12-ans","status":"publish","type":"product","link":"https:\/\/www.dramaction.qc.ca\/fr\/produit\/monologues-et-dialogues-pour-les-6-12-ans\/","title":{"rendered":"Monologues et dialogues (pour les 6 &#8211; 12 ans)"},"content":{"rendered":"<h2><strong>Des monologues et des dialogues pour tous les go\u00fbts<br \/>\n<\/strong><\/h2>\n<p>24 monologues et 15 dialogues adapt\u00e9s aux plus jeunes !<\/p>\n<p>&nbsp;<\/p>\n<div class=\"feature-box feature-box-15 feature-box-align-center\">\n<div class=\"feature-box-content cf\">\n<p><img decoding=\"async\" class=\" wp-image-7636\" src=\"https:\/\/www.dramaction.qc.ca\/fr\/wp-content\/uploads\/2020\/11\/monologues-dialogues-jacky-rom-300x300.jpg\" alt=\"\" width=\"293\" height=\"293\" srcset=\"https:\/\/www.dramaction.qc.ca\/fr\/wp-content\/uploads\/2020\/11\/monologues-dialogues-jacky-rom-300x300.jpg 300w, https:\/\/www.dramaction.qc.ca\/fr\/wp-content\/uploads\/2020\/11\/monologues-dialogues-jacky-rom-1024x1024.jpg 1024w, https:\/\/www.dramaction.qc.ca\/fr\/wp-content\/uploads\/2020\/11\/monologues-dialogues-jacky-rom-150x150.jpg 150w, https:\/\/www.dramaction.qc.ca\/fr\/wp-content\/uploads\/2020\/11\/monologues-dialogues-jacky-rom-1536x1536.jpg 1536w, https:\/\/www.dramaction.qc.ca\/fr\/wp-content\/uploads\/2020\/11\/monologues-dialogues-jacky-rom-2048x2048.jpg 2048w, https:\/\/www.dramaction.qc.ca\/fr\/wp-content\/uploads\/2020\/11\/monologues-dialogues-jacky-rom-200x200.jpg 200w, https:\/\/www.dramaction.qc.ca\/fr\/wp-content\/uploads\/2020\/11\/monologues-dialogues-jacky-rom-100x100.jpg 100w\" sizes=\"(max-width: 293px) 100vw, 293px\" \/><\/p>\n<p>Dans cet ouvrage traduit par Dramaction, Jacky Rom propose un recueil de textes qu&#8217;elle a \u00e9crit pour ses \u00e9l\u00e8ves.<\/p>\n<p style=\"padding-left: 80px;\"><strong>En pr\u00e9face :<\/strong><\/p>\n<p style=\"padding-left: 80px;\">En tant qu&#8217;autrice et enseignante d&#8217;art dramatique, j&#8217;ai pass\u00e9 30 ans \u00e0 me servir encore et encore des m\u00eames monologues et dialogues.\u00a0 J&#8217;ai un jour eu envie de varier et d&#8217;en cr\u00e9er quelques-uns.<\/p>\n<p style=\"padding-left: 80px;\">Dans ce livre, vous trouverez des \u0153uvres qui pourront facilement \u00eatre utilis\u00e9es par de jeunes acteurs. J&#8217;ai pr\u00e9f\u00e9r\u00e9 ne pas trop mettre de didascalie pour vous permettre de bien vous approprier ces textes et leur donner votre couleur. J&#8217;esp\u00e8re que vous appr\u00e9cierez ce livre et qu&#8217;il enrichira votre banque d&#8217;outils pour vos cours de th\u00e9\u00e2tre et d&#8217;art dramatique.<\/p>\n<p style=\"padding-left: 120px;\"><em>Jacky Rom<\/em><\/p>\n<\/div>\n<\/div>\n<div class=\"feature-box feature-box-18 feature-box-align-center\">\n<div class=\"feature-box-content cf\">\n<h4><a href=\"https:\/\/www.dramaction.qc.ca\/fr\/wp-content\/uploads\/2020\/11\/extrait-Monologues-et-dialogues-pour-les-6-a-12-ans.pdf\">Extrait du livre : Monologues et dialogues pour les 6 \u00e0 12 ans<\/a><\/h4>\n<\/div>\n<\/div>\n<div class=\"feature-box feature-box-15 feature-box-align-center\">\n<div class=\"feature-box-content cf\"><\/div>\n<\/div>\n","protected":false},"excerpt":{"rendered":"<p>24 monologues et 15 dialogues adapt\u00e9s aux plus jeunes !<\/p>\n","protected":false},"featured_media":7636,"comment_status":"open","ping_status":"closed","template":"","meta":[],"product_brand":[],"product_cat":[178,275,313,238,177],"product_tag":[],"class_list":{"0":"post-7635","1":"product","2":"type-product","3":"status-publish","4":"has-post-thumbnail","6":"product_cat-8-12-ans","7":"product_cat-auteurs-americains-traduits","8":"product_cat-jacky-rom","9":"product_cat-monologues","10":"product_cat-pieces-de-theatre","11":"wcpv_product_vendors-jacky-rom","13":"first","14":"instock","15":"downloadable","16":"shipping-taxable","17":"purchasable","18":"product-type-simple"},"jetpack_sharing_enabled":true,"_links":{"self":[{"href":"https:\/\/www.dramaction.qc.ca\/fr\/wp-json\/wp\/v2\/product\/7635","targetHints":{"allow":["GET"]}}],"collection":[{"href":"https:\/\/www.dramaction.qc.ca\/fr\/wp-json\/wp\/v2\/product"}],"about":[{"href":"https:\/\/www.dramaction.qc.ca\/fr\/wp-json\/wp\/v2\/types\/product"}],"replies":[{"embeddable":true,"href":"https:\/\/www.dramaction.qc.ca\/fr\/wp-json\/wp\/v2\/comments?post=7635"}],"wp:featuredmedia":[{"embeddable":true,"href":"https:\/\/www.dramaction.qc.ca\/fr\/wp-json\/wp\/v2\/media\/7636"}],"wp:attachment":[{"href":"https:\/\/www.dramaction.qc.ca\/fr\/wp-json\/wp\/v2\/media?parent=7635"}],"wp:term":[{"taxonomy":"product_brand","embeddable":true,"href":"https:\/\/www.dramaction.qc.ca\/fr\/wp-json\/wp\/v2\/product_brand?post=7635"},{"taxonomy":"product_cat","embeddable":true,"href":"https:\/\/www.dramaction.qc.ca\/fr\/wp-json\/wp\/v2\/product_cat?post=7635"},{"taxonomy":"product_tag","embeddable":true,"href":"https:\/\/www.dramaction.qc.ca\/fr\/wp-json\/wp\/v2\/product_tag?post=7635"}],"curies":[{"name":"wp","href":"https:\/\/api.w.org\/{rel}","templated":true}]}}