{"id":7542,"date":"2020-09-23T10:49:42","date_gmt":"2020-09-23T14:49:42","guid":{"rendered":"https:\/\/www.dramaction.qc.ca\/fr\/?post_type=product&#038;p=7542"},"modified":"2020-09-23T10:51:40","modified_gmt":"2020-09-23T14:51:40","slug":"les-histoires-de-la-fee-revabosse","status":"publish","type":"product","link":"https:\/\/www.dramaction.qc.ca\/fr\/produit\/les-histoires-de-la-fee-revabosse\/","title":{"rendered":"Les histoires de la f\u00e9e R\u00eavabosse"},"content":{"rendered":"<p><strong>Pi\u00e8ce pour les 6 &#8211; 9 ans<\/strong><strong><br \/>\n<\/strong>Pi\u00e8ce de th\u00e9\u00e2tre de<em> Martine Plaucheur<br \/>\n25 personnages, modulable<br \/>\n<\/em><\/p>\n<hr \/>\n<p><img decoding=\"async\" class=\"size-thumbnail wp-image-4303 alignleft\" src=\"http:\/\/www.dramaction.qc.ca\/fr\/wp-content\/uploads\/2016\/12\/anonyme-150x150.jpg\" alt=\"\" width=\"150\" height=\"150\" srcset=\"https:\/\/www.dramaction.qc.ca\/fr\/wp-content\/uploads\/2016\/12\/anonyme-150x150.jpg 150w, https:\/\/www.dramaction.qc.ca\/fr\/wp-content\/uploads\/2016\/12\/anonyme-200x200.jpg 200w, https:\/\/www.dramaction.qc.ca\/fr\/wp-content\/uploads\/2016\/12\/anonyme-100x100.jpg 100w, https:\/\/www.dramaction.qc.ca\/fr\/wp-content\/uploads\/2016\/12\/anonyme-300x300.jpg 300w, https:\/\/www.dramaction.qc.ca\/fr\/wp-content\/uploads\/2016\/12\/anonyme-1024x1024.jpg 1024w\" sizes=\"(max-width: 150px) 100vw, 150px\" \/><strong>Auteur<\/strong> :<em> Martine Plaucheur<\/em><\/p>\n<p>Th\u00e8me de pr\u00e9dilection: la d\u00e9livrance de nos entraves pour laisser \u00e9clore notre \u00eatre v\u00e9ritable\u2026 \u00c9tudes de lettres, piges pour le magazine ELLE, et un recueil de nouvelles: Chambre 21 ou l&#8217;\u00e9preuve de libert\u00e9. Puis vient le blog de Plauch, chroniques sur le net. En<br \/>\n2012, c&#8217;est le roman Singularit\u00e9 initiale, et des\u00a0 nouvelles pour Marseille l\u2019Hebdo. En 2015 sort &#8220;Bribes vagabondes d\u2019un<br \/>\nnon-journal de voyage&#8221;. Son dernier livre est un thriller: &#8220;Qui<br \/>\n\u00eates-vous Noam Derwich?&#8221;.\u00a0 Son \u00e9criture explore tous les genres : elle co-\u00e9crit avec David Zaw le roman photo Warrior of Love, dont elle incarne l&#8217;h\u00e9ro\u00efne Major Pinkie. Martine joue et \u00e9crit pour le th\u00e9\u00e2tre. Sa pi\u00e8ce<br \/>\n&#8220;Correspondance pour Berlin&#8221; est rest\u00e9e 2 ans \u00e0 l&#8217;affiche. Elle a interpr\u00e9t\u00e9 le r\u00f4le d\u2019une d\u00e9tenue dans &#8220;26 sur 9&#8221; (adaptation des Lettres de Prison de Roger Knobelspiess) sign\u00e9e et jou\u00e9e avec David Zaw. Elle joue actuellement dans \u00ab Vous avez lu trop de polars !\u00bb, sa nouvelle com\u00e9die. Tout en donnant des lectures-performances.\u2028Martine anime des ateliers d&#8217;\u00e9criture pour<br \/>\nles adultes et de th\u00e9\u00e2tre pour les enfants.<\/p>\n<p><strong>Nombre de personnages<\/strong> : 25, gar\u00e7ons et filles, si l&#8217;enseignant veut faire jouer toute la classe. Mais les r\u00f4les peuvent revenir d&#8217;une sc\u00e8ne \u00e0 l&#8217;autre. Et \u00eatre jou\u00e9s indiff\u00e9remment par un gar\u00e7on ou une fille<br \/>\n<strong>Niveau de langue<\/strong> : Fran\u00e7ais<br \/>\n<strong>Dur\u00e9e<\/strong> : 90 minutes<br \/>\n<strong>Nombre de pages<\/strong> : 14<\/p>\n<p><strong>Extrait disponibles<\/strong> :<\/p>\n<p><strong>R\u00e9sum\u00e9 de la pi\u00e8ce :<\/strong><\/p>\n<p>La nuit, la f\u00e9e R\u00eavabosse entre dans la chambre des enfants et r\u00e9alise leurs r\u00eaves.<\/p>\n<p>La pi\u00e8ce a \u00e9t\u00e9 jou\u00e9e dans une \u00e9cole \u00e0 Marseille, par une classe d&#8217;\u00e9l\u00e8ves de CP.<\/p>\n<p><strong>\u00a0Vous montez ce spectacle ?<\/strong><\/p>\n<p>Acheter le texte ne vous donne pas les droits de repr\u00e9senter devant public.\u00a0 Il vous permets de travailler les textes en classe avec vos \u00e9l\u00e8ves.<\/p>\n<p><strong>Notez que les \u00e9coles du Qu\u00e9bec\u00a0b\u00e9n\u00e9ficient d&#8217;une entente entre la SOQAD (La Soci\u00e9t\u00e9 qu\u00e9b\u00e9coise des auteurs dramatiques) et le MEES (Minist\u00e8re de l\u2019\u00c9ducation et de l\u2019Enseignement sup\u00e9rieur) qui d\u00e9fraie les droits de repr\u00e9sentation en milieu scolaire.\u00a0\u00a0Mais pour que l\u2019auteur re\u00e7oive ses droits, il faut alors remplir un formulaire sur le\u00a0<a href=\"http:\/\/www.aqad.qc.ca\/utilisateur\/ecole-primaires-secondaires\/declaration-de-representation\">http:\/\/www.aqad.qc.ca\/utilisateur\/ecole-primaires-secondaires\/declaration-de-representation<\/a><\/strong><\/p>\n","protected":false},"excerpt":{"rendered":"<p><strong>Pi\u00e8ce pour les 6 &#8211; 9 ans<\/strong><strong><br \/>\n<\/strong>Pi\u00e8ce de th\u00e9\u00e2tre de<em> Martine Plaucheur<br \/>\n25 personnages, modulable<\/em><\/p>\n","protected":false},"featured_media":7544,"comment_status":"open","ping_status":"closed","template":"","meta":[],"product_brand":[],"product_cat":[178,309,177],"product_tag":[],"class_list":{"0":"post-7542","1":"product","2":"type-product","3":"status-publish","4":"has-post-thumbnail","6":"product_cat-8-12-ans","7":"product_cat-martine-plaucheur","8":"product_cat-pieces-de-theatre","9":"wcpv_product_vendors-martine-plaucheur","11":"first","12":"instock","13":"downloadable","14":"shipping-taxable","15":"purchasable","16":"product-type-simple"},"jetpack_sharing_enabled":true,"_links":{"self":[{"href":"https:\/\/www.dramaction.qc.ca\/fr\/wp-json\/wp\/v2\/product\/7542","targetHints":{"allow":["GET"]}}],"collection":[{"href":"https:\/\/www.dramaction.qc.ca\/fr\/wp-json\/wp\/v2\/product"}],"about":[{"href":"https:\/\/www.dramaction.qc.ca\/fr\/wp-json\/wp\/v2\/types\/product"}],"replies":[{"embeddable":true,"href":"https:\/\/www.dramaction.qc.ca\/fr\/wp-json\/wp\/v2\/comments?post=7542"}],"wp:featuredmedia":[{"embeddable":true,"href":"https:\/\/www.dramaction.qc.ca\/fr\/wp-json\/wp\/v2\/media\/7544"}],"wp:attachment":[{"href":"https:\/\/www.dramaction.qc.ca\/fr\/wp-json\/wp\/v2\/media?parent=7542"}],"wp:term":[{"taxonomy":"product_brand","embeddable":true,"href":"https:\/\/www.dramaction.qc.ca\/fr\/wp-json\/wp\/v2\/product_brand?post=7542"},{"taxonomy":"product_cat","embeddable":true,"href":"https:\/\/www.dramaction.qc.ca\/fr\/wp-json\/wp\/v2\/product_cat?post=7542"},{"taxonomy":"product_tag","embeddable":true,"href":"https:\/\/www.dramaction.qc.ca\/fr\/wp-json\/wp\/v2\/product_tag?post=7542"}],"curies":[{"name":"wp","href":"https:\/\/api.w.org\/{rel}","templated":true}]}}