{"id":7516,"date":"2020-09-22T14:45:29","date_gmt":"2020-09-22T18:45:29","guid":{"rendered":"https:\/\/www.dramaction.qc.ca\/fr\/?post_type=product&#038;p=7516"},"modified":"2020-11-30T12:26:48","modified_gmt":"2020-11-30T17:26:48","slug":"enseigner-lart-dramatique-en-virtuel-6-a-12-ans","status":"publish","type":"product","link":"https:\/\/www.dramaction.qc.ca\/fr\/produit\/enseigner-lart-dramatique-en-virtuel-6-a-12-ans\/","title":{"rendered":"Enseigner l&#8217;art dramatique (en virtuel) &#8211; 6 \u00e0 12 ans"},"content":{"rendered":"<h2><strong>Des d\u00e9parts \u00e9prouv\u00e9s d&#8217;improvisation et de jeu en enseignement virtuel<br \/>\n<\/strong><\/h2>\n<div class=\"feature-box feature-box-15 feature-box-align-center\">\n<div class=\"feature-box-content cf\">\n<p><strong><img decoding=\"async\" class=\"alignright wp-image-7519 size-medium\" src=\"https:\/\/www.dramaction.qc.ca\/fr\/wp-content\/uploads\/2020\/09\/ateliers-art-dramatique-en-virtuel-1-300x300.png\" alt=\"\" width=\"300\" height=\"300\" srcset=\"https:\/\/www.dramaction.qc.ca\/fr\/wp-content\/uploads\/2020\/09\/ateliers-art-dramatique-en-virtuel-1-300x300.png 300w, https:\/\/www.dramaction.qc.ca\/fr\/wp-content\/uploads\/2020\/09\/ateliers-art-dramatique-en-virtuel-1-1024x1024.png 1024w, https:\/\/www.dramaction.qc.ca\/fr\/wp-content\/uploads\/2020\/09\/ateliers-art-dramatique-en-virtuel-1-150x150.png 150w, https:\/\/www.dramaction.qc.ca\/fr\/wp-content\/uploads\/2020\/09\/ateliers-art-dramatique-en-virtuel-1-1536x1536.png 1536w, https:\/\/www.dramaction.qc.ca\/fr\/wp-content\/uploads\/2020\/09\/ateliers-art-dramatique-en-virtuel-1-2048x2048.png 2048w, https:\/\/www.dramaction.qc.ca\/fr\/wp-content\/uploads\/2020\/09\/ateliers-art-dramatique-en-virtuel-1-200x200.png 200w, https:\/\/www.dramaction.qc.ca\/fr\/wp-content\/uploads\/2020\/09\/ateliers-art-dramatique-en-virtuel-1-100x100.png 100w\" sizes=\"(max-width: 300px) 100vw, 300px\" \/><\/strong><\/p>\n<p>Dans cet ouvrage traduit par Dramaction, Jacky Rom propose une vision directe de l&#8217;enseignement de l&#8217;art dramatique \u00e0 distance.<\/p>\n<p><strong>Une approche particuli\u00e8re<\/strong><\/p>\n<ul>\n<li>Approche bas\u00e9e uniquement sur des situations d&#8217;improvisation, du mime guid\u00e9 et des exercices de voix.<\/li>\n<li>Une approche qui place toujours les \u00e9l\u00e8ves dans l&#8217;imaginaire.<\/li>\n<\/ul>\n<p>Jacky Rom a d\u00e9cid\u00e9 de ne pas tenter de reproduire directement l&#8217;id\u00e9e de faire des exercices de groupe qu&#8217;elle ferait en classe.\u00a0 L&#8217;\u00e9nergie est plus difficile \u00e0 obtenir&#8230;<\/p>\n<p>C&#8217;est pourquoi elle place ses \u00e9l\u00e8ves constamment en situation de jeu (en mime ou en improvisation).<\/p>\n<p>Vous trouverez dans ce livre PDF le r\u00e9sultat de ses exp\u00e9rimentations avec ses jeunes \u00e9l\u00e8ves.<\/p>\n<p>Des mises en situation cr\u00e9dibles et int\u00e9ressantes pour les jeunes et des adaptations pour les plus vieux.<\/p>\n<p>&nbsp;<\/p>\n<\/div>\n<\/div>\n<div class=\"feature-box feature-box-18 feature-box-align-center\">\n<div class=\"feature-box-content cf\">\n<h2><a href=\"https:\/\/www.dramaction.qc.ca\/fr\/wp-content\/uploads\/2020\/09\/Ateliers-art-dramatique-en-virtuel-Jacky-Rom-extrait.pdf\" target=\"_blank\" rel=\"noopener noreferrer\">EXTRAIT &#8211; enseigner l&#8217;art dramatique (en virtuel) &#8211; Jacky Rom<\/a><\/h2>\n<\/div>\n<\/div>\n<div class=\"feature-box feature-box-15 feature-box-align-center\">\n<div class=\"feature-box-content cf\"><\/div>\n<\/div>\n<div class=\"feature-box feature-box-18 feature-box-align-center\">\n<div class=\"feature-box-content cf\">\n<blockquote><p>&nbsp;<\/p><\/blockquote>\n<\/div>\n<\/div>\n","protected":false},"excerpt":{"rendered":"<p>Des ateliers d&#8217;art dramatique en virtuel pour les enfants (6-12 ans)<\/p>\n<p>Avec ces ateliers \u00ab cl\u00e9 en main \u00bb, vous pourrez reprendre un enseignement virtuel en tout temps.<\/p>\n<p>Une approche bas\u00e9e sur l&#8217;improvisation et le mime.<\/p>\n","protected":false},"featured_media":7518,"comment_status":"open","ping_status":"closed","template":"","meta":[],"product_brand":[],"product_cat":[323,150],"product_tag":[],"class_list":{"0":"post-7516","1":"product","2":"type-product","3":"status-publish","4":"has-post-thumbnail","6":"product_cat-enseignement-virtuel","7":"product_cat-exercices-et-ressources","8":"wcpv_product_vendors-jacky-rom","10":"first","11":"instock","12":"featured","13":"downloadable","14":"shipping-taxable","15":"purchasable","16":"product-type-simple"},"jetpack_sharing_enabled":true,"_links":{"self":[{"href":"https:\/\/www.dramaction.qc.ca\/fr\/wp-json\/wp\/v2\/product\/7516","targetHints":{"allow":["GET"]}}],"collection":[{"href":"https:\/\/www.dramaction.qc.ca\/fr\/wp-json\/wp\/v2\/product"}],"about":[{"href":"https:\/\/www.dramaction.qc.ca\/fr\/wp-json\/wp\/v2\/types\/product"}],"replies":[{"embeddable":true,"href":"https:\/\/www.dramaction.qc.ca\/fr\/wp-json\/wp\/v2\/comments?post=7516"}],"wp:featuredmedia":[{"embeddable":true,"href":"https:\/\/www.dramaction.qc.ca\/fr\/wp-json\/wp\/v2\/media\/7518"}],"wp:attachment":[{"href":"https:\/\/www.dramaction.qc.ca\/fr\/wp-json\/wp\/v2\/media?parent=7516"}],"wp:term":[{"taxonomy":"product_brand","embeddable":true,"href":"https:\/\/www.dramaction.qc.ca\/fr\/wp-json\/wp\/v2\/product_brand?post=7516"},{"taxonomy":"product_cat","embeddable":true,"href":"https:\/\/www.dramaction.qc.ca\/fr\/wp-json\/wp\/v2\/product_cat?post=7516"},{"taxonomy":"product_tag","embeddable":true,"href":"https:\/\/www.dramaction.qc.ca\/fr\/wp-json\/wp\/v2\/product_tag?post=7516"}],"curies":[{"name":"wp","href":"https:\/\/api.w.org\/{rel}","templated":true}]}}