{"id":6799,"date":"2019-07-03T14:51:06","date_gmt":"2019-07-03T18:51:06","guid":{"rendered":"https:\/\/www.dramaction.qc.ca\/fr\/?post_type=product&#038;p=6799"},"modified":"2019-07-03T14:57:07","modified_gmt":"2019-07-03T18:57:07","slug":"la-revolution-des-peluches","status":"publish","type":"product","link":"https:\/\/www.dramaction.qc.ca\/fr\/produit\/la-revolution-des-peluches\/","title":{"rendered":"La r\u00e9volution des peluches"},"content":{"rendered":"<p><strong>Com\u00e9die <\/strong><strong>pour \u00e9l\u00e8ves de 8-12 ans<br \/>\n<\/strong>Pi\u00e8ce de th\u00e9\u00e2tre de<em> Sylvie Baud-Stef<br \/>\n21 personnages<br \/>\n<\/em><\/p>\n<hr \/>\n<p><img decoding=\"async\" class=\"size-thumbnail wp-image-4303 alignleft\" src=\"http:\/\/www.dramaction.qc.ca\/fr\/wp-content\/uploads\/2016\/12\/anonyme-150x150.jpg\" alt=\"\" width=\"150\" height=\"150\" srcset=\"https:\/\/www.dramaction.qc.ca\/fr\/wp-content\/uploads\/2016\/12\/anonyme-150x150.jpg 150w, https:\/\/www.dramaction.qc.ca\/fr\/wp-content\/uploads\/2016\/12\/anonyme-200x200.jpg 200w, https:\/\/www.dramaction.qc.ca\/fr\/wp-content\/uploads\/2016\/12\/anonyme-100x100.jpg 100w, https:\/\/www.dramaction.qc.ca\/fr\/wp-content\/uploads\/2016\/12\/anonyme-300x300.jpg 300w, https:\/\/www.dramaction.qc.ca\/fr\/wp-content\/uploads\/2016\/12\/anonyme-1024x1024.jpg 1024w\" sizes=\"(max-width: 150px) 100vw, 150px\" \/><strong>Auteur<\/strong> :\u00a0<em>Sylvie Baud-Stef<\/em><\/p>\n<p>Apr\u00e8s un dipl\u00f4me de doctorat, j&#8217;ai exerc\u00e9 dix ann\u00e9es dans des organismes priv\u00e9s ou public comme chercheuse dans le domaine des biostatistiques. Puis je suis repartie sur le banc des \u00e9tudiants pour devenir professeur des \u00e9coles. J&#8217;ai eu alors le plaisir d\u2019enseigner \u00e0 tous les niveaux de classe, de la maternelle au CM2.<\/p>\n<p>Passionn\u00e9e par mon m\u00e9tier, d\u00e9sirant partager mon exp\u00e9rience et \u00e9changer sur ma pratique, j&#8217;ai \u00e9crit plusieurs articles professionnels, dans diff\u00e9rentes revues et sur site.<\/p>\n<p>Int\u00e9ress\u00e9e depuis toujours par l&#8217;\u00e9criture et en particulier la litt\u00e9rature de jeunesse, et le th\u00e9\u00e2tre j&#8217;ai eu \u00e0 c\u0153ur de partager ces plaisirs avec les \u00e9l\u00e8ves de toutes mes classes.<\/p>\n<p><strong>Nombre de personnages<\/strong> : <em>21 personnages<\/em><br \/>\n<strong>Niveau de langue<\/strong> : Fran\u00e7ais international<br \/>\n<strong>Dur\u00e9e<\/strong> : 30 minutes<br \/>\n<strong>Nombre de pages<\/strong> : 9<\/p>\n<p><strong>Extrait disponibles<\/strong> : <a href=\"https:\/\/www.dramaction.qc.ca\/fr\/wp-content\/uploads\/2019\/07\/EXTRAIT-DE-LA-PIECE-revolution-chez-les-peluches.pdf\">Extrait de la pi\u00e8ce<\/a><\/p>\n<p><strong>R\u00e9sum\u00e9 de la pi\u00e8ce :<\/strong><\/p>\n<p>Les peluches en ont assez de leur chef, un vieux lion paresseux. Elles d\u00e9cident d&#8217;en choisir un nouveau. Mais comment faire ? Qui prendre?<\/p>\n<p><strong>\u00a0Vous montez ce spectacle ?<\/strong><\/p>\n<p>Acheter le texte ne vous donne pas les droits de repr\u00e9senter devant public.\u00a0 Il vous permets de travailler les textes en classe avec vos \u00e9l\u00e8ves.<\/p>\n<p><strong>Notez que les \u00e9coles du Qu\u00e9bec\u00a0b\u00e9n\u00e9ficient d&#8217;une entente entre la SOQAD (La Soci\u00e9t\u00e9 qu\u00e9b\u00e9coise des auteurs dramatiques) et le MEES (Minist\u00e8re de l\u2019\u00c9ducation et de l\u2019Enseignement sup\u00e9rieur) qui d\u00e9fraie les droits de repr\u00e9sentation en milieu scolaire.\u00a0\u00a0Mais pour que l\u2019auteur re\u00e7oive ses droits, il faut alors remplir un formulaire sur le\u00a0<a href=\"http:\/\/www.aqad.qc.ca\/utilisateur\/ecole-primaires-secondaires\/declaration-de-representation\">http:\/\/www.aqad.qc.ca\/utilisateur\/ecole-primaires-secondaires\/declaration-de-representation<\/a><\/strong><\/p>\n","protected":false},"excerpt":{"rendered":"<p><strong>Com\u00e9die <\/strong><strong>pour \u00e9l\u00e8ves de 8-12 ans<br \/>\n<\/strong>Pi\u00e8ce de th\u00e9\u00e2tre de<em> Sylvie Baud-Stef<br \/>\n21 personnages<\/em><\/p>\n","protected":false},"featured_media":6802,"comment_status":"open","ping_status":"closed","template":"","meta":[],"product_brand":[],"product_cat":[240,186,177,301],"product_tag":[],"class_list":{"0":"post-6799","1":"product","2":"type-product","3":"status-publish","4":"has-post-thumbnail","6":"product_cat-18-ans-et","7":"product_cat-auteurs-europeens","8":"product_cat-pieces-de-theatre","9":"product_cat-sylvie-baud-stef","10":"wcpv_product_vendors-baud-stef","12":"first","13":"instock","14":"downloadable","15":"shipping-taxable","16":"purchasable","17":"product-type-simple"},"jetpack_sharing_enabled":true,"_links":{"self":[{"href":"https:\/\/www.dramaction.qc.ca\/fr\/wp-json\/wp\/v2\/product\/6799","targetHints":{"allow":["GET"]}}],"collection":[{"href":"https:\/\/www.dramaction.qc.ca\/fr\/wp-json\/wp\/v2\/product"}],"about":[{"href":"https:\/\/www.dramaction.qc.ca\/fr\/wp-json\/wp\/v2\/types\/product"}],"replies":[{"embeddable":true,"href":"https:\/\/www.dramaction.qc.ca\/fr\/wp-json\/wp\/v2\/comments?post=6799"}],"wp:featuredmedia":[{"embeddable":true,"href":"https:\/\/www.dramaction.qc.ca\/fr\/wp-json\/wp\/v2\/media\/6802"}],"wp:attachment":[{"href":"https:\/\/www.dramaction.qc.ca\/fr\/wp-json\/wp\/v2\/media?parent=6799"}],"wp:term":[{"taxonomy":"product_brand","embeddable":true,"href":"https:\/\/www.dramaction.qc.ca\/fr\/wp-json\/wp\/v2\/product_brand?post=6799"},{"taxonomy":"product_cat","embeddable":true,"href":"https:\/\/www.dramaction.qc.ca\/fr\/wp-json\/wp\/v2\/product_cat?post=6799"},{"taxonomy":"product_tag","embeddable":true,"href":"https:\/\/www.dramaction.qc.ca\/fr\/wp-json\/wp\/v2\/product_tag?post=6799"}],"curies":[{"name":"wp","href":"https:\/\/api.w.org\/{rel}","templated":true}]}}