{"id":6550,"date":"2019-01-17T20:22:38","date_gmt":"2019-01-18T01:22:38","guid":{"rendered":"https:\/\/www.dramaction.qc.ca\/fr\/?post_type=product&#038;p=6550"},"modified":"2019-01-17T20:22:40","modified_gmt":"2019-01-18T01:22:40","slug":"pupitre-ensorcele","status":"publish","type":"product","link":"https:\/\/www.dramaction.qc.ca\/fr\/produit\/pupitre-ensorcele\/","title":{"rendered":"Le pupitre ensorcel\u00e9"},"content":{"rendered":"<p><strong>Com\u00e9die <\/strong><strong>pour \u00e9l\u00e8ves de 10 \u00e0 14 ans<br \/>\n<\/strong>Pi\u00e8ce de th\u00e9\u00e2tre de<em> Philippe Vaillant<br \/>\n<\/em><\/p>\n<p>13 F \/ 6 G<br \/>\nPlusieurs r\u00f4les peuvent \u00eatre facilement chang\u00e9s d&#8217;un \u00e0 l&#8217;autre.<\/p>\n<hr \/>\n<p><img decoding=\"async\" class=\"wp-image-5817 alignleft\" src=\"http:\/\/www.dramaction.qc.ca\/fr\/wp-content\/uploads\/2017\/11\/23798603_10155920549406672_772725215_o.jpg\" alt=\"\" width=\"193\" height=\"494\" \/><strong>Auteur<\/strong> :\u00a0<em>Philippe Vaillant<\/em><\/p>\n<p>Enseignant de 6e ann\u00e9e, j&#8217;adore \u00e9crire des pi\u00e8ces de th\u00e9\u00e2tre humoristiques \u00e0 mes \u00e9l\u00e8ves afin de les motiver et les amuser.<\/p>\n<p><strong>Nombre de personnages<\/strong> : 13 F \/ 6 G<\/p>\n<p>Plusieurs r\u00f4les peuvent \u00eatre facilement chang\u00e9s d&#8217;un \u00e0 l&#8217;autre.<\/p>\n<p><strong>Niveau de langue<\/strong> : Qu\u00e9b\u00e9cois<br \/>\n<strong>Dur\u00e9e<\/strong> : 50 minutes<br \/>\n<strong>Nombre de pages<\/strong> : 35<br \/>\n<strong>Pi\u00e8ce jou\u00e9e : <\/strong>Repentigny, au Qu\u00e9bec (Canada)<\/p>\n<p><strong>Extrait disponibles<\/strong> : <a href=\"https:\/\/www.dramaction.qc.ca\/fr\/wp-content\/uploads\/2019\/01\/Le-pupitre-ensorcele\u0301-extrait.pdf\">Le-pupitre-ensorcele\u0301-extrait<\/a><\/p>\n<p><strong>R\u00e9sum\u00e9 de la pi\u00e8ce :<\/strong><\/p>\n<p>Dans une classe, un pupitre est ensorcel\u00e9 par une sorci\u00e8re. Parfois, il r\u00e9compensera les \u00e9l\u00e8ves ayant un grand coeur, mais sera terrible pour les \u00e9l\u00e8ves m\u00e9chants. Comment r\u00e9ussiront-ils \u00e0 vaincre le sort de la sorci\u00e8re?<\/p>\n<p><strong>\u00a0Vous montez ce spectacle ?<\/strong><\/p>\n<p>Acheter le texte ne vous donne pas les droits de repr\u00e9senter devant public.\u00a0 Il vous permets de travailler les textes en classe avec vos \u00e9l\u00e8ves.<\/p>\n<p><strong>Notez que les \u00e9coles du Qu\u00e9bec\u00a0b\u00e9n\u00e9ficient d&#8217;une entente entre la SOQAD (La Soci\u00e9t\u00e9 qu\u00e9b\u00e9coise des auteurs dramatiques) et le MEES (Minist\u00e8re de l\u2019\u00c9ducation et de l\u2019Enseignement sup\u00e9rieur) qui d\u00e9fraie les droits de repr\u00e9sentation en milieu scolaire.\u00a0\u00a0Mais pour que l\u2019auteur re\u00e7oive ses droits, il faut alors remplir un formulaire sur le\u00a0<a href=\"http:\/\/www.aqad.qc.ca\/utilisateur\/ecole-primaires-secondaires\/declaration-de-representation\">http:\/\/www.aqad.qc.ca\/utilisateur\/ecole-primaires-secondaires\/declaration-de-representation<\/a><\/strong><\/p>\n","protected":false},"excerpt":{"rendered":"<p>13 F \/ 6 G<\/p>\n<p>Plusieurs r\u00f4les peuvent \u00eatre facilement chang\u00e9s d&#8217;un \u00e0 l&#8217;autre.<\/p>\n","protected":false},"featured_media":0,"comment_status":"open","ping_status":"closed","template":"","meta":[],"product_brand":[],"product_cat":[286,179,281,177,180],"product_tag":[],"class_list":{"0":"post-6550","1":"product","2":"type-product","3":"status-publish","5":"product_cat-non-classe","6":"product_cat-auteurs-quebecois","7":"product_cat-philippe-vaillant","8":"product_cat-pieces-de-theatre","9":"product_cat-secondaire-12-et","11":"first","12":"instock","13":"downloadable","14":"shipping-taxable","15":"purchasable","16":"product-type-simple"},"jetpack_sharing_enabled":true,"_links":{"self":[{"href":"https:\/\/www.dramaction.qc.ca\/fr\/wp-json\/wp\/v2\/product\/6550","targetHints":{"allow":["GET"]}}],"collection":[{"href":"https:\/\/www.dramaction.qc.ca\/fr\/wp-json\/wp\/v2\/product"}],"about":[{"href":"https:\/\/www.dramaction.qc.ca\/fr\/wp-json\/wp\/v2\/types\/product"}],"replies":[{"embeddable":true,"href":"https:\/\/www.dramaction.qc.ca\/fr\/wp-json\/wp\/v2\/comments?post=6550"}],"wp:attachment":[{"href":"https:\/\/www.dramaction.qc.ca\/fr\/wp-json\/wp\/v2\/media?parent=6550"}],"wp:term":[{"taxonomy":"product_brand","embeddable":true,"href":"https:\/\/www.dramaction.qc.ca\/fr\/wp-json\/wp\/v2\/product_brand?post=6550"},{"taxonomy":"product_cat","embeddable":true,"href":"https:\/\/www.dramaction.qc.ca\/fr\/wp-json\/wp\/v2\/product_cat?post=6550"},{"taxonomy":"product_tag","embeddable":true,"href":"https:\/\/www.dramaction.qc.ca\/fr\/wp-json\/wp\/v2\/product_tag?post=6550"}],"curies":[{"name":"wp","href":"https:\/\/api.w.org\/{rel}","templated":true}]}}