{"id":6125,"date":"2018-05-11T06:34:27","date_gmt":"2018-05-11T10:34:27","guid":{"rendered":"http:\/\/www.dramaction.qc.ca\/fr\/?post_type=product&#038;p=6125"},"modified":"2018-05-11T06:34:27","modified_gmt":"2018-05-11T10:34:27","slug":"arsene-academie-artistique","status":"publish","type":"product","link":"https:\/\/www.dramaction.qc.ca\/fr\/produit\/arsene-academie-artistique\/","title":{"rendered":"ARS\u00c8NE: Acad\u00e9mie Artistique"},"content":{"rendered":"","protected":false},"excerpt":{"rendered":"<p>Des jeunes artistes r\u00eavent d&#8217;\u00e9tudier \u00e0 l&#8217;Acad\u00e9mie artistique ARS\u00c8NE pour apprendre \u00e0 chanter et danser! Mais pas facile de d\u00e9crocher l&#8217;audition, de survivre au trac, de r\u00e9p\u00e9ter des chor\u00e9graphies et de remporter la finale r\u00e9gional!<\/p>\n<p>Cette pi\u00e8ce compos\u00e9e d&#8217;une douzaines de sketchs met en sc\u00e8ne 13 personnages (9 filles, 4 gars)*<br \/>\n<em>*Possibilit\u00e9 de travestir certains personnages<\/em>.<\/p>\n<p>Dur\u00e9e total: + ou &#8211; 45 minutes<\/p>\n<p>Id\u00e9ale pour jeunes de 8 \u00e0 13 ans.<\/p>\n","protected":false},"featured_media":6129,"comment_status":"open","ping_status":"closed","template":"","meta":[],"product_brand":[],"product_cat":[286,178,182,177],"product_tag":[],"class_list":{"0":"post-6125","1":"product","2":"type-product","3":"status-publish","4":"has-post-thumbnail","6":"product_cat-non-classe","7":"product_cat-8-12-ans","8":"product_cat-marc-andre-brunet","9":"product_cat-pieces-de-theatre","10":"wcpv_product_vendors-marc-andre-brunet","12":"first","13":"instock","14":"downloadable","15":"shipping-taxable","16":"purchasable","17":"product-type-simple"},"jetpack_sharing_enabled":true,"_links":{"self":[{"href":"https:\/\/www.dramaction.qc.ca\/fr\/wp-json\/wp\/v2\/product\/6125","targetHints":{"allow":["GET"]}}],"collection":[{"href":"https:\/\/www.dramaction.qc.ca\/fr\/wp-json\/wp\/v2\/product"}],"about":[{"href":"https:\/\/www.dramaction.qc.ca\/fr\/wp-json\/wp\/v2\/types\/product"}],"replies":[{"embeddable":true,"href":"https:\/\/www.dramaction.qc.ca\/fr\/wp-json\/wp\/v2\/comments?post=6125"}],"wp:featuredmedia":[{"embeddable":true,"href":"https:\/\/www.dramaction.qc.ca\/fr\/wp-json\/wp\/v2\/media\/6129"}],"wp:attachment":[{"href":"https:\/\/www.dramaction.qc.ca\/fr\/wp-json\/wp\/v2\/media?parent=6125"}],"wp:term":[{"taxonomy":"product_brand","embeddable":true,"href":"https:\/\/www.dramaction.qc.ca\/fr\/wp-json\/wp\/v2\/product_brand?post=6125"},{"taxonomy":"product_cat","embeddable":true,"href":"https:\/\/www.dramaction.qc.ca\/fr\/wp-json\/wp\/v2\/product_cat?post=6125"},{"taxonomy":"product_tag","embeddable":true,"href":"https:\/\/www.dramaction.qc.ca\/fr\/wp-json\/wp\/v2\/product_tag?post=6125"}],"curies":[{"name":"wp","href":"https:\/\/api.w.org\/{rel}","templated":true}]}}