{"id":6058,"date":"2018-03-26T09:10:03","date_gmt":"2018-03-26T13:10:03","guid":{"rendered":"http:\/\/www.dramaction.qc.ca\/fr\/?post_type=product&#038;p=6058"},"modified":"2021-01-27T16:53:50","modified_gmt":"2021-01-27T21:53:50","slug":"6058","status":"publish","type":"product","link":"https:\/\/www.dramaction.qc.ca\/fr\/produit\/6058\/","title":{"rendered":"Coup de th\u00e9\u00e2tre volume 6"},"content":{"rendered":"<div>\n<div class=\"product-media-container\">Le dramaturge Yanik Comeau conclut sa collection\u00a0<em>Coups de th\u00e9\u00e2tre\u00a0!\u00a0<\/em><em>\u2500<\/em><em>\u00a036 courtes pi\u00e8ces de th\u00e9\u00e2tre pour enfants et adolescents\u00a0<\/em>en proposant ce sixi\u00e8me opus truff\u00e9 de textes riches. Jamais l&#8217;artiste\/p\u00e9dagogue n&#8217;a ratiss\u00e9 aussi large. On retrouve encore et toujours des clins d&#8217;\u0153il \u00e0 des auteurs marquants et des personnages que l&#8217;on a rencontr\u00e9s dans les volumes pr\u00e9c\u00e9dents, mais aussi des textes et des th\u00e8mes grin\u00e7ants qui permettront aux enseignants et metteurs en sc\u00e8ne de pousser leurs prot\u00e9g\u00e9s vers des explorations toujours plus amusantes et stimulantes. Comme c&#8217;est la tradition, les pi\u00e8ces de la s\u00e9rie\u00a0<em>Coups de th\u00e9\u00e2tre !\u00a0<\/em>ont \u00e9t\u00e9 \u00e9crites sp\u00e9cifiquement pour les cr\u00e9ations \u00e9tudiantes et parascolaires, en tenant compte des r\u00e9alit\u00e9s et contraintes du milieu, mais quelques-unes risquent de surprendre plus que jamais !<\/div>\n<\/div>\n<section class=\"description\" data-hook=\"product-page-description\">\n<div class=\"description-wrapper\">\n<div class=\"content-wrapper\" aria-live=\"assertive\" data-hook=\"product-page-description-content-wrapper\">\n<p>&nbsp;<\/p>\n<p>Une chose n&#8217;a cependant pas chang\u00e9: Ce dernier volume, qui ne marque pas pour autant la fin de l&#8217;\u00e9criture th\u00e9\u00e2trale pour Yanik Comeau, est un outil pr\u00e9cieux pour les artistes et p\u00e9dagogues en art dramatique qui, en se le procurant, enrichiront leur banque de textes \u00e0 explorer en ateliers.<\/p>\n<p>&nbsp;<\/p>\n<p><strong>Des pi\u00e8ces qu&#8217;on ne se lassera pas de lire, de d\u00e9couvrir, d&#8217;explorer, d&#8217;interpr\u00e9ter\u2026 et de pr\u00e9senter !<\/strong><\/p>\n<p>&nbsp;<\/p>\n<p>ISBN : 978-2-9814317-9-0 \u00a02013 366 pages (volume 6) (format \u00e9lectronique)<br \/>\nISBN : 978-2-9814317-3-8 (ensemble) (format \u00e9lectronique)<\/p>\n<\/div>\n<p><strong>Avec un grand \u00abAhhhhh !\u00bb<br \/>\n9 pages, 1f, 2h<\/strong><br \/>\nCom\u00e9die. Jacob et Pierrick sont au nirvana. Les meilleurs amis du monde sont tomb\u00e9s amoureux la m\u00eame journ\u00e9e. Comme c&#8217;est g\u00e9nial de pouvoir partager cet \u00e9v\u00e9nement majeur dans sa vie avec son meilleur copain. Ce qui est moins dr\u00f4le, c&#8217;est de d\u00e9couvrir qu&#8217;on vit tellement la m\u00eame chose&#8230; qu&#8217;on le vit avec la m\u00eame fille !\u00a0 Oh-oh !<\/p>\n<p>&nbsp;<\/p>\n<p><strong>Bisous, bisous\u00a0!<br \/>\n12 pages, 4f<\/strong><br \/>\nCom\u00e9die. Suite de\u00a0<em>Sages comme des images\u00a0!\u00a0<\/em>(tir\u00e9e de\u00a0<em>Coups de th\u00e9\u00e2tre\u00a0! &#8211; volume 5\u00a0<\/em>).\u00a0Molly et Sally se font garder par la deuxi\u00e8me pire gardienne de la Terre: Mamie Yvette qui r\u00e9clame toujours des bisous. Heureusement que nos deux petites pestes sont ing\u00e9nieuses. Elles trouvent toutes sortes de subterfuges pour \u00e9viter d&#8217;\u00eatre barbouill\u00e9es du rouge \u00e0 l\u00e8vres de grand-maman. Sauve qui peut\u00a0!<\/p>\n<p>&nbsp;<\/p>\n<p><strong>C&#8217;est chaud, c&#8217;est chaud !<br \/>\n10 pages, 2h<\/strong><br \/>\nCom\u00e9die. Petite \u00e9tude sur les silences, cette pi\u00e8ce met en sc\u00e8ne deux hommes qui parlent de choses on-ne-peut-plus masculines: le hockey ! Mais au fur et \u00e0 mesure que la conversation progresse, un des deux se voit dans l&#8217;obligation de retirer ses v\u00eatements un \u00e0 un. Il fait beaucoup trop chaud&#8230; et ce n&#8217;est pas tout le monde qui peut \u00eatre en serviette !<\/p>\n<p>&nbsp;<\/p>\n<p><strong>Le chat<br \/>\n6 pages, 2 personnages (f ou h)<\/strong><br \/>\nCom\u00e9die. Parfois, on dit des choses sans les penser vraiment. D&#8217;autres fois, on met nos menaces \u00e0 ex\u00e9cution. La ligne est mince entre \u00abJe vais le tuer, ton maudit chat !\u00bb et&#8230; Que voulez-vous ? Certaines personnes pr\u00e9f\u00e8rent les chiens !<\/p>\n<p>&nbsp;<\/p>\n<p><strong>Le choix de chacun<br \/>\n10 pages, 2h + 1 voix f\u00e9minine<\/strong><br \/>\nCom\u00e9die. D&#8217;apr\u00e8s une id\u00e9e de Danielle Morissette, inspir\u00e9e de la fable de Jean de la Fontaine,\u00a0<em>Le loup et le chien.\u00a0<\/em>Adam et Zachary vivent des vies diam\u00e9tralement oppos\u00e9es&#8230; comme les premi\u00e8res lettres de leurs pr\u00e9noms. Un dans la rue, l&#8217;autre dans le confort de son foyer. Mais n&#8217;y a-t-il pas des avantages et des inconv\u00e9nients \u00e0 toutes les situations ? Le gazon est-il toujours plus vert chez le voisin ? Parfois, on se plaint de notre \u00e9tat&#8230; parfois, on se rend compte qu&#8217;on ne changerait de place avec personne.<\/p>\n<p>&nbsp;<\/p>\n<p><strong>Une coiffure \u00e0 la mode<br \/>\n14 pages, 2f, 1h<\/strong><br \/>\nCom\u00e9die. Jessie Ann aimerait bien que son amoureux adopte une coiffure un peu plus \u00e0 la mode, un peu plus avant-gardiste, mais&#8230; nos r\u00eaves ne deviennent pas toujours r\u00e9alit\u00e9. Il y a des occasions o\u00f9 il est pr\u00e9f\u00e9rable d&#8217;adopter le statut quo. Voici une de ces occasions !\u00a0 Au secours !<\/p>\n<p>&nbsp;<\/p>\n<p><strong>Correspondances<br \/>\n6 pages, 2f et 1h<\/strong><br \/>\nPi\u00e8ce dramatique en alexandrins inspir\u00e9e des personnages de Choderlos de Laclos dans\u00a0<em>Les liaisons dangereuses<\/em>. Le Vicomte de Valmont joue avec le feu en courtisant deux femmes \u00e0 la fois, mais c&#8217;est la Marquise de Merteuil qui risque de se br\u00fbler. Yanik Comeau risque les alexandrins. Pour le meilleur et pour le pire\u2026 Jouerez-vous, vous aussi, avec le feu ?<\/p>\n<p>&nbsp;<\/p>\n<p><strong>D\u00e9calage horaire<br \/>\n12 pages, 4f ou 4h<\/strong><br \/>\nCom\u00e9die absurde en fran\u00e7ais normatif. Quatre personnages se croisent dans un restaurant. Mais qui avait rendez-vous avec qui ? Et \u00e0 quelle heure ? Y a-t-il erreur sur la personne ? Ou erreur sur l&#8217;heure du rendez-vous ? Difficile \u00e0 dire, mais sachez que c&#8217;est Boncompagni qui est traiteur, pas Dezainde. \u00c7a, on l&#8217;a compris !<\/p>\n<p>&nbsp;<\/p>\n<p><strong>Un dernier service<br \/>\n11 pages, 2h + une voix<\/strong><br \/>\nPi\u00e8ce dramatique r\u00e9serv\u00e9e aux adolescents. Quand Thierry d\u00e9barque chez Gr\u00e9gory pour lui demander un service, ce premier d\u00e9cide de mettre son pied \u00e0 terre. Thierry a tendance \u00e0 toujours lui demander de l&#8217;aide, mais il ne cesse de se mettre les pieds dans les plats&#8230; et d&#8217;entra\u00eener son ami avec lui. Mais cette fois, est-ce que Thierry est all\u00e9 trop loin ? Pourra-t-il s&#8217;en\u00a0sortir, m\u00eame avec l&#8217;aide de son ami ?<\/p>\n<p>&nbsp;<\/p>\n<p><strong>Dure de comprenure<br \/>\n8 pages, 2f<\/strong><br \/>\nCom\u00e9die. Pauvre Marina ! Elle voudrait bien comprendre la logique&#8230; particuli\u00e8rement celle dans le probl\u00e8me de son devoir de math\u00e9matique, mais sa grande s\u0153ur pr\u00e9tend qu&#8217;elle manque de concentration. Si elle \u00e9coutait davantage, elle comprendrait mieux. C&#8217;est logique, non ?!<\/p>\n<p>&nbsp;<\/p>\n<p><strong>\u00c9liane, ma soeur<br \/>\n8 pages, 3f<\/strong><br \/>\nCom\u00e9die. Il n&#8217;y a pas qu&#8217;en amour que l&#8217;on rencontre des triangles. En amiti\u00e9 aussi. Rapha\u00eblle aimerait bien que Jeanne et \u00c9liane soient ses amies, mais les deux filles refusent de l&#8217;\u00eatre&#8230; toutes ensemble. Il faudra que la premi\u00e8re use d&#8217;un tour de passe-passe pour garder ses deux amies&#8230; et que celles-ci arrivent \u00e0 s&#8217;endurer. Qui disait que l&#8217;amiti\u00e9 \u00e9tait plus simple que l&#8217;amour ?<\/p>\n<p>&nbsp;<\/p>\n<p><strong>L&#8217;ennui<br \/>\n7 pages, 1f, 1m<\/strong><br \/>\nCom\u00e9die. Un couple en voyage d&#8217;affaires s&#8217;ennuie de sa Charlotte ador\u00e9e. Tant le papa que la maman repoussent le moment o\u00f9 ils n&#8217;en peuvent plus et doivent appeler \u00e0 la maison pour prendre des nouvelles. Ils parlent m\u00eame \u00e0 leur b\u00e9b\u00e9 au t\u00e9l\u00e9phone. Comme ils sont touchants, ces parents qui s&#8217;ennuient&#8230; mais qu&#8217;est-ce que ce sera quand leur b\u00e9b\u00e9 sera vraiment leur prog\u00e9niture&#8230; et pas leur copain canin ?<\/p>\n<p>&nbsp;<\/p>\n<p><strong>La filature<br \/>\n12 pages, 2h<\/strong><br \/>\nCom\u00e9die absurde en fran\u00e7ais normatif inspir\u00e9e des \u0153uvres de Robert Gurik et Eug\u00e8ne Ionesco. Deux policiers en filature surveillent un immeuble depuis longtemps. Peut-\u00eatre trop longtemps puisque leurs cerveaux et leurs raisons commencent \u00e0 leur jouer des tours. Peut-\u00eatre auraient-ils besoin de petites vacances ? Peut-\u00eatre en effet.<\/p>\n<p>&nbsp;<\/p>\n<p><strong>Le genou \u00e9corch\u00e9<br \/>\n5 pages, 2f<\/strong><br \/>\nCom\u00e9die. M\u00e8re poule, dites-vous ? Bien s\u00fbr, mais pour \u00eatre une m\u00e8re poule, il ne faut pas tomber dans les pommes d\u00e8s que l&#8217;on voit du sang&#8230; sinon, on ne peut pas faire grand-chose pour aider notre jeune fille bless\u00e9e. Qui est la m\u00e8re et qui est l&#8217;enfant ? Parfois, on se pose la question !<\/p>\n<p>&nbsp;<\/p>\n<p><strong>Des horaires pas ordinaires<br \/>\n10 pages, 1f, 1h<\/strong><br \/>\nCom\u00e9die. Un couple d&#8217;amoureux bien occup\u00e9 qui doit prendre rendez-vous pour un bisou ?\u00a0 Est-ce que c&#8217;est si tir\u00e9 par les cheveux dans la soci\u00e9t\u00e9 d&#8217;aujourd&#8217;hui ? Malheureusement pas tant que \u00e7a&#8230; mais vaut mieux en rire, non ?<\/p>\n<p>&nbsp;<\/p>\n<p><strong>J&#8217;ai trop envie !<br \/>\n12 pages, 2f, 1h<\/strong><br \/>\nCom\u00e9die. Suite de\u00a0<em>La classe de r\u00e9cup\u00e9ration\u00a0<\/em>(tir\u00e9e de\u00a0<em>Coups de th\u00e9\u00e2tre\u00a0! &#8211; volume 1<\/em>) Bon ! Voil\u00e0 que Mathieu est pris d&#8217;une envie folle d&#8217;aller faire pipi. Ginette aimerait bien qu&#8217;il se retienne. M\u00eame qu&#8217;elle insiste. De toute fa\u00e7on, n&#8217;est-ce pas juste un subterfuge pour sortir de la classe ? Hum&#8230; Pas s\u00fbr!<\/p>\n<p>&nbsp;<\/p>\n<p><strong>Jamais je ne t&#8217;oublierai&#8230;<br \/>\n15 pages, 2f, 2h<\/strong><br \/>\nCom\u00e9die dramatique. Suite de\u00a0<em>Il y a longtemps que je t&#8217;aime\u00a0<\/em>(tir\u00e9e de\u00a0<em>Coups de th\u00e9\u00e2tre\u00a0! &#8211; volume 2<\/em>), cette pi\u00e8ce nous transporte dans la chambre de Benoit apr\u00e8s sa tentative de reconqu\u00e9rir le c\u0153ur de Lyne. Il se confie \u00e0 sa meilleure amie Sylvianne qui, apparemment, aimerait \u00eatre beaucoup plus qu&#8217;une confidente. Du moins, c&#8217;est ce que nous confie sa conscience.<\/p>\n<p>&nbsp;<\/p>\n<p><strong>La lev\u00e9e du corps<br \/>\n8 pages, 2f<\/strong><br \/>\nCom\u00e9die. M\u00e9lina la paresseuse ne veut pas se lever pour aller \u00e0 l&#8217;\u00e9cole. Tous les matins, sa m\u00e8re doit se battre avec elle. Ce matin, cependant, elle utilisera une m\u00e9thode bien ratoureuse pour obtenir ce qu&#8217;elle veut. Oh que la jeune fille va crier \u00e0 l&#8217;injustice ! Mais n&#8217;est-il pas vrai que la fin justifie parfois les moyens ?<\/p>\n<p>&nbsp;<\/p>\n<p><strong>Miroir, miroir !<br \/>\n6 pages, 1f, 1h<\/strong><br \/>\nParodie inspir\u00e9e du conte\u00a0<em>Blanche-Neige\u00a0<\/em>des Fr\u00e8res Grimm. Saviez-vous que le miroir de la m\u00e9chante reine s&#8217;appelle Denis et qu&#8217;il est styliste de mode ? Pas surprenant qu&#8217;il ait des id\u00e9es tranch\u00e9es sur les beaut\u00e9s du royaume. Heureusement qu&#8217;il a un minimum de conscience, lui qui doit appara\u00eetre dans la glace au moindre caprice de Sa Majest\u00e9 ! Ouf, pas facile, la vie de miroir\u2026<\/p>\n<p>&nbsp;<\/p>\n<p><strong>Moiti\u00e9-moiti\u00e9<br \/>\n6 pages, 1f, 1h<\/strong><br \/>\nCom\u00e9die. Danael est bien d\u00e9courag\u00e9. Il vient d&#8217;apprendre qu&#8217;il va avoir des demi-fr\u00e8res ou des demies-s\u0153urs ou un m\u00e9lange des deux (!) et que ces deux b\u00e9b\u00e9s vont arriver presque en m\u00eame temps ! Mais qu&#8217;est-ce qu&#8217;on fait avec \u00e7a, des moiti\u00e9s de fr\u00e8res et des moiti\u00e9s de s\u0153urs ? Ce n&#8217;est pas Jolane qui s&#8217;av\u00e9rera la meilleure conseill\u00e8re !<\/p>\n<p>&nbsp;<\/p>\n<p><strong>Ne me quitte pas<br \/>\n10 pages, 1f, 1h<\/strong><br \/>\nCom\u00e9die. Marie-No\u00eblle n&#8217;en peut plus de l&#8217;attitude de Luc. Elle le\u00a0quitte. Elle part avec ses choses. Merci, bonsoir ! Luc \u00a0a beau tent\u00e9 de la convaincre de rester, il faudra plus que des beaux mots cette fois. Il faudra que Luc rapporte tous les articles de Marie-No\u00eblle dans l&#8217;appartement sans qu&#8217;elle ne s&#8217;en rende compte&#8230; m\u00eame le chat !<\/p>\n<p>&nbsp;<\/p>\n<p><strong>Odeurs naus\u00e9abondes<br \/>\n9 pages, 2h + 4 figurants<\/strong><br \/>\nCom\u00e9die grin\u00e7ante pour adolescents et jeunes adultes. Deux hommes \u00e9changent sur des odeurs douteuses qui les entourent. Des odeurs caus\u00e9es par la n\u00e9gligence humaine. Par le manque de jugement de l&#8217;Homme dans ses choix alimentaires, ses choix environnementaux et \u00e9cologiques, ses choix de consommation de toutes sortes. Des choix qui peuvent nous mener \u00e0 la morgue\u2026<\/p>\n<p>&nbsp;<\/p>\n<p><strong>L&#8217;oeuvre d&#8217;art<br \/>\n9 pages, 2 personnages (f ou h) + 1 voix<\/strong><br \/>\nCom\u00e9die absurde. 2 \u00abamateurs d&#8217;art\u00bb se retrouvent c\u00f4te \u00e0 c\u00f4te devant une \u0153uvre dans une galerie. Ils commentent ce qu&#8217;ils voient avec les connaissances qu&#8217;ils ont. Mais comment doit-on voir l&#8217;art?\u00a0 Est-il n\u00e9cessaire de le commenter ? De partager ses commentaires ? Bien avant Les Bobos, il y avait ces deux amusants personnages\u00a0!<\/p>\n<p>&nbsp;<\/p>\n<p><strong>Partis sans laisser d&#8217;adresse<br \/>\n7 pages, 1f, 1h<\/strong><br \/>\nCom\u00e9die inspir\u00e9e d&#8217;une anecdote racont\u00e9e \u00e0 l&#8217;auteur par Chantal Primeau. Madame Belzile a achet\u00e9 la maison de ses beaux-parents avec son conjoint lorsque les a\u00efeux sont d\u00e9c\u00e9d\u00e9s. Lorsqu&#8217;un agent d&#8217;assurance appelle pour obtenir les signatures de ses clients, madame Belzile l&#8217;informe qu&#8217;ils ne sont plus de ce monde, mais l&#8217;homme demande \u00e0 quel num\u00e9ro il pourrait les joindre d\u00e9sormais. Euh&#8230; all\u00f4 ?<\/p>\n<p>&nbsp;<\/p>\n<p><strong>La premi\u00e8re fois<br \/>\n7 pages, 1h, 1f<\/strong><br \/>\nPi\u00e8ce dramatique r\u00e9serv\u00e9e aux adolescents et aux jeunes adultes. Deux jeunes adultes, qui ont \u00e9t\u00e9 drogu\u00e9s et s\u00e9questr\u00e9s, se retrouvent enferm\u00e9s dans un logement miteux o\u00f9 leur ge\u00f4lier filme ce qu&#8217;il esp\u00e8re seront des \u00e9bats amoureux. Pourront-ils sortir de cette prison sans faire ce que leur r\u00e9clame cet \u00eatre tordu ?<\/p>\n<p>&nbsp;<\/p>\n<p><strong>Les premiers pas<br \/>\n8 pages, 1f, 1h<\/strong><br \/>\nCom\u00e9die. Est-ce que c&#8217;est vrai que c&#8217;est toujours au gar\u00e7on de faire les premiers pas ? Et de combien de pas doit-il avancer vers la fille avant qu&#8217;elle ne fasse un premier pas ? Des pas de souris ou des pas d&#8217;\u00e9l\u00e9phant ? La v\u00e9rit\u00e9 sort de la bouche des parents ou des enfants ? Une pi\u00e8ce charmante qui joue sur les mots et sur l&#8217;amour.<\/p>\n<p>&nbsp;<\/p>\n<p><strong>Qui a tu\u00e9 \u00c9phig\u00e9nie Poisson ?<br \/>\n32 pages, 2f, 3h<\/strong><br \/>\nParodie tr\u00e8s librement inspir\u00e9e d&#8217;Agatha Christie. Au m\u00eame moment o\u00f9 Amanda Layton vient confronter son richissime ex-mari \u00e0 propos de sa pension alimentaire, le corps de la ma\u00eetresse du propri\u00e9taire du domaine est d\u00e9couvert baignant dans des algues marines. Branle-bas de combat ! S&#8217;agit-il d&#8217;un meurtre ? D&#8217;un suicide ? D&#8217;un accident ? Il faut consid\u00e9rer toutes les possibilit\u00e9s&#8230; et tous les suspects. Une com\u00e9die loufoque qui fait un gros clin d&#8217;\u0153il \u00e0 la ma\u00eetresse&#8230; du polar !<\/p>\n<p>&nbsp;<\/p>\n<p><strong>Rats de mar\u00e9es<br \/>\n8 pages, 2h<\/strong><br \/>\nCom\u00e9die absurde en fran\u00e7ais normatif inspir\u00e9e de la fable de Jean de La Fontaine,\u00a0<em>Le rat de ville et le rat des champs.\u00a0<\/em>Cette fois, notre rat urbain et notre rat rural se retrouvent \u00e0 bord d&#8217;un bateau. G\u00e9nial pour le propri\u00e9taire, le rat de ville, qui a l&#8217;habitude de prendre le large et souhaite ainsi \u00e9chapper aux pr\u00e9dateurs, mais&#8230; moins int\u00e9ressant pour le rat des champs qui a le mal de mer&#8230; et n&#8217;appr\u00e9cie pas tellement les requins !\u00a0 \u00abAh !!!!\u00a0 On est faits comme des rats !!!\u00bb<\/p>\n<p>&nbsp;<\/p>\n<p><strong>S\u00e9duction 101<br \/>\n11 pages, 1f, 1h<\/strong><br \/>\nCom\u00e9die romantique. Federico pr\u00e9pare sa grande d\u00e9claration amoureuse, mais&#8230; il ne se doute pas que celle qu&#8217;il aime arrivera plus t\u00f4t que pr\u00e9vu au rendez-vous&#8230; et le conseillera elle-m\u00eame afin qu&#8217;il soit au parfum des go\u00fbts des filles. Hum&#8230; un gars qui accepte de se mettre \u00e0 la main de la fille qu&#8217;il aime ? Y a rien de plus romantique, non ?<\/p>\n<p>&nbsp;<\/p>\n<p><strong>Son silence<br \/>\n7 pages, 1f, 1h<\/strong><br \/>\nPi\u00e8ce dramatique r\u00e9serv\u00e9e aux adolescents et aux jeunes adultes. Apr\u00e8s avoir endur\u00e9 plus de bas que de hauts avec son amoureuse pendant des mois, un jeune homme d\u00e9cide de rompre. Quand la jeune femme d\u00e9cide de le relancer pour reprendre une ni\u00e8me fois, elle frappe un mur. Le silence du jeune homme est criant. Mais est-ce que cette histoire est vraiment termin\u00e9e ?<\/p>\n<p>&nbsp;<\/p>\n<p><strong>La tarte aux pommes<br \/>\n6 pages, 1f, 1h<\/strong><br \/>\nCom\u00e9die. Alice veut faire une tarte aux pommes. Elle a tous les ingr\u00e9dients&#8230; sauf des pommes ! Oh-oh ! Qu&#8217;est-ce qu&#8217;on fait maintenant ? Son fr\u00e8re Tom veut bien l&#8217;aider, mais&#8230; de l\u00e0 \u00e0 y laisser sa peau ! Hum&#8230; Alice est peut-\u00eatre un peu trop cr\u00e9ative !<\/p>\n<p>&nbsp;<\/p>\n<p><strong>La t\u00eate dans le sable<br \/>\n8 pages, 2f<\/strong><br \/>\nCom\u00e9die. Deux autruches \u00e9changent sur la chance qu&#8217;elles ont d&#8217;\u00eatre si bien trait\u00e9es \u00e0 la ferme o\u00f9 elles se trouvent. Ah, le bonheur d&#8217;\u00eatre libres dans son enclos, d&#8217;\u00eatre bien nourries, d&#8217;\u00eatre bien&#8230; Mais qu&#8217;est-ce donc que cette affiche. \u00abViande d&#8217;autruche \u00e0 vendre\u00bb ? Oups !<\/p>\n<p>&nbsp;<\/p>\n<p><strong>Tu ne devineras jamais&#8230;<br \/>\n5 pages, 1f, 1h<\/strong><br \/>\nCom\u00e9die romantique. Clara est tr\u00e8s excit\u00e9e de pouvoir raconter \u00e0 son ami Nathan sa rencontre avec le chanteur de son groupe pr\u00e9f\u00e9r\u00e9, mais elle s&#8217;impatiente quand celui-ci ne cesse de la devancer dans son histoire. Comment se fait-il qu&#8217;il sait d\u00e9j\u00e0 toute l&#8217;histoire ? Peut-\u00eatre parce qu&#8217;il est amoureux de toi et qu&#8217;il te suit partout, Clara&#8230;<\/p>\n<p>&nbsp;<\/p>\n<p><strong>Valentin des temps modernes<br \/>\n12 pages, 2h<\/strong><br \/>\nCom\u00e9die. Pascal aimerait bien que son fr\u00e8re Marc, expert en mati\u00e8re de s\u00e9duction de la gent f\u00e9minine, lui donne des trucs pour approcher une fille \u00e0 l&#8217;\u00e9cole, mais&#8230; malgr\u00e9 tous les conseils du grand fr\u00e8re (qui sont plus dr\u00f4les qu&#8217;utiles de toute fa\u00e7on !), Pascal semble \u00eatre une cause perdue.<\/p>\n<p>&nbsp;<\/p>\n<p><strong>Vestiges d&#8217;un accident<br \/>\n8 pages, 2h, 1f (petit r\u00f4le)<\/strong><br \/>\nPi\u00e8ce dramatique pour adolescents et jeunes adultes. Quand Alain vient revoir son meilleur ami Jean-Fran\u00e7ois pour la premi\u00e8re fois apr\u00e8s plusieurs mois, ce dernier, d\u00e9sormais en fauteuil roulant \u00e0 cause de la conduite dangereuse du premier, n&#8217;est pas d&#8217;humeur \u00e0 pardonner ou \u00e0 oublier. Le pourra-t-il un jour ? Rien n&#8217;est moins certain.<\/p>\n<p>&nbsp;<\/p>\n<p><strong>Les yeux derri\u00e8re la t\u00eate<br \/>\n12 pages, 1f, 2h<\/strong><br \/>\nCom\u00e9die. Suite de\u00a0<em>Minute, menottes\u00a0!\u00a0\u00a0<\/em>(tir\u00e9e de\u00a0<em>Coups de th\u00e9\u00e2tre\u00a0! \u2013 volume 4)<\/em>. Renaud invite son ami F\u00e9lix \u00e0 manger une collation, mais&#8230; sa m\u00e8re n&#8217;approuve pas les biscuits comme collation. Renaud tentera bien de d\u00e9jouer l&#8217;autorit\u00e9 parentale, mais&#8230; il faudra qu&#8217;il repense sa strat\u00e9gie parce que maman a des yeux derri\u00e8re la t\u00eate ! Elle voit tout !<\/p>\n<\/div>\n<\/section>\n","protected":false},"excerpt":{"rendered":"<p>Le dramaturge Yanik Comeau conclut sa collection\u00a0Coups de th\u00e9\u00e2tre\u00a0!\u00a0\u2500\u00a036 courtes pi\u00e8ces de th\u00e9\u00e2tre pour enfants et adolescents\u00a0en proposant ce sixi\u00e8me opus truff\u00e9 de textes riches. Jamais l&#8217;artiste\/p\u00e9dagogue n&#8217;a ratiss\u00e9 aussi large. On retrouve encore et toujours des clins d&#8217;\u0153il \u00e0 des auteurs marquants et des personnages que l&#8217;on a rencontr\u00e9s dans les volumes pr\u00e9c\u00e9dents, mais [&hellip;]<\/p>\n","protected":false},"featured_media":6060,"comment_status":"open","ping_status":"closed","template":"","meta":[],"product_brand":[],"product_cat":[178,179,177,180,185],"product_tag":[],"class_list":{"0":"post-6058","1":"product","2":"type-product","3":"status-publish","4":"has-post-thumbnail","6":"product_cat-8-12-ans","7":"product_cat-auteurs-quebecois","8":"product_cat-pieces-de-theatre","9":"product_cat-secondaire-12-et","10":"product_cat-yanik-comeau","12":"first","13":"instock","14":"downloadable","15":"shipping-taxable","16":"purchasable","17":"product-type-simple"},"jetpack_sharing_enabled":true,"_links":{"self":[{"href":"https:\/\/www.dramaction.qc.ca\/fr\/wp-json\/wp\/v2\/product\/6058","targetHints":{"allow":["GET"]}}],"collection":[{"href":"https:\/\/www.dramaction.qc.ca\/fr\/wp-json\/wp\/v2\/product"}],"about":[{"href":"https:\/\/www.dramaction.qc.ca\/fr\/wp-json\/wp\/v2\/types\/product"}],"replies":[{"embeddable":true,"href":"https:\/\/www.dramaction.qc.ca\/fr\/wp-json\/wp\/v2\/comments?post=6058"}],"wp:featuredmedia":[{"embeddable":true,"href":"https:\/\/www.dramaction.qc.ca\/fr\/wp-json\/wp\/v2\/media\/6060"}],"wp:attachment":[{"href":"https:\/\/www.dramaction.qc.ca\/fr\/wp-json\/wp\/v2\/media?parent=6058"}],"wp:term":[{"taxonomy":"product_brand","embeddable":true,"href":"https:\/\/www.dramaction.qc.ca\/fr\/wp-json\/wp\/v2\/product_brand?post=6058"},{"taxonomy":"product_cat","embeddable":true,"href":"https:\/\/www.dramaction.qc.ca\/fr\/wp-json\/wp\/v2\/product_cat?post=6058"},{"taxonomy":"product_tag","embeddable":true,"href":"https:\/\/www.dramaction.qc.ca\/fr\/wp-json\/wp\/v2\/product_tag?post=6058"}],"curies":[{"name":"wp","href":"https:\/\/api.w.org\/{rel}","templated":true}]}}