{"id":5972,"date":"2018-02-11T10:49:56","date_gmt":"2018-02-11T15:49:56","guid":{"rendered":"http:\/\/www.dramaction.qc.ca\/fr\/?post_type=product&#038;p=5972"},"modified":"2018-02-11T14:21:20","modified_gmt":"2018-02-11T19:21:20","slug":"lhomme-de-la-rue","status":"publish","type":"product","link":"https:\/\/www.dramaction.qc.ca\/fr\/produit\/lhomme-de-la-rue\/","title":{"rendered":"L&#8217;homme de la rue"},"content":{"rendered":"<p><strong>Com\u00e9die burlesque <\/strong><strong>pour \u00e9l\u00e8ves de 13 \u00e0 18 ans<br \/>\n<\/strong>2 F 4 H\u00a0 &#8211; 3 tr\u00e8s petits r\u00f4les de quelques lignes (H) Figurants divers<\/p>\n<hr \/>\n<p><img decoding=\"async\" class=\"size-thumbnail wp-image-5973 alignleft\" src=\"http:\/\/www.dramaction.qc.ca\/fr\/wp-content\/uploads\/2018\/02\/portrait-pauline-150x150.jpg\" alt=\"\" width=\"150\" height=\"150\" srcset=\"https:\/\/www.dramaction.qc.ca\/fr\/wp-content\/uploads\/2018\/02\/portrait-pauline-150x150.jpg 150w, https:\/\/www.dramaction.qc.ca\/fr\/wp-content\/uploads\/2018\/02\/portrait-pauline-200x200.jpg 200w, https:\/\/www.dramaction.qc.ca\/fr\/wp-content\/uploads\/2018\/02\/portrait-pauline-100x100.jpg 100w, https:\/\/www.dramaction.qc.ca\/fr\/wp-content\/uploads\/2018\/02\/portrait-pauline-300x300.jpg 300w, https:\/\/www.dramaction.qc.ca\/fr\/wp-content\/uploads\/2018\/02\/portrait-pauline-1024x1024.jpg 1024w, https:\/\/www.dramaction.qc.ca\/fr\/wp-content\/uploads\/2018\/02\/portrait-pauline-600x600.jpg 600w\" sizes=\"(max-width: 150px) 100vw, 150px\" \/><strong>Auteur<\/strong> : Pauline Pucciano<\/p>\n<p><strong>Nombre de personnages<\/strong> : 2 F 4 H<br \/>\n3 tr\u00e8s petits r\u00f4les de quelques lignes (H) Figurants divers<\/p>\n<p><strong>Niveau de langue<\/strong> : fran\u00e7ais international<\/p>\n<p><strong>Dur\u00e9e<\/strong> : Environ 30 minutes de lecture \u00e0 haute voix<\/p>\n<p><strong>Nombre de pages<\/strong> : 30<\/p>\n<p><strong>Extrait disponibles<\/strong> : <a href=\"http:\/\/www.dramaction.qc.ca\/fr\/wp-content\/uploads\/woocommerce_uploads\/2018\/02\/extrait-homme-de-la-rue.pdf\">extrait-homme-de-la-rue<\/a><\/p>\n<p><strong>R\u00e9sum\u00e9 de la pi\u00e8ce :<\/strong><\/p>\n<p>Au coin d\u2019une place, Saint-Lazare, Duroc, Fille-du-Calvaire et Jaur\u00e8s luttent, chacun \u00e0 sa mani\u00e8re, contre le froid, l\u2019ennui et la tentation de la Mort. Cette derni\u00e8re, toute en ailes noires et bas r\u00e9sille, leur soumet une id\u00e9e : si Saint-Lazare tue Jaur\u00e8s, il pourra aller en prison et sortir de la rue.<\/p>\n<p><strong>\u00c0 propos de l&#8217;auteur :<\/strong><\/p>\n<p>L&#8217;homme de la rue est le premier texte th\u00e9\u00e2tral de Pauline Pucciano, plus habitu\u00e9e \u00e0 l&#8217;\u00e9criture de romans. Le but poursuivi est ici de faire r\u00e9fl\u00e9chir sur les enjeux de l&#8217;exclusion sociale, et sur un ph\u00e9nom\u00e8ne de soci\u00e9t\u00e9, tout en introduisant une sorte de r\u00e9alisme merveilleux \u00e0 travers le personnage all\u00e9gorique de La Mort.<\/p>\n<p><strong>\u00a0Vous montez ce spectacle ?<\/strong><\/p>\n<p>Publi\u00e9e sous licence creative commons, BY NC, il n\u2019y a donc aucun droit \u00e0 me verser pour une repr\u00e9sentation.<\/p>\n","protected":false},"excerpt":{"rendered":"<p>Com\u00e9die burlesque pour \u00e9l\u00e8ves de 13 \u00e0 18 ans 2 F 4 H\u00a0 &#8211; 3 tr\u00e8s petits r\u00f4les de quelques lignes (H) Figurants divers Auteur : Pauline Pucciano Nombre de personnages : 2 F 4 H 3 tr\u00e8s petits r\u00f4les de quelques lignes (H) Figurants divers Niveau de langue : fran\u00e7ais international Dur\u00e9e : Environ [&hellip;]<\/p>\n","protected":false},"featured_media":5976,"comment_status":"open","ping_status":"closed","template":"","meta":[],"product_brand":[],"product_cat":[240,186,287,177,180],"product_tag":[],"class_list":{"0":"post-5972","1":"product","2":"type-product","3":"status-publish","4":"has-post-thumbnail","6":"product_cat-18-ans-et","7":"product_cat-auteurs-europeens","8":"product_cat-pauline-pucciano","9":"product_cat-pieces-de-theatre","10":"product_cat-secondaire-12-et","12":"first","13":"instock","14":"downloadable","15":"shipping-taxable","16":"purchasable","17":"product-type-simple"},"jetpack_sharing_enabled":true,"_links":{"self":[{"href":"https:\/\/www.dramaction.qc.ca\/fr\/wp-json\/wp\/v2\/product\/5972","targetHints":{"allow":["GET"]}}],"collection":[{"href":"https:\/\/www.dramaction.qc.ca\/fr\/wp-json\/wp\/v2\/product"}],"about":[{"href":"https:\/\/www.dramaction.qc.ca\/fr\/wp-json\/wp\/v2\/types\/product"}],"replies":[{"embeddable":true,"href":"https:\/\/www.dramaction.qc.ca\/fr\/wp-json\/wp\/v2\/comments?post=5972"}],"wp:featuredmedia":[{"embeddable":true,"href":"https:\/\/www.dramaction.qc.ca\/fr\/wp-json\/wp\/v2\/media\/5976"}],"wp:attachment":[{"href":"https:\/\/www.dramaction.qc.ca\/fr\/wp-json\/wp\/v2\/media?parent=5972"}],"wp:term":[{"taxonomy":"product_brand","embeddable":true,"href":"https:\/\/www.dramaction.qc.ca\/fr\/wp-json\/wp\/v2\/product_brand?post=5972"},{"taxonomy":"product_cat","embeddable":true,"href":"https:\/\/www.dramaction.qc.ca\/fr\/wp-json\/wp\/v2\/product_cat?post=5972"},{"taxonomy":"product_tag","embeddable":true,"href":"https:\/\/www.dramaction.qc.ca\/fr\/wp-json\/wp\/v2\/product_tag?post=5972"}],"curies":[{"name":"wp","href":"https:\/\/api.w.org\/{rel}","templated":true}]}}