{"id":5898,"date":"2018-01-05T19:39:28","date_gmt":"2018-01-06T00:39:28","guid":{"rendered":"http:\/\/www.dramaction.qc.ca\/fr\/?post_type=product&#038;p=5898"},"modified":"2018-01-05T19:41:54","modified_gmt":"2018-01-06T00:41:54","slug":"le-fantome-du-chateau-de-hurle-aux-loups","status":"publish","type":"product","link":"https:\/\/www.dramaction.qc.ca\/fr\/produit\/le-fantome-du-chateau-de-hurle-aux-loups\/","title":{"rendered":"Le fant\u00f4me du ch\u00e2teau de Hurle aux Loups"},"content":{"rendered":"<p><strong>Com\u00e9die burlesque <\/strong><strong>pour \u00e9l\u00e8ves de 14 \u00e0 17 ans<br \/>\n<\/strong>Pi\u00e8ce de th\u00e9\u00e2tre de Yfig (Yves Veillard)<\/p>\n<p>4 f &#8211; 4 h &#8211; 1 fant\u00f4me dans un drap blanc &#8211; 1 voix off<\/p>\n<hr \/>\n<p><img decoding=\"async\" class=\"size-thumbnail wp-image-5899 alignleft\" src=\"http:\/\/www.dramaction.qc.ca\/fr\/wp-content\/uploads\/2018\/01\/Yfig2-150x150.jpg\" alt=\"\" width=\"150\" height=\"150\" srcset=\"https:\/\/www.dramaction.qc.ca\/fr\/wp-content\/uploads\/2018\/01\/Yfig2-150x150.jpg 150w, https:\/\/www.dramaction.qc.ca\/fr\/wp-content\/uploads\/2018\/01\/Yfig2-200x200.jpg 200w, https:\/\/www.dramaction.qc.ca\/fr\/wp-content\/uploads\/2018\/01\/Yfig2-100x100.jpg 100w, https:\/\/www.dramaction.qc.ca\/fr\/wp-content\/uploads\/2018\/01\/Yfig2-300x300.jpg 300w, https:\/\/www.dramaction.qc.ca\/fr\/wp-content\/uploads\/2018\/01\/Yfig2-1024x1024.jpg 1024w\" sizes=\"(max-width: 150px) 100vw, 150px\" \/><strong>Auteur<\/strong> :<em> Yfig (Yves Veillard)<\/em><\/p>\n<p><strong>Nombre de personnages<\/strong> : <em>8-10 personnages, 4H, 4F + 1 fant\u00f4me dans un drap blanc et 1 voix off<\/em><br \/>\n<strong>Niveau de langue<\/strong> : fran\u00e7ais international<br \/>\n<strong>Dur\u00e9e<\/strong> : 60 minutes<br \/>\n<strong>Nombre de pages<\/strong> : 38<\/p>\n<p><strong>Extrait disponibles<\/strong> : <a href=\"http:\/\/www.dramaction.qc.ca\/fr\/wp-content\/uploads\/2018\/01\/Extrait-Le-fant\u00f4me-du-ch\u00e2teau-de-Hurle-aux-Loups.pdf\">Le fant\u00f4me du ch\u00e2teau de Hurle-aux-Loups (Extrait)<\/a><\/p>\n<p><strong>R\u00e9sum\u00e9 de la pi\u00e8ce :<\/strong><\/p>\n<p>Une veuve a d\u00e9cid\u00e9 de transformer son ch\u00e2teau en g\u00eete touristique, mais il est hant\u00e9 par son d\u00e9funt mari, un fant\u00f4me enrhum\u00e9 !<\/p>\n<p><strong>\u00c0 propos de l&#8217;auteur :<\/strong><\/p>\n<p>Apr\u00e8s des \u00e9tudes litt\u00e9raires (latin, grec) et une fac de droit, j\u2019ai voyag\u00e9 un peu partout dans le monde : Europe, Afrique, Indon\u00e9sie, USA avant de me poser en Normandie, pr\u00e8s de Honfleur (France).<\/p>\n<p><strong>\u00a0Vous montez ce spectacle ?<\/strong><\/p>\n<p>Acheter le texte ne vous donne pas les droits de repr\u00e9senter devant public.\u00a0 Il vous permets de travailler les textes en classe avec vos \u00e9l\u00e8ves.<\/p>\n<p><strong>Notez que les \u00e9coles du Qu\u00e9bec\u00a0b\u00e9n\u00e9ficient d&#8217;une entente entre la SOQAD (La Soci\u00e9t\u00e9 qu\u00e9b\u00e9coise des auteurs dramatiques) et le MEES (Minist\u00e8re de l\u2019\u00c9ducation et de l\u2019Enseignement sup\u00e9rieur) qui d\u00e9fraie les droits de repr\u00e9sentation en milieu scolaire.\u00a0\u00a0Mais pour que l\u2019auteur re\u00e7oive ses droits, il faut alors remplir un formulaire sur le\u00a0<a href=\"http:\/\/www.aqad.qc.ca\/utilisateur\/ecole-primaires-secondaires\/declaration-de-representation\">http:\/\/www.aqad.qc.ca\/utilisateur\/ecole-primaires-secondaires\/declaration-de-representation<\/a><\/strong><\/p>\n","protected":false},"excerpt":{"rendered":"<p>Com\u00e9die burlesque pour \u00e9l\u00e8ves de 14 \u00e0 17 ans Pi\u00e8ce de th\u00e9\u00e2tre de Yfig (Yves Veillard) 4 f &#8211; 4 h &#8211; 1 fant\u00f4me dans un drap blanc &#8211; 1 voix off Auteur : Yfig (Yves Veillard) Nombre de personnages : 8-10 personnages, 4H, 4F + 1 fant\u00f4me dans un drap blanc et 1 voix [&hellip;]<\/p>\n","protected":false},"featured_media":5902,"comment_status":"open","ping_status":"closed","template":"","meta":[],"product_brand":[],"product_cat":[240,186,177,180,285],"product_tag":[],"class_list":{"0":"post-5898","1":"product","2":"type-product","3":"status-publish","4":"has-post-thumbnail","6":"product_cat-18-ans-et","7":"product_cat-auteurs-europeens","8":"product_cat-pieces-de-theatre","9":"product_cat-secondaire-12-et","10":"product_cat-yves-veillard","12":"first","13":"instock","14":"downloadable","15":"shipping-taxable","16":"purchasable","17":"product-type-simple"},"jetpack_sharing_enabled":true,"_links":{"self":[{"href":"https:\/\/www.dramaction.qc.ca\/fr\/wp-json\/wp\/v2\/product\/5898","targetHints":{"allow":["GET"]}}],"collection":[{"href":"https:\/\/www.dramaction.qc.ca\/fr\/wp-json\/wp\/v2\/product"}],"about":[{"href":"https:\/\/www.dramaction.qc.ca\/fr\/wp-json\/wp\/v2\/types\/product"}],"replies":[{"embeddable":true,"href":"https:\/\/www.dramaction.qc.ca\/fr\/wp-json\/wp\/v2\/comments?post=5898"}],"wp:featuredmedia":[{"embeddable":true,"href":"https:\/\/www.dramaction.qc.ca\/fr\/wp-json\/wp\/v2\/media\/5902"}],"wp:attachment":[{"href":"https:\/\/www.dramaction.qc.ca\/fr\/wp-json\/wp\/v2\/media?parent=5898"}],"wp:term":[{"taxonomy":"product_brand","embeddable":true,"href":"https:\/\/www.dramaction.qc.ca\/fr\/wp-json\/wp\/v2\/product_brand?post=5898"},{"taxonomy":"product_cat","embeddable":true,"href":"https:\/\/www.dramaction.qc.ca\/fr\/wp-json\/wp\/v2\/product_cat?post=5898"},{"taxonomy":"product_tag","embeddable":true,"href":"https:\/\/www.dramaction.qc.ca\/fr\/wp-json\/wp\/v2\/product_tag?post=5898"}],"curies":[{"name":"wp","href":"https:\/\/api.w.org\/{rel}","templated":true}]}}