{"id":5894,"date":"2018-01-05T19:30:29","date_gmt":"2018-01-06T00:30:29","guid":{"rendered":"http:\/\/www.dramaction.qc.ca\/fr\/?post_type=product&#038;p=5894"},"modified":"2018-01-05T19:31:19","modified_gmt":"2018-01-06T00:31:19","slug":"le-6e","status":"publish","type":"product","link":"https:\/\/www.dramaction.qc.ca\/fr\/produit\/le-6e\/","title":{"rendered":"Le 6e"},"content":{"rendered":"<p><strong>Com\u00e9die <\/strong><strong>pour \u00e9l\u00e8ves de 12 \u00e0 17 ans<br \/>\n<\/strong>Pi\u00e8ce de th\u00e9\u00e2tre de<em> Jean-Fran\u00e7ois Rheault<br \/>\n31 personnages, 12H, 19F<br \/>\n<\/em><\/p>\n<hr \/>\n<p><img decoding=\"async\" class=\"size-thumbnail wp-image-4303 alignleft\" src=\"http:\/\/www.dramaction.qc.ca\/fr\/wp-content\/uploads\/2016\/12\/anonyme-150x150.jpg\" alt=\"\" width=\"150\" height=\"150\" srcset=\"https:\/\/www.dramaction.qc.ca\/fr\/wp-content\/uploads\/2016\/12\/anonyme-150x150.jpg 150w, https:\/\/www.dramaction.qc.ca\/fr\/wp-content\/uploads\/2016\/12\/anonyme-200x200.jpg 200w, https:\/\/www.dramaction.qc.ca\/fr\/wp-content\/uploads\/2016\/12\/anonyme-100x100.jpg 100w, https:\/\/www.dramaction.qc.ca\/fr\/wp-content\/uploads\/2016\/12\/anonyme-300x300.jpg 300w, https:\/\/www.dramaction.qc.ca\/fr\/wp-content\/uploads\/2016\/12\/anonyme-1024x1024.jpg 1024w\" sizes=\"(max-width: 150px) 100vw, 150px\" \/><strong>Auteur<\/strong> : <em>Jean-Fran\u00e7ois Rheault<\/em><\/p>\n<p>Cette pi\u00e8ce de Jean-Fran\u00e7ois Rh\u00e9ault a \u00e9t\u00e9 \u00e9crite pour ses \u00e9l\u00e8ves.<\/p>\n<p><strong>Nombre de personnages<\/strong> : <em>31 personnages, 12H, 19F<\/em><br \/>\n<strong>Niveau de langue<\/strong> : Qu\u00e9b\u00e9cois<br \/>\n<strong>Dur\u00e9e<\/strong> : 90 minutes<br \/>\n<strong>Nombre de pages<\/strong> : 71<\/p>\n<p><strong>Extrait disponibles<\/strong> : <a href=\"http:\/\/www.dramaction.qc.ca\/fr\/wp-content\/uploads\/2018\/01\/Le-6e-extrait.pdf\">Le 6e (extrait)<\/a><\/p>\n<p><strong>R\u00e9sum\u00e9 de la pi\u00e8ce :<\/strong> L\u2019histoire se d\u00e9roule au 6e \u00e9tage d\u2019un h\u00f4pital de r\u00e9gion. Le 6e est le d\u00e9partement de psychiatrie. L\u2019histoire d\u00e9bute vers la fin du quart de nuit, o\u00f9 les patients commencent \u00e0 s\u2019\u00e9veiller et o\u00f9 le personnel de jour viendra commencer son quart pour remplacer celui, restreint, de nuit. La pi\u00e8ce se termine au retour du personnel de nuit.<\/p>\n<p><strong>\u00a0Vous montez ce spectacle ?<\/strong><\/p>\n<p>Acheter le texte ne vous donne pas les droits de repr\u00e9senter devant public.\u00a0 Il vous permets de travailler les textes en classe avec vos \u00e9l\u00e8ves.<\/p>\n<p><strong>Notez que les \u00e9coles du Qu\u00e9bec\u00a0b\u00e9n\u00e9ficient d&#8217;une entente entre la SOQAD (La Soci\u00e9t\u00e9 qu\u00e9b\u00e9coise des auteurs dramatiques) et le MEES (Minist\u00e8re de l\u2019\u00c9ducation et de l\u2019Enseignement sup\u00e9rieur) qui d\u00e9fraie les droits de repr\u00e9sentation en milieu scolaire.\u00a0\u00a0Mais pour que l\u2019auteur re\u00e7oive ses droits, il faut alors remplir un formulaire sur le\u00a0<a href=\"http:\/\/www.aqad.qc.ca\/utilisateur\/ecole-primaires-secondaires\/declaration-de-representation\">http:\/\/www.aqad.qc.ca\/utilisateur\/ecole-primaires-secondaires\/declaration-de-representation<\/a><\/strong><\/p>\n","protected":false},"excerpt":{"rendered":"<p>Com\u00e9die pour \u00e9l\u00e8ves de 12 \u00e0 17 ans Pi\u00e8ce de th\u00e9\u00e2tre de Jean-Fran\u00e7ois Rheault 31 personnages, 12H, 19F Auteur : Jean-Fran\u00e7ois Rheault Cette pi\u00e8ce de Jean-Fran\u00e7ois Rh\u00e9ault a \u00e9t\u00e9 \u00e9crite pour ses \u00e9l\u00e8ves. Nombre de personnages : 31 personnages, 12H, 19F Niveau de langue : Qu\u00e9b\u00e9cois Dur\u00e9e : 90 minutes Nombre de pages : 71 [&hellip;]<\/p>\n","protected":false},"featured_media":5896,"comment_status":"open","ping_status":"closed","template":"","meta":[],"product_brand":[],"product_cat":[179,189,177,180],"product_tag":[],"class_list":{"0":"post-5894","1":"product","2":"type-product","3":"status-publish","4":"has-post-thumbnail","6":"product_cat-auteurs-quebecois","7":"product_cat-jean-francois-rheault","8":"product_cat-pieces-de-theatre","9":"product_cat-secondaire-12-et","10":"wcpv_product_vendors-jean-francois-rheault","12":"first","13":"instock","14":"downloadable","15":"shipping-taxable","16":"purchasable","17":"product-type-simple"},"jetpack_sharing_enabled":true,"_links":{"self":[{"href":"https:\/\/www.dramaction.qc.ca\/fr\/wp-json\/wp\/v2\/product\/5894","targetHints":{"allow":["GET"]}}],"collection":[{"href":"https:\/\/www.dramaction.qc.ca\/fr\/wp-json\/wp\/v2\/product"}],"about":[{"href":"https:\/\/www.dramaction.qc.ca\/fr\/wp-json\/wp\/v2\/types\/product"}],"replies":[{"embeddable":true,"href":"https:\/\/www.dramaction.qc.ca\/fr\/wp-json\/wp\/v2\/comments?post=5894"}],"wp:featuredmedia":[{"embeddable":true,"href":"https:\/\/www.dramaction.qc.ca\/fr\/wp-json\/wp\/v2\/media\/5896"}],"wp:attachment":[{"href":"https:\/\/www.dramaction.qc.ca\/fr\/wp-json\/wp\/v2\/media?parent=5894"}],"wp:term":[{"taxonomy":"product_brand","embeddable":true,"href":"https:\/\/www.dramaction.qc.ca\/fr\/wp-json\/wp\/v2\/product_brand?post=5894"},{"taxonomy":"product_cat","embeddable":true,"href":"https:\/\/www.dramaction.qc.ca\/fr\/wp-json\/wp\/v2\/product_cat?post=5894"},{"taxonomy":"product_tag","embeddable":true,"href":"https:\/\/www.dramaction.qc.ca\/fr\/wp-json\/wp\/v2\/product_tag?post=5894"}],"curies":[{"name":"wp","href":"https:\/\/api.w.org\/{rel}","templated":true}]}}