{"id":5811,"date":"2017-11-19T21:18:43","date_gmt":"2017-11-20T02:18:43","guid":{"rendered":"http:\/\/www.dramaction.qc.ca\/fr\/?post_type=product&#038;p=5811"},"modified":"2023-10-17T10:25:55","modified_gmt":"2023-10-17T14:25:55","slug":"nom-de-zeus","status":"publish","type":"product","link":"https:\/\/www.dramaction.qc.ca\/fr\/produit\/nom-de-zeus\/","title":{"rendered":"Nom de Zeus"},"content":{"rendered":"<p><strong>Com\u00e9die <\/strong><strong>pour \u00e9l\u00e8ves de 11 \u00e0 17 ans<br \/>\n<\/strong>Pi\u00e8ce de th\u00e9\u00e2tre de<em> Alexandre Ba\u00e9<br \/>\n<\/em>7F &#8211; 13H<br \/>\nPi\u00e8ce de th\u00e9\u00e2tre\/ public adolescent<\/p>\n<p><em>\u00a0<\/em><\/p>\n<hr \/>\n<p><img decoding=\"async\" class=\"size-medium wp-image-5814 alignleft\" src=\"http:\/\/www.dramaction.qc.ca\/fr\/wp-content\/uploads\/2017\/11\/thumbnail_12207415_10208402182877609_1559428649_o-300x300.jpg\" alt=\"\" width=\"300\" height=\"300\" srcset=\"https:\/\/www.dramaction.qc.ca\/fr\/wp-content\/uploads\/2017\/11\/thumbnail_12207415_10208402182877609_1559428649_o-300x300.jpg 300w, https:\/\/www.dramaction.qc.ca\/fr\/wp-content\/uploads\/2017\/11\/thumbnail_12207415_10208402182877609_1559428649_o-200x200.jpg 200w, https:\/\/www.dramaction.qc.ca\/fr\/wp-content\/uploads\/2017\/11\/thumbnail_12207415_10208402182877609_1559428649_o-100x100.jpg 100w, https:\/\/www.dramaction.qc.ca\/fr\/wp-content\/uploads\/2017\/11\/thumbnail_12207415_10208402182877609_1559428649_o-150x150.jpg 150w, https:\/\/www.dramaction.qc.ca\/fr\/wp-content\/uploads\/2017\/11\/thumbnail_12207415_10208402182877609_1559428649_o-1024x1024.jpg 1024w\" sizes=\"(max-width: 300px) 100vw, 300px\" \/><strong>Auteur<\/strong> :\u00a0<em>Alexandre Ba\u00e9<\/em><\/p>\n<p>Apr\u00e8s sept ann\u00e9es de com\u00e9die dans une troupe de th\u00e9\u00e2tre, je quitte les planches pour m&#8217;orienter vers le jeu face cam\u00e9ra.<\/p>\n<p>En parall\u00e8le je d\u00e9veloppe ma plume pour le cin\u00e9ma et compte aujourd&#8217;hui la sc\u00e9narisation de 5 courts m\u00e9trages et une s\u00e9rie.<\/p>\n<p>Souhaitant garder un pied dans le th\u00e9\u00e2tre, j&#8217;ai tout d&#8217;abord commenc\u00e9 par \u00e9crire quelques sketchs pour adolescents et adultes avant d&#8217;\u00e9crire ma premi\u00e8re pi\u00e8ce, &#8220;Nom de Zeus&#8221; qui fut jou\u00e9 par des enfants de 12 \u00e0 17 ans en r\u00e9gion parisienne. Parall\u00e8lement je donne des cours de th\u00e9\u00e2tre pour des enfants de 6 \u00e0 12 ans et pr\u00e9pare une seconde pi\u00e8ce pour une troupe d&#8217;adultes.<\/p>\n<p><strong>Nombre de personnages<\/strong> : 7F &#8211; 13H<br \/>\n<strong>Niveau de langue<\/strong> : Fran\u00e7ais international<br \/>\n<strong>Dur\u00e9e<\/strong> : Environs 70 minutes<br \/>\n<strong>Nombre de pages<\/strong> : 56<br \/>\n<strong>Pi\u00e8ce jou\u00e9e :<\/strong> R\u00e9gion parisienne (FRANCE)<\/p>\n<p><strong>Extrait disponibles<\/strong> : <a href=\"http:\/\/www.dramaction.qc.ca\/fr\/wp-content\/uploads\/2017\/11\/extrait-Nom-de-ZEUS.pdf\" target=\"_blank\" rel=\"noopener\">Nom de ZEUS &#8211; extrait<\/a><\/p>\n<p><strong>R\u00e9sum\u00e9 de la pi\u00e8ce :<\/strong><\/p>\n<p>Zeus s\u2019ennuie de son titre au mont Olympe.<\/p>\n<p>Face \u00e0 cette situation, H\u00e9ra, sa femme, entreprend de trouver une solution.<\/p>\n<p>Sur les conseils d&#8217;Ath\u00e9na, elles et un groupe de divinit\u00e9 partiront \u00e0 la d\u00e9couverte d&#8217;un nouveau monde qui n&#8217;est autre qu&#8217;un lointain futur. Ils comprendront au court de leurs p\u00e9riple catastrophique, que l&#8217;\u00e9tat de Zeus fait suite \u00e0 un complot \u00e0 son \u00e9gard&#8230;<\/p>\n<p><strong>\u00a0Vous montez ce spectacle ?<\/strong><\/p>\n<p>Acheter le texte ne vous donne pas les droits de repr\u00e9senter devant public.\u00a0 Il vous permets de travailler les textes en classe avec vos \u00e9l\u00e8ves.<\/p>\n<p><strong>Notez que les \u00e9coles du Qu\u00e9bec\u00a0b\u00e9n\u00e9ficient d&#8217;une entente entre la SOQAD (La Soci\u00e9t\u00e9 qu\u00e9b\u00e9coise des auteurs dramatiques) et le MEES (Minist\u00e8re de l\u2019\u00c9ducation et de l\u2019Enseignement sup\u00e9rieur) qui d\u00e9fraie les droits de repr\u00e9sentation en milieu scolaire.\u00a0\u00a0Mais pour que l\u2019auteur re\u00e7oive ses droits, il faut alors remplir un formulaire sur le\u00a0<a href=\"http:\/\/www.aqad.qc.ca\/utilisateur\/ecole-primaires-secondaires\/declaration-de-representation\">http:\/\/www.aqad.qc.ca\/utilisateur\/ecole-primaires-secondaires\/declaration-de-representation<\/a><\/strong><\/p>\n","protected":false},"excerpt":{"rendered":"<p>Le r\u00e9sum\u00e9, l&#8217;extrait et les d\u00e9tails de cette pi\u00e8ce se trouvent un peu plus bas dans la page.<\/p>\n<p><strong>Notez que les \u00e9coles du Qu\u00e9bec\u00a0b\u00e9n\u00e9ficient d&#8217;une entente entre la SOQAD (La Soci\u00e9t\u00e9 qu\u00e9b\u00e9coise des auteurs dramatiques) et le MEES (Minist\u00e8re de l\u2019\u00c9ducation et de l\u2019Enseignement sup\u00e9rieur) qui d\u00e9fraie les droits de repr\u00e9sentation en milieu scolaire.\u00a0\u00a0Mais pour que l\u2019auteur re\u00e7oive ses droits, il faut alors remplir un formulaire sur le\u00a0<a href=\"http:\/\/www.aqad.qc.ca\/utilisateur\/ecole-primaires-secondaires\/declaration-de-representation\">http:\/\/www.aqad.qc.ca\/utilisateur\/ecole-primaires-secondaires\/declaration-de-representation<\/a><\/strong><\/p>\n<p>&nbsp;<\/p>\n","protected":false},"featured_media":5815,"comment_status":"open","ping_status":"closed","template":"","meta":[],"product_brand":[],"product_cat":[178,279,186,177,180],"product_tag":[],"class_list":{"0":"post-5811","1":"product","2":"type-product","3":"status-publish","4":"has-post-thumbnail","6":"product_cat-8-12-ans","7":"product_cat-alexandre-bae","8":"product_cat-auteurs-europeens","9":"product_cat-pieces-de-theatre","10":"product_cat-secondaire-12-et","11":"wcpv_product_vendors-alexandre-bae","13":"first","14":"instock","15":"downloadable","16":"shipping-taxable","17":"purchasable","18":"product-type-simple"},"jetpack_sharing_enabled":true,"_links":{"self":[{"href":"https:\/\/www.dramaction.qc.ca\/fr\/wp-json\/wp\/v2\/product\/5811","targetHints":{"allow":["GET"]}}],"collection":[{"href":"https:\/\/www.dramaction.qc.ca\/fr\/wp-json\/wp\/v2\/product"}],"about":[{"href":"https:\/\/www.dramaction.qc.ca\/fr\/wp-json\/wp\/v2\/types\/product"}],"replies":[{"embeddable":true,"href":"https:\/\/www.dramaction.qc.ca\/fr\/wp-json\/wp\/v2\/comments?post=5811"}],"wp:featuredmedia":[{"embeddable":true,"href":"https:\/\/www.dramaction.qc.ca\/fr\/wp-json\/wp\/v2\/media\/5815"}],"wp:attachment":[{"href":"https:\/\/www.dramaction.qc.ca\/fr\/wp-json\/wp\/v2\/media?parent=5811"}],"wp:term":[{"taxonomy":"product_brand","embeddable":true,"href":"https:\/\/www.dramaction.qc.ca\/fr\/wp-json\/wp\/v2\/product_brand?post=5811"},{"taxonomy":"product_cat","embeddable":true,"href":"https:\/\/www.dramaction.qc.ca\/fr\/wp-json\/wp\/v2\/product_cat?post=5811"},{"taxonomy":"product_tag","embeddable":true,"href":"https:\/\/www.dramaction.qc.ca\/fr\/wp-json\/wp\/v2\/product_tag?post=5811"}],"curies":[{"name":"wp","href":"https:\/\/api.w.org\/{rel}","templated":true}]}}