{"id":5510,"date":"2017-09-01T19:58:36","date_gmt":"2017-09-01T23:58:36","guid":{"rendered":"http:\/\/www.dramaction.qc.ca\/fr\/?post_type=product&#038;p=5510"},"modified":"2017-09-01T20:01:01","modified_gmt":"2017-09-02T00:01:01","slug":"droits-pour-ecoles-du-quebec","status":"publish","type":"product","link":"https:\/\/www.dramaction.qc.ca\/fr\/produit\/droits-pour-ecoles-du-quebec\/","title":{"rendered":"Droits pour \u00e9coles du Qu\u00e9bec (GRATUIT)"},"content":{"rendered":"<p><strong>Notez que les \u00e9coles du Qu\u00e9bec\u00a0b\u00e9n\u00e9ficient d&#8217;une entente entre la SOQAD (La Soci\u00e9t\u00e9 qu\u00e9b\u00e9coise des auteurs dramatiques) et le MEES (Minist\u00e8re de l\u2019\u00c9ducation et de l\u2019Enseignement sup\u00e9rieur) qui d\u00e9fraie les droits de repr\u00e9sentation en milieu scolaire.\u00a0\u00a0Mais pour que l\u2019auteur re\u00e7oive ses droits, il faut alors remplir un formulaire sur le\u00a0<a href=\"http:\/\/www.aqad.qc.ca\/utilisateur\/ecole-primaires-secondaires\/declaration-de-representation\">http:\/\/www.aqad.qc.ca\/utilisateur\/ecole-primaires-secondaires\/declaration-de-representation<\/a><\/strong><\/p>\n<p>Pour \u00e9coles primaires et secondaire uniquement.<\/p>\n<p>Non valide pour les \u00e9coles de th\u00e9\u00e2tre priv\u00e9es et municipales.<\/p>\n","protected":false},"excerpt":{"rendered":"<p>Les \u00e9coles primaires et secondaire du Qu\u00e9bec b\u00e9n\u00e9ficie gratuitement du paiement des droits d&#8217;auteur par le minist\u00e8re de l&#8217;\u00e9ducation (MEES).<\/p>\n<p>Vous n&#8217;avez qu&#8217;\u00e0 remplir un formulaire !<\/p>\n<p>Ne manquez jamais cette occasion de prendre soin d&#8217;un auteur !!!<\/p>\n","protected":false},"featured_media":4831,"comment_status":"open","ping_status":"closed","template":"","meta":[],"product_brand":[],"product_cat":[237],"product_tag":[],"class_list":{"0":"post-5510","1":"product","2":"type-product","3":"status-publish","4":"has-post-thumbnail","6":"product_cat-droits-dauteur","8":"first","9":"instock","10":"shipping-taxable","11":"product-type-simple"},"jetpack_sharing_enabled":true,"_links":{"self":[{"href":"https:\/\/www.dramaction.qc.ca\/fr\/wp-json\/wp\/v2\/product\/5510","targetHints":{"allow":["GET"]}}],"collection":[{"href":"https:\/\/www.dramaction.qc.ca\/fr\/wp-json\/wp\/v2\/product"}],"about":[{"href":"https:\/\/www.dramaction.qc.ca\/fr\/wp-json\/wp\/v2\/types\/product"}],"replies":[{"embeddable":true,"href":"https:\/\/www.dramaction.qc.ca\/fr\/wp-json\/wp\/v2\/comments?post=5510"}],"wp:featuredmedia":[{"embeddable":true,"href":"https:\/\/www.dramaction.qc.ca\/fr\/wp-json\/wp\/v2\/media\/4831"}],"wp:attachment":[{"href":"https:\/\/www.dramaction.qc.ca\/fr\/wp-json\/wp\/v2\/media?parent=5510"}],"wp:term":[{"taxonomy":"product_brand","embeddable":true,"href":"https:\/\/www.dramaction.qc.ca\/fr\/wp-json\/wp\/v2\/product_brand?post=5510"},{"taxonomy":"product_cat","embeddable":true,"href":"https:\/\/www.dramaction.qc.ca\/fr\/wp-json\/wp\/v2\/product_cat?post=5510"},{"taxonomy":"product_tag","embeddable":true,"href":"https:\/\/www.dramaction.qc.ca\/fr\/wp-json\/wp\/v2\/product_tag?post=5510"}],"curies":[{"name":"wp","href":"https:\/\/api.w.org\/{rel}","templated":true}]}}