{"id":5442,"date":"2017-07-12T13:06:05","date_gmt":"2017-07-12T17:06:05","guid":{"rendered":"http:\/\/www.dramaction.qc.ca\/fr\/?post_type=product&#038;p=5442"},"modified":"2017-09-01T19:48:25","modified_gmt":"2017-09-01T23:48:25","slug":"camille-sur-le-fil","status":"publish","type":"product","link":"https:\/\/www.dramaction.qc.ca\/fr\/produit\/camille-sur-le-fil\/","title":{"rendered":"Camille sur le fil"},"content":{"rendered":"<p><strong>Pi\u00e8ce <\/strong><strong>pour \u00e9l\u00e8ves de 11 \u00e0 15 ans<br \/>\n<\/strong>Polar se d\u00e9roulant dans le Paris des ann\u00e9es 30, parcours initiatique et sentimental d&#8217;une jeune couturi\u00e8re .<\/p>\n<p>de <em>C\u00e9cile Garnier<\/em><\/p>\n<p>19 personnages 8 F 11 H<\/p>\n<hr \/>\n<p><img decoding=\"async\" class=\"size-thumbnail wp-image-5443 alignleft\" src=\"http:\/\/www.dramaction.qc.ca\/fr\/wp-content\/uploads\/2017\/06\/DSC_0283-150x150.jpg\" alt=\"\" width=\"150\" height=\"150\" srcset=\"https:\/\/www.dramaction.qc.ca\/fr\/wp-content\/uploads\/2017\/06\/DSC_0283-150x150.jpg 150w, https:\/\/www.dramaction.qc.ca\/fr\/wp-content\/uploads\/2017\/06\/DSC_0283-200x200.jpg 200w, https:\/\/www.dramaction.qc.ca\/fr\/wp-content\/uploads\/2017\/06\/DSC_0283-100x100.jpg 100w, https:\/\/www.dramaction.qc.ca\/fr\/wp-content\/uploads\/2017\/06\/DSC_0283-300x300.jpg 300w, https:\/\/www.dramaction.qc.ca\/fr\/wp-content\/uploads\/2017\/06\/DSC_0283-1024x1024.jpg 1024w\" sizes=\"(max-width: 150px) 100vw, 150px\" \/><strong>Auteur<\/strong> :<em> C\u00e9cile Garnier<br \/>\n<\/em><\/p>\n<p>Je suis enseignante, anime un atelier th\u00e9\u00e2tre, et \u00e9cris les pi\u00e8ces que je mets en sc\u00e8ne avec mes \u00e9l\u00e8ves. Cette ann\u00e9e particuli\u00e8rement, l&#8217;interpr\u00e9tation des jeunes com\u00e9diens , leur engouement pour le jeu et pour les personnages qu&#8217;ils ont incarn\u00e9s m&#8217;ont donn\u00e9 envie de partager ce texte avec d&#8217;autres lecteurs, d&#8217;autres passionn\u00e9s de la sc\u00e8ne.<\/p>\n<p><strong>Nombre de personnages<\/strong> : 19 personnages 8 F 11 H<br \/>\n<strong>\u00c2ge <\/strong>: 11 \u00e0 15 ans<br \/>\n<strong>Niveau de langue<\/strong> : Fran\u00e7ais international<br \/>\n<strong>Dur\u00e9e<\/strong> : environs 1h<br \/>\n<strong>Nombre de pages<\/strong> : 36<\/p>\n<p><strong>R\u00e9sum\u00e9 de la pi\u00e8ce :<\/strong><\/p>\n<p>Dans le Paris des ann\u00e9es 30 , une jeune couturi\u00e8re enferm\u00e9e dans sa vie \u00e9triqu\u00e9e et sans avenir r\u00eave de d\u00e9couvrir les cabarets des ann\u00e9es folles . Sa rencontre sur fond de java et de charleston avec deux hommes que tout oppose r\u00e9veille la gar\u00e7onne et la rebelle qui dorment en elle. Telle une funambule , Camille se d\u00e9couvre , prend des risques, frissonne entre deux mondes, celui des couturi\u00e8res et celui des truands , entre deux amours, l&#8217;artiste et le bad boy . Elle marche alors sur le fil t\u00e9nu entre r\u00e9alit\u00e9 et fiction qui fait passer de l&#8217;autre c\u00f4t\u00e9 du miroir lui r\u00e9v\u00e9lant un terrible secret sur son identit\u00e9. Mais envers et contre tout , avec enthousiasme et d\u00e9termination, de ces fils de musique et de danse enchev\u00eatr\u00e9s, Camille va coudre jusqu&#8217;au bout la petite robe noire qu&#8217;elle s&#8217;imagine et nous raconter son histoire \u2026<\/p>\n<p><strong>Extrait disponibles<\/strong> : <a href=\"http:\/\/www.dramaction.qc.ca\/fr\/wp-content\/uploads\/2017\/07\/Camille-sur-le-fil-EXTRAITS.pdf\">Camille sur le fil EXTRAITS<\/a><\/p>\n<p><strong>\u00a0Vous montez ce spectacle ?<\/strong><\/p>\n<p>Acheter le texte ne vous donne pas les droits de repr\u00e9senter devant public.\u00a0 Il vous permets de travailler les textes en classe avec vos \u00e9l\u00e8ves.<\/p>\n<p><strong>Notez que les \u00e9coles du Qu\u00e9bec\u00a0b\u00e9n\u00e9ficient d&#8217;une entente entre la SOQAD (La Soci\u00e9t\u00e9 qu\u00e9b\u00e9coise des auteurs dramatiques) et le MEES (Minist\u00e8re de l\u2019\u00c9ducation et de l\u2019Enseignement sup\u00e9rieur) qui d\u00e9fraie les droits de repr\u00e9sentation en milieu scolaire.\u00a0\u00a0Mais pour que l\u2019auteur re\u00e7oive ses droits, il faut alors remplir un formulaire sur le\u00a0<a href=\"http:\/\/www.aqad.qc.ca\/utilisateur\/ecole-primaires-secondaires\/declaration-de-representation\">http:\/\/www.aqad.qc.ca\/utilisateur\/ecole-primaires-secondaires\/declaration-de-representation<\/a><\/strong><\/p>\n","protected":false},"excerpt":{"rendered":"<p>Le r\u00e9sum\u00e9, l&#8217;extrait et les d\u00e9tails de cette pi\u00e8ce se trouvent un peu plus bas dans la page.<\/p>\n<p><strong>Notez que les \u00e9coles du Qu\u00e9bec\u00a0b\u00e9n\u00e9ficient d&#8217;une entente entre la SOQAD (La Soci\u00e9t\u00e9 qu\u00e9b\u00e9coise des auteurs dramatiques) et le MEES (Minist\u00e8re de l\u2019\u00c9ducation et de l\u2019Enseignement sup\u00e9rieur) qui d\u00e9fraie les droits de repr\u00e9sentation en milieu scolaire.\u00a0\u00a0Mais pour que l\u2019auteur re\u00e7oive ses droits, il faut alors remplir un formulaire sur le\u00a0<a href=\"http:\/\/www.aqad.qc.ca\/utilisateur\/ecole-primaires-secondaires\/declaration-de-representation\">http:\/\/www.aqad.qc.ca\/utilisateur\/ecole-primaires-secondaires\/declaration-de-representation<\/a><\/strong><\/p>\n<p>&nbsp;<\/p>\n","protected":false},"featured_media":5447,"comment_status":"open","ping_status":"closed","template":"","meta":[],"product_brand":[],"product_cat":[269,177,180],"product_tag":[],"class_list":{"0":"post-5442","1":"product","2":"type-product","3":"status-publish","4":"has-post-thumbnail","6":"product_cat-cecile-garnier","7":"product_cat-pieces-de-theatre","8":"product_cat-secondaire-12-et","9":"wcpv_product_vendors-cecile-garnier","11":"first","12":"instock","13":"downloadable","14":"shipping-taxable","15":"purchasable","16":"product-type-simple"},"jetpack_sharing_enabled":true,"_links":{"self":[{"href":"https:\/\/www.dramaction.qc.ca\/fr\/wp-json\/wp\/v2\/product\/5442","targetHints":{"allow":["GET"]}}],"collection":[{"href":"https:\/\/www.dramaction.qc.ca\/fr\/wp-json\/wp\/v2\/product"}],"about":[{"href":"https:\/\/www.dramaction.qc.ca\/fr\/wp-json\/wp\/v2\/types\/product"}],"replies":[{"embeddable":true,"href":"https:\/\/www.dramaction.qc.ca\/fr\/wp-json\/wp\/v2\/comments?post=5442"}],"wp:featuredmedia":[{"embeddable":true,"href":"https:\/\/www.dramaction.qc.ca\/fr\/wp-json\/wp\/v2\/media\/5447"}],"wp:attachment":[{"href":"https:\/\/www.dramaction.qc.ca\/fr\/wp-json\/wp\/v2\/media?parent=5442"}],"wp:term":[{"taxonomy":"product_brand","embeddable":true,"href":"https:\/\/www.dramaction.qc.ca\/fr\/wp-json\/wp\/v2\/product_brand?post=5442"},{"taxonomy":"product_cat","embeddable":true,"href":"https:\/\/www.dramaction.qc.ca\/fr\/wp-json\/wp\/v2\/product_cat?post=5442"},{"taxonomy":"product_tag","embeddable":true,"href":"https:\/\/www.dramaction.qc.ca\/fr\/wp-json\/wp\/v2\/product_tag?post=5442"}],"curies":[{"name":"wp","href":"https:\/\/api.w.org\/{rel}","templated":true}]}}