{"id":5301,"date":"2017-04-10T19:20:41","date_gmt":"2017-04-10T23:20:41","guid":{"rendered":"http:\/\/www.dramaction.qc.ca\/fr\/?post_type=product&#038;p=5301"},"modified":"2017-04-10T19:20:41","modified_gmt":"2017-04-10T23:20:41","slug":"coups-de-theatre-volume-4","status":"publish","type":"product","link":"https:\/\/www.dramaction.qc.ca\/fr\/produit\/coups-de-theatre-volume-4\/","title":{"rendered":"Coups de th\u00e9\u00e2tre &#8211; Volume 4"},"content":{"rendered":"<p align=\"left\">Avec le quatri\u00e8me volume de la s\u00e9rie\u00a0<em>Coups de th\u00e9\u00e2tre\u00a0!\u00a0<\/em><em>\u2013\u00a0<\/em><em>36 courtes pi\u00e8ces de th\u00e9\u00e2tre pour enfants et adolescents,<\/em>Yanik Comeau s\u2019amuse une fois de plus \u00e0 cr\u00e9er des situations parfois loufoques, parfois absurdes, d\u2019autres fois plus s\u00e9rieuses, mais toujours avec le savoir-faire qui fait le succ\u00e8s de la collection\u00a0<em>Coups de th\u00e9\u00e2tre !\u00a0<\/em>. Certaines pi\u00e8ces de cette nouvelle mouture nous permettent de renouer avec des personnages rencontr\u00e9s pr\u00e9c\u00e9demment, d\u2019autres (la majorit\u00e9 !) sont de toutes nouvelles cr\u00e9ations originales, toujours \u00e9crites avec passion et amour.<\/p>\n<p align=\"left\">Enseignants, professeurs, metteurs en sc\u00e8ne et animateurs d\u2019ateliers d\u2019art dramatique appr\u00e9cieront ce quatri\u00e8me volume tout autant que les pr\u00e9c\u00e9dents. Voici un outil pr\u00e9cieux et facile \u00e0 utiliser pour quiconque veut faire travailler une multitude de personnages \u00e0 ses jeunes com\u00e9diennes et com\u00e9diens.<\/p>\n<p align=\"left\">Rares sont les textes de th\u00e9\u00e2tre \u00e9crits et con\u00e7us sp\u00e9cifiquement pour les cr\u00e9ations \u00e9tudiantes (primaire et secondaire) tout en tenant compte des r\u00e9alit\u00e9s et contraintes du milieu. Avec la s\u00e9rie\u00a0<em>Coups de th\u00e9\u00e2tre !\u00a0<\/em>, Yanik Comeau offre aux enseignants (titulaires, professeur-e-s de fran\u00e7ais ou d\u2019art dramatique) un large \u00e9ventail de th\u00e8mes, de styles, de genres et de r\u00e9pertoires \u00e0 faire d\u00e9couvrir \u00e0 leurs \u00e9l\u00e8ves.<\/p>\n<p align=\"left\"><strong>Pr\u00e9face de Georges Laferri\u00e8re<\/strong><\/p>\n<p align=\"left\">ISBN\u00a0: 978-2-9814317-7-6 2013 339 pages (volume 4) (format \u00e9lectronique)<br \/>\nISBN :\u00a0978-2-9814317-3-8 (ensemble) (format \u00e9lectronique)<\/p>\n<p>Si vous d\u00e9cidez de monter ces pi\u00e8ces, prenez note que la licence de reproduction est incluse. Par contre, vous devez payer les droits d\u2019auteur pour chaque repr\u00e9sentation.<\/p>\n<p>&nbsp;<\/p>\n<p>R\u00e9sum\u00e9s des pi\u00e8ces<\/p>\n<div class=\"toggle toggle_active\"><\/div>\n<h4 class=\"toggle_title\">\u00c0 propos de R\u00e9mi<\/h4>\n<div class=\"toggle toggle_active\">\n<div class=\"toggle_content\">8 pages, 2f<br \/>\nCom\u00e9die. Claudine se meurt de conna\u00eetre l\u2019opinion de son amie sur son nouvel amoureux, mais Evelyne est avare de commentaires. Serait-ce parce qu\u2019elle conna\u00eet assez bien son amie pour savoir que, quoi qu\u2019elle dise, Claudine l\u2019interpr\u00e9tera \u00e0 sa fa\u00e7on plut\u00f4t\u2026 tordue? Une pi\u00e8ce qui traite avec humour d\u2019amiti\u00e9 entre filles.<\/div>\n<\/div>\n<div class=\"toggle toggle_active\"><\/div>\n<h4 class=\"toggle_title\">\u00c0 vos risques et p\u00e9rils<\/h4>\n<div class=\"toggle toggle_active\">\n<div class=\"toggle_content\">8 pages, 1f, 1h<br \/>\nCom\u00e9die absurde en fran\u00e7ais normatif. Au milieu d\u2019une ville, deux passants d\u00e9battent \u00e0 savoir s\u2019ils doivent intervenir pour interrompre une bagarre qui ne les concerne pas directement. Que faire\u00a0? Son devoir de citoyen\u2026 ou rien\u00a0?<\/div>\n<\/div>\n<div class=\"toggle toggle_active\"><\/div>\n<h4 class=\"toggle_title\">Au\u00a0 bout du monde ?<\/h4>\n<div class=\"toggle toggle_active\">\n<div class=\"toggle_content\">10 pages, 2f<br \/>\nCom\u00e9die. Au d\u00e9sespoir, Vanessa fait irruption chez son amie Marjorie pour lui annoncer qu\u2019elle d\u00e9m\u00e9nage au bout du monde. Au bout du monde\u00a0? Pas vraiment. Mais Vanessa est une grande trag\u00e9dienne, c\u2019est connu\u00a0!<\/div>\n<\/div>\n<div class=\"toggle toggle_active\"><\/div>\n<h4 class=\"toggle_title\">Au\u00a0 nom de la raison<\/h4>\n<div class=\"toggle toggle_active\">\n<div class=\"toggle_content\">7 pages, 2f<br \/>\nCom\u00e9die. Marie-France fait paisiblement un devoir sous l\u2019\u0153il curieux de sa petite s\u0153ur qui pousse la phase du \u00abpourquoi\u00a0?\u00bb \u00e0 l\u2019extr\u00eame. Pourquoi\u00a0? Pauvre Marie-France\u00a0! Elle le sait de moins en moins et devient de plus en plus exasp\u00e9r\u00e9e\u00a0!<\/div>\n<\/div>\n<div class=\"toggle toggle_active\"><\/div>\n<h4 class=\"toggle_title\">Une belle histoire<\/h4>\n<div class=\"toggle toggle_active\">\n<div class=\"toggle_content\">12 pages, 2f, 1h<br \/>\nCom\u00e9die. Suite de la pi\u00e8ce\u00a0<em>Il \u00e9tait une fois\u2026\u00a0<\/em>(tir\u00e9e de\u00a0<em>Coups de th\u00e9\u00e2tre\u00a0! volume 3\u00a0<\/em>), la jeune Martine doit \u00e9crire la suite de l\u2019histoire de Lorenzo et Graziella, \u00able gar\u00e7on et la fille aux noms les plus bizarres de la plan\u00e8te\u00bb. Mais quoi \u00e9crire apr\u00e8s \u00abils se mari\u00e8rent et eurent de nombreux enfants\u00bb\u00a0? Pour Martine, ce ne sont pas les id\u00e9es qui manquent\u2026 mais qu\u2019en penseront les personnages\u00a0?<\/div>\n<\/div>\n<div class=\"toggle toggle_active\"><\/div>\n<h4 class=\"toggle_title\">Le\u00a0 billet vert<\/h4>\n<div class=\"toggle toggle_active\">\n<div class=\"toggle_content\">8 pages, 1f, 1h<br \/>\nCom\u00e9die. Aujourd\u2019hui, Marilyn a re\u00e7u un billet vert \u00e0 l\u2019\u00e9cole. Est-ce que c\u2019est bon ou mauvais\u00a0? Son p\u00e8re, Serge, a bien de la difficult\u00e9 \u00e0 comprendre le fonctionnement du code de vie de l\u2019\u00e9cole\u2026 sans parler du code de couleurs\u00a0!<\/div>\n<\/div>\n<div class=\"toggle toggle_active\"><\/div>\n<h4 class=\"toggle_title\">Un\u00a0 cadeau du ciel<\/h4>\n<div class=\"toggle toggle_active\">\n<div class=\"toggle_content\">8 pages, 1h et 1f ou h<br \/>\nPi\u00e8ce tragique. \u00c0 l\u2019h\u00f4pital, pendant que Fran\u00e7ois r\u00e8gle ses comptes avec son p\u00e8re mourrant, l\u2019ange qui vient chercher l\u2019\u00e2me de Marcel met l\u2019adolescent en garde contre les m\u00e9faits de la ranc\u0153ur.<\/div>\n<\/div>\n<div class=\"toggle toggle_active\"><\/div>\n<h4 class=\"toggle_title\">Cette\u00a0 ann\u00e9e, pour\u00a0 ma f\u00eate\u2026<\/h4>\n<div class=\"toggle toggle_active\">\n<div class=\"toggle_content\">12 pages, 2f<br \/>\nCom\u00e9die. Pi\u00e8ce librement inspir\u00e9e de la chanson\u00a0<em>La Surprise Party\u00a0<\/em>de Cl\u00e9mence DesRochers. Marissa organise la f\u00eate anniversaire de son amie Annabelle, mais celle-ci pr\u00e9tend qu\u2019elle ne veut pas de gros\u00a0<em>party\u00a0<\/em>cette ann\u00e9e. Cependant, lorsque Marissa insiste un peu, Annabelle se laisse emporter dans le tourbillon des plaisirs de dresser une liste d\u2019invit\u00e9s\u2026<\/div>\n<\/div>\n<div class=\"toggle toggle_active\"><\/div>\n<h4 class=\"toggle_title\">Un\u00a0 chausson avec \u00e7a ?<\/h4>\n<div class=\"toggle toggle_active\">\n<div class=\"toggle_content\">9 pages, 2f<br \/>\nCom\u00e9die. Suite de\u00a0<em>Commande \u00e0 l\u2019auto\u00a0<\/em>(\u00a0<em>Coups de th\u00e9\u00e2tre\u00a0! volume 2\u00a0<\/em>), cette pi\u00e8ce nous ram\u00e8ne la pauvre Janie, pr\u00e9pos\u00e9e au service \u00e0 l\u2019auto du Roi du Burger qui doit, cette fois, servir Claudette Tousignant, une imposante cliente (dans tous les sens du terme\u00a0!), pr\u00e9sidente du hockey mineur de Sainte-Th\u00e9r\u00e8se, qui vient commander pour toute l\u2019\u00e9quipe apr\u00e8s un tournoi\u00a0! Pourtant, c\u2019est le repas que Claudette commande pour son mari qui impressionnera davantage la petite caissi\u00e8re.<\/div>\n<\/div>\n<div class=\"toggle toggle_active\"><\/div>\n<h4 class=\"toggle_title\">Le coup de soleil<\/h4>\n<div class=\"toggle toggle_active\">\n<div class=\"toggle_content\">7 pages, 2f<br \/>\nCom\u00e9die. Dans un parc, Cindy et Samantha se lancent un ballon, mais cette derni\u00e8re souffre tant de son coup de soleil, qu\u2019elle arrive \u00e0 peine \u00e0 bouger. \u00ab\u2026 tout le derri\u00e8re de mon corps (est) devenu cuit croustillant comme une croustille,\u00bb affirme-t-elle. Cette situation embarrassante le deviendra encore plus lorsque Cindy, en allant chercher le ballon, rencontrera Kevin Lussier, l\u2019\u00e9lu du c\u0153ur de Samantha.<\/div>\n<\/div>\n<div class=\"toggle toggle_active\"><\/div>\n<h4 class=\"toggle_title\">D\u2019Amour\u00a0 et d\u2019air frais<\/h4>\n<div class=\"toggle toggle_active\">\n<div class=\"toggle_content\">7 pages, 1f, 1h<br \/>\nCom\u00e9die absurde. Pi\u00e8ce en fran\u00e7ais normatif. Apr\u00e8s plusieurs ann\u00e9es de mariage, un bon soir, alors qu\u2019ils lisent paisiblement c\u00f4te \u00e0 c\u00f4te, madame D\u2019Amour avoue \u00e0 son mari\u2026 qu\u2019elle ne peut plus supporter son haleine\u00a0! Que peut-il faire pour rem\u00e9dier \u00e0 la situation\u00a0? Madame D\u2019Amour a d\u00e9j\u00e0 tout r\u00e9fl\u00e9chi. Il n\u2019aura qu\u2019\u00e0 cesser de respirer, tout simplement\u00a0!<\/div>\n<\/div>\n<div class=\"toggle toggle_active\"><\/div>\n<h4 class=\"toggle_title\">De\u00a0 Bouctouche \u00e0 Montr\u00e9al<\/h4>\n<div class=\"toggle toggle_active\">\n<div class=\"toggle_content\">7 pages, 2f<br \/>\nCom\u00e9die dramatique inspir\u00e9e de l\u2019\u0153uvre d\u2019Antonine Maillet, permettant l\u2019exploration d\u2019accents. Arrivant \u00e0 Montr\u00e9al, l\u2019Acadienne Jos\u00e9phine Perras fait la rencontre de Lucille Taillefer. Les deux femmes, issues de milieux tr\u00e8s diff\u00e9rents, \u00e9changeront sur la vie\u2026 et sur le premier petit-fils de Jos\u00e9phine, montr\u00e9alais d\u2019adoption.<\/div>\n<\/div>\n<div class=\"toggle toggle_active\"><\/div>\n<h4 class=\"toggle_title\">Le diable dans la maison<\/h4>\n<div class=\"toggle toggle_active\">\n<div class=\"toggle_content\">8 pages, 2f, 1h<br \/>\nCom\u00e9die. Qui a laiss\u00e9 le salon sens dessus dessous\u00a0? Myl\u00e8ne, la gardienne, aimerait bien le savoir. Guillaume a sa th\u00e9orie l\u00e0-dessus\u00a0: il y a des fant\u00f4mes dans la maison. Myl\u00e8ne, elle, croit plut\u00f4t \u00e0 un petit diable\u00a0: Guillaume lui-m\u00eame\u00a0! Finalement, ni l\u2019un ni l\u2019autre n\u2019aura raison. Alors qui a tout laiss\u00e9 \u00e0 la tra\u00eene dans le salon\u00a0?<\/div>\n<\/div>\n<div class=\"toggle toggle_active\"><\/div>\n<h4 class=\"toggle_title\">Du\u00a0 fromage, s\u2019il vous pla\u00eet !<\/h4>\n<div class=\"toggle toggle_active\">\n<div class=\"toggle_content\">10 pages, 3h<br \/>\nParodie inspir\u00e9e de la fable\u00a0<em>Le Corbeau et le Renard\u00a0<\/em>de Jean de La Fontaine. Un narrateur nerveux et timide tente de th\u00e9\u00e2traliser la c\u00e9l\u00e8bre fable de La Fontaine avec l\u2019aide de deux com\u00e9diens peu motiv\u00e9s qui remettent en question la morale\u2026 et\u00a0la moralit\u00e9 de la fable\u00a0!<\/div>\n<\/div>\n<div class=\"toggle toggle_active\"><\/div>\n<h4 class=\"toggle_title\">En direct<\/h4>\n<div class=\"toggle toggle_active\">\n<div class=\"toggle_content\">11 pages, 2f, 1h<br \/>\nCom\u00e9die absurde. Pi\u00e8ce en fran\u00e7ais normatif avec exploration d\u2019accents. Dans le cadre d\u2019un bulletin sp\u00e9cial qui interrompt la programmation r\u00e9guli\u00e8re d\u2019un grand r\u00e9seau de t\u00e9l\u00e9, la journaliste Rita Robidoux interviewe l\u2019Ha\u00eftienne Marie-Chrysalide Joseph qui a \u00e9t\u00e9 t\u00e9moin d\u2019un d\u00e9lit de fuite ayant caus\u00e9 la mort d\u2019un des\u00a0<em>collies\u00a0<\/em>qui incarne la c\u00e9l\u00e8bre Lassie dans un\u00a0<em>remake\u00a0<\/em>de la s\u00e9rie t\u00e9l\u00e9vis\u00e9e.<\/div>\n<\/div>\n<div class=\"toggle toggle_active\"><\/div>\n<h4 class=\"toggle_title\">Fausses alertes<\/h4>\n<div class=\"toggle toggle_active\">\n<div class=\"toggle_content\">8 pages, 2h<br \/>\nCom\u00e9die. Richard initie son fils Danny au camping en for\u00eat. Une des premi\u00e8res le\u00e7ons consiste \u00e0 surveiller l\u2019\u00e9quipement pendant que Richard part en\u00a0<em>scouting\u00a0<\/em>. Mais s\u2019asseoir sur un tas d\u2019\u00e9quipement, ce n\u2019est pas tr\u00e8s int\u00e9ressant. Danny d\u00e9cide donc d\u2019inventer une histoire d\u2019aventure abracadabrante pour impressionner son p\u00e8re qui n\u2019appr\u00e9cie pas que son fils crie au loup. Mais s\u2019il y avait vraiment un loup\u00a0?<\/div>\n<\/div>\n<div class=\"toggle toggle_active\"><\/div>\n<h4 class=\"toggle_title\">La\u00a0 grande\u00a0 langue de Marjorie<\/h4>\n<div class=\"toggle toggle_active\">\n<div class=\"toggle_content\">8 pages, 2f, 1h<br \/>\nCom\u00e9die. Suite de\u00a0<em>J\u2019veux pas en parler\u00a0!\u00a0<\/em>(tir\u00e9e de\u00a0<em>Coups de th\u00e9\u00e2tre\u00a0! volume 1\u00a0<\/em>), cette nouvelle pi\u00e8ce se situe dans la cour d\u2019\u00e9cole o\u00f9 Sarah renie son amie Marjorie qu\u2019elle tient responsable de l\u2019ultime humiliation\u00a0: Marjorie a d\u00e9voil\u00e9 \u00e0 toute la classe que Sarah aime Justin Leclerc. Lorsque ce dernier approche pour dire \u00e0 Sarah qu\u2019il aimerait qu\u2019elle l\u2019accompagne au cin\u00e9ma, la jeune fille est oblig\u00e9e d\u2019avouer que la grande langue de Marjorie est parfois bien pratique\u00a0!<\/div>\n<\/div>\n<div class=\"toggle toggle_active\"><\/div>\n<h4 class=\"toggle_title\">Jean dit\u2026<\/h4>\n<div class=\"toggle toggle_active\">\n<div class=\"toggle_content\">7 pages, 2f<br \/>\nCom\u00e9die. Quand Annie-Pier initie son amie Pam\u00e9la \u00e0 \u00abJean dit\u00bb, elle profite du pouvoir que lui conf\u00e8re le poste de meneuse de jeu pour s\u2019amuser aux d\u00e9pends de son amie qui ne la trouve pas dr\u00f4le du tout\u00a0!<\/div>\n<\/div>\n<div class=\"toggle toggle_active\"><\/div>\n<h4 class=\"toggle_title\">La\u00a0 Lune M\u00e9lancolique<\/h4>\n<div class=\"toggle toggle_active\">\n<div class=\"toggle_content\">9 pages, 1f, 2h (+ 1 homme)<br \/>\nPastiche du film\u00a0<em>Casablanca\u00a0<\/em>de Michael Curtiz. Pi\u00e8ce en fran\u00e7ais normatif. Rick Butler renoue avec son ancien amour, l\u2019espionne russe (et mari\u00e9e\u00a0!) Valeria Koutouzov, pendant que Sam, le pianiste, fait danser ses doigts sur le clavier\u2026 et verse du scotch \u00e0 son patron\u2026 mais pas en m\u00eame temps\u00a0!<\/div>\n<\/div>\n<div class=\"toggle toggle_active\"><\/div>\n<h4 class=\"toggle_title\">Minute, menottes !<\/h4>\n<div class=\"toggle toggle_active\">\n<div class=\"toggle_content\">7 pages, 2h<br \/>\nCom\u00e9die. Deux jeunes gar\u00e7ons jouent \u00e0 la police. Lorsque Renaud propose d\u2019inverser les r\u00f4les, F\u00e9lix fait croire \u00e0 son ami qu\u2019il a \u00e9gar\u00e9 la cl\u00e9 des menottes. Le pauvre Renaud, pris de panique, fait une crise de claustrophobie \u00e9pouvantable\u00a0!<\/div>\n<\/div>\n<div class=\"toggle toggle_active\"><\/div>\n<h4 class=\"toggle_title\">Num\u00e9ro\u00a0 deux pour deux<\/h4>\n<div class=\"toggle toggle_active\">\n<div class=\"toggle_content\">10 pages, 2f, 1h<br \/>\nCom\u00e9die. Pi\u00e8ce qui permet l\u2019exploration d\u2019accents. Dans un restaurant chinois, deux amoureux compliquent la vie d\u2019une pauvre serveuse en demandant de remplacer ci par \u00e7a et \u00e7a par ci et\u2026 jusqu\u2019\u00e0 ce que la pauvre Soon-Yi, malgr\u00e9 sa grande patience, sorte de ses gonds, exasp\u00e9r\u00e9e par les petits amoureux sirupeux.<\/div>\n<\/div>\n<div class=\"toggle toggle_active\"><\/div>\n<h4 class=\"toggle_title\">Le parapluie d\u2019Aur\u00e9lie<\/h4>\n<div class=\"toggle toggle_active\">\n<div class=\"toggle_content\">6 pages, 2f<br \/>\nCom\u00e9die. Dans un parc, par une belle journ\u00e9e ensoleill\u00e9e, la jeune Aur\u00e9lie attend la pluie. Les m\u00e9t\u00e9orologues ont annonc\u00e9 de la pluie alors Aur\u00e9lie a son parapluie\u00a0! Sa pauvre amie Lisa a bien de la difficult\u00e9 \u00e0 comprendre son raisonnement\u2026<\/div>\n<\/div>\n<div class=\"toggle toggle_active\"><\/div>\n<h4 class=\"toggle_title\">Le\u00a0 petit d\u00e9jeuner au lit<\/h4>\n<div class=\"toggle toggle_active\">\n<div class=\"toggle_content\">6 pages, 1f, 1h<br \/>\nCom\u00e9die. Assise confortablement dans son lit, Marie-Jo\u00eblle attend son fr\u00e8re Samuel qui doit lui apporter son petit d\u00e9jeuner au lit. La grande s\u0153ur qui fait chanter le petit fr\u00e8re, ce n\u2019est rien de nouveau, mais quand Marie-Jo\u00eblle tache l\u2019\u00e9dredon de maman avec son lait au chocolat, les r\u00f4les sont invers\u00e9s et c\u2019est au tour de Samuel de prendre le contr\u00f4le de la situation.<\/div>\n<\/div>\n<div class=\"toggle toggle_active\"><\/div>\n<h4 class=\"toggle_title\">Pierrette\u00a0 et le deux litres de lait<\/h4>\n<div class=\"toggle toggle_active\">\n<div class=\"toggle_content\">7 pages, 2f<br \/>\nParodie inspir\u00e9e de la fable\u00a0<em>La Laiti\u00e8re et le Pot au lait\u00a0<\/em>de Jean de La Fontaine. Pi\u00e8ce principalement en fran\u00e7ais normatif. Construite comme un po\u00e8me rim\u00e9 et dialogu\u00e9, cette pi\u00e8ce met en sc\u00e8ne une narratrice et une m\u00e8re au foyer qui ach\u00e8te le dernier deux litres de lait pendant la crise du verglas.<\/div>\n<\/div>\n<div class=\"toggle toggle_active\"><\/div>\n<h4 class=\"toggle_title\">Pour un oui ou pour un non<\/h4>\n<div class=\"toggle toggle_active\">\n<div class=\"toggle_content\">7 pages, 1f, 1h<br \/>\nCom\u00e9die. Carolanne entra\u00eene son ami \u00c9tienne dans une partie de \u00aboui ou non\u00bb mais, tr\u00e8s rapidement, \u00c9tienne prend le contr\u00f4le de la situation et exasp\u00e8re la pauvre Carolanne qui ne cesse de se faire prendre au jeu. Parfois, l\u2019\u00e9l\u00e8ve d\u00e9passe le ma\u00eetre, dit-on\u00a0!<\/div>\n<\/div>\n<div class=\"toggle toggle_active\"><\/div>\n<h4 class=\"toggle_title\">La production orale<\/h4>\n<div class=\"toggle toggle_active\">\n<div class=\"toggle_content\">7 pages, 2f<br \/>\nCom\u00e9die. Terriblement timide, Magali accepte de pr\u00e9senter sa production orale \u00e0 son enseignante pendant que les autres \u00e9l\u00e8ves sont \u00e0 la r\u00e9cr\u00e9ation. Mais quand le sujet de l\u2019oral rend Carmen malade, Magali est bien d\u00e9\u00e7ue de ne pas pouvoir se rendre \u00e0 la fin de l\u2019expos\u00e9\u00a0: la pr\u00e9sentation de photos\u00a0!<\/div>\n<\/div>\n<div class=\"toggle toggle_active\"><\/div>\n<h4 class=\"toggle_title\">La puce \u00e0 l\u2019oreille<\/h4>\n<div class=\"toggle toggle_active\">\n<div class=\"toggle_content\">9 pages, 1f, 1h<br \/>\nCom\u00e9die absurde. Pi\u00e8ce en fran\u00e7ais normatif. Un jeune homme et une jeune femme se rencontrent par hasard dans un parc lorsqu\u2019ils se rendent compte qu\u2019ils prom\u00e8nent tous deux leur puce domestique. La sc\u00e8ne tourne au drame lorsque la jeune femme, dans son enthousiasme, \u00e9crase sa puce en tapant dans ses mains. Oups\u00a0!<\/div>\n<\/div>\n<div class=\"toggle toggle_active\"><\/div>\n<h4 class=\"toggle_title\">Questions existentielles<\/h4>\n<div class=\"toggle toggle_active\">\n<div class=\"toggle_content\">10 pages, 2h<br \/>\nCom\u00e9die absurde. Pi\u00e8ce en fran\u00e7ais normatif. Dans un parc, un homme se pose l\u2019\u00e9ternelle question \u00ab\u00eatre ou ne pas \u00eatre\u00a0?\u00bb lorsqu\u2019en arrive un autre qui croit qu\u2019il pense donc qu\u2019il est. Ces deux hommes \u00e9changeront\u2026 leurs id\u00e9es, leurs pr\u00e9occupations, leurs questions\u2026 et leurs chaussures. Une pi\u00e8ce qui se moque gaiement du fait que les humains se posent souvent des questions dont on pourrait remettre en doute la pertinence\u00a0!<\/div>\n<\/div>\n<div class=\"toggle toggle_active\"><\/div>\n<h4 class=\"toggle_title\">Qui\u00a0 va \u00e0 lachasse\u2026<\/h4>\n<div class=\"toggle toggle_active\">\n<div class=\"toggle_content\">8 pages, 2f<br \/>\nCom\u00e9die absurde. Pi\u00e8ce en fran\u00e7ais normatif. Tout le monde conna\u00eet le dicton \u00abQui va \u00e0 la chasse perd sa place\u00bb. Alors que fait-on lorsque quelqu\u2019un convoite notre place et que cette place est la seule place dans la place\u00a0? Hum\u2026 Il n\u2019y en aura pas de facile.<\/div>\n<\/div>\n<div class=\"toggle toggle_active\"><\/div>\n<h4 class=\"toggle_title\">Rendez-vous\u00a0 avec l\u2019inconnu<\/h4>\n<div class=\"toggle toggle_active\">\n<div class=\"toggle_content\">9 pages, 1f, 1h<br \/>\nCom\u00e9die romantique. Pi\u00e8ce en fran\u00e7ais normatif. Sur le banc d\u2019un arr\u00eat d\u2019autobus, Louis-Philippe et Pascale attendent l\u2019amoureux(euse) potentiel(le) que souhaite leur pr\u00e9senter une amie commune. Apr\u00e8s avoir \u00e9chang\u00e9 quelques phrases, ils d\u00e9couvriront, \u00e0 leur grand bonheur, que cette amie commune les avaient imagin\u00e9s ensemble.<\/div>\n<\/div>\n<div class=\"toggle toggle_active\"><\/div>\n<h4 class=\"toggle_title\">R\u00e9pondez-moi!<\/h4>\n<div class=\"toggle toggle_active\">\n<div class=\"toggle_content\">27 pages, 5f<br \/>\nCom\u00e9die. Pi\u00e8ce permettant l\u2019exploration d\u2019accents. Cinq adolescentes de quinze ans (des personnages tr\u00e8s typ\u00e9s) jouent \u00e0 la tag t\u00e9l\u00e9phonique dans cette pi\u00e8ce qui se veut une tranche de vie comique et un clin d\u2019\u0153il \u00e0 l\u2019utilisation abusive que font les adolescentes de cette grande invention qu\u2019est le t\u00e9l\u00e9phone.<\/div>\n<\/div>\n<div class=\"toggle toggle_active\"><\/div>\n<h4 class=\"toggle_title\">La\u00a0 route est longue<\/h4>\n<div class=\"toggle toggle_active\">\n<div class=\"toggle_content\">8 pages, 2h<br \/>\nCom\u00e9die dramatique. Deux adolescents font de l\u2019auto-stop entre Rivi\u00e8re-du-Loup et Montr\u00e9al pour tenter leur chance dans la grande ville. Musiciens, ils r\u00eavent d\u2019enregistrer leur premier album et de gagner leur vie \u00e0 faire ce qu\u2019ils aiment. Bien que ce r\u00eave, ils le caressent depuis longtemps, le d\u00e9part de Rivi\u00e8re-du-Loup a \u00e9t\u00e9 pr\u00e9cipit\u00e9 par ce qui semble avoir \u00e9t\u00e9 une confrontation muscl\u00e9e entre l\u2019un deux et son p\u00e8re.<\/div>\n<\/div>\n<div class=\"toggle toggle_active\"><\/div>\n<h4 class=\"toggle_title\">StationAngrignon<\/h4>\n<div class=\"toggle toggle_active\">\n<div class=\"toggle_content\">10 pages, 2f, 1h (petit r\u00f4le)<br \/>\nCom\u00e9die dramatique. Une jeune itin\u00e9rante qui qu\u00e9mande dans le m\u00e9tro fait la rencontre d\u2019une religieuse qui s\u2019int\u00e9resse \u00e0 son histoire. Une pi\u00e8ce touchante sur les contrastes, l\u2019\u00e9coute et l\u2019ouverture vers l\u2019autre.<\/div>\n<\/div>\n<div class=\"toggle toggle_active\"><\/div>\n<h4 class=\"toggle_title\">Un\u00a0 taxi pour Paris ?<\/h4>\n<div class=\"toggle toggle_active\">\n<div class=\"toggle_content\">8 pages, 2f<br \/>\nCom\u00e9die. Pi\u00e8ce permettant l\u2019exploration d\u2019accents. Dans ce troisi\u00e8me volet de la s\u00e9rie\u00a0<em>Taxi\u00a0!\u00a0<\/em>, Murielle, la chauffeure de taxi, fait la rencontre de B\u00e9r\u00e9nice de Montigny, designer de mode fran\u00e7aise qui veut d\u00e9sesp\u00e9r\u00e9ment rentrer \u00e0 Paris. Il faudra d\u2019abord faire \u00abescale\u00bb \u00e0 l\u2019a\u00e9roport et, apr\u00e8s une conversation pour le moins amusante (pas pour Murielle\u00a0!), la chauffeure sera ravie de se d\u00e9barrasser de cette passag\u00e8re pr\u00e9tentieuse\u00a0!<\/div>\n<\/div>\n<div class=\"toggle toggle_active\"><\/div>\n<h4 class=\"toggle_title\">Le\u00a0 tour du chapeau !<\/h4>\n<div class=\"toggle toggle_active\">\n<div class=\"toggle_content\">10 pages, 2h<br \/>\nCom\u00e9die. Un p\u00e8re et son fils regardent le hockey \u00e0 la t\u00e9l\u00e9. Le papa tente d\u2019expliquer certaines r\u00e8gles et strat\u00e9gies \u00e0 son fils, mais celui-ci est bien confus devant les expressions pour le moins originales dans le \u00ablangage hockey\u00bb. Travailler fort dans les coins sur une patinoire ovale\u00a0? Se replier en d\u00e9fensive\u00a0? Un hors-jeu quand on est toujours sur la glace\u00a0? Et le tour du chapeau encore\u00a0?<\/div>\n<\/div>\n<div class=\"toggle toggle_active\"><\/div>\n<h4 class=\"toggle_title\">Tranquilles,\u00a0 les consciences !<\/h4>\n<div class=\"toggle_content\">11 pages, 4f<br \/>\nCom\u00e9die. Odette et Nicole se d\u00e9testent secr\u00e8tement. Gr\u00e2ce \u00e0 leurs consciences, incarn\u00e9es sur sc\u00e8ne par deux autres com\u00e9diennes, on a la chance de savoir ce qu\u2019elles pensent vraiment l\u2019une de l\u2019autre\u2026 sauf que\u2026 les consciences s\u2019\u00e9chapperont aussi et\u2026 cette rencontre fortuite au supermarch\u00e9 tournera au vinaigre.<\/div>\n","protected":false},"excerpt":{"rendered":"<p><strong>Recueil de courtes pi\u00e8ces pour enfants et adolescents<\/strong><strong><br \/>\n<\/strong><em>de Yanik Comeau<br \/>\nplus de 60 personnages, variable<br \/>\n<\/em><\/p>\n<p>Du th\u00e9\u00e2tre absurde au th\u00e9\u00e2tre r\u00e9aliste, en passant par des adaptations d&#8217;\u0153uvres classiques et de textes inspir\u00e9s de situations de la vie quotidienne contemporaine, l&#8217;auteur et p\u00e9dagogue Yanik Comeau sait manier diff\u00e9rents styles d&#8217;\u00e9criture. Il jongle avec les mots comme d&#8217;autres jonglent avec les notes de musique.<\/p>\n","protected":false},"featured_media":5302,"comment_status":"open","ping_status":"closed","template":"","meta":[],"product_brand":[],"product_cat":[178,179,177,180,185],"product_tag":[],"class_list":{"0":"post-5301","1":"product","2":"type-product","3":"status-publish","4":"has-post-thumbnail","6":"product_cat-8-12-ans","7":"product_cat-auteurs-quebecois","8":"product_cat-pieces-de-theatre","9":"product_cat-secondaire-12-et","10":"product_cat-yanik-comeau","12":"first","13":"instock","14":"downloadable","15":"shipping-taxable","16":"purchasable","17":"product-type-simple"},"jetpack_sharing_enabled":true,"_links":{"self":[{"href":"https:\/\/www.dramaction.qc.ca\/fr\/wp-json\/wp\/v2\/product\/5301","targetHints":{"allow":["GET"]}}],"collection":[{"href":"https:\/\/www.dramaction.qc.ca\/fr\/wp-json\/wp\/v2\/product"}],"about":[{"href":"https:\/\/www.dramaction.qc.ca\/fr\/wp-json\/wp\/v2\/types\/product"}],"replies":[{"embeddable":true,"href":"https:\/\/www.dramaction.qc.ca\/fr\/wp-json\/wp\/v2\/comments?post=5301"}],"wp:featuredmedia":[{"embeddable":true,"href":"https:\/\/www.dramaction.qc.ca\/fr\/wp-json\/wp\/v2\/media\/5302"}],"wp:attachment":[{"href":"https:\/\/www.dramaction.qc.ca\/fr\/wp-json\/wp\/v2\/media?parent=5301"}],"wp:term":[{"taxonomy":"product_brand","embeddable":true,"href":"https:\/\/www.dramaction.qc.ca\/fr\/wp-json\/wp\/v2\/product_brand?post=5301"},{"taxonomy":"product_cat","embeddable":true,"href":"https:\/\/www.dramaction.qc.ca\/fr\/wp-json\/wp\/v2\/product_cat?post=5301"},{"taxonomy":"product_tag","embeddable":true,"href":"https:\/\/www.dramaction.qc.ca\/fr\/wp-json\/wp\/v2\/product_tag?post=5301"}],"curies":[{"name":"wp","href":"https:\/\/api.w.org\/{rel}","templated":true}]}}