{"id":5214,"date":"2017-05-09T09:16:29","date_gmt":"2017-05-09T13:16:29","guid":{"rendered":"http:\/\/www.dramaction.qc.ca\/fr\/?post_type=product&#038;p=5214"},"modified":"2019-08-29T16:11:20","modified_gmt":"2019-08-29T20:11:20","slug":"101-exercices-de-theatre","status":"publish","type":"product","link":"https:\/\/www.dramaction.qc.ca\/fr\/produit\/101-exercices-de-theatre\/","title":{"rendered":"111 exercices de th\u00e9\u00e2tre pour enfants et adolescents"},"content":{"rendered":"<p>Dramaction propose un recueil de 111 exercices de th\u00e9\u00e2tre pour enfants et adolescents.<\/p>\n<p>\u2713\u00a0 T\u00e9l\u00e9chargement d&#8217;un document de 123 pages en PDF, contenant 111 exercices de th\u00e9\u00e2tre.<br \/>\n\u2713\u00a0 Bien organis\u00e9 : R\u00e9chauffements, le travail en groupe, sortir de sa coquille, attention, cr\u00e9ativit\u00e9 et improvisation.<br \/>\n\u2713\u00a0 Notes, trucs et variantes pour permettre la meilleure int\u00e9gration possible des exercices dans vos ateliers.<br \/>\n\u2713\u00a0 Le droit d&#8217;imprimer et de photocopier autant que n\u00e9cessaire pour votre usage personnel ou pour celui de vos groupes d&#8217;\u00e9l\u00e8ves.<\/p>\n<p>C&#8217;est un excellent compl\u00e9ment aux outils pr\u00e9sents sur le site !<\/p>\n","protected":false},"excerpt":{"rendered":"<p>En collaboration avec Beat by Beat press, Dramaction propose un recueil d&#8217;exercices de th\u00e9\u00e2tre \u00e0 exp\u00e9rimenter d\u00e8s aujourd&#8217;hui avec vos \u00e9l\u00e8ves.<\/p>\n<p>Un ouvrage de qualit\u00e9 avec des exercices in\u00e9dits.\u00a0 Une belle r\u00e9f\u00e9rence !<\/p>\n","protected":false},"featured_media":5244,"comment_status":"open","ping_status":"closed","template":"","meta":[],"product_brand":[],"product_cat":[150],"product_tag":[],"class_list":{"0":"post-5214","1":"product","2":"type-product","3":"status-publish","4":"has-post-thumbnail","6":"product_cat-exercices-et-ressources","7":"wcpv_product_vendors-denver","9":"first","10":"instock","11":"featured","12":"downloadable","13":"sold-individually","14":"shipping-taxable","15":"purchasable","16":"product-type-simple"},"jetpack_sharing_enabled":true,"_links":{"self":[{"href":"https:\/\/www.dramaction.qc.ca\/fr\/wp-json\/wp\/v2\/product\/5214","targetHints":{"allow":["GET"]}}],"collection":[{"href":"https:\/\/www.dramaction.qc.ca\/fr\/wp-json\/wp\/v2\/product"}],"about":[{"href":"https:\/\/www.dramaction.qc.ca\/fr\/wp-json\/wp\/v2\/types\/product"}],"replies":[{"embeddable":true,"href":"https:\/\/www.dramaction.qc.ca\/fr\/wp-json\/wp\/v2\/comments?post=5214"}],"wp:featuredmedia":[{"embeddable":true,"href":"https:\/\/www.dramaction.qc.ca\/fr\/wp-json\/wp\/v2\/media\/5244"}],"wp:attachment":[{"href":"https:\/\/www.dramaction.qc.ca\/fr\/wp-json\/wp\/v2\/media?parent=5214"}],"wp:term":[{"taxonomy":"product_brand","embeddable":true,"href":"https:\/\/www.dramaction.qc.ca\/fr\/wp-json\/wp\/v2\/product_brand?post=5214"},{"taxonomy":"product_cat","embeddable":true,"href":"https:\/\/www.dramaction.qc.ca\/fr\/wp-json\/wp\/v2\/product_cat?post=5214"},{"taxonomy":"product_tag","embeddable":true,"href":"https:\/\/www.dramaction.qc.ca\/fr\/wp-json\/wp\/v2\/product_tag?post=5214"}],"curies":[{"name":"wp","href":"https:\/\/api.w.org\/{rel}","templated":true}]}}