{"id":5213,"date":"2017-10-11T16:43:59","date_gmt":"2017-10-11T20:43:59","guid":{"rendered":"http:\/\/www.dramaction.qc.ca\/fr\/?post_type=product&#038;p=5213"},"modified":"2017-10-11T16:45:45","modified_gmt":"2017-10-11T20:45:45","slug":"dialogues-contemporains-pour-jeunes","status":"publish","type":"product","link":"https:\/\/www.dramaction.qc.ca\/fr\/produit\/dialogues-contemporains-pour-jeunes\/","title":{"rendered":"Sc\u00e8nes contemporaines pour jeunes (8-16 ans)"},"content":{"rendered":"<p><strong>Id\u00e9al pour le travail de sc\u00e8ne en classe !<br \/>\n<\/strong><\/p>\n<div class=\"feature-box feature-box-15 feature-box-align-center\">\n<div class=\"feature-box-content cf\">\n<p><strong><img decoding=\"async\" class=\"size-medium wp-image-5698 alignleft\" src=\"http:\/\/www.dramaction.qc.ca\/fr\/wp-content\/uploads\/2017\/10\/scenes-contemporaines-300x300.jpg\" alt=\"\" width=\"300\" height=\"300\" srcset=\"https:\/\/www.dramaction.qc.ca\/fr\/wp-content\/uploads\/2017\/10\/scenes-contemporaines-300x300.jpg 300w, https:\/\/www.dramaction.qc.ca\/fr\/wp-content\/uploads\/2017\/10\/scenes-contemporaines-100x100.jpg 100w, https:\/\/www.dramaction.qc.ca\/fr\/wp-content\/uploads\/2017\/10\/scenes-contemporaines-150x150.jpg 150w, https:\/\/www.dramaction.qc.ca\/fr\/wp-content\/uploads\/2017\/10\/scenes-contemporaines-1024x1024.jpg 1024w, https:\/\/www.dramaction.qc.ca\/fr\/wp-content\/uploads\/2017\/10\/scenes-contemporaines-200x200.jpg 200w\" sizes=\"(max-width: 300px) 100vw, 300px\" \/><\/strong><\/p>\n<p>&nbsp;<\/p>\n<p>&nbsp;<\/p>\n<p><strong>33 courtes sc\u00e8nes pour mettre au d\u00e9fi vos \u00e9l\u00e8ves\u00a0 <\/strong><\/p>\n<p>Voici <strong>Sc\u00e8nes contemporaines pour jeunes acteurs, <\/strong>un livre \u00e9lectronique contenant 33 courtes sc\u00e8nes de grande qualit\u00e9, \u00e0 boucle boucl\u00e9e pour les acteurs de 8 \u00e0 16 ans, les enseignants, les metteurs en sc\u00e8ne et les coach de jeu.<\/p>\n<p>De l&#8217;auteur prim\u00e9 Douglas M. Parker et traduit par Dramaction, cette collection de sc\u00e8nes emprunte un langage simple et contemporain et des situations qui offrent aux jeunes acteurs une large gamme de circonstances et d&#8217;\u00e9motions avec lesquelles travailler. Id\u00e9al pour les enfants et les adolescents d&#8217;aujourd&#8217;hui.<\/p>\n<p><strong><em>T\u00e9l\u00e9chargez plus bas l&#8217;extrait, 3 sc\u00e8nes gratuites !<\/em><\/strong><\/p>\n<\/div>\n<\/div>\n<p><strong>\u00a0<\/strong><\/p>\n<p>&nbsp;<\/p>\n<hr \/>\n<p><strong>Des sc\u00e8nes, des d\u00e9fis !<br \/>\n<\/strong><\/p>\n<div class=\"feature-box feature-box-15 feature-box-align-center\">\n<div class=\"feature-box-content cf\">\n<p>Si vous travaillez uniquement avec de jeunes acteurs, vous \u00eates sans doute constamment \u00e0 la recherche de sc\u00e8nes de qualit\u00e9 pour travailler en classe.<\/p>\n<p>Vous cherchez quelque chose d&#8217;excitant pour vos \u00e9l\u00e8ves, tout en offrant un d\u00e9fi par des personnages authentiques et des \u00e9motions r\u00e9elles.<\/p>\n<p>Le travail de sc\u00e8ne est crucial pour le d\u00e9veloppement d&#8217;acteurs parce qu&#8217;il leur donne la chance de travailler sur le dialogue, les personnages et les relations dans une situation pr\u00e9cise.<\/p>\n<p>Malheureusement, ce n&#8217;est pas toujours facile de trouver des sc\u00e8nes charg\u00e9es en \u00e9motion pour les enfants. La majorit\u00e9 des livres pr\u00e9sentent soit des extraits de classiques, avec un langage d\u00e9suet ou des sc\u00e8nes qui n&#8217;offrent pas assez de contenu \u00e9motif.<\/p>\n<p><strong>Avec ce livre, vous obtenez :<\/strong><\/p>\n<\/div>\n<\/div>\n<ul class=\"bullet-list 1\">\n<li>98 pages PDF contenant 34 sc\u00e8nes pour les jeunes de 8 \u00e0 16 ans<\/li>\n<li>Une grande vari\u00e9t\u00e9 de sc\u00e8nes \u00e0 2 ou \u00e0 3 personnages<\/li>\n<li>Des personnages pouvant \u00eatre jou\u00e9s par des filles ou des gar\u00e7ons<\/li>\n<li>Des finales fortes en \u00e9motion pour mettre au d\u00e9fi vos \u00e9l\u00e8ves et garder le public en haleine<\/li>\n<li>Un belle gamme d&#8217;\u00e9motions, allant du comique au dramatique<\/li>\n<li>Parfait pour le travail de sc\u00e8ne en classe et les petits exercices publics<\/li>\n<\/ul>\n<p><a href=\"http:\/\/www.dramaction.qc.ca\/fr\/wp-content\/uploads\/2017\/10\/Dialogues-contemporains-pour-jeunes-acteurs-Dramaction-EXTRAITS.pdf\">Sc\u00e8nes contemporaines pour jeunes acteurs (Dramaction) &#8211; EXTRAITS<\/a><\/p>\n<div><\/div>\n<hr \/>\n<p>&nbsp;<\/p>\n<p><strong>\u00c0 propos de Douglas M. Parker<\/strong><\/p>\n<p><img decoding=\"async\" class=\"lazy alignright wp-image-10356 size-full lazy-loaded\" src=\"http:\/\/www.bbbpress.com\/wp-content\/uploads\/2015\/10\/Douglas-M-Parker.jpg\" alt=\"\" width=\"300\" height=\"278\" data-lazy-type=\"image\" data-lazy-src=\"http:\/\/www.bbbpress.com\/wp-content\/uploads\/2015\/10\/Douglas-M-Parker.jpg\" \/><\/p>\n<p><strong>DOUGLAS M. PARKER<\/strong>\u00a0 est un auteur, dramaturge et parolier prim\u00e9. Ses \u0153uvres comprennent deux livres de monologues originaux &#8211; <strong><em>Monologues contemporains pour jeunes acteurs<\/em><\/strong> et <strong><em>Monologues fantaisistes pour jeunes acteurs.<\/em><\/strong> Ses \u0153uvres incluent la com\u00e9die musicale <strong><em>Life on the Mississippi<\/em><\/strong> (livre et paroles) bas\u00e9e sur le classique intemporel autobiographique de Mark Twain; <strong><em>BESSIE: The Life and Music of Bessie Smith<\/em><\/strong>, inspir\u00e9 par la mont\u00e9e et la chute du grand chanteur de blues am\u00e9ricain; <strong><em>Thicker Than Water<\/em><\/strong>, un drame bas\u00e9 sur la trag\u00e9die d&#8217;Andrea Yates; <strong><em>Declarations<\/em><\/strong>, un drame historique pour jeune public tir\u00e9 des lettres qu&#8217;ont \u00e9crites John et Abigail Adams; et <strong><em>The Private History of a Campaign That Failed<\/em><\/strong>, une com\u00e9die pour jeune public inspir\u00e9e pas les m\u00e9moires r\u00e9elles et humoristiques de Mark Twain, alors qu&#8217;il \u00e9tait lieutenant dans la Confederacy, le r\u00e9giment le moins accompli et le plus oubli\u00e9 de l&#8217;histoire. Dipl\u00f4m\u00e9 de l&#8217;Universit\u00e9 Brown et membre de la Dramatists Guild, il vit \u00e0 New York et peut \u00eatre rejoint \u00e0 MonologueFrog@gmail.com.<\/p>\n<p>.<\/p>\n","protected":false},"excerpt":{"rendered":"<h3>NOUVEAU ET EXCLUSIF \u00c0 DRAMACTION<\/h3>\n<p><strong>33 courtes sc\u00e8nes pour les jeunes acteurs de 8 \u00e0 16 ans<\/strong><\/p>\n<p>Avez-vous de la difficult\u00e9 \u00e0 trouver des courtes sc\u00e8nes de qualit\u00e9 pour les enfants et les adolescents ? Avez-vous remarqu\u00e9 que la majorit\u00e9 des livres de ce genre semblent un peu vieillot ?<\/p>\n<p><strong>Sc\u00e8nes contemporaines pour jeunes<\/strong> est un nouveau livre \u00e9lectronique (PDF) t\u00e9l\u00e9chargeable qui pr\u00e9sente 33 sc\u00e8nes originales \u00e9crites par le dramaturge prim\u00e9 de New York <em>Douglas M. Parker<\/em>. Ces textes, traduits et adapt\u00e9s, ont \u00e9t\u00e9 cr\u00e9\u00e9s sp\u00e9cifiquement pour les acteurs de 8 \u00e0 16 ans, pour les enseignants, le metteurs en sc\u00e8ne et les coachs de jeu.<\/p>\n","protected":false},"featured_media":5698,"comment_status":"open","ping_status":"closed","template":"","meta":[],"product_brand":[],"product_cat":[178,275,276,150,177,180],"product_tag":[],"class_list":{"0":"post-5213","1":"product","2":"type-product","3":"status-publish","4":"has-post-thumbnail","6":"product_cat-8-12-ans","7":"product_cat-auteurs-americains-traduits","8":"product_cat-douglas-m-parker","9":"product_cat-exercices-et-ressources","10":"product_cat-pieces-de-theatre","11":"product_cat-secondaire-12-et","12":"wcpv_product_vendors-denver","14":"first","15":"instock","16":"featured","17":"downloadable","18":"shipping-taxable","19":"purchasable","20":"product-type-simple"},"jetpack_sharing_enabled":true,"_links":{"self":[{"href":"https:\/\/www.dramaction.qc.ca\/fr\/wp-json\/wp\/v2\/product\/5213","targetHints":{"allow":["GET"]}}],"collection":[{"href":"https:\/\/www.dramaction.qc.ca\/fr\/wp-json\/wp\/v2\/product"}],"about":[{"href":"https:\/\/www.dramaction.qc.ca\/fr\/wp-json\/wp\/v2\/types\/product"}],"replies":[{"embeddable":true,"href":"https:\/\/www.dramaction.qc.ca\/fr\/wp-json\/wp\/v2\/comments?post=5213"}],"wp:featuredmedia":[{"embeddable":true,"href":"https:\/\/www.dramaction.qc.ca\/fr\/wp-json\/wp\/v2\/media\/5698"}],"wp:attachment":[{"href":"https:\/\/www.dramaction.qc.ca\/fr\/wp-json\/wp\/v2\/media?parent=5213"}],"wp:term":[{"taxonomy":"product_brand","embeddable":true,"href":"https:\/\/www.dramaction.qc.ca\/fr\/wp-json\/wp\/v2\/product_brand?post=5213"},{"taxonomy":"product_cat","embeddable":true,"href":"https:\/\/www.dramaction.qc.ca\/fr\/wp-json\/wp\/v2\/product_cat?post=5213"},{"taxonomy":"product_tag","embeddable":true,"href":"https:\/\/www.dramaction.qc.ca\/fr\/wp-json\/wp\/v2\/product_tag?post=5213"}],"curies":[{"name":"wp","href":"https:\/\/api.w.org\/{rel}","templated":true}]}}