{"id":5154,"date":"2019-08-28T12:26:42","date_gmt":"2019-08-28T16:26:42","guid":{"rendered":"http:\/\/www.dramaction.qc.ca\/fr\/?post_type=product&#038;p=5154"},"modified":"2019-08-29T16:11:07","modified_gmt":"2019-08-29T20:11:07","slug":"enseigner-lecriture-dramatique","status":"publish","type":"product","link":"https:\/\/www.dramaction.qc.ca\/fr\/produit\/enseigner-lecriture-dramatique\/","title":{"rendered":"Enseigner l&#8217;\u00e9criture th\u00e9\u00e2trale, (\u00e0 partir de 10 ans)"},"content":{"rendered":"<h2><strong>Id\u00e9al pour les <span style=\"color: #800000;\">enseignants <\/span>de <span style=\"color: #000080;\">th\u00e9\u00e2tre ou de fran\u00e7ais<\/span><br \/>\n<\/strong><\/h2>\n<div class=\"feature-box feature-box-15 feature-box-align-center\">\n<div class=\"feature-box-content cf\">\n<p><strong><img decoding=\"async\" class=\"alignright size-medium wp-image-5183\" src=\"http:\/\/www.dramaction.qc.ca\/fr\/wp-content\/uploads\/2017\/03\/cover-1-300x300.jpg\" alt=\"\" width=\"300\" height=\"300\" srcset=\"https:\/\/www.dramaction.qc.ca\/fr\/wp-content\/uploads\/2017\/03\/cover-1-300x300.jpg 300w, https:\/\/www.dramaction.qc.ca\/fr\/wp-content\/uploads\/2017\/03\/cover-1-200x200.jpg 200w, https:\/\/www.dramaction.qc.ca\/fr\/wp-content\/uploads\/2017\/03\/cover-1-100x100.jpg 100w, https:\/\/www.dramaction.qc.ca\/fr\/wp-content\/uploads\/2017\/03\/cover-1-150x150.jpg 150w, https:\/\/www.dramaction.qc.ca\/fr\/wp-content\/uploads\/2017\/03\/cover-1-1024x1024.jpg 1024w\" sizes=\"(max-width: 300px) 100vw, 300px\" \/><\/strong><\/p>\n<p><span style=\"color: #333300;\"><strong>Apprenez \u00e0 cr\u00e9er des pi\u00e8ces de th\u00e9\u00e2tre incroyables avec vos \u00e9l\u00e8ves avec ce guide \u00e9tape par \u00e9tape.<\/strong><\/span><br \/>\n<span style=\"color: #333300;\"> Avez-vous d\u00e9j\u00e0 voulu \u00e9crire une pi\u00e8ce de th\u00e9\u00e2tre avec votre groupe de fran\u00e7ais ou de th\u00e9\u00e2tre ?<\/span><\/p>\n<p><span style=\"color: #333300;\">Avez-vous de la difficult\u00e9 \u00e0 accompagner vos \u00e9l\u00e8ves pour trouver des id\u00e9es de pi\u00e8ce de th\u00e9\u00e2tre ou pour les aider \u00e0 cr\u00e9er des histoires percutantes et des personnages riches ?<\/span><\/p>\n<p><span style=\"color: #333300;\">Dramaction pr\u00e9sente <strong>Enseigner l&#8217;\u00e9criture dramatique<\/strong>, un livre de plus de 100 pages qui transformera \u00e0 jamais la fa\u00e7on dont vous aborderez la dramaturgie en classe.<\/span><\/p>\n<p><span style=\"color: #333300;\">Ce livre couvre toutes les bases de la dramaturgie &#8211; tout en offrant la planification de nombreux ateliers faciles \u00e0 suivre pour cr\u00e9er en classe des pi\u00e8ces de th\u00e9\u00e2tre (seul, en \u00e9quipe ou en groupe).<\/span><\/p>\n<p><span style=\"color: #333300;\"><strong>Allez plus bas dans cette page pour visionner un chapitre GRATUIT !<\/strong><\/span><\/p>\n<\/div>\n<\/div>\n<div class=\"feature-box feature-box-18 feature-box-align-center\">\n<div class=\"feature-box-content cf\">\n<p><span style=\"color: #333300;\">\u00ab C&#8217;est le meilleur livre d&#8217;\u00e9criture dramatique que j&#8217;ai lu de ma vie.\u00a0 Les livres qui incluent tout ce dont vous avez besoin pour enseigner en classe sont rares.\u00a0 Sophia rend les choses tellement claires&#8230; m\u00eame un enseignant qui n&#8217;a pas d&#8217;exp\u00e9rience en th\u00e9\u00e2tre peut facilement guider ses \u00e9l\u00e8ves dans le processus de cr\u00e9ation d&#8217;une pi\u00e8ce de th\u00e9\u00e2tre. \u00bb<\/span><\/p>\n<p><span style=\"color: #333300;\">Sarah Siegel, Junior Theatre<\/span><\/p>\n<h2><a href=\"https:\/\/www.dramaction.qc.ca\/fr\/wp-content\/uploads\/2017\/03\/EXTRAIT-enseigner-ecriture-theatrale-Sophia-Chapadjiev.pdf\" target=\"_blank\" rel=\"noopener noreferrer\">EXTRAIT &#8211; enseigner ecriture theatrale &#8211; Sophia Chapadjiev<\/a><\/h2>\n<\/div>\n<\/div>\n<p><span style=\"color: #333300;\"><strong>Avec ce livre, vous recevez :<\/strong><\/span><\/p>\n<ul class=\"bullet-list 1\">\n<li><span style=\"color: #333300;\">7 chapitres permettant d&#8217;introduire les fondements de l&#8217;\u00e9criture dramatique dans des activit\u00e9s bien choisies et in\u00e9dites<\/span><\/li>\n<li><span style=\"color: #333300;\">5 chapitres d\u00e9taillant comment cr\u00e9er une pi\u00e8ce seul, en petites \u00e9quipes ou en grand groupe<\/span><\/li>\n<li><span style=\"color: #333300;\">1 chapitre consacr\u00e9 \u00e0 la r\u00e9vision et \u00e0 l&#8217;\u00e9valuation<\/span><\/li>\n<li><span style=\"color: #333300;\">7 chapitres de mat\u00e9riel suppl\u00e9mentaires incluant une liste de v\u00e9rification de la pi\u00e8ce, des trucs de professionnels et un cours rapide pour la performance d&#8217;acteurs<\/span><\/li>\n<li><span style=\"color: #333300;\">9 documents en annexe<\/span><\/li>\n<\/ul>\n<div class=\"feature-box feature-box-15 feature-box-align-center\">\n<div class=\"feature-box-content cf\">\n<p><span style=\"color: #333300;\"><strong>Comment ce livre se d\u00e9marque-t-il de tout ce qui a \u00e9t\u00e9 fait \u00e0 pr\u00e9sent ?<br \/>\n<\/strong><\/span><\/p>\n<p><span style=\"color: #333300;\">Un peu comme le livre populaire <em>Enseigner le th\u00e9\u00e2tre, le guide essentiel, <\/em>ce livre est pr\u00e9sent\u00e9 par ateliers ce qui permet une utilisation imm\u00e9diate avec vos \u00e9l\u00e8ves.\u00a0 Ces chapitres se suivent bien et permettent une progression des apprentissages avec tout le mat\u00e9riel dont vous aurez besoin, avec des suggestions, ce que vous devrez \u00e9crire au tableau et tout le vocabulaire \u00e0 donner aux \u00e9l\u00e8ves.<\/span><\/p>\n<\/div>\n<\/div>\n<p><span style=\"color: #333300;\"><strong>Ce que vos \u00e9l\u00e8ves apprendront <\/strong><\/span><\/p>\n<p><span style=\"color: #333300;\">Voici ce qui est couvert dans ce livre :<\/span><\/p>\n<ul class=\"bullet-list 1\">\n<li><span style=\"color: #333300;\"><strong>Qu&#8217;est-ce qu&#8217;une pi\u00e8ce de th\u00e9\u00e2tre ?<\/strong> \u00c0 travers l&#8217;exploration de textes offerts dans ce livre, les \u00e9l\u00e8ves d\u00e9couvriront ce qui rend la dramaturgie diff\u00e9rente des autres types d&#8217;\u00e9criture.<\/span><\/li>\n<li><span style=\"color: #333300;\"><strong>Le dialogue.<\/strong> Les \u00e9l\u00e8ves apprendront \u00e0 \u00e9crire un dialogue respectant l&#8217;essence des personnages pour garder le public attentif.<\/span><\/li>\n<li><span style=\"color: #333300;\"><strong>Le conflit.<\/strong> Les \u00e9l\u00e8ves comprendront l&#8217;importance de cr\u00e9er des enjeux importants et d&#8217;utiliser les conflits pour construire des sc\u00e8nes int\u00e9ressantes.<\/span><\/li>\n<li><span style=\"color: #333300;\"><strong>La progression dramatique.<\/strong> Les \u00e9l\u00e8ves apprendront \u00e0 utiliser un diagramme de l&#8217;intrigue.<\/span><\/li>\n<li><span style=\"color: #333300;\"><strong>La cr\u00e9ation de personnages (\u00e0 partir d&#8217;une photo).<\/strong> Les \u00e9l\u00e8ves se familiariseront avec les 8 questions de la cr\u00e9ation de personnages &#8211; et cr\u00e9eront un personnage \u00e0 partir d&#8217;une image.<\/span><\/li>\n<li><span style=\"color: #333300;\"><strong>La cr\u00e9ation de personnages (\u00e0 partir d&#8217;accessoires).<\/strong> Les \u00e9l\u00e8ves apprendront que les bonnes id\u00e9es peuvent surgir de partout &#8211; m\u00eame dans les accessoires que l&#8217;on peut retrouver dans une classe.<\/span><\/li>\n<li><span style=\"color: #333300;\"><strong>La cr\u00e9ation de personnages (\u00e0 partir d&#8217;improvisations).<\/strong> Les \u00e9l\u00e8ves s&#8217;engageront dans un processus de cr\u00e9ation \u00e0 partir d&#8217;improvisations et se rendront compte de l&#8217;importance de la richesse des personnages dans le d\u00e9roulement de l&#8217;intrigue.<\/span><\/li>\n<li><span style=\"color: #333300;\"><strong>Le monologue.<\/strong> Les \u00e9l\u00e8ves auront les outils n\u00e9cessaires pour cr\u00e9er des monologues qui font r\u00e9ellement avancer l&#8217;histoire.<\/span><\/li>\n<li><span style=\"color: #333300;\"><strong>Les pistes d&#8217;\u00e9criture.<\/strong> Des ateliers complets, \u00e9tape par \u00e9tape, permettant de vous guider vos \u00e9l\u00e8ves \u00e0 \u00e9crire une pi\u00e8ce de th\u00e9\u00e2tre 1) seul 2) en petites \u00e9quipes 3) en groupe.<\/span><\/li>\n<li><span style=\"color: #333300;\"><strong>R\u00e9vision et \u00e9valuation.<\/strong> Les \u00e9l\u00e8ves apprendront \u00e0 relire, r\u00e9viser et r\u00e9\u00e9crire leur pi\u00e8ce efficacement.<\/span><\/li>\n<li><span style=\"color: #333300;\"><strong>Plus\u2026<\/strong> Des activit\u00e9s de personnages et d&#8217;histoire suppl\u00e9mentaires, un cours rapide sur la performance d&#8217;acteurs, du vocabulaire !<\/span><\/li>\n<\/ul>\n<div class=\"feature-box feature-box-15 feature-box-align-center\">\n<div class=\"feature-box-content cf\">\n<p>&nbsp;<\/p>\n<p><span style=\"color: #333300;\"><strong>\u00c0 propos de l&#8217;auteur<\/strong><\/span><\/p>\n<p><span style=\"color: #333300;\"><img decoding=\"async\" class=\"lazy alignright size-full wp-image-10802 lazy-loaded\" src=\"http:\/\/www.bbbpress.com\/wp-content\/uploads\/2017\/01\/Sophia.jpg\" alt=\"\" width=\"275\" height=\"208\" data-lazy-type=\"image\" data-lazy-src=\"http:\/\/www.bbbpress.com\/wp-content\/uploads\/2017\/01\/Sophia.jpg\" \/><strong>So<\/strong><\/span><strong>phia Chapadjiev<\/strong> est une auteure originaire de Chicago qui vit actuellement entre les \u00c9tats-Unis et le Royaume-Uni. Sophia enseigne la dramaturgie et le th\u00e9\u00e2tre musical et elle est aussi la directrice artistique du Festival <em>Young Playwrights Festival <\/em>au <em>Eugene O<\/em>\u2019<em>Neill Theater<\/em> o\u00f9 elle est la directrice de l&#8217;\u00e9ducation depuis 2007. Elle a \u00e9galement anim\u00e9 des ateliers de perfectionnement professionnel \u00e0 diverses conf\u00e9rences \u00e9ducatives.<\/p>\n<p>Quelques-unes de ses productions new-yorkaises comprennent : <em>Over the Moon<\/em> (meilleure pi\u00e8ce, coup de c\u0153ur du public; American Globe Theater); <em>Aloha Flight 243 <\/em>(HERE Arts Center); et <em>First Odd Prime <\/em>(Players Theater). Plus r\u00e9cemment, sa pi\u00e8ce <em>In This House<\/em>, a \u00e9t\u00e9 mise en nomination au <em>Festival Dark Horse Festival <\/em>de Londres.\u00a0 Sophia a un baccalaur\u00e9at en beaux-arts de l&#8217;Universit\u00e9 <em>Emerson<\/em> et une ma\u00eetrise au NYU dans le programme d&#8217;\u00e9criture de th\u00e9\u00e2tre musical.<\/p>\n<p>&nbsp;<\/p>\n<\/div>\n<\/div>\n<div class=\"feature-box feature-box-18 feature-box-align-center\">\n<div class=\"feature-box-content cf\">\n<blockquote><p><span style=\"color: #333300;\">\u00ab Non seulement toutes les activit\u00e9s sont bien pens\u00e9es et claires, mais elles sont aussi utiles de tellement de mani\u00e8res&#8230; pas seulement pour l&#8217;\u00e9criture th\u00e9\u00e2trale.\u00a0 Ces ateliers m&#8217;ont permis d&#8217;en apprendre plus sur mes \u00e9l\u00e8ves, sur leurs int\u00e9r\u00eats, leurs sentiments&#8230; \u00bb<\/span><\/p>\n<p><span style=\"color: #333300;\">Susan Frank, York Schools<\/span><\/p><\/blockquote>\n<\/div>\n<\/div>\n<div class=\"feature-box feature-box-18 feature-box-align-center\">\n<div class=\"feature-box-content cf\">\n<blockquote><p><span style=\"color: #333300;\">\u00ab J&#8217;ai ador\u00e9 ce livre !\u00a0 Tr\u00e8s simple et facile \u00e0 utiliser d\u00e8s l&#8217;achat &#8211; des bons conseils, d&#8217;excellents exemples qui sont r\u00e9ellement utiles en classe. \u00bb<\/span><\/p>\n<p><span style=\"color: #333300;\">Jennifer Peterson, Kids on Stage<\/span><\/p><\/blockquote>\n<\/div>\n<\/div>\n","protected":false},"excerpt":{"rendered":"<p><span style=\"color: #333300;\">Guide complet pour \u00e9crire des pi\u00e8ces de th\u00e9\u00e2tre avec vos \u00e9l\u00e8ves (de 10 \u00e0 99 ans)<\/span><\/p>\n<p><span style=\"color: #333300;\">Avec ces ateliers \u00ab cl\u00e9 en main \u00bb, un enseignant de fran\u00e7ais ou de th\u00e9\u00e2tre peut facilement s&#8217;engager dans un processus de cr\u00e9ation de pi\u00e8ces de th\u00e9\u00e2tre avec ses \u00e9l\u00e8ves.<\/span><\/p>\n<p><span style=\"color: #333300;\">M\u00eame ce qui doit \u00eatre \u00e9crit au tableau est d\u00e9crit !<\/span><\/p>\n<p><span style=\"color: #333300;\">Un<strong> guide d&#8217;enseignement<\/strong> complet qui permet une exploration efficace de cet art !<\/span><\/p>\n","protected":false},"featured_media":6849,"comment_status":"open","ping_status":"closed","template":"","meta":[],"product_brand":[],"product_cat":[150],"product_tag":[],"class_list":{"0":"post-5154","1":"product","2":"type-product","3":"status-publish","4":"has-post-thumbnail","6":"product_cat-exercices-et-ressources","7":"wcpv_product_vendors-denver","9":"first","10":"instock","11":"downloadable","12":"sold-individually","13":"shipping-taxable","14":"purchasable","15":"product-type-simple"},"jetpack_sharing_enabled":true,"_links":{"self":[{"href":"https:\/\/www.dramaction.qc.ca\/fr\/wp-json\/wp\/v2\/product\/5154","targetHints":{"allow":["GET"]}}],"collection":[{"href":"https:\/\/www.dramaction.qc.ca\/fr\/wp-json\/wp\/v2\/product"}],"about":[{"href":"https:\/\/www.dramaction.qc.ca\/fr\/wp-json\/wp\/v2\/types\/product"}],"replies":[{"embeddable":true,"href":"https:\/\/www.dramaction.qc.ca\/fr\/wp-json\/wp\/v2\/comments?post=5154"}],"wp:featuredmedia":[{"embeddable":true,"href":"https:\/\/www.dramaction.qc.ca\/fr\/wp-json\/wp\/v2\/media\/6849"}],"wp:attachment":[{"href":"https:\/\/www.dramaction.qc.ca\/fr\/wp-json\/wp\/v2\/media?parent=5154"}],"wp:term":[{"taxonomy":"product_brand","embeddable":true,"href":"https:\/\/www.dramaction.qc.ca\/fr\/wp-json\/wp\/v2\/product_brand?post=5154"},{"taxonomy":"product_cat","embeddable":true,"href":"https:\/\/www.dramaction.qc.ca\/fr\/wp-json\/wp\/v2\/product_cat?post=5154"},{"taxonomy":"product_tag","embeddable":true,"href":"https:\/\/www.dramaction.qc.ca\/fr\/wp-json\/wp\/v2\/product_tag?post=5154"}],"curies":[{"name":"wp","href":"https:\/\/api.w.org\/{rel}","templated":true}]}}