{"id":5070,"date":"2017-03-13T09:00:42","date_gmt":"2017-03-13T13:00:42","guid":{"rendered":"http:\/\/www.dramaction.qc.ca\/fr\/?post_type=product&#038;p=5070"},"modified":"2017-10-11T16:39:17","modified_gmt":"2017-10-11T20:39:17","slug":"monologues-fantaisistes-pour-jeunes-acteurs-7-14-ans","status":"publish","type":"product","link":"https:\/\/www.dramaction.qc.ca\/fr\/produit\/monologues-fantaisistes-pour-jeunes-acteurs-7-14-ans\/","title":{"rendered":"Monologues fantaisistes pour jeunes acteurs (7-14 ans)"},"content":{"rendered":"<p><strong>52 nouveaux monologues de qualit\u00e9 pour les enfants et les adolescents !<br \/>\n<\/strong><\/p>\n<div class=\"feature-box feature-box-15 feature-box-align-center\">\n<div class=\"feature-box-content cf\">\n<p><img decoding=\"async\" class=\"size-medium wp-image-5102 alignright\" src=\"http:\/\/www.dramaction.qc.ca\/fr\/wp-content\/uploads\/2017\/02\/monologues-fantaisistes-300x300.jpg\" alt=\"\" width=\"300\" height=\"300\" srcset=\"https:\/\/www.dramaction.qc.ca\/fr\/wp-content\/uploads\/2017\/02\/monologues-fantaisistes-300x300.jpg 300w, https:\/\/www.dramaction.qc.ca\/fr\/wp-content\/uploads\/2017\/02\/monologues-fantaisistes-100x100.jpg 100w, https:\/\/www.dramaction.qc.ca\/fr\/wp-content\/uploads\/2017\/02\/monologues-fantaisistes-150x150.jpg 150w, https:\/\/www.dramaction.qc.ca\/fr\/wp-content\/uploads\/2017\/02\/monologues-fantaisistes-1024x1024.jpg 1024w, https:\/\/www.dramaction.qc.ca\/fr\/wp-content\/uploads\/2017\/02\/monologues-fantaisistes-200x200.jpg 200w\" sizes=\"(max-width: 300px) 100vw, 300px\" \/><strong>Par l&#8217;auteur de <a href=\"http:\/\/www.dramaction.qc.ca\/fr\/produit\/monologues-contemporains-pour-jeunes-acteurs\/\"><em>Monologues contemporains pour jeunes acteurs<\/em><\/a> !<\/strong><\/p>\n<p>Suite au succ\u00e8s incroyable du livre \u00e9lectronique <em>Monologues contemporains pour jeunes acteurs<\/em>, l&#8217;auteur prim\u00e9 new-yorkais Douglas M. Parker a cr\u00e9\u00e9 un nouveau volume de monologues in\u00e9dits qui offrent aux jeunes acteurs la possibilit\u00e9 d&#8217;explorer une belle vari\u00e9t\u00e9 de personnages, d&#8217;\u00e9motions et de situations.<\/p>\n<p><strong><em>Monologues fantaisistes pour jeunes acteurs<\/em><\/strong>, c&#8217;est 52 monologues amusants, accessibles et inventifs qui feront plonger vos \u00e9l\u00e8ves dans une cr\u00e9ativit\u00e9 nouvelle. Chaque monologue est \u00e9crit dans un fran\u00e7ais contemporain, ce qui les rend accessibles. Cr\u00e9\u00e9 sp\u00e9cifiquement pour les acteurs de 7 \u00e0 14 ans, pour les enseignants, les metteurs en sc\u00e8ne et les coachs de jeu.<\/p>\n<\/div>\n<\/div>\n<div class=\"feature-box feature-box-6 feature-box-align-center\">\n<div class=\"feature-box-content cf\">\n<p class=\"p1\"><span class=\"s1\">(<a href=\"#extraits\">D\u00e9couvrez plus bas des extraits GRATUITS du livre \u00e9lectronique !<\/a>)<\/span><\/p>\n<\/div>\n<\/div>\n<p><strong>Ces monologues pr\u00e9sentent :<br \/>\n<\/strong><\/p>\n<ul class=\"bullet-list 1\">\n<li>De nombreuses situations et \u00e9motions : com\u00e9die, touchant, inspirant, curieux, esseul\u00e9, etc.<\/li>\n<li>Des monologues neutres qui peuvent \u00eatre jou\u00e9s tels quels ou adapt\u00e9s l\u00e9g\u00e8rement pour \u00eatre jou\u00e9 par un gar\u00e7on ou une fille.<\/li>\n<li>De belles progressions dramatiques et des chutes fortes qui offrent de belles possibilit\u00e9s de communication entre l&#8217;acteur et le public.<\/li>\n<li>Des sujets modernes et un langage contemporain que les jeunes d&#8217;aujourd&#8217;hui appr\u00e9cient.<\/li>\n<\/ul>\n<p><img decoding=\"async\" class=\"alignleft size-full wp-image-4880\" src=\"http:\/\/www.dramaction.qc.ca\/fr\/wp-content\/uploads\/2017\/01\/star.png\" alt=\"\" width=\"940\" height=\"23\" srcset=\"https:\/\/www.dramaction.qc.ca\/fr\/wp-content\/uploads\/2017\/01\/star.png 940w, https:\/\/www.dramaction.qc.ca\/fr\/wp-content\/uploads\/2017\/01\/star-500x12.png 500w, https:\/\/www.dramaction.qc.ca\/fr\/wp-content\/uploads\/2017\/01\/star-768x18.png 768w\" sizes=\"(max-width: 940px) 100vw, 940px\" \/><\/p>\n<p>&nbsp;<\/p>\n<p style=\"text-align: center;\"><a href=\"http:\/\/www.dramaction.qc.ca\/fr\/wp-content\/uploads\/2017\/03\/Monologues-fantaisistes-extrait.pdf\">T\u00c9L\u00c9CHARGEZ L&#8217;EXTRAIT DU LIVRE <\/a><\/p>\n<p><img decoding=\"async\" class=\"alignleft size-full wp-image-4880\" src=\"http:\/\/www.dramaction.qc.ca\/fr\/wp-content\/uploads\/2017\/01\/star.png\" alt=\"\" width=\"940\" height=\"23\" srcset=\"https:\/\/www.dramaction.qc.ca\/fr\/wp-content\/uploads\/2017\/01\/star.png 940w, https:\/\/www.dramaction.qc.ca\/fr\/wp-content\/uploads\/2017\/01\/star-500x12.png 500w, https:\/\/www.dramaction.qc.ca\/fr\/wp-content\/uploads\/2017\/01\/star-768x18.png 768w\" sizes=\"(max-width: 940px) 100vw, 940px\" \/><\/p>\n<p><strong><br \/>\nVoici quelques exemples de monologues<br \/>\n<\/strong><\/p>\n<h3><a name=\"_Toc1\"><\/a><a name=\"_Toc475806104\"><\/a>Pour les jeunes acteurs (enfants)<\/h3>\n<div class=\"feature-box feature-box-16 feature-box-align-center\">\n<div class=\"feature-box feature-box-16 feature-box-align-center\" style=\"width: 650px; margin-top: 25px; margin-bottom: 25px;\">\n<div class=\"feature-box-content cf\" style=\"font-size: 16px; font-family: Palatino, 'Palatino Linotype', serif; padding: 25px 35px 25px 35px;\">\n<p style=\"font-size: 16px; font-family: Palatino, 'Palatino Linotype', serif;\"><strong>FID\u00c9LIT\u00c9<\/strong><\/p>\n<p>Vous savez, les gens disent toujours, \u00ab fid\u00e8le comme un chien \u00bb, \u00ab il est aussi fid\u00e8le qu&#8217;un chien \u00bb, \u00ab tout aussi fid\u00e8le qu&#8217;un\u2026 \u00bb &#8211; \u00e7a me rend malade, je n&#8217;en peux plus ! Je veux dire, c&#8217;est d\u00e9j\u00e0 assez difficile d&#8217;\u00eatre un chien, sans avoir cette\u2026 cette attente par-dessus le march\u00e9. C&#8217;est injuste. Et ce n&#8217;est pas comme si tous les humains m\u00e9ritaient vraiment la fid\u00e9lit\u00e9.\u00a0 Oh que non ! Toute cette pression : vous ne voulez pas \u00eatre <em>le<\/em> chien qui va ruiner la r\u00e9putation de la race canine. Parce qu&#8217;apr\u00e8s avoir gaff\u00e9, on entend \u00ab mauvais chien \u00bb et \u00ab mon chien ne m\u2019aime pas \u00bb et \u00ab combien de fois il faudra te dire de ne pas manger mes chaussettes ? \u00bb Comme si tu n&#8217;avais pas un tiroir plein de chaussettes, Lucas. Et vous seriez surpris de constater \u00e0 quel point les humains peuvent tenir votre fid\u00e9lit\u00e9 pour acquis.\u00a0 Comme mon propri\u00e9taire, Lucas. Vous ne me croirez pas. L&#8217;autre jour, il a pris ma balle de tennis et l&#8217;a jet\u00e9 dans le coin le plus \u00e9loign\u00e9 de la cour. Je l&#8217;ai <em>regard\u00e9<\/em> faire et me suis dit : \u00ab Je ferais mieux d&#8217;aller la chercher. Plus tard, il voudra peut-\u00eatre la balle de tennis et il ne se souviendra pas o\u00f9 il l&#8217;a laiss\u00e9e.\u00a0\u00bb Alors j\u2019ai couru jusqu\u2019o\u00f9 elle \u00e9tait tomb\u00e9e et je la lui ai ramen\u00e9e.\u00a0 Est-ce que Lucas \u00e9tait reconnaissant ? M\u00eame pas. Il a pris la balle et l&#8217;a jet\u00e9e dans un autre coin de la cour.\u00a0 Je suis all\u00e9 la chercher encore.\u00a0 Ridicule. Cela a dur\u00e9 je ne sais combien de fois et il ne m&#8217;a m\u00eame pas dit merci et il ne m&#8217;a pas laiss\u00e9 l\u00e9cher la cr\u00e8me glac\u00e9e dans son bol. H\u00e9 le grand, tu n\u2019as jamais pens\u00e9 que la fid\u00e9lit\u00e9 fonctionne dans les deux sens ? Mais de toute fa\u00e7on, j&#8217;ai pu me venger plus tard.<\/p>\n<p><em>(Parlez vers Lucas que l&#8217;on ne voit pas.)<\/em><\/p>\n<p>H\u00e9 ! Lucas ! Va chercher ta chaussette, mon beau ! Va chercher ta chaussette !<\/p>\n<p><em>(Au public.)<\/em><\/p>\n<p>Il adore ce jeu.<\/p>\n<p><img decoding=\"async\" class=\"alignleft size-full wp-image-4880\" src=\"http:\/\/www.dramaction.qc.ca\/fr\/wp-content\/uploads\/2017\/01\/star.png\" alt=\"\" width=\"940\" height=\"23\" srcset=\"https:\/\/www.dramaction.qc.ca\/fr\/wp-content\/uploads\/2017\/01\/star.png 940w, https:\/\/www.dramaction.qc.ca\/fr\/wp-content\/uploads\/2017\/01\/star-500x12.png 500w, https:\/\/www.dramaction.qc.ca\/fr\/wp-content\/uploads\/2017\/01\/star-768x18.png 768w\" sizes=\"(max-width: 940px) 100vw, 940px\" \/><\/p>\n<\/div>\n<\/div>\n<h3 class=\"feature-box-content cf\"><a name=\"_Toc475806114\"><\/a><a name=\"_Toc11\"><\/a>Pour les plus vieux (adolescents)<\/h3>\n<\/div>\n<div class=\"feature-box feature-box-16 feature-box-align-center\">\n<div class=\"feature-box-content cf\">\n<div class=\"feature-box feature-box-16 feature-box-align-center\" style=\"width: 650px; margin-top: 25px; margin-bottom: 25px;\">\n<div class=\"feature-box-content cf\" style=\"font-size: 16px; font-family: Palatino, 'Palatino Linotype', serif; padding: 25px 35px 25px 35px;\">\n<p style=\"font-size: 16px; font-family: Palatino, 'Palatino Linotype', serif;\"><strong>BONJOUR SOLEIL<\/strong><\/p>\n<p><em>(Votre personnage est l&#8217;ancien Dieu romain Apollon, \u00e0 son rendez-vous hebdomadaire en psychoth\u00e9rapie.)<\/em><\/p>\n<p>Doc, je dois vous dire, cette d\u00e9pression est vraiment lourde pour moi.\u00a0 C&#8217;est qu&#8217;elle dure depuis si longtemps d\u00e9j\u00e0.\u00a0 Comme quoi &#8211; peut-\u00eatre sept cents ans, huit cents ? Mais je dois admettre que je m&#8217;ennuie du bon vieux temps o\u00f9 les gens croyaient encore en nous, les anciens Dieux. Moi, Jupiter, Neptune, Mercure &#8211; la vieille garde quoi! Je veux dire, pour l&#8217;amour de Zeus, je suis Apollon, le Dieu du Soleil. Chaque matin, quand le soleil se l\u00e8ve, c&#8217;est gr\u00e2ce \u00e0 <em>moi.<\/em> Je fais toujours <em>mon<\/em> travail et tout le monde s&#8217;en fout.\u00a0 \u00c0 une \u00e9poque, quelqu&#8217;un sacrifierait une ch\u00e8vre en disant : \u00ab\u00a0Voici pour vous, Dieu Soleil \u00bb. Je ne me souviens m\u00eame pas de la derni\u00e8re fois o\u00f9 quelqu&#8217;un m&#8217;a fait une pri\u00e8re.\u00a0 Juste une petite pri\u00e8re &#8211; c&#8217;est trop demander ? Et tous mes temples sont en ruine. Et ne me lancez pas sur le sujet des sacrifices d&#8217;animaux. Rien. Nada. S\u00e9rieusement &#8211; \u00e7a pourrait \u00eatre un poulet. Quelqu&#8217;un pourrait sacrifier un putois et je serais content. Pourquoi pas une coquerelle ? Juste pour montrer que quelqu&#8217;un se souvient. Juste pour dire, \u00ab Hey, merci pour la lumi\u00e8re du soleil. \u00bb Est-ce que c&#8217;est trop demander ? Mais non, presque deux mille ans et rien. Oh\u00a0! Et quand ils ont nomm\u00e9 les plan\u00e8tes, personne n&#8217;a pens\u00e9 \u00e0 en nommer une \u00e0 mon nom.\u00a0 M\u00eame le <em>Soleil<\/em> ne porte pas mon nom.\u00a0 \u00c7a, c&#8217;est d\u00e9primant.\u00a0 Et Doc, ces pilules que vous m&#8217;avez donn\u00e9es la semaine derni\u00e8re ? Pour tout ce qu&#8217;elles font, vous auriez pu me prescrire des Smarties. Je me sens pire maintenant qu&#8217;au moment o\u00f9 vous me les avez prescrites. Et je vais vous dire autre chose.<\/p>\n<p><em>(Votre m\u00e9decin invisible vous interrompt.)<\/em><\/p>\n<p>Quoi ? L&#8217;heure est d\u00e9j\u00e0 finie ? Vous voulez rire ?<\/p>\n<p><em>(Le m\u00e9decin invisible dit quelque chose d&#8217;autre.)<\/em><\/p>\n<p>Qu&#8217;est-ce que \u00e7a peut me faire si Athena attend\u2009? Vous savez quoi ? Bien. Je vais juste retourner dans une pi\u00e8ce sombre, seul, pour ruminer ma peine.<\/p>\n<p><em>(Se lever.)<\/em><\/p>\n<p>Comme si quelqu&#8217;un s&#8217;en souciait. M\u00eame heure la semaine prochaine ?<\/p>\n<p><em>(Amorcez votre sortie.)<\/em><\/p>\n<p>Bien. On se voit la semaine prochaine.<\/p>\n<p><em>(Sortez.)<\/em><\/p>\n<\/div>\n<\/div>\n<p><img decoding=\"async\" class=\"alignleft size-full wp-image-4880\" src=\"http:\/\/www.dramaction.qc.ca\/fr\/wp-content\/uploads\/2017\/01\/star.png\" alt=\"\" width=\"940\" height=\"23\" srcset=\"https:\/\/www.dramaction.qc.ca\/fr\/wp-content\/uploads\/2017\/01\/star.png 940w, https:\/\/www.dramaction.qc.ca\/fr\/wp-content\/uploads\/2017\/01\/star-500x12.png 500w, https:\/\/www.dramaction.qc.ca\/fr\/wp-content\/uploads\/2017\/01\/star-768x18.png 768w\" sizes=\"(max-width: 940px) 100vw, 940px\" \/><\/p>\n<\/div>\n<\/div>\n<div class=\"guarantee-box-4 guarantee-box-4-silver \">\n<div class=\"guarantee-box-4-internal\">\n<div class=\"guarantee-content\"><\/div>\n<div class=\"guarantee-content\"><\/div>\n<div class=\"guarantee-content\">64 pages<span style=\"font-size: 16px; line-height: 1.1em;\"><span style=\"color: #ffffff;\">.<\/span><br \/>\n<\/span><\/div>\n<\/div>\n<\/div>\n<p>&nbsp;<\/p>\n<p>&nbsp;<\/p>\n","protected":false},"excerpt":{"rendered":"<p><strong>52 nouveaux monologues de qualit\u00e9 pour les enfants et les adolescents !<br \/>\n<\/strong><\/p>\n<div class=\"feature-box feature-box-15 feature-box-align-center\">\n<div class=\"feature-box-content cf\">\n<p><strong>Par l&#8217;auteur de <a href=\"http:\/\/www.dramaction.qc.ca\/fr\/produit\/monologues-contemporains-pour-jeunes-acteurs\/\"><em>Monologues contemporains pour jeunes acteurs<\/em><\/a> !<\/strong><\/p>\n<p>Suite au succ\u00e8s incroyable du livre \u00e9lectronique <em>Monologues contemporains pour jeunes acteurs<\/em>, l&#8217;auteur prim\u00e9 new-yorkais Douglas M. Parker a cr\u00e9\u00e9 un nouveau volume de monologues in\u00e9dits qui offrent aux jeunes acteurs la possibilit\u00e9 d&#8217;explorer une belle vari\u00e9t\u00e9 de personnages, d&#8217;\u00e9motions et de situations.<\/p>\n<p><strong><em>Monologues fantaisistes pour jeunes acteurs<\/em><\/strong>, c&#8217;est 52 monologues amusants, accessibles et inventifs qui feront plonger vos \u00e9l\u00e8ves dans une cr\u00e9ativit\u00e9 nouvelle. Chaque monologue est \u00e9crit dans un fran\u00e7ais contemporain, ce qui les rend accessibles. Cr\u00e9\u00e9 sp\u00e9cifiquement pour les acteurs de 7 \u00e0 14 ans, pour les enseignants, les metteurs en sc\u00e8ne et les coachs de jeu.<\/p>\n<\/div>\n<\/div>\n<div class=\"feature-box feature-box-6 feature-box-align-center\">\n<div class=\"feature-box-content cf\">\n<p class=\"p1\"><span class=\"s1\">(<a href=\"#_Toc1\">D\u00e9couvrez plus bas des extraits GRATUITS du livre \u00e9lectronique !<\/a>)<\/span><\/p>\n<\/div>\n<\/div>\n","protected":false},"featured_media":5102,"comment_status":"open","ping_status":"closed","template":"","meta":[],"product_brand":[],"product_cat":[275,276,150,238,177],"product_tag":[],"class_list":{"0":"post-5070","1":"product","2":"type-product","3":"status-publish","4":"has-post-thumbnail","6":"product_cat-auteurs-americains-traduits","7":"product_cat-douglas-m-parker","8":"product_cat-exercices-et-ressources","9":"product_cat-monologues","10":"product_cat-pieces-de-theatre","11":"wcpv_product_vendors-denver","13":"first","14":"instock","15":"featured","16":"downloadable","17":"sold-individually","18":"shipping-taxable","19":"purchasable","20":"product-type-simple"},"jetpack_sharing_enabled":true,"_links":{"self":[{"href":"https:\/\/www.dramaction.qc.ca\/fr\/wp-json\/wp\/v2\/product\/5070","targetHints":{"allow":["GET"]}}],"collection":[{"href":"https:\/\/www.dramaction.qc.ca\/fr\/wp-json\/wp\/v2\/product"}],"about":[{"href":"https:\/\/www.dramaction.qc.ca\/fr\/wp-json\/wp\/v2\/types\/product"}],"replies":[{"embeddable":true,"href":"https:\/\/www.dramaction.qc.ca\/fr\/wp-json\/wp\/v2\/comments?post=5070"}],"wp:featuredmedia":[{"embeddable":true,"href":"https:\/\/www.dramaction.qc.ca\/fr\/wp-json\/wp\/v2\/media\/5102"}],"wp:attachment":[{"href":"https:\/\/www.dramaction.qc.ca\/fr\/wp-json\/wp\/v2\/media?parent=5070"}],"wp:term":[{"taxonomy":"product_brand","embeddable":true,"href":"https:\/\/www.dramaction.qc.ca\/fr\/wp-json\/wp\/v2\/product_brand?post=5070"},{"taxonomy":"product_cat","embeddable":true,"href":"https:\/\/www.dramaction.qc.ca\/fr\/wp-json\/wp\/v2\/product_cat?post=5070"},{"taxonomy":"product_tag","embeddable":true,"href":"https:\/\/www.dramaction.qc.ca\/fr\/wp-json\/wp\/v2\/product_tag?post=5070"}],"curies":[{"name":"wp","href":"https:\/\/api.w.org\/{rel}","templated":true}]}}