{"id":5068,"date":"2017-04-07T11:15:00","date_gmt":"2017-04-07T15:15:00","guid":{"rendered":"http:\/\/www.dramaction.qc.ca\/fr\/?post_type=product&#038;p=5068"},"modified":"2017-04-25T08:07:59","modified_gmt":"2017-04-25T12:07:59","slug":"lultime-generateur-de-cartes-dimprovisation-pc","status":"publish","type":"product","link":"https:\/\/www.dramaction.qc.ca\/fr\/produit\/lultime-generateur-de-cartes-dimprovisation-pc\/","title":{"rendered":"Logiciel de cartes d&#8217;improvisation (PC)"},"content":{"rendered":"<blockquote><p>En collaboration avec Steve Gagn\u00e9, un jeune programmeur Java, Dramaction propose l&#8217;outil le plus <strong>puissant<\/strong>, le plus <strong>flexible<\/strong> et le plus <strong>intelligent<\/strong> en mati\u00e8re de g\u00e9n\u00e9rateur de cartes d&#8217;improvisation.<\/p><\/blockquote>\n<h2>Ah ! les g\u00e9n\u00e9rateurs&#8230;<\/h2>\n<p>+ Ce qu&#8217;on aime des g\u00e9n\u00e9rateurs, c&#8217;est de trouver rapidement de l&#8217;inspiration tout en sortant de notre zone de confort.<\/p>\n<p>&#8211; Ce qu&#8217;on aime moins des g\u00e9n\u00e9rateurs, c&#8217;est qu&#8217;ils ne permettent pas toujours les corrections mineures si importantes au &#8220;pacing&#8221; de votre match.<\/p>\n<p>Les g\u00e9n\u00e9rateurs sont des outils pratiques : Ils acc\u00e9l\u00e8rent la cr\u00e9ation de cartes d&#8217;improvisation tout en pr\u00e9sentant des th\u00e8mes originaux \u00e9prouv\u00e9s par des d\u00e9cennies de compilation de th\u00e8mes.\u00a0 Certains les boudent, mais honn\u00eatement&#8230; avec cet outil&#8230; c&#8217;est du pass\u00e9 !<\/p>\n<h2>Puissance et flexibilit\u00e9 in\u00e9gal\u00e9e !<\/h2>\n<p>Nous voulions donc aller plus loin que l&#8217;outil populaire de Dramaction&#8230; \u00c9tant enseignant et improvisateur, nous avons pass\u00e9 quelques mois \u00e0 compiler l&#8217;outil qui, \u00e0 nos yeux,<strong> surpasserait tout<\/strong> ce qui est disponible sur Internet !<\/p>\n<p>Que diriez-vous de :<\/p>\n<ul>\n<li>choisir au pr\u00e9alable le pourcentage d&#8217;improvisation libres, mixtes, le format d&#8217;exportation et &#8230;&#8230;<\/li>\n<li>g\u00e9n\u00e9rer des cartes d&#8217;improvisation al\u00e9atoires claires avec des explications pour les cat\u00e9gories;<\/li>\n<li>d&#8217;avoir la possibilit\u00e9 de faire du &#8220;fine tuning&#8221; sur chaque carte directement dans le logiciel;<\/li>\n<li>d&#8217;ajouter et de garder en note les cartes que vous jugez parfaites;<\/li>\n<li>d&#8217;utiliser les gabarits de Dramaction pour vos cartes en format xlsx ou docx ou tout simplement en .txt;<\/li>\n<li>d&#8217;avoir encore la possibilit\u00e9 de changer les derniers d\u00e9tails avant d&#8217;imprimer.<\/li>\n<\/ul>\n<p>Merci \u00e0 Steve Gagn\u00e9 pour la cr\u00e9ation de cet outil extraordinaire !<\/p>\n<h2>Manuel d&#8217;instructions<\/h2>\n<p>T\u00e9l\u00e9chargement et extraction du ZIP<\/p>\n<ul>\n<li>T\u00e9l\u00e9chargez le fichier Generateur.zip.<\/li>\n<li>Extraire le fichier \u00e0 l&#8217;emplacement de votre choix (Bureau, mes documents ou autre) avec votre logiciel d&#8217;extraction favori.<\/li>\n<\/ul>\n<p>Logiciel \u00e0 installer<\/p>\n<p>Le logiciel est \u00e9crit en JAVA, si vous n&#8217;avez pas le logiciel install\u00e9 dans votre ordinateur, il ne fonctionnera pas.<br \/>\nSi vous avez besoin de l&#8217;installer, suivez ce lien : <a href=\"https:\/\/www.java.com\/fr\/download\/\" target=\"_blank\" rel=\"noopener noreferrer\">https:\/\/www.java.com\/fr\/download\/<\/a><\/p>\n<p>1. FICHIERS<\/p>\n<p><strong>Vous avez maintenant un dossier contenant :<\/strong><\/p>\n<ol>\n<li>le logiciel (ic\u00f4ne Dramaction \u00abGenerateur\u00bb)<\/li>\n<li>Un fichier alternatif de d\u00e9marrage du logiciel (Generateur : version JAR)<\/li>\n<li>Un dossier o\u00f9 les s\u00e9rie de th\u00e8me s&#8217;\u00e9criront \u00abFeuilles pour imprimer\u00bb. Vous pourrez acc\u00e9der \u00e0 chaque match cr\u00e9\u00e9 dans ce dossier.<\/li>\n<li>Le dossier \u00ab Fichiers \u00bb contenant diff\u00e9rents fichiers \u00e0 modifier si besoin.\n<ol>\n<li>CAT\u00c9GORIE (pour modifier, ajouter ou enlever des cat\u00e9gories)<\/li>\n<li>NOMBRE DE JOUEURS (pour modifier, ajouter ou enlever des nombres de joueurs)<\/li>\n<li>TEMPS\u00a0 (pour modifier, ajouter ou enlever des propositions de temps)<\/li>\n<li>TH\u00c8MES (pour modifier, ajouter ou enlever des th\u00e8mes)<\/li>\n<li>On y trouve \u00e9galement des fichiers li\u00e9s au g\u00e9n\u00e9rateur.\u00a0 En principe, vous ne devriez pas les modifier.<\/li>\n<\/ol>\n<\/li>\n<\/ol>\n<p><img decoding=\"async\" class=\"size-full wp-image-5323 aligncenter\" src=\"http:\/\/www.dramaction.qc.ca\/fr\/wp-content\/uploads\/2017\/04\/Capture-d\u00e9cran-2017-04-25-07.40.26.png\" alt=\"\" width=\"642\" height=\"234\" srcset=\"https:\/\/www.dramaction.qc.ca\/fr\/wp-content\/uploads\/2017\/04\/Capture-d\u00e9cran-2017-04-25-07.40.26.png 642w, https:\/\/www.dramaction.qc.ca\/fr\/wp-content\/uploads\/2017\/04\/Capture-d\u00e9cran-2017-04-25-07.40.26-500x182.png 500w, https:\/\/www.dramaction.qc.ca\/fr\/wp-content\/uploads\/2017\/04\/Capture-d\u00e9cran-2017-04-25-07.40.26-768x279.png 768w\" sizes=\"(max-width: 642px) 100vw, 642px\" \/><\/p>\n<p>2. UTILISATION<\/p>\n<p><strong>Ouvrir le programme<\/strong><\/p>\n<p>Cliquez sut le fichier G\u00c9N\u00c9RATEUR (ic\u00f4ne Dramaction)<\/p>\n<p>Dans certains contextes, votre ordinateur peut se \u00ab m\u00e9fier \u00bb du logiciel et l&#8217;interdire.\u00a0 Vous pouvez donc utiliser sans probl\u00e8me le lien d&#8217;urgence qui fonctionne tout aussi bien (G\u00c9N\u00c9RATEUR &#8211; fichier JAR)<\/p>\n<p><strong>Utiliser le programme<\/strong><\/p>\n<p>FEN\u00caTRE DE PARAM\u00c8TRES<\/p>\n<p>Dans cette fen\u00eatre, vous pourrez d\u00e9cider du pourcentage d&#8217;improvisation mixtes, de libres, d&#8217;impro aux joueurs illimit\u00e9s ainsi que le type de fichier de sortie (.txt, .doc ou .xls)<\/p>\n<p>Le logiciel fera des suggestions en prenant compte ces param\u00e8tres tout au long des choix propos\u00e9s.<\/p>\n<p><img decoding=\"async\" class=\"size-full wp-image-5325 aligncenter\" src=\"http:\/\/www.dramaction.qc.ca\/fr\/wp-content\/uploads\/2017\/04\/Capture-d\u00e9cran-2017-04-25-07.40.44.png\" alt=\"\" width=\"340\" height=\"216\" srcset=\"https:\/\/www.dramaction.qc.ca\/fr\/wp-content\/uploads\/2017\/04\/Capture-d\u00e9cran-2017-04-25-07.40.44.png 340w, https:\/\/www.dramaction.qc.ca\/fr\/wp-content\/uploads\/2017\/04\/Capture-d\u00e9cran-2017-04-25-07.40.44-500x317.png 500w, https:\/\/www.dramaction.qc.ca\/fr\/wp-content\/uploads\/2017\/04\/Capture-d\u00e9cran-2017-04-25-07.40.44-768x487.png 768w\" sizes=\"(max-width: 340px) 100vw, 340px\" \/><\/p>\n<p>G\u00c9N\u00c9RATEUR DE CARTES AL\u00c9ATOIRES<\/p>\n<p>C&#8217;est dans cette fen\u00eatre que la magie op\u00e8re.<\/p>\n<p>On proposera une carte d&#8217;improvisation compl\u00e8te.\u00a0 Si vous l&#8217;aimez telle quelle, cliquez AJOUTER, sinon sur SUIVANT.<\/p>\n<p><img decoding=\"async\" class=\"alignnone size-full wp-image-5329 aligncenter\" src=\"http:\/\/www.dramaction.qc.ca\/fr\/wp-content\/uploads\/2017\/04\/Capture-d\u00e9cran-2017-04-25-07.41.13.png\" alt=\"\" width=\"634\" height=\"369\" srcset=\"https:\/\/www.dramaction.qc.ca\/fr\/wp-content\/uploads\/2017\/04\/Capture-d\u00e9cran-2017-04-25-07.41.13.png 634w, https:\/\/www.dramaction.qc.ca\/fr\/wp-content\/uploads\/2017\/04\/Capture-d\u00e9cran-2017-04-25-07.41.13-500x291.png 500w, https:\/\/www.dramaction.qc.ca\/fr\/wp-content\/uploads\/2017\/04\/Capture-d\u00e9cran-2017-04-25-07.41.13-768x446.png 768w\" sizes=\"(max-width: 634px) 100vw, 634px\" \/><\/p>\n<p>Il est possible de modifier les propositions.\u00a0 Par exemple, si vous trouvez la carte parfaite mais que vous voulez changer la dur\u00e9e, faites tout simplement le changement puis cliquez AJOUTER.<\/p>\n<p>Si vous ne connaissez pas une cat\u00e9gorie en particulier, cliquez sur le \u00ab ? \u00bb.\u00a0 Une fen\u00eatre s&#8217;ouvrira avec la description de cette cat\u00e9gorie.<\/p>\n<p><img decoding=\"async\" class=\"alignnone size-full wp-image-5327 aligncenter\" src=\"http:\/\/www.dramaction.qc.ca\/fr\/wp-content\/uploads\/2017\/04\/Capture-d\u00e9cran-2017-04-25-07.40.58.png\" alt=\"\" width=\"628\" height=\"370\" srcset=\"https:\/\/www.dramaction.qc.ca\/fr\/wp-content\/uploads\/2017\/04\/Capture-d\u00e9cran-2017-04-25-07.40.58.png 628w, https:\/\/www.dramaction.qc.ca\/fr\/wp-content\/uploads\/2017\/04\/Capture-d\u00e9cran-2017-04-25-07.40.58-500x294.png 500w, https:\/\/www.dramaction.qc.ca\/fr\/wp-content\/uploads\/2017\/04\/Capture-d\u00e9cran-2017-04-25-07.40.58-768x452.png 768w\" sizes=\"(max-width: 628px) 100vw, 628px\" \/><\/p>\n<p>Une fois termin\u00e9, cliquez sur TERMINER.<\/p>\n<p>Le logiciel vous ouvrira l&#8217;emplacement du fichier cr\u00e9\u00e9 (en principe, c&#8217;est le dernier.\u00a0 Ouvrez et imprimez !<\/p>\n<p><img decoding=\"async\" class=\"size-full wp-image-5330 aligncenter\" src=\"http:\/\/www.dramaction.qc.ca\/fr\/wp-content\/uploads\/2017\/04\/Capture-d\u00e9cran-2017-04-25-07.41.20.png\" alt=\"\" width=\"659\" height=\"367\" srcset=\"https:\/\/www.dramaction.qc.ca\/fr\/wp-content\/uploads\/2017\/04\/Capture-d\u00e9cran-2017-04-25-07.41.20.png 659w, https:\/\/www.dramaction.qc.ca\/fr\/wp-content\/uploads\/2017\/04\/Capture-d\u00e9cran-2017-04-25-07.41.20-500x278.png 500w, https:\/\/www.dramaction.qc.ca\/fr\/wp-content\/uploads\/2017\/04\/Capture-d\u00e9cran-2017-04-25-07.41.20-768x427.png 768w\" sizes=\"(max-width: 659px) 100vw, 659px\" \/><\/p>\n<p>MODIFIER DES FICHIERS<\/p>\n<p>Afin de garder un contr\u00f4le total sur les possibilit\u00e9s du logiciel, nous avons \u00ab ouvert \u00bb tous les fichiers de votre g\u00e9n\u00e9rateur \u00e0 la personnalisation.<\/p>\n<p>Il est possible d&#8217;ajouter, de supprimer et de modifier les \u00e9l\u00e9ments des TH\u00c8MES, des DUR\u00c9ES et des CAT\u00c9GORIES et du NOMBRE DE JOUEURS.<\/p>\n<p>Pour le faire, ouvrez un fichier texte et amusez-vous !<\/p>\n<p>ATTENTION : pour modifier les cat\u00e9gories, vous devez utiliser cette m\u00e9thode : Annoncez la cat\u00e9gorie du th\u00e8me (Alphabet par exemple) faites une tabulation (TAB sur votre clavier), tapez la description de la cat\u00e9gorie puis faites ENTER.\u00a0 De cette mani\u00e8re, le logiciel comprendra qu&#8217;il y a une diff\u00e9rence entre le nom de la cat\u00e9gorie et la description de la cat\u00e9gorie.<\/p>\n<p><img decoding=\"async\" class=\"alignnone size-full wp-image-5334\" src=\"http:\/\/www.dramaction.qc.ca\/fr\/wp-content\/uploads\/2017\/04\/Capture-d\u00e9cran-2017-04-25-07.51.20.png\" alt=\"\" width=\"880\" height=\"554\" srcset=\"https:\/\/www.dramaction.qc.ca\/fr\/wp-content\/uploads\/2017\/04\/Capture-d\u00e9cran-2017-04-25-07.51.20.png 880w, https:\/\/www.dramaction.qc.ca\/fr\/wp-content\/uploads\/2017\/04\/Capture-d\u00e9cran-2017-04-25-07.51.20-500x314.png 500w, https:\/\/www.dramaction.qc.ca\/fr\/wp-content\/uploads\/2017\/04\/Capture-d\u00e9cran-2017-04-25-07.51.20-768x483.png 768w\" sizes=\"(max-width: 880px) 100vw, 880px\" \/> <img decoding=\"async\" class=\"alignnone size-full wp-image-5335\" src=\"http:\/\/www.dramaction.qc.ca\/fr\/wp-content\/uploads\/2017\/04\/Capture-d\u00e9cran-2017-04-25-07.51.26.png\" alt=\"\" width=\"499\" height=\"411\" srcset=\"https:\/\/www.dramaction.qc.ca\/fr\/wp-content\/uploads\/2017\/04\/Capture-d\u00e9cran-2017-04-25-07.51.26.png 499w, https:\/\/www.dramaction.qc.ca\/fr\/wp-content\/uploads\/2017\/04\/Capture-d\u00e9cran-2017-04-25-07.51.26-500x411.png 500w, https:\/\/www.dramaction.qc.ca\/fr\/wp-content\/uploads\/2017\/04\/Capture-d\u00e9cran-2017-04-25-07.51.26-768x632.png 768w\" sizes=\"(max-width: 499px) 100vw, 499px\" \/><\/p>\n<p><img decoding=\"async\" class=\"alignnone size-full wp-image-5336\" src=\"http:\/\/www.dramaction.qc.ca\/fr\/wp-content\/uploads\/2017\/04\/Capture-d\u00e9cran-2017-04-25-07.51.38.png\" alt=\"\" width=\"554\" height=\"507\" srcset=\"https:\/\/www.dramaction.qc.ca\/fr\/wp-content\/uploads\/2017\/04\/Capture-d\u00e9cran-2017-04-25-07.51.38.png 554w, https:\/\/www.dramaction.qc.ca\/fr\/wp-content\/uploads\/2017\/04\/Capture-d\u00e9cran-2017-04-25-07.51.38-500x457.png 500w, https:\/\/www.dramaction.qc.ca\/fr\/wp-content\/uploads\/2017\/04\/Capture-d\u00e9cran-2017-04-25-07.51.38-768x702.png 768w\" sizes=\"(max-width: 554px) 100vw, 554px\" \/><\/p>\n<p>&nbsp;<\/p>\n<p>&nbsp;<\/p>\n","protected":false},"excerpt":{"rendered":"<h2>Ah ! les g\u00e9n\u00e9rateurs&#8230;<\/h2>\n<p>+ Ce qu&#8217;on aime des g\u00e9n\u00e9rateurs, c&#8217;est de trouver rapidement de l&#8217;inspiration tout en sortant de notre zone de confort.<\/p>\n<p>&#8211; Ce qu&#8217;on aime moins des g\u00e9n\u00e9rateurs, c&#8217;est qu&#8217;ils ne permettent pas toujours les corrections mineures si importantes au &#8220;pacing&#8221; de votre match.<\/p>\n<p>Les g\u00e9n\u00e9rateurs sont des outils pratiques : Ils acc\u00e9l\u00e8rent la cr\u00e9ation de cartes d&#8217;improvisation tout en pr\u00e9sentant des th\u00e8mes originaux \u00e9prouv\u00e9s par des d\u00e9cennies de compilation de th\u00e8mes.\u00a0 Certains les boudent, mais honn\u00eatement&#8230; avec cet outil&#8230; c&#8217;est du pass\u00e9 !<\/p>\n","protected":false},"featured_media":5338,"comment_status":"open","ping_status":"closed","template":"","meta":[],"product_brand":[],"product_cat":[150],"product_tag":[],"class_list":{"0":"post-5068","1":"product","2":"type-product","3":"status-publish","4":"has-post-thumbnail","6":"product_cat-exercices-et-ressources","7":"wcpv_product_vendors-steve-gagne","9":"first","10":"instock","11":"downloadable","12":"shipping-taxable","13":"purchasable","14":"product-type-simple"},"jetpack_sharing_enabled":true,"_links":{"self":[{"href":"https:\/\/www.dramaction.qc.ca\/fr\/wp-json\/wp\/v2\/product\/5068","targetHints":{"allow":["GET"]}}],"collection":[{"href":"https:\/\/www.dramaction.qc.ca\/fr\/wp-json\/wp\/v2\/product"}],"about":[{"href":"https:\/\/www.dramaction.qc.ca\/fr\/wp-json\/wp\/v2\/types\/product"}],"replies":[{"embeddable":true,"href":"https:\/\/www.dramaction.qc.ca\/fr\/wp-json\/wp\/v2\/comments?post=5068"}],"wp:featuredmedia":[{"embeddable":true,"href":"https:\/\/www.dramaction.qc.ca\/fr\/wp-json\/wp\/v2\/media\/5338"}],"wp:attachment":[{"href":"https:\/\/www.dramaction.qc.ca\/fr\/wp-json\/wp\/v2\/media?parent=5068"}],"wp:term":[{"taxonomy":"product_brand","embeddable":true,"href":"https:\/\/www.dramaction.qc.ca\/fr\/wp-json\/wp\/v2\/product_brand?post=5068"},{"taxonomy":"product_cat","embeddable":true,"href":"https:\/\/www.dramaction.qc.ca\/fr\/wp-json\/wp\/v2\/product_cat?post=5068"},{"taxonomy":"product_tag","embeddable":true,"href":"https:\/\/www.dramaction.qc.ca\/fr\/wp-json\/wp\/v2\/product_tag?post=5068"}],"curies":[{"name":"wp","href":"https:\/\/api.w.org\/{rel}","templated":true}]}}