{"id":5026,"date":"2016-02-10T20:34:47","date_gmt":"2016-02-11T01:34:47","guid":{"rendered":"http:\/\/www.dramaction.qc.ca\/fr\/?post_type=product&#038;p=5026"},"modified":"2017-09-01T19:54:45","modified_gmt":"2017-09-01T23:54:45","slug":"charges","status":"publish","type":"product","link":"https:\/\/www.dramaction.qc.ca\/fr\/produit\/charges\/","title":{"rendered":"Charges"},"content":{"rendered":"<p><strong>Pi\u00e8ce <\/strong><strong>pour 18 ans et plus<br \/>\n<\/strong><\/p>\n<p>6 personnages (3H, 3F)<\/p>\n<hr \/>\n<p><img decoding=\"async\" class=\"alignleft size-thumbnail wp-image-5027\" src=\"http:\/\/www.dramaction.qc.ca\/fr\/wp-content\/uploads\/2017\/02\/10631085_1188218851192492_4212474313011496534_o-150x150.jpg\" alt=\"\" width=\"150\" height=\"150\" srcset=\"https:\/\/www.dramaction.qc.ca\/fr\/wp-content\/uploads\/2017\/02\/10631085_1188218851192492_4212474313011496534_o-150x150.jpg 150w, https:\/\/www.dramaction.qc.ca\/fr\/wp-content\/uploads\/2017\/02\/10631085_1188218851192492_4212474313011496534_o-200x200.jpg 200w, https:\/\/www.dramaction.qc.ca\/fr\/wp-content\/uploads\/2017\/02\/10631085_1188218851192492_4212474313011496534_o-100x100.jpg 100w, https:\/\/www.dramaction.qc.ca\/fr\/wp-content\/uploads\/2017\/02\/10631085_1188218851192492_4212474313011496534_o-500x499.jpg 500w, https:\/\/www.dramaction.qc.ca\/fr\/wp-content\/uploads\/2017\/02\/10631085_1188218851192492_4212474313011496534_o-300x300.jpg 300w, https:\/\/www.dramaction.qc.ca\/fr\/wp-content\/uploads\/2017\/02\/10631085_1188218851192492_4212474313011496534_o-768x766.jpg 768w, https:\/\/www.dramaction.qc.ca\/fr\/wp-content\/uploads\/2017\/02\/10631085_1188218851192492_4212474313011496534_o-1024x1024.jpg 1024w, https:\/\/www.dramaction.qc.ca\/fr\/wp-content\/uploads\/2017\/02\/10631085_1188218851192492_4212474313011496534_o.jpg 2048w\" sizes=\"(max-width: 150px) 100vw, 150px\" \/><strong>Auteur<\/strong> : Deak Szilvia<\/p>\n<p>Szilvia De\u00e1k est n\u00e9e le 17 janvier 1972 \u00e0 V\u00e1s\u00e1rosnam\u00e9ny dans l&#8217;Est de la Hongrie. Issue d&#8217; une famille nombreuse, elle a grandi dans un petit village, \u00e0 Hetefej\u00e9rcse. Licenci\u00e9e en Lettres (fran\u00e7ais et russe). En 2007, une petite nouvelle intitul\u00e9e Le Cerf-volant a \u00e9t\u00e9 publi\u00e9e dans le magazine Muse.<\/p>\n<p>Prim\u00e9e au Concours de po\u00e9sie organis\u00e9 par la Coterie Po\u00e9tique de Chinon avec le po\u00e8me Men\u00e9e en bateau. Nullepartout est son premier recueil de po\u00e8mes et de nouvelles publi\u00e9 en 2008 chez \u00c9dilivre, Paris.Depuis 2000, Szilvia vit et travaille \u00e0 Budapest. Elle est passion\u00e9e \u00e9galement par la photographie, la peinture et la musique.<\/p>\n<p>Elle a publi\u00e9 ses po\u00e8mes sur le site litt\u00e9raire Levure litt\u00e9raire<\/p>\n<p>n\u00b02 et dans la Revue Cabaret # 11, automne 2014. Romanticomodern, son recueil de po\u00e9sie bilingue a \u00e9t\u00e9 publi\u00e9 par CreateSpace Independent Publishing Platform en 2015.<\/p>\n<p>\u00ab Charges \u00bb est sa premi\u00e8re pi\u00e8ce de th\u00e9\u00e2tre courte, \u00e9dit\u00e9e par CreateSpace.<\/p>\n<p>Elle a particip\u00e9 au festival J\u00f3zsef Attila Vers-Dal fesztiv\u00e1l 2016.<\/p>\n<p>Szilvia De\u00e1k a \u00e9galement particip\u00e9 au festival multidisciplinaire Reflexi\u00f3k organis\u00e9 par Lucien Herv\u00e9 Kamera Klub. Sa nouvelle &#8220;A fotog\u00e9n id\u0151 (Le temps fotog\u00e9nique)&#8221; a \u00e9t\u00e9 publi\u00e9e dans le magazine litt\u00e9raire Kislant n\u00b0 117. Prim\u00e9e au festival multidisciplinaire, Momo&#8217;s Private Budapest 2017 avec sa nouvelle &#8220;A franciakr\u00e9mes&#8221;. Sa nouvelle &#8220;Peau de serpent&#8221; a \u00e9t\u00e9 publi\u00e9e dans la revue Microbe 99.<\/p>\n<p><strong>Nombre de personnages<\/strong> : 6 personnages (3H, 3F)<br \/>\n<strong>Niveau de langue<\/strong> : Fran\u00e7ais international<br \/>\n<strong>Dur\u00e9e<\/strong> : 45 minutes<br \/>\n<strong>Nombre de pages<\/strong> : 29<\/p>\n<p><strong>R\u00e9sum\u00e9 de la pi\u00e8ce :<\/strong><\/p>\n<p>\u00ab Charges \u00bb est une pi\u00e8ce courte qui brosse un fragment de vie de deux jeunes femmes charg\u00e9es de r\u00eaves \u00e0 Budapest. Szilvia De\u00e1k, hongroise, aborde le sujet de la pr\u00e9carit\u00e9 et celui de la difficult\u00e9 de se loger dans une capitale europ\u00e9enne.<\/p>\n<p>&nbsp;<\/p>\n<p><strong>Extrait disponibles<\/strong> : <a href=\"http:\/\/www.dramaction.qc.ca\/fr\/wp-content\/uploads\/2017\/02\/extrait-Charges.pdf\">Extrait de la pi\u00e8ce &#8220;Charges&#8221;<\/a><\/p>\n<p><strong>\u00a0Vous montez ce spectacle ?<\/strong><\/p>\n<p>Acheter le texte ne vous donne pas les droits de repr\u00e9senter devant public.\u00a0 Il vous permets de travailler les textes en classe avec vos \u00e9l\u00e8ves.<\/p>\n<p><strong>Notez que les \u00e9coles du Qu\u00e9bec\u00a0b\u00e9n\u00e9ficient d&#8217;une entente entre la SOQAD (La Soci\u00e9t\u00e9 qu\u00e9b\u00e9coise des auteurs dramatiques) et le MEES (Minist\u00e8re de l\u2019\u00c9ducation et de l\u2019Enseignement sup\u00e9rieur) qui d\u00e9fraie les droits de repr\u00e9sentation en milieu scolaire.\u00a0\u00a0Mais pour que l\u2019auteur re\u00e7oive ses droits, il faut alors remplir un formulaire sur le\u00a0<a href=\"http:\/\/www.aqad.qc.ca\/utilisateur\/ecole-primaires-secondaires\/declaration-de-representation\">http:\/\/www.aqad.qc.ca\/utilisateur\/ecole-primaires-secondaires\/declaration-de-representation<\/a><\/strong><\/p>\n","protected":false},"excerpt":{"rendered":"<div>\n<p>Le r\u00e9sum\u00e9, l\u2019extrait et les d\u00e9tails de cette pi\u00e8ce se trouvent un peu plus bas dans la page.<\/p>\n<p><strong>Notez que les \u00e9coles du Qu\u00e9bec\u00a0b\u00e9n\u00e9ficient d&#8217;une entente entre la SOQAD (La Soci\u00e9t\u00e9 qu\u00e9b\u00e9coise des auteurs dramatiques) et le MEES (Minist\u00e8re de l\u2019\u00c9ducation et de l\u2019Enseignement sup\u00e9rieur) qui d\u00e9fraie les droits de repr\u00e9sentation en milieu scolaire.\u00a0\u00a0Mais pour que l\u2019auteur re\u00e7oive ses droits, il faut alors remplir un formulaire sur le\u00a0<a href=\"http:\/\/www.aqad.qc.ca\/utilisateur\/ecole-primaires-secondaires\/declaration-de-representation\">http:\/\/www.aqad.qc.ca\/utilisateur\/ecole-primaires-secondaires\/declaration-de-representation<\/a><\/strong><br \/>\n(vous pourrez payer plus tard ces droits sans probl\u00e8me)<\/p>\n<\/div>\n","protected":false},"featured_media":5029,"comment_status":"open","ping_status":"closed","template":"","meta":[],"product_brand":[],"product_cat":[240,186,239,177],"product_tag":[],"class_list":{"0":"post-5026","1":"product","2":"type-product","3":"status-publish","4":"has-post-thumbnail","6":"product_cat-18-ans-et","7":"product_cat-auteurs-europeens","8":"product_cat-deak-szilvia","9":"product_cat-pieces-de-theatre","10":"wcpv_product_vendors-szilvia-deak","12":"first","13":"instock","14":"downloadable","15":"shipping-taxable","16":"purchasable","17":"product-type-simple"},"jetpack_sharing_enabled":true,"_links":{"self":[{"href":"https:\/\/www.dramaction.qc.ca\/fr\/wp-json\/wp\/v2\/product\/5026","targetHints":{"allow":["GET"]}}],"collection":[{"href":"https:\/\/www.dramaction.qc.ca\/fr\/wp-json\/wp\/v2\/product"}],"about":[{"href":"https:\/\/www.dramaction.qc.ca\/fr\/wp-json\/wp\/v2\/types\/product"}],"replies":[{"embeddable":true,"href":"https:\/\/www.dramaction.qc.ca\/fr\/wp-json\/wp\/v2\/comments?post=5026"}],"wp:featuredmedia":[{"embeddable":true,"href":"https:\/\/www.dramaction.qc.ca\/fr\/wp-json\/wp\/v2\/media\/5029"}],"wp:attachment":[{"href":"https:\/\/www.dramaction.qc.ca\/fr\/wp-json\/wp\/v2\/media?parent=5026"}],"wp:term":[{"taxonomy":"product_brand","embeddable":true,"href":"https:\/\/www.dramaction.qc.ca\/fr\/wp-json\/wp\/v2\/product_brand?post=5026"},{"taxonomy":"product_cat","embeddable":true,"href":"https:\/\/www.dramaction.qc.ca\/fr\/wp-json\/wp\/v2\/product_cat?post=5026"},{"taxonomy":"product_tag","embeddable":true,"href":"https:\/\/www.dramaction.qc.ca\/fr\/wp-json\/wp\/v2\/product_tag?post=5026"}],"curies":[{"name":"wp","href":"https:\/\/api.w.org\/{rel}","templated":true}]}}