{"id":5022,"date":"2017-02-10T19:43:14","date_gmt":"2017-02-11T00:43:14","guid":{"rendered":"http:\/\/www.dramaction.qc.ca\/fr\/?post_type=product&#038;p=5022"},"modified":"2019-08-29T16:11:51","modified_gmt":"2019-08-29T20:11:51","slug":"monologues-contemporains-pour-jeunes-acteurs","status":"publish","type":"product","link":"https:\/\/www.dramaction.qc.ca\/fr\/produit\/monologues-contemporains-pour-jeunes-acteurs\/","title":{"rendered":"Monologues contemporains pour jeunes acteurs"},"content":{"rendered":"<div class=\"feature-box feature-box-15 feature-box-align-center\">\n<div class=\"feature-box-content cf\">\n<p><img decoding=\"async\" class=\"alignleft wp-image-5023 size-medium\" src=\"http:\/\/www.dramaction.qc.ca\/fr\/wp-content\/uploads\/2017\/02\/monologes-enfants-ados-300x300.jpg\" alt=\"Monologues pour enfants et adolescents\" width=\"300\" height=\"300\" srcset=\"https:\/\/www.dramaction.qc.ca\/fr\/wp-content\/uploads\/2017\/02\/monologes-enfants-ados-300x300.jpg 300w, https:\/\/www.dramaction.qc.ca\/fr\/wp-content\/uploads\/2017\/02\/monologes-enfants-ados-100x100.jpg 100w, https:\/\/www.dramaction.qc.ca\/fr\/wp-content\/uploads\/2017\/02\/monologes-enfants-ados-150x150.jpg 150w, https:\/\/www.dramaction.qc.ca\/fr\/wp-content\/uploads\/2017\/02\/monologes-enfants-ados-1024x1024.jpg 1024w, https:\/\/www.dramaction.qc.ca\/fr\/wp-content\/uploads\/2017\/02\/monologes-enfants-ados-200x200.jpg 200w\" sizes=\"(max-width: 300px) 100vw, 300px\" \/><\/p>\n<p><strong>53 monologues originaux pour\u00a0les 7 \u00e0 14 ans<br \/>\n<\/strong><\/p>\n<p>Avez-vous de la difficult\u00e9 \u00e0 trouver des monologues de qualit\u00e9 pour les enfants et les adolescents ? Avez-vous remarqu\u00e9 que la majorit\u00e9 des livres de ce genre semblent un peu vieillot ?<\/p>\n<p><strong><em>Monologues contemporains pour jeunes acteurs <\/em><\/strong>est un nouveau livre \u00e9lectronique (PDF) t\u00e9l\u00e9chargeable qui pr\u00e9sente 53 monologues originaux \u00e9crit par le dramaturge prim\u00e9 de New York <em>Douglas M. Parker<\/em>. Ces monologues, traduits et adapt\u00e9s, ont \u00e9t\u00e9 cr\u00e9\u00e9s sp\u00e9cifiquement pour les acteurs de 7 \u00e0 14 ans, pour les enseignants, le metteurs \u00a0en sc\u00e8ne et les coachs de jeu.<\/p>\n<\/div>\n<\/div>\n<div class=\"feature-box feature-box-6 feature-box-align-center\">\n<div class=\"feature-box-content cf\">\n<p class=\"p1\"><span class=\"s1\">(<a href=\"#extraits\">Voir des extraits plus bas dans cette page<\/a>)<br \/>\n<\/span><\/p>\n<\/div>\n<\/div>\n<p><strong>Ces monologues offrent :<br \/>\n<\/strong><\/p>\n<table>\n<tbody>\n<tr>\n<td style=\"width: 48px;\"><img decoding=\"async\" class=\"alignright size-full wp-image-5025\" src=\"http:\/\/www.dramaction.qc.ca\/fr\/wp-content\/uploads\/2017\/02\/3.png\" alt=\"\" width=\"32\" height=\"32\" srcset=\"https:\/\/www.dramaction.qc.ca\/fr\/wp-content\/uploads\/2017\/02\/3.png 32w, https:\/\/www.dramaction.qc.ca\/fr\/wp-content\/uploads\/2017\/02\/3-200x200.png 200w, https:\/\/www.dramaction.qc.ca\/fr\/wp-content\/uploads\/2017\/02\/3-100x100.png 100w, https:\/\/www.dramaction.qc.ca\/fr\/wp-content\/uploads\/2017\/02\/3-500x500.png 500w, https:\/\/www.dramaction.qc.ca\/fr\/wp-content\/uploads\/2017\/02\/3-150x150.png 150w, https:\/\/www.dramaction.qc.ca\/fr\/wp-content\/uploads\/2017\/02\/3-300x300.png 300w, https:\/\/www.dramaction.qc.ca\/fr\/wp-content\/uploads\/2017\/02\/3-768x768.png 768w, https:\/\/www.dramaction.qc.ca\/fr\/wp-content\/uploads\/2017\/02\/3-1024x1024.png 1024w\" sizes=\"(max-width: 32px) 100vw, 32px\" \/><\/td>\n<td style=\"width: 747.2px;\">Une large gamme d&#8217;\u00e9motions et de mises en situation dans des texte comiques, touchants, embarrassant&#8230;<\/td>\n<\/tr>\n<tr>\n<td style=\"width: 48px;\"><img decoding=\"async\" class=\"alignright size-full wp-image-5025\" src=\"http:\/\/www.dramaction.qc.ca\/fr\/wp-content\/uploads\/2017\/02\/3.png\" alt=\"\" width=\"32\" height=\"32\" srcset=\"https:\/\/www.dramaction.qc.ca\/fr\/wp-content\/uploads\/2017\/02\/3.png 32w, https:\/\/www.dramaction.qc.ca\/fr\/wp-content\/uploads\/2017\/02\/3-200x200.png 200w, https:\/\/www.dramaction.qc.ca\/fr\/wp-content\/uploads\/2017\/02\/3-100x100.png 100w, https:\/\/www.dramaction.qc.ca\/fr\/wp-content\/uploads\/2017\/02\/3-500x500.png 500w, https:\/\/www.dramaction.qc.ca\/fr\/wp-content\/uploads\/2017\/02\/3-150x150.png 150w, https:\/\/www.dramaction.qc.ca\/fr\/wp-content\/uploads\/2017\/02\/3-300x300.png 300w, https:\/\/www.dramaction.qc.ca\/fr\/wp-content\/uploads\/2017\/02\/3-768x768.png 768w, https:\/\/www.dramaction.qc.ca\/fr\/wp-content\/uploads\/2017\/02\/3-1024x1024.png 1024w\" sizes=\"(max-width: 32px) 100vw, 32px\" \/><\/td>\n<td style=\"width: 747.2px;\">Des progressions \u00e9motionnelles et des finales fortes appr\u00e9ci\u00e9es des acteurs et du public<\/td>\n<\/tr>\n<tr>\n<td style=\"width: 48px;\"><img decoding=\"async\" class=\"alignright size-full wp-image-5025\" src=\"http:\/\/www.dramaction.qc.ca\/fr\/wp-content\/uploads\/2017\/02\/3.png\" alt=\"\" width=\"32\" height=\"32\" srcset=\"https:\/\/www.dramaction.qc.ca\/fr\/wp-content\/uploads\/2017\/02\/3.png 32w, https:\/\/www.dramaction.qc.ca\/fr\/wp-content\/uploads\/2017\/02\/3-200x200.png 200w, https:\/\/www.dramaction.qc.ca\/fr\/wp-content\/uploads\/2017\/02\/3-100x100.png 100w, https:\/\/www.dramaction.qc.ca\/fr\/wp-content\/uploads\/2017\/02\/3-500x500.png 500w, https:\/\/www.dramaction.qc.ca\/fr\/wp-content\/uploads\/2017\/02\/3-150x150.png 150w, https:\/\/www.dramaction.qc.ca\/fr\/wp-content\/uploads\/2017\/02\/3-300x300.png 300w, https:\/\/www.dramaction.qc.ca\/fr\/wp-content\/uploads\/2017\/02\/3-768x768.png 768w, https:\/\/www.dramaction.qc.ca\/fr\/wp-content\/uploads\/2017\/02\/3-1024x1024.png 1024w\" sizes=\"(max-width: 32px) 100vw, 32px\" \/><\/td>\n<td style=\"width: 747.2px;\">Des sujets modernes et un langage contemporain qui plaisent aux jeunes d&#8217;aujourd&#8217;hui<\/td>\n<\/tr>\n<tr>\n<td style=\"width: 48px;\"><img decoding=\"async\" class=\"alignright size-full wp-image-5025\" src=\"http:\/\/www.dramaction.qc.ca\/fr\/wp-content\/uploads\/2017\/02\/3.png\" alt=\"\" width=\"32\" height=\"32\" srcset=\"https:\/\/www.dramaction.qc.ca\/fr\/wp-content\/uploads\/2017\/02\/3.png 32w, https:\/\/www.dramaction.qc.ca\/fr\/wp-content\/uploads\/2017\/02\/3-200x200.png 200w, https:\/\/www.dramaction.qc.ca\/fr\/wp-content\/uploads\/2017\/02\/3-100x100.png 100w, https:\/\/www.dramaction.qc.ca\/fr\/wp-content\/uploads\/2017\/02\/3-500x500.png 500w, https:\/\/www.dramaction.qc.ca\/fr\/wp-content\/uploads\/2017\/02\/3-150x150.png 150w, https:\/\/www.dramaction.qc.ca\/fr\/wp-content\/uploads\/2017\/02\/3-300x300.png 300w, https:\/\/www.dramaction.qc.ca\/fr\/wp-content\/uploads\/2017\/02\/3-768x768.png 768w, https:\/\/www.dramaction.qc.ca\/fr\/wp-content\/uploads\/2017\/02\/3-1024x1024.png 1024w\" sizes=\"(max-width: 32px) 100vw, 32px\" \/><\/td>\n<td style=\"width: 747.2px;\">Une organisation pratique des monologues (progression des plus jeunes aux plus vieux)<\/td>\n<\/tr>\n<tr>\n<td style=\"width: 48px;\"><img decoding=\"async\" class=\"alignright size-full wp-image-5025\" src=\"http:\/\/www.dramaction.qc.ca\/fr\/wp-content\/uploads\/2017\/02\/3.png\" alt=\"\" width=\"32\" height=\"32\" srcset=\"https:\/\/www.dramaction.qc.ca\/fr\/wp-content\/uploads\/2017\/02\/3.png 32w, https:\/\/www.dramaction.qc.ca\/fr\/wp-content\/uploads\/2017\/02\/3-200x200.png 200w, https:\/\/www.dramaction.qc.ca\/fr\/wp-content\/uploads\/2017\/02\/3-100x100.png 100w, https:\/\/www.dramaction.qc.ca\/fr\/wp-content\/uploads\/2017\/02\/3-500x500.png 500w, https:\/\/www.dramaction.qc.ca\/fr\/wp-content\/uploads\/2017\/02\/3-150x150.png 150w, https:\/\/www.dramaction.qc.ca\/fr\/wp-content\/uploads\/2017\/02\/3-300x300.png 300w, https:\/\/www.dramaction.qc.ca\/fr\/wp-content\/uploads\/2017\/02\/3-768x768.png 768w, https:\/\/www.dramaction.qc.ca\/fr\/wp-content\/uploads\/2017\/02\/3-1024x1024.png 1024w\" sizes=\"(max-width: 32px) 100vw, 32px\" \/><\/td>\n<td style=\"width: 747.2px;\">Un outil pratique pour les auditions, les performances devant public ou en classe<\/td>\n<\/tr>\n<\/tbody>\n<\/table>\n<p><img decoding=\"async\" class=\"size-full wp-image-4880 aligncenter\" src=\"http:\/\/www.dramaction.qc.ca\/fr\/wp-content\/uploads\/2017\/01\/star.png\" alt=\"\" width=\"940\" height=\"23\" srcset=\"https:\/\/www.dramaction.qc.ca\/fr\/wp-content\/uploads\/2017\/01\/star.png 940w, https:\/\/www.dramaction.qc.ca\/fr\/wp-content\/uploads\/2017\/01\/star-500x12.png 500w, https:\/\/www.dramaction.qc.ca\/fr\/wp-content\/uploads\/2017\/01\/star-768x18.png 768w\" sizes=\"(max-width: 940px) 100vw, 940px\" \/><\/p>\n<h3><strong><a id=\"extraits\"><\/a>Extraits du livre, quelques monologues<\/strong><\/h3>\n<p>Voici deux monologues \u00e9crits pour les jeunes acteurs.<\/p>\n<div class=\"feature-box feature-box-16 feature-box-align-center\">\n<div class=\"feature-box-content cf\">\n<p><strong>PARTAGER<\/strong><\/p>\n<p class=\"p1\"><span class=\"s1\">Il y a des gens qui pensent que je n&#8217;aime pas partager, mais ce n\u2019est pas vrai. J&#8217;adore partager. Je veux dire, qui n&#8217;aime pas le partage ? Qui n&#8217;aime pas aller voir quelqu&#8217;un et lui demander \u00ab H\u00e9 ! Je peux avoir un de tes bonbons ?\u2009\u00bb Et puis il t&#8217;en donne un ! Ou, \u00ab Je peux essayer ton nouveau v\u00e9lo ?\u2009\u00bb Et il te laisse faire un tour avec son v\u00e9lo ! Le partage, c&#8217;est g\u00e9nial. Mais parfois, il faut faire attention. Quelqu&#8217;un pourrait venir vers toi et te demander : \u00ab Je peux avoir un de tes biscuits ? \u00bb Eh bien, si tu lui donnes un biscuit, il pourrait bien ne plus rester \u00e0 partager avec les autres et \u00e7a, ce serait le contraire de partager. Alors tu dois absolument dire non. Parce que le partage, c&#8217;est important !<\/span><\/p>\n<\/div>\n<\/div>\n<div class=\"feature-box feature-box-16 feature-box-align-center\">\n<div class=\"feature-box-content cf\">\n<p><strong>SCOUT<\/strong><\/p>\n<p>Avant de nous installer ici, nous avions un gros chien qu&#8217;on appelait Scout. Maman a toujours dit que c&#8217;\u00e9tait un vrai cabot, mais je pense qu&#8217;il \u00e9tait aussi crois\u00e9 avec un labrador. Et peut-\u00eatre un peu avec un golden retriever. Mais il \u00e9tait certainement au moins \u00e0 moiti\u00e9 cabot. Scout \u00e9tait cens\u00e9 \u00eatre le chien de toute la famille, mais c&#8217;\u00e9tait vraiment le mien. Je veux dire, apr\u00e8s l&#8217;\u00e9cole, c\u2019est moi qu&#8217;il attendait. Et quand quelqu&#8217;un lui jetait sa balle, c&#8217;est \u00e0 moi qu\u2019il la ramenait pour que je lui lance. Et la nuit, c&#8217;est toujours dans mon lit qu&#8217;il venait dormir. Mais avant de d\u00e9m\u00e9nager ici, ma m\u00e8re a d\u00e9couvert que nous n&#8217;avions pas le droit d&#8217;avoir des animaux de compagnie, il a donc fallu qu&#8217;on le donne \u00e0 mes cousins. Je n&#8217;en parle pas vraiment \u00e0 personne, mais parfois, je r\u00eave \u00e0 Scout. Il a sa balle dans la gueule et il me cherche partout. Et moi, je dis: \u00ab Ici, Scout. Je suis ici. \u00bb Mais il ne m&#8217;entend pas et il ne me voit pas. L\u00e0, je crie plus fort \u00ab Je suis ici. Scout. Je suis ici. \u00bb Et puis, je ne sais pas, je suppose que je me r\u00e9veille&#8230; Je ne sais pas si Scout r\u00eave \u00e0 moi.<\/p>\n<p><img decoding=\"async\" class=\"size-full wp-image-4880 aligncenter\" src=\"http:\/\/www.dramaction.qc.ca\/fr\/wp-content\/uploads\/2017\/01\/star.png\" alt=\"\" width=\"940\" height=\"23\" srcset=\"https:\/\/www.dramaction.qc.ca\/fr\/wp-content\/uploads\/2017\/01\/star.png 940w, https:\/\/www.dramaction.qc.ca\/fr\/wp-content\/uploads\/2017\/01\/star-500x12.png 500w, https:\/\/www.dramaction.qc.ca\/fr\/wp-content\/uploads\/2017\/01\/star-768x18.png 768w\" sizes=\"(max-width: 940px) 100vw, 940px\" \/><\/p>\n<\/div>\n<\/div>\n<div class=\"tour-element-3 cf\">\n<div class=\"tour-element-content\">Voici deux monologues \u00e9crits pour les \u00e9l\u00e8ves plus vieux.<\/div>\n<\/div>\n<div class=\"feature-box feature-box-16 feature-box-align-center\">\n<div class=\"feature-box-content cf\">\n<p><strong>VOTE<\/strong><\/p>\n<p class=\"p1\">Salut, mon nom est Charles Zairovitch et j&#8217;aimerais que vous votiez pour moi comme pr\u00e9sident de classe parce que j&#8217;ai beaucoup de bonnes id\u00e9es vraiment \u00e9tonnantes pour rendre notre vie \u00e0 l&#8217;\u00e9cole beaucoup plus int\u00e9ressante. Comme, voyons, par exemple, il devrait toujours y avoir une table dans le couloir remplie de biscuits, des petits g\u00e2teaux et de brownies et peut-\u00eatre aussi des bouch\u00e9es de frittata du restaurant la Frittata au coin de la rue, et tout \u00e7a gratuitement. Je veux dire, tout le monde sait qu&#8217;est-ce que c&#8217;est une frittata et tout le monde aime les frittatas. C&#8217;est vraiment bon ! On pourrait dire que cette table pourrait am\u00e9liorer le moral et l&#8217;\u00e9nergie des \u00e9l\u00e8ves pour leur permettre de mieux \u00e9tudier.<\/p>\n<p>Une autre id\u00e9e incroyable que j&#8217;ai : \u00e9liminer compl\u00e8tement de l&#8217;\u00e9cole les notes parce que je crois que les notes favorisent l&#8217;\u00e9litisme et parce qu&#8217;une personne qui \u00e9choue n&#8217;est qu&#8217;une personne qui navigue dans les eaux du succ\u00e8s ! C&#8217;est \u00e7a qui est \u00e7a !<\/p>\n<p>Et finalement, j&#8217;aimerais pr\u00e9senter un r\u00e8glement ou quelque chose du genre : ce serait de rendre socialement inacceptable le fait de nommer quelqu&#8217;un un \u00ab geek \u00bb, ou de le pousser dans un casier, de lui voler son argent de poche\u2026 ou seulement parce qu\u2019il porte des lunettes\u2026 ou parce qu\u2019il est en train de faire un discours pour \u00eatre pr\u00e9sident de la classe. C&#8217;est \u00e7a qui est \u00e7a ! Je vous remercie. Charles Zairovitch. Votez pour Charles Zairovitch. Merci !<\/p>\n<\/div>\n<\/div>\n<div class=\"feature-box feature-box-16 feature-box-align-center\">\n<div class=\"feature-box-content cf\">\n<p><strong>UNIVERS<\/strong><\/p>\n<p class=\"p1\">J\u2019ai vu au Canal d\u00e9couverte qu&#8217;il y a tr\u00e8s longtemps, avant le d\u00e9but des temps, l&#8217;univers entier n&#8217;\u00e9tait pas plus gros qu&#8217;une aiguille. Et tout \u00e9tait contenu dans cette aiguille. Les \u00e9toiles, les plan\u00e8tes, les maisons, les gens, les voitures &#8211; d&#8217;autres aiguilles. Tout ce qu&#8217;il y a dans l&#8217;univers. Et puis un jour, cette aiguille a explos\u00e9 et tout s&#8217;est projet\u00e9 dans toutes les directions, bouillonnant \u00e0 des millions de degr\u00e9s et voyageant \u00e0 des millions de kilom\u00e8tres\/heure. Et toutes les \u00e9toiles, les plan\u00e8tes, les gens et les voitures ont continu\u00e9 \u00e0 devenir de plus en plus gros jusqu&#8217;\u00e0 ce qu&#8217;ils remplissent l&#8217;espace et le temps, en br\u00fblant, fondant, tournant&#8230; Quand j&#8217;ai appris \u00e7a, je savais que j&#8217;\u00e9tais comme une aiguille et qu&#8217;un jour, j&#8217;allais exploser moi aussi. Et quand j&#8217;exploserai, du feu et des \u00e9toiles et des mondes entiers sortiront de moi et ils bouillonneront \u00e0 des millions de degr\u00e9s et voyageront si vite qu&#8217;ils ne reviendront jamais. Jamais. Jamais plus.<\/p>\n<p><img decoding=\"async\" class=\"size-full wp-image-4880 aligncenter\" src=\"http:\/\/www.dramaction.qc.ca\/fr\/wp-content\/uploads\/2017\/01\/star.png\" alt=\"\" width=\"940\" height=\"23\" srcset=\"https:\/\/www.dramaction.qc.ca\/fr\/wp-content\/uploads\/2017\/01\/star.png 940w, https:\/\/www.dramaction.qc.ca\/fr\/wp-content\/uploads\/2017\/01\/star-500x12.png 500w, https:\/\/www.dramaction.qc.ca\/fr\/wp-content\/uploads\/2017\/01\/star-768x18.png 768w\" sizes=\"(max-width: 940px) 100vw, 940px\" \/><\/p>\n<\/div>\n<\/div>\n<div class=\"guarantee-box-4 guarantee-box-4-silver \">\n<div class=\"guarantee-box-4-internal\">\n<div class=\"guarantee-content\">\n<h3>\u00c0 propos de l&#8217;auteur<\/h3>\n<p><strong><img decoding=\"async\" class=\"alignright size-thumbnail wp-image-5024\" src=\"http:\/\/www.dramaction.qc.ca\/fr\/wp-content\/uploads\/2017\/02\/Sans-titre-1-150x150.jpg\" alt=\"\" width=\"150\" height=\"150\" srcset=\"https:\/\/www.dramaction.qc.ca\/fr\/wp-content\/uploads\/2017\/02\/Sans-titre-1-150x150.jpg 150w, https:\/\/www.dramaction.qc.ca\/fr\/wp-content\/uploads\/2017\/02\/Sans-titre-1-200x200.jpg 200w, https:\/\/www.dramaction.qc.ca\/fr\/wp-content\/uploads\/2017\/02\/Sans-titre-1-100x100.jpg 100w, https:\/\/www.dramaction.qc.ca\/fr\/wp-content\/uploads\/2017\/02\/Sans-titre-1-300x300.jpg 300w, https:\/\/www.dramaction.qc.ca\/fr\/wp-content\/uploads\/2017\/02\/Sans-titre-1-1024x1024.jpg 1024w\" sizes=\"(max-width: 150px) 100vw, 150px\" \/>DOUGLAS M. PARKER<\/strong> est un dramaturge et parolier prim\u00e9. Ses \u0153uvres incluent la com\u00e9die musicale <strong><em>Life on the Mississippi<\/em><\/strong> (livre et paroles) bas\u00e9e sur le classique intemporel et autobiographique de Mark Twain; <strong><em>BESSIE: The Life and Music of Bessie Smith<\/em><\/strong>, bas\u00e9 sur la mont\u00e9e et la chute du grand chanteur de blues am\u00e9ricain; <strong><em>Thicker Than Water<\/em><\/strong>, un drame bas\u00e9 sur la trag\u00e9die d&#8217;Andrea Yates; <strong><em>Declarations<\/em><\/strong>, un drame historique pour jeune public tir\u00e9 des lettres qu&#8217;ont \u00e9crites John et Abigail Adams d\u00e8s leurs premiers cours \u00e0 l&#8217;\u00e9t\u00e9 1776; et <strong><em>The Private History of a Campaign That Failed<\/em><\/strong>, une com\u00e9die pour jeune public bas\u00e9e sur les m\u00e9moires r\u00e9elles et humoristiques de Mark Twain, alors qu&#8217;il \u00e9tait lieutenant dans la Confederacy, le r\u00e9giment le moins accomplis et le plus oubli\u00e9 de l&#8217;histoire.<\/p>\n<\/div>\n<p>60 pages<\/p>\n<\/div>\n<\/div>\n","protected":false},"excerpt":{"rendered":"<h3><span style=\"color: #800000;\">NOUVEAU ET EXCLUSIF \u00c0 DRAMACTION\u00a0<\/span><\/h3>\n<p><strong>53 monologues originaux pour\u00a0les 7 \u00e0 14 ans<\/strong><\/p>\n<p>Avez-vous de la difficult\u00e9 \u00e0 trouver des monologues de qualit\u00e9 pour les enfants et les adolescents ? Avez-vous remarqu\u00e9 que la majorit\u00e9 des livres de ce genre semblent un peu vieillot ?<\/p>\n<p><strong><em>Monologues contemporains pour jeunes acteurs <\/em><\/strong>est un nouveau livre \u00e9lectronique (PDF) t\u00e9l\u00e9chargeable qui pr\u00e9sente 53 monologues originaux \u00e9crit par le dramaturge prim\u00e9 de New York <em>Douglas M. Parker<\/em>. Ces monologues, traduits et adapt\u00e9s, ont \u00e9t\u00e9 cr\u00e9\u00e9s sp\u00e9cifiquement pour les acteurs de 7 \u00e0 14 ans, pour les enseignants, le metteurs en sc\u00e8ne et les coachs de jeu.<\/p>\n","protected":false},"featured_media":5023,"comment_status":"open","ping_status":"closed","template":"","meta":[],"product_brand":[],"product_cat":[275,276,150,238,177],"product_tag":[],"class_list":{"0":"post-5022","1":"product","2":"type-product","3":"status-publish","4":"has-post-thumbnail","6":"product_cat-auteurs-americains-traduits","7":"product_cat-douglas-m-parker","8":"product_cat-exercices-et-ressources","9":"product_cat-monologues","10":"product_cat-pieces-de-theatre","11":"wcpv_product_vendors-denver","13":"first","14":"instock","15":"featured","16":"downloadable","17":"sold-individually","18":"shipping-taxable","19":"purchasable","20":"product-type-simple"},"jetpack_sharing_enabled":true,"_links":{"self":[{"href":"https:\/\/www.dramaction.qc.ca\/fr\/wp-json\/wp\/v2\/product\/5022","targetHints":{"allow":["GET"]}}],"collection":[{"href":"https:\/\/www.dramaction.qc.ca\/fr\/wp-json\/wp\/v2\/product"}],"about":[{"href":"https:\/\/www.dramaction.qc.ca\/fr\/wp-json\/wp\/v2\/types\/product"}],"replies":[{"embeddable":true,"href":"https:\/\/www.dramaction.qc.ca\/fr\/wp-json\/wp\/v2\/comments?post=5022"}],"wp:featuredmedia":[{"embeddable":true,"href":"https:\/\/www.dramaction.qc.ca\/fr\/wp-json\/wp\/v2\/media\/5023"}],"wp:attachment":[{"href":"https:\/\/www.dramaction.qc.ca\/fr\/wp-json\/wp\/v2\/media?parent=5022"}],"wp:term":[{"taxonomy":"product_brand","embeddable":true,"href":"https:\/\/www.dramaction.qc.ca\/fr\/wp-json\/wp\/v2\/product_brand?post=5022"},{"taxonomy":"product_cat","embeddable":true,"href":"https:\/\/www.dramaction.qc.ca\/fr\/wp-json\/wp\/v2\/product_cat?post=5022"},{"taxonomy":"product_tag","embeddable":true,"href":"https:\/\/www.dramaction.qc.ca\/fr\/wp-json\/wp\/v2\/product_tag?post=5022"}],"curies":[{"name":"wp","href":"https:\/\/api.w.org\/{rel}","templated":true}]}}