{"id":5003,"date":"2017-02-10T20:55:37","date_gmt":"2017-02-11T01:55:37","guid":{"rendered":"http:\/\/www.dramaction.qc.ca\/fr\/?post_type=product&#038;p=5003"},"modified":"2019-08-29T16:11:48","modified_gmt":"2019-08-29T20:11:48","slug":"enseigner-le-theatre-aux-tout-petits","status":"publish","type":"product","link":"https:\/\/www.dramaction.qc.ca\/fr\/produit\/enseigner-le-theatre-aux-tout-petits\/","title":{"rendered":"Enseigner le th\u00e9\u00e2tre aux petits (3-7 ans)"},"content":{"rendered":"<p><img decoding=\"async\" class=\" wp-image-5009 alignleft\" src=\"http:\/\/www.dramaction.qc.ca\/fr\/wp-content\/uploads\/2017\/02\/images.jpg\" alt=\"\" width=\"285\" height=\"273\" \/><\/p>\n<p><strong>Plus de 70 activit\u00e9s amusantes adapt\u00e9es aux 3 \u00e0 7 ans.<br \/>\n<\/strong><\/p>\n<div class=\"feature-box feature-box-15 feature-box-align-center\">\n<div class=\"feature-box-content cf\">\n<p><strong>Trouver des activit\u00e9s de th\u00e9\u00e2tre adapt\u00e9 aux \u00e9l\u00e8ves de la maternelle ou du pr\u00e9scolaire peut-\u00eatre difficile.<br \/>\n<\/strong><\/p>\n<p>Nous avons con\u00e7u une solution !<\/p>\n<p>Le travail th\u00e9\u00e2tral avec les jeunes enfants est vraiment diff\u00e9rent de celui que nous faisons avec les plus vieux. Leur capacit\u00e9 d&#8217;attention \u00e9tant plus petite, les jeux doivent \u00eatre plus simples, plus courts et plus dynamiques&#8230; tout en d\u00e9veloppant les habilet\u00e9s n\u00e9cessaires pour faire du th\u00e9\u00e2tre et s&#8217;amuser !<\/p>\n<\/div>\n<\/div>\n<div class=\"feature-box feature-box-15 feature-box-align-center\">\n<div class=\"feature-box-content cf\">\n<p><strong>Le livre Enseigner le th\u00e9\u00e2tre aux petits <\/strong>est rempli de ces activit\u00e9s. Il inclut 12 ateliers complets que vous pouvez exp\u00e9rimenter d\u00e8s votre prochain cours et qui sont con\u00e7us sp\u00e9cialement pour ce groupe d&#8217;\u00e2ge. Il inclut \u00e9galement un guide pour vous aider \u00e0 adapter un texte et le r\u00e9p\u00e9ter pour le repr\u00e9senter devant public.<\/p>\n<\/div>\n<\/div>\n<p><strong> Avec ce livre, vous obtenez :<br \/>\n<\/strong><\/p>\n<ul>\n<li>Une structure d&#8217;ateliers constante : R\u00e9chauffement, attention, voix, mouvement et imagination<\/li>\n<li>Des pistes de r\u00e9troaction simples pour chaque atelier<\/li>\n<li>Un guide pour cr\u00e9er ou adapter un texte de th\u00e9\u00e2tre pour les petits<\/li>\n<li>Des trucs utiles pour auditionner, r\u00e9p\u00e9ter et faire une belle performance avec des petits<\/li>\n<li>Une annexe avec des chansons simples \u00e0 utiliser en classe<\/li>\n<\/ul>\n<p style=\"text-align: center;\"><a href=\"http:\/\/www.dramaction.qc.ca\/fr\/wp-content\/uploads\/2017\/02\/Enseigner-le-th\u00e9\u00e2tr-aux-petits-3-7-ans-EXTRAIT.pdf\">Cliquez ici pour lire un extrait du livre Enseigner le th\u00e9\u00e2tre aux petits (3-7 ans)<\/a><\/p>\n<p><img decoding=\"async\" class=\"alignright size-full wp-image-4880\" src=\"http:\/\/www.dramaction.qc.ca\/fr\/wp-content\/uploads\/2017\/01\/star.png\" alt=\"\" width=\"940\" height=\"23\" srcset=\"https:\/\/www.dramaction.qc.ca\/fr\/wp-content\/uploads\/2017\/01\/star.png 940w, https:\/\/www.dramaction.qc.ca\/fr\/wp-content\/uploads\/2017\/01\/star-500x12.png 500w, https:\/\/www.dramaction.qc.ca\/fr\/wp-content\/uploads\/2017\/01\/star-768x18.png 768w\" sizes=\"(max-width: 940px) 100vw, 940px\" \/><\/p>\n<p><strong>Mot de l&#8217;auteure Jessica McCuiston :<\/strong><\/p>\n<p><img decoding=\"async\" class=\"lazy alignright wp-image-9685 lazy-loaded\" src=\"http:\/\/www.bbbpress.com\/wp-content\/uploads\/2015\/10\/Headshot_JessicaMcCuiston-smaller.jpg\" sizes=\"(max-width: 310px) 100vw, 310px\" srcset=\"http:\/\/www.bbbpress.com\/wp-content\/uploads\/2015\/10\/Headshot_JessicaMcCuiston-smaller.jpg 500w, http:\/\/www.bbbpress.com\/wp-content\/uploads\/2015\/10\/Headshot_JessicaMcCuiston-smaller-300x240.jpg 300w\" alt=\"Teaching Drama Preschool Author\" width=\"310\" height=\"248\" data-lazy-type=\"image\" data-lazy-src=\"http:\/\/www.bbbpress.com\/wp-content\/uploads\/2015\/10\/Headshot_JessicaMcCuiston-smaller.jpg\" data-lazy-srcset=\"http:\/\/www.bbbpress.com\/wp-content\/uploads\/2015\/10\/Headshot_JessicaMcCuiston-smaller.jpg 500w, http:\/\/www.bbbpress.com\/wp-content\/uploads\/2015\/10\/Headshot_JessicaMcCuiston-smaller-300x240.jpg 300w\" \/><\/p>\n<p>Quand j&#8217;ai commenc\u00e9 la mise en sc\u00e8ne pour enfants, j\u2019ai trouv\u00e9 particuli\u00e8rement difficile d&#8217;enseigner aux petits d&#8217;\u00e2ge pr\u00e9scolaire comme \u00e0 ceux qui d\u00e9butaient leur parcours scolaire. Les exercices de th\u00e9\u00e2tre existants \u00e9taient toujours con\u00e7us pour les acteurs plus \u00e2g\u00e9s. Les chansons \u00e9taient trop difficiles et les sc\u00e9narios beaucoup trop longs. J&#8217;ai donc commenc\u00e9 \u00e0 adapter des exercices, \u00e0 modifier les chansons et \u00e0 \u00e9crire mes propres textes. Je voulais que mes jeunes \u00e9l\u00e8ves puissent am\u00e9liorer leurs comp\u00e9tences de jeu, qu\u2019ils apprennent \u00e0 devenir des acteurs responsables et qu\u2019ils soient pr\u00eats \u00e0 jouer dans de vrais spectacles pr\u00e9sentant des r\u00e9pliques et des solos. Ce livre est rempli d&#8217;exercices parfaitement adapt\u00e9s aux enfants de 3 \u00e0 7 ans. Ce livre comprend \u00e9galement les lignes directrices pour faciliter la cr\u00e9ation d&#8217;un spectacle et des conseils pour am\u00e9liorer le jeu des petits.<\/p>\n<p><img decoding=\"async\" class=\"alignright size-full wp-image-4880\" src=\"http:\/\/www.dramaction.qc.ca\/fr\/wp-content\/uploads\/2017\/01\/star.png\" alt=\"\" width=\"940\" height=\"23\" srcset=\"https:\/\/www.dramaction.qc.ca\/fr\/wp-content\/uploads\/2017\/01\/star.png 940w, https:\/\/www.dramaction.qc.ca\/fr\/wp-content\/uploads\/2017\/01\/star-500x12.png 500w, https:\/\/www.dramaction.qc.ca\/fr\/wp-content\/uploads\/2017\/01\/star-768x18.png 768w\" sizes=\"(max-width: 940px) 100vw, 940px\" \/><\/p>\n<div class=\"star-row\"><\/div>\n<p><strong>Voici un aper\u00e7u de ce que les jeunes apprendront :<br \/>\n<\/strong><\/p>\n<ul class=\"bullet-list 1\">\n<li><strong>Atelier 1 : Apprendre \u00e0 se conna\u00eetre. <\/strong>Les \u00e9l\u00e8ves, par diff\u00e9rentes activit\u00e9s, se rendront compte que les ateliers de th\u00e9\u00e2tre offrent une occasion de faire de nouveaux amis tout en explorant le jeu, la danse et le chant.<\/li>\n<li><strong>Atelier 2 : Faire semblant. <\/strong>Les \u00e9l\u00e8ves se serviront de leur imagination pour cr\u00e9er diff\u00e9rents personnages dans des situations simples.<\/li>\n<li><strong>Atelier 3 : Travailler \u00e0 deux.<\/strong> Les \u00e9l\u00e8ves apprendront \u00e0 se faire confiance et \u00e0 faire confiance aux autres \u00e9l\u00e8ves en apprenant \u00e0 travailler avec un partenaire.<\/li>\n<li><strong>Atelier 4 : Travailler en \u00e9quipe.<\/strong> Les \u00e9l\u00e8ves se rendront compte que le th\u00e9\u00e2tre implique un travail d&#8217;\u00e9quipe o\u00f9 chacun joue un r\u00f4le important.<\/li>\n<li><strong>Atelier 5 : Rythme. <\/strong>Les \u00e9l\u00e8ves apprivoiseront le rythme, les variations du rythme autant dans le corps que dans la voix.<\/li>\n<li><strong>Atelier 6 : \u00c9nergie. <\/strong>Les \u00e9l\u00e8ves comprendront l&#8217;utilit\u00e9 d&#8217;explorer l&#8217;\u00e9nergie dans le jeu d&#8217;acteur et comment la contr\u00f4ler et la concentrer.<\/li>\n<li><strong>Atelier 7 : \u00c9motions.\u00a0<\/strong>Les \u00e9l\u00e8ves apprendront \u00e0 utiliser les \u00e9motions afin de faire comprendre \u00e0 un public ce que leur personnage ressent.<\/li>\n<li><strong>Atelier 8 : Actions.<\/strong> Les \u00e9l\u00e8ves utiliseront le mouvement pour apprendre les bases des concepts de blocage, de chor\u00e9graphie et de directions de la sc\u00e8ne.<\/li>\n<li><strong>Atelier 9 : Devenir un personnage. <\/strong>Les \u00e9l\u00e8ves se familiariseront avec des techniques leur permettant de jouer diff\u00e9rents personnages.<\/li>\n<li><strong>Atelier 10 : Utiliser la voix. <\/strong>Les \u00e9l\u00e8ves comprendront pourquoi la projection et l&#8217;articulation sont importantes pour le chant et le jeu d&#8217;acteur.<\/li>\n<li><strong>Atelier 11 : Jouer, c&#8217;est r\u00e9agir. <\/strong>Les \u00e9l\u00e8ves comprendront que l&#8217;\u00e9coute et la r\u00e9action sont aussi importantes que la parole.<\/li>\n<li><strong>Atelier 12 : Tout mettre ensemble.<\/strong> Les \u00e9l\u00e8ves apprendront comment se servir des nouvelles comp\u00e9tences apprises dans les ateliers pour les appliquer \u00e0 une pr\u00e9sentation finale ou un spectacle.<\/li>\n<li><strong>Cr\u00e9er un spectacle avec les petits.\u00a0<\/strong>Trucs pour la cr\u00e9ation d&#8217;un court spectacle.<\/li>\n<li><strong>Trucs de performance.<\/strong> Trucs pour vous guider dans le processus de performances avec les petits.<\/li>\n<\/ul>\n<p style=\"text-align: center;\"><a href=\"http:\/\/www.dramaction.qc.ca\/fr\/wp-content\/uploads\/2017\/02\/Enseigner-le-th\u00e9\u00e2tr-aux-petits-3-7-ans-EXTRAIT.pdf\">Cliquez ici pour lire un extrait du livre Enseigner le th\u00e9\u00e2tre aux petits (3-7 ans)<\/a><\/p>\n<div class=\"star-row\"><\/div>\n<p><img decoding=\"async\" class=\"alignright size-full wp-image-4880\" src=\"http:\/\/www.dramaction.qc.ca\/fr\/wp-content\/uploads\/2017\/01\/star.png\" alt=\"\" width=\"940\" height=\"23\" srcset=\"https:\/\/www.dramaction.qc.ca\/fr\/wp-content\/uploads\/2017\/01\/star.png 940w, https:\/\/www.dramaction.qc.ca\/fr\/wp-content\/uploads\/2017\/01\/star-500x12.png 500w, https:\/\/www.dramaction.qc.ca\/fr\/wp-content\/uploads\/2017\/01\/star-768x18.png 768w\" sizes=\"(max-width: 940px) 100vw, 940px\" \/><\/p>\n","protected":false},"excerpt":{"rendered":"<h3><span style=\"color: #800000;\">NOUVEAU ET EXCLUSIF \u00c0 DRAMACTION\u00a0<\/span><\/h3>\n<p><strong>Plus de 70 activit\u00e9s amusantes adapt\u00e9es aux 3 \u00e0 7 ans.<br \/>\n<\/strong><\/p>\n<div class=\"feature-box feature-box-15 feature-box-align-center\">\n<div class=\"feature-box-content cf\">\n<p><strong>Trouver des activit\u00e9s de th\u00e9\u00e2tre adapt\u00e9 aux \u00e9l\u00e8ves du pr\u00e9scolaire peut-\u00eatre difficile.<br \/>\n<\/strong><\/p>\n<p>Nous avons con\u00e7u une solution !<\/p>\n<p>Le travail th\u00e9\u00e2tral avec les jeunes enfants est vraiment diff\u00e9rent de celui que nous faisons avec les plus vieux. Leur capacit\u00e9 d&#8217;attention \u00e9tant plus petite, les jeux doivent \u00eatre plus simples, plus courts et plus dynamiques&#8230; tout en d\u00e9veloppant les habilet\u00e9s n\u00e9cessaires pour faire du th\u00e9\u00e2tre et s&#8217;amuser !<\/p>\n<\/div>\n<\/div>\n<div class=\"feature-box feature-box-15 feature-box-align-center\">\n<div class=\"feature-box-content cf\">\n<p><strong>Le livre Enseigner le th\u00e9\u00e2tre aux petits <\/strong>est rempli de ces activit\u00e9s. Il inclut 12 ateliers complets que vous pouvez exp\u00e9rimenter d\u00e8s votre prochain cours et qui sont con\u00e7us sp\u00e9cialement pour ce groupe d&#8217;\u00e2ge. Il inclut \u00e9galement un guide pour vous aider \u00e0 adapter un texte et le r\u00e9p\u00e9ter pour le repr\u00e9senter devant public.<\/p>\n<\/div>\n<\/div>\n<p>&nbsp;<\/p>\n","protected":false},"featured_media":5009,"comment_status":"open","ping_status":"closed","template":"","meta":[],"product_brand":[],"product_cat":[150],"product_tag":[],"class_list":{"0":"post-5003","1":"product","2":"type-product","3":"status-publish","4":"has-post-thumbnail","6":"product_cat-exercices-et-ressources","7":"wcpv_product_vendors-denver","9":"first","10":"instock","11":"featured","12":"downloadable","13":"sold-individually","14":"shipping-taxable","15":"purchasable","16":"product-type-simple"},"jetpack_sharing_enabled":true,"_links":{"self":[{"href":"https:\/\/www.dramaction.qc.ca\/fr\/wp-json\/wp\/v2\/product\/5003","targetHints":{"allow":["GET"]}}],"collection":[{"href":"https:\/\/www.dramaction.qc.ca\/fr\/wp-json\/wp\/v2\/product"}],"about":[{"href":"https:\/\/www.dramaction.qc.ca\/fr\/wp-json\/wp\/v2\/types\/product"}],"replies":[{"embeddable":true,"href":"https:\/\/www.dramaction.qc.ca\/fr\/wp-json\/wp\/v2\/comments?post=5003"}],"wp:featuredmedia":[{"embeddable":true,"href":"https:\/\/www.dramaction.qc.ca\/fr\/wp-json\/wp\/v2\/media\/5009"}],"wp:attachment":[{"href":"https:\/\/www.dramaction.qc.ca\/fr\/wp-json\/wp\/v2\/media?parent=5003"}],"wp:term":[{"taxonomy":"product_brand","embeddable":true,"href":"https:\/\/www.dramaction.qc.ca\/fr\/wp-json\/wp\/v2\/product_brand?post=5003"},{"taxonomy":"product_cat","embeddable":true,"href":"https:\/\/www.dramaction.qc.ca\/fr\/wp-json\/wp\/v2\/product_cat?post=5003"},{"taxonomy":"product_tag","embeddable":true,"href":"https:\/\/www.dramaction.qc.ca\/fr\/wp-json\/wp\/v2\/product_tag?post=5003"}],"curies":[{"name":"wp","href":"https:\/\/api.w.org\/{rel}","templated":true}]}}