{"id":4878,"date":"2017-01-28T14:15:49","date_gmt":"2017-01-28T19:15:49","guid":{"rendered":"http:\/\/www.dramaction.qc.ca\/fr\/?post_type=product&#038;p=4878"},"modified":"2019-08-29T16:11:56","modified_gmt":"2019-08-29T20:11:56","slug":"enseigner-le-theatre-le-guide-essentiel","status":"publish","type":"product","link":"https:\/\/www.dramaction.qc.ca\/fr\/produit\/enseigner-le-theatre-le-guide-essentiel\/","title":{"rendered":"Enseigner le th\u00e9\u00e2tre, le guide essentiel (8-16 ans)"},"content":{"rendered":"<blockquote><p><em>Des exercices, c&#8217;est super&#8230; mais comment monter des plans de cours efficaces et amusants ?<\/em><\/p><\/blockquote>\n<p>Nous vous proposons la solution.<\/p>\n<p>Dramaction s&#8217;est associ\u00e9 avec Beat by Beat Press pour vous pr\u00e9senter &#8220;<strong>Enseigner le th\u00e9\u00e2tre, le guide essentiel<\/strong>&#8220;, un livre \u00e9lectronique de 47 pages (t\u00e9l\u00e9chargement PDF) contenant 16 ateliers pr\u00e9par\u00e9s qui transformera la fa\u00e7on dont vous enseignez aux enfants et adolescents !<\/p>\n<p>Que vous soyez un nouvel enseignant qui doit trouver de l&#8217;inspiration pour une premi\u00e8re ann\u00e9e ou un enseignant d&#8217;exp\u00e9rience cherchant de nouvelles id\u00e9es, cette ressource vous donnera des outils pour am\u00e9liorer le jeu de vos jeunes acteurs&#8230; \u00e0 coup s\u00fbr !<\/p>\n<p><strong>Pour aller plus loin que les exercices de th\u00e9\u00e2tre.<\/strong><\/p>\n<p><img decoding=\"async\" class=\"alignleft size-full wp-image-4880\" src=\"http:\/\/www.dramaction.qc.ca\/fr\/wp-content\/uploads\/2017\/01\/star.png\" alt=\"\" width=\"940\" height=\"23\" srcset=\"https:\/\/www.dramaction.qc.ca\/fr\/wp-content\/uploads\/2017\/01\/star.png 940w, https:\/\/www.dramaction.qc.ca\/fr\/wp-content\/uploads\/2017\/01\/star-500x12.png 500w, https:\/\/www.dramaction.qc.ca\/fr\/wp-content\/uploads\/2017\/01\/star-768x18.png 768w\" sizes=\"(max-width: 940px) 100vw, 940px\" \/><\/p>\n<p>&nbsp;<\/p>\n<p><strong><img decoding=\"async\" class=\"alignright wp-image-4881\" src=\"http:\/\/www.dramaction.qc.ca\/fr\/wp-content\/uploads\/2017\/01\/transparent-girl-262x300.png\" alt=\"\" width=\"140\" height=\"172\" \/>Avec ce livre, vous obtenez :<\/strong><\/p>\n<p>\u2713\u00a0 16 ateliers pr\u00e9par\u00e9s et \u00e9prouv\u00e9s pour permettre aux enfants et adolescents de d\u00e9velopper leur plein potentiel en jeu d&#8217;acteur.<br \/>\n\u2713\u00a0 Des notes permettant d&#8217;introduire les bases du jeu d&#8217;acteur pour que vos \u00e9l\u00e8ves les comprennent facilement.<br \/>\n\u2713\u00a0 Des activit\u00e9s grad\u00e9es pour les plus jeunes et les plus vieux.<br \/>\n\u2713\u00a0 Des conseils pour faire les transitions entre les activit\u00e9s et les ateliers.<br \/>\n\u2713\u00a0 Exercices pertinents pour les jeunes d&#8217;aujourd&#8217;hui comme le &#8220;profil de personnage Facebook\u201d.<br \/>\n\u2713\u00a0 Pistes de r\u00e9troactions pour chaque atelier.<\/p>\n<p><img decoding=\"async\" class=\"alignleft size-full wp-image-4880\" src=\"http:\/\/www.dramaction.qc.ca\/fr\/wp-content\/uploads\/2017\/01\/star.png\" alt=\"\" width=\"940\" height=\"23\" srcset=\"https:\/\/www.dramaction.qc.ca\/fr\/wp-content\/uploads\/2017\/01\/star.png 940w, https:\/\/www.dramaction.qc.ca\/fr\/wp-content\/uploads\/2017\/01\/star-500x12.png 500w, https:\/\/www.dramaction.qc.ca\/fr\/wp-content\/uploads\/2017\/01\/star-768x18.png 768w\" sizes=\"(max-width: 940px) 100vw, 940px\" \/><\/p>\n<p>&nbsp;<\/p>\n<p><strong>Comment le livre se diff\u00e9rencie-t-il des autres livres d&#8217;enseignement du th\u00e9\u00e2tre ?<\/strong><\/p>\n<p><a href=\"http:\/\/www.dramaction.qc.ca\/fr\/wp-content\/uploads\/2017\/01\/capturepage-1.png\" target=\"_blank\" rel=\"noopener noreferrer\"><img decoding=\"async\" class=\"alignright wp-image-4885\" src=\"http:\/\/www.dramaction.qc.ca\/fr\/wp-content\/uploads\/2017\/01\/capturepage-1.png\" width=\"163\" height=\"208\" srcset=\"https:\/\/www.dramaction.qc.ca\/fr\/wp-content\/uploads\/2017\/01\/capturepage-1-500x642.png 500w, https:\/\/www.dramaction.qc.ca\/fr\/wp-content\/uploads\/2017\/01\/capturepage-1-768x987.png 768w\" sizes=\"(max-width: 163px) 100vw, 163px\" \/><\/a>Lorsque j&#8217;ai commenc\u00e9 \u00e0 enseigner le th\u00e9\u00e2tre, je savais qu&#8217;il y avait beaucoup de ressources pour m&#8217;aider, mais aucune ne m&#8217;aidait \u00e0 am\u00e9liorer concr\u00e8tement ma pratique dans une programmation progressive.\u00a0 On ne m&#8217;offrait pas d&#8217;outils ou de trucs pour am\u00e9liorer le jeu d&#8217;acteur.<\/p>\n<p>\u00c9ventuellement, je me suis rendu compte que la meilleure &#8220;\u00e9cole&#8221;, c&#8217;est de voir des enseignants comp\u00e9tents enseigner avec leurs \u00e9l\u00e8ves&#8230; dans l&#8217;action.\u00a0 Rien ne peut remplacer l&#8217;exp\u00e9rience de se trouver dans une classe et de constater directement ce qui fonctionne bien ou non et surtout&#8230; pourquoi !<\/p>\n<p>Ce livre est con\u00e7u pour reproduire cette exp\u00e9rience que j&#8217;ai eu la chance de vivre. J&#8217;ai donc condens\u00e9 10 ans d&#8217;exp\u00e9rience (avec plus de 20 000 \u00e9l\u00e8ves dans le r\u00e9seau public d&#8217;enseignement de New York) en 16 ateliers pratiques \u00e9prouv\u00e9s. Apr\u00e8s avoir lu le livre, vous aurez sans doute l&#8217;impression d&#8217;avoir pu observer les meilleurs experts de l&#8217;enseignement du th\u00e9\u00e2tre pr\u00e9senter le th\u00e9\u00e2tre \u00e0 leurs \u00e9l\u00e8ves.<\/p>\n<p style=\"text-align: center;\"><strong><a href=\"http:\/\/www.dramaction.qc.ca\/fr\/wp-content\/uploads\/2017\/01\/Enseigner-le-th\u00e9\u00e2tre-le-guide-essentiel-aper\u00e7u.pdf\" target=\"_blank\" rel=\"noopener noreferrer\">Cliquez ici pour un extrait (premier atelier complet) !<\/a><\/strong><\/p>\n<div class=\"star-row\">\n<p>\u00a0<img decoding=\"async\" class=\"alignleft size-full wp-image-4880\" src=\"http:\/\/www.dramaction.qc.ca\/fr\/wp-content\/uploads\/2017\/01\/star.png\" alt=\"\" width=\"940\" height=\"23\" srcset=\"https:\/\/www.dramaction.qc.ca\/fr\/wp-content\/uploads\/2017\/01\/star.png 940w, https:\/\/www.dramaction.qc.ca\/fr\/wp-content\/uploads\/2017\/01\/star-500x12.png 500w, https:\/\/www.dramaction.qc.ca\/fr\/wp-content\/uploads\/2017\/01\/star-768x18.png 768w\" sizes=\"(max-width: 940px) 100vw, 940px\" \/><\/p>\n<\/div>\n<p>&nbsp;<\/p>\n<p><strong>Quelles comp\u00e9tences sont vis\u00e9es dans ce livre ?<\/strong><\/p>\n<p><strong>Les points suivants ne sont que quelques points couverts au cours des ateliers :<\/strong><\/p>\n<p>\u2713\u00a0 <strong>Qu&#8217;est-ce que le th\u00e9\u00e2tre ?<\/strong> Les \u00e9l\u00e8ves apprendront que le th\u00e9\u00e2tre est l&#8217;art de raconter des histoires en jouant des personnages devant public.<br \/>\n\u2713 \u00a0<strong>Cr\u00e9er un groupe.<\/strong> Les \u00e9l\u00e8ves travailleront ensemble, b\u00e2tiront leur confiance et apprendront \u00e0 impliquer tous les \u00e9l\u00e8ves pour le bien de la performance.<br \/>\n\u2713 \u00a0<strong>Mouvement et espace.<\/strong> Les \u00e9l\u00e8ves apprendront comment le pantomime et le comportement aident \u00e0 raconter une histoire.<br \/>\n\u2713 \u00a0<strong>Construction du personnage.<\/strong> Les \u00e9l\u00e8ves apprendront ce qui rend un personnage unique et comment cr\u00e9er des personnages coh\u00e9rents sur sc\u00e8ne.<br \/>\n\u2713 \u00a0<strong>Objectifs et tactiques.<\/strong> Les \u00e9l\u00e8ves apprendront \u00e0 r\u00e9fl\u00e9chir au &#8220;pourquoi&#8221; derri\u00e8re chaque d\u00e9cision ou action.<br \/>\n\u2713\u00a0 <strong>Voix.<\/strong> Les \u00e9l\u00e8ves comprendront l&#8217;importance de l&#8217;articulation, de la projection et des variations de voix.<br \/>\n\u2713\u00a0 <strong>\u00c9coute et r\u00e9action. <\/strong>Les \u00e9l\u00e8ves comprendront comment rester pr\u00e9sents, \u00e0 l&#8217;\u00e9coute et en r\u00e9action pour devenir de meilleurs acteurs.<br \/>\n\u2713\u00a0 <strong>Directions sur sc\u00e8ne et blocage<\/strong><strong>.<\/strong> Les \u00e9l\u00e8ves comprendront les principes du &#8220;blocage&#8221; et comment b\u00e2tir une mise en sc\u00e8ne sans directives.<\/p>\n<p><strong>Et plus encore !<\/strong><\/p>\n<div class=\"star-row\">\u00a0<img decoding=\"async\" class=\"alignleft size-full wp-image-4880\" src=\"http:\/\/www.dramaction.qc.ca\/fr\/wp-content\/uploads\/2017\/01\/star.png\" alt=\"\" width=\"940\" height=\"23\" srcset=\"https:\/\/www.dramaction.qc.ca\/fr\/wp-content\/uploads\/2017\/01\/star.png 940w, https:\/\/www.dramaction.qc.ca\/fr\/wp-content\/uploads\/2017\/01\/star-500x12.png 500w, https:\/\/www.dramaction.qc.ca\/fr\/wp-content\/uploads\/2017\/01\/star-768x18.png 768w\" sizes=\"(max-width: 940px) 100vw, 940px\" \/><\/div>\n<p><strong>Une ressource de confiance<br \/>\n<\/strong><\/p>\n<p><img decoding=\"async\" class=\"alignright size-full wp-image-4882\" src=\"http:\/\/www.dramaction.qc.ca\/fr\/wp-content\/uploads\/2017\/01\/Denver-Casado-Headshot-small.jpg\" alt=\"\" width=\"322\" height=\"221\" srcset=\"https:\/\/www.dramaction.qc.ca\/fr\/wp-content\/uploads\/2017\/01\/Denver-Casado-Headshot-small.jpg 322w, https:\/\/www.dramaction.qc.ca\/fr\/wp-content\/uploads\/2017\/01\/Denver-Casado-Headshot-small-500x343.jpg 500w, https:\/\/www.dramaction.qc.ca\/fr\/wp-content\/uploads\/2017\/01\/Denver-Casado-Headshot-small-768x527.jpg 768w\" sizes=\"(max-width: 322px) 100vw, 322px\" \/>Depuis plus de 10 ans, DENVER CASADO a travaill\u00e9 comme enseignant d\u2019arts pour diff\u00e9rents centres d&#8217;enseignement importants de la ville de New York dont Disney Theatricals, New York City Center et Young Audiences New York. L&#8217;approche novatrice de Denver dans l&#8217;exploration du th\u00e9\u00e2tre avec des enfants lui a permis d\u2019agir \u00e0 titre de conf\u00e9rencier invit\u00e9 aux conf\u00e9rences American Association of Community Theatre et American Alliance for Theatre Education.<\/p>\n<p>En 2011, il a re\u00e7u le prix All Stars Projects\u2019 Phyllis Hyman award, en reconnaissance \u00e0 son importante contribution au d\u00e9veloppement cr\u00e9atif de plus de 20 000 jeunes fr\u00e9quentant les \u00e9coles publiques de la ville de New York. Denver est dipl\u00f4m\u00e9 de l&#8217;universit\u00e9 Steinhardt School of Education de New York.<\/p>\n","protected":false},"excerpt":{"rendered":"<h3><span style=\"color: #800000; font-family: georgia,palatino,serif;\">NOUVEAU ET EXCLUSIF \u00c0 DRAMACTION\u00a0<\/span><\/h3>\n<blockquote><p><em>Des exercices, c&#8217;est super&#8230; mais comment monter des plans de cours efficaces et amusants ?<\/em><\/p><\/blockquote>\n<p>Nous vous proposons la solution.<\/p>\n<p>Dramaction pr\u00e9sente &#8220;<strong>Enseigner le th\u00e9\u00e2tre, le guide essentiel<\/strong>&#8220;, un livre \u00e9lectronique de 47 pages (t\u00e9l\u00e9chargement PDF) contenant 16 ateliers pr\u00e9par\u00e9s qui transformera la fa\u00e7on dont vous enseignez aux enfants et adolescents !<\/p>\n<p>Que vous soyez un nouvel enseignant qui doit trouver de l&#8217;inspiration pour une premi\u00e8re ann\u00e9e ou un enseignant d&#8217;exp\u00e9rience cherchant de nouvelles id\u00e9es, cette ressource vous donnera des outils pour am\u00e9liorer le jeu de vos jeunes acteurs&#8230; \u00e0 coup s\u00fbr !<\/p>\n<p><strong>Pour aller plus loin que les exercices de th\u00e9\u00e2tre.<\/strong><\/p>\n<p><span style=\"color: #ff0000;\">Prix de lancement 27.97 $, jusqu&#8217;au 31 mars seulement !<\/span><\/p>\n","protected":false},"featured_media":4921,"comment_status":"open","ping_status":"closed","template":"","meta":[],"product_brand":[],"product_cat":[150],"product_tag":[],"class_list":{"0":"post-4878","1":"product","2":"type-product","3":"status-publish","4":"has-post-thumbnail","6":"product_cat-exercices-et-ressources","7":"wcpv_product_vendors-denver","9":"first","10":"instock","11":"featured","12":"downloadable","13":"sold-individually","14":"shipping-taxable","15":"purchasable","16":"product-type-simple"},"jetpack_sharing_enabled":true,"_links":{"self":[{"href":"https:\/\/www.dramaction.qc.ca\/fr\/wp-json\/wp\/v2\/product\/4878","targetHints":{"allow":["GET"]}}],"collection":[{"href":"https:\/\/www.dramaction.qc.ca\/fr\/wp-json\/wp\/v2\/product"}],"about":[{"href":"https:\/\/www.dramaction.qc.ca\/fr\/wp-json\/wp\/v2\/types\/product"}],"replies":[{"embeddable":true,"href":"https:\/\/www.dramaction.qc.ca\/fr\/wp-json\/wp\/v2\/comments?post=4878"}],"wp:featuredmedia":[{"embeddable":true,"href":"https:\/\/www.dramaction.qc.ca\/fr\/wp-json\/wp\/v2\/media\/4921"}],"wp:attachment":[{"href":"https:\/\/www.dramaction.qc.ca\/fr\/wp-json\/wp\/v2\/media?parent=4878"}],"wp:term":[{"taxonomy":"product_brand","embeddable":true,"href":"https:\/\/www.dramaction.qc.ca\/fr\/wp-json\/wp\/v2\/product_brand?post=4878"},{"taxonomy":"product_cat","embeddable":true,"href":"https:\/\/www.dramaction.qc.ca\/fr\/wp-json\/wp\/v2\/product_cat?post=4878"},{"taxonomy":"product_tag","embeddable":true,"href":"https:\/\/www.dramaction.qc.ca\/fr\/wp-json\/wp\/v2\/product_tag?post=4878"}],"curies":[{"name":"wp","href":"https:\/\/api.w.org\/{rel}","templated":true}]}}