{"id":4830,"date":"2016-01-08T14:52:25","date_gmt":"2016-01-08T19:52:25","guid":{"rendered":"http:\/\/www.dramaction.qc.ca\/fr\/?post_type=product&#038;p=4830"},"modified":"2017-03-15T08:10:39","modified_gmt":"2017-03-15T12:10:39","slug":"droits-de-representation","status":"publish","type":"product","link":"https:\/\/www.dramaction.qc.ca\/fr\/produit\/droits-de-representation\/","title":{"rendered":"Droits de repr\u00e9sentation"},"content":{"rendered":"<p>Cette page sert \u00e0 acquitter les droits de repr\u00e9sentation pour une pi\u00e8ce de th\u00e9\u00e2tre compl\u00e8te.\u00a0 C&#8217;est-\u00e0-dire lorsque vous jouez l&#8217;int\u00e9gralit\u00e9 d&#8217;un texte achet\u00e9 sur ce site.<\/p>\n<p>Vous devez payer les droits de repr\u00e9sentation pour chaque repr\u00e9sentation.<\/p>\n<p>Nous consid\u00e9rons une repr\u00e9sentation la repr\u00e9sentation de l\u2019\u0153uvre devant public que ce soit une repr\u00e9sentation payant ou non.\u00a0 <em>Certains exceptions peuvent s&#8217;appliquer<\/em>, pour en discuter ou si vous avez des questions, n&#8217;h\u00e9sitez pas \u00e0 <a href=\"http:\/\/www.dramaction.qc.ca\/fr\/participer-au-site\/\">communiquer avec nous.<\/a><\/p>\n<p>Merci de respecter les droits d&#8217;auteur !<\/p>\n","protected":false},"excerpt":{"rendered":"<p>Cette page sert \u00e0 acquitter les droits de repr\u00e9sentation pour une pi\u00e8ce de th\u00e9\u00e2tre compl\u00e8te.\u00a0 C&#8217;est-\u00e0-dire lorsque vous jouez l&#8217;int\u00e9gralit\u00e9 d&#8217;un texte achet\u00e9 sur ce site. Vous devez payer les droits de repr\u00e9sentation pour chaque repr\u00e9sentation. Nous consid\u00e9rons une repr\u00e9sentation la repr\u00e9sentation de l\u2019\u0153uvre devant public que ce soit une repr\u00e9sentation payant ou non.\u00a0 Certains [&hellip;]<\/p>\n","protected":false},"featured_media":4831,"comment_status":"open","ping_status":"closed","template":"","meta":[],"product_brand":[],"product_cat":[237,177],"product_tag":[],"class_list":{"0":"post-4830","1":"product","2":"type-product","3":"status-publish","4":"has-post-thumbnail","6":"product_cat-droits-dauteur","7":"product_cat-pieces-de-theatre","9":"first","10":"instock","11":"shipping-taxable","12":"purchasable","13":"product-type-variable"},"jetpack_sharing_enabled":true,"_links":{"self":[{"href":"https:\/\/www.dramaction.qc.ca\/fr\/wp-json\/wp\/v2\/product\/4830","targetHints":{"allow":["GET"]}}],"collection":[{"href":"https:\/\/www.dramaction.qc.ca\/fr\/wp-json\/wp\/v2\/product"}],"about":[{"href":"https:\/\/www.dramaction.qc.ca\/fr\/wp-json\/wp\/v2\/types\/product"}],"replies":[{"embeddable":true,"href":"https:\/\/www.dramaction.qc.ca\/fr\/wp-json\/wp\/v2\/comments?post=4830"}],"wp:featuredmedia":[{"embeddable":true,"href":"https:\/\/www.dramaction.qc.ca\/fr\/wp-json\/wp\/v2\/media\/4831"}],"wp:attachment":[{"href":"https:\/\/www.dramaction.qc.ca\/fr\/wp-json\/wp\/v2\/media?parent=4830"}],"wp:term":[{"taxonomy":"product_brand","embeddable":true,"href":"https:\/\/www.dramaction.qc.ca\/fr\/wp-json\/wp\/v2\/product_brand?post=4830"},{"taxonomy":"product_cat","embeddable":true,"href":"https:\/\/www.dramaction.qc.ca\/fr\/wp-json\/wp\/v2\/product_cat?post=4830"},{"taxonomy":"product_tag","embeddable":true,"href":"https:\/\/www.dramaction.qc.ca\/fr\/wp-json\/wp\/v2\/product_tag?post=4830"}],"curies":[{"name":"wp","href":"https:\/\/api.w.org\/{rel}","templated":true}]}}