{"id":4828,"date":"2016-01-08T14:51:24","date_gmt":"2016-01-08T19:51:24","guid":{"rendered":"http:\/\/www.dramaction.qc.ca\/fr\/?post_type=product&#038;p=4828"},"modified":"2017-03-15T08:10:48","modified_gmt":"2017-03-15T12:10:48","slug":"droits-de-reproduction","status":"publish","type":"product","link":"https:\/\/www.dramaction.qc.ca\/fr\/produit\/droits-de-reproduction\/","title":{"rendered":"Droits de reproduction"},"content":{"rendered":"<p>Cette page sert \u00e0 acquitter les droits de REPRODUCTION pour une pi\u00e8ce de th\u00e9\u00e2tre compl\u00e8te.<\/p>\n<p>Vous devez payer les droits de reproduction pour chaque copie que vous faites pour vos \u00e9l\u00e8ves.<\/p>\n<p>Par exemple, si vous reproduisez 15 copies, vous devez acquitter 30$ can (15X2$)<\/p>\n<p>Merci de respecter le droit d&#8217;auteur !<\/p>\n","protected":false},"excerpt":{"rendered":"<p>Cette page sert \u00e0 acquitter les droits de REPRODUCTION pour une pi\u00e8ce de th\u00e9\u00e2tre compl\u00e8te. Vous devez payer les droits de reproduction pour chaque copie que vous faites pour vos \u00e9l\u00e8ves. Par exemple, si vous reproduisez 15 copies, vous devez acquitter 30$ can (15X2$) Merci de respecter le droit d&#8217;auteur !<\/p>\n","protected":false},"featured_media":4829,"comment_status":"open","ping_status":"closed","template":"","meta":[],"product_brand":[],"product_cat":[237],"product_tag":[],"class_list":{"0":"post-4828","1":"product","2":"type-product","3":"status-publish","4":"has-post-thumbnail","6":"product_cat-droits-dauteur","8":"first","9":"instock","10":"virtual","11":"purchasable","12":"product-type-simple"},"jetpack_sharing_enabled":true,"_links":{"self":[{"href":"https:\/\/www.dramaction.qc.ca\/fr\/wp-json\/wp\/v2\/product\/4828","targetHints":{"allow":["GET"]}}],"collection":[{"href":"https:\/\/www.dramaction.qc.ca\/fr\/wp-json\/wp\/v2\/product"}],"about":[{"href":"https:\/\/www.dramaction.qc.ca\/fr\/wp-json\/wp\/v2\/types\/product"}],"replies":[{"embeddable":true,"href":"https:\/\/www.dramaction.qc.ca\/fr\/wp-json\/wp\/v2\/comments?post=4828"}],"wp:featuredmedia":[{"embeddable":true,"href":"https:\/\/www.dramaction.qc.ca\/fr\/wp-json\/wp\/v2\/media\/4829"}],"wp:attachment":[{"href":"https:\/\/www.dramaction.qc.ca\/fr\/wp-json\/wp\/v2\/media?parent=4828"}],"wp:term":[{"taxonomy":"product_brand","embeddable":true,"href":"https:\/\/www.dramaction.qc.ca\/fr\/wp-json\/wp\/v2\/product_brand?post=4828"},{"taxonomy":"product_cat","embeddable":true,"href":"https:\/\/www.dramaction.qc.ca\/fr\/wp-json\/wp\/v2\/product_cat?post=4828"},{"taxonomy":"product_tag","embeddable":true,"href":"https:\/\/www.dramaction.qc.ca\/fr\/wp-json\/wp\/v2\/product_tag?post=4828"}],"curies":[{"name":"wp","href":"https:\/\/api.w.org\/{rel}","templated":true}]}}