{"id":4740,"date":"2017-01-02T15:46:32","date_gmt":"2017-01-02T20:46:32","guid":{"rendered":"http:\/\/www.dramaction.qc.ca\/fr\/?post_type=product&#038;p=4740"},"modified":"2017-09-01T19:45:13","modified_gmt":"2017-09-01T23:45:13","slug":"vaisseau-special","status":"publish","type":"product","link":"https:\/\/www.dramaction.qc.ca\/fr\/produit\/vaisseau-special\/","title":{"rendered":"Vaisseau spe\u0301cial"},"content":{"rendered":"<p><strong>Pi\u00e8ce <\/strong><strong>pour les <\/strong>8-15 ans<\/p>\n<p>11 personnages<br \/>\n(minimum 1 gar\u00e7on ou 1 fille, tous les autres r\u00f4les sont adaptables autour de ce personnage)<\/p>\n<hr \/>\n<p><img decoding=\"async\" class=\"alignleft size-thumbnail wp-image-4365\" src=\"http:\/\/www.dramaction.qc.ca\/fr\/wp-content\/uploads\/2016\/12\/photololo-150x150.jpg\" alt=\"\" width=\"150\" height=\"150\" srcset=\"https:\/\/www.dramaction.qc.ca\/fr\/wp-content\/uploads\/2016\/12\/photololo-150x150.jpg 150w, https:\/\/www.dramaction.qc.ca\/fr\/wp-content\/uploads\/2016\/12\/photololo-200x200.jpg 200w, https:\/\/www.dramaction.qc.ca\/fr\/wp-content\/uploads\/2016\/12\/photololo-100x100.jpg 100w, https:\/\/www.dramaction.qc.ca\/fr\/wp-content\/uploads\/2016\/12\/photololo-300x300.jpg 300w, https:\/\/www.dramaction.qc.ca\/fr\/wp-content\/uploads\/2016\/12\/photololo-1024x1024.jpg 1024w\" sizes=\"(max-width: 150px) 100vw, 150px\" \/><strong>Auteur<\/strong> :\u00a0 Laurent Leca<\/p>\n<p>Informaticien, com\u00e9dien, metteur en sc\u00e8ne, auteur de chansons et de th\u00e9\u00e2tre, responsable des ateliers th\u00e9\u00e2tre de l\u2019association \u00ab\u00a0Th\u00e9\u00e2tre Off Meyreuil\u00a0\u00bb (TOM)<\/p>\n<p><strong>Nombre de personnages<\/strong> : 11 personnages<br \/>\n(minimum 1 gar\u00e7on ou 1 fille, tous les autres r\u00f4les sont adaptables autour de ce personnage)<br \/>\n<strong>Niveau de langue<\/strong> : Fran\u00e7ais international<br \/>\n<strong>Dur\u00e9e<\/strong> : 45 minutes<br \/>\n<strong>Nombre de pages<\/strong> : 20<\/p>\n<p><strong>R\u00e9sum\u00e9 de la pi\u00e8ce :<\/strong><\/p>\n<p>Pour ce voyage en navette vers la Terre, le Commandant et son \u00e9quipage attendent les passagers. Trois s\u0153urs qui se sont tromp\u00e9es de vaisseau, et quatre invit\u00e9s de marque, dont la fille du Pr\u00e9sident de la Terre, qui veut faire une surprise \u00e0 son p\u00e8re.<\/p>\n<p>\u00c9videmment, les choses se compliquent quand la navette refuse de d\u00e9coller&#8230;<\/p>\n<p><strong>Extrait disponibles<\/strong> : <a href=\"http:\/\/www.dramaction.qc.ca\/fr\/wp-content\/uploads\/2017\/01\/Vaisseau-spe\u0301cial-final-partiel1.pdf\">EXTRAIT &#8211; Vaisseau spe\u0301cial<\/a><\/p>\n<p><strong>O\u00f9 la pi\u00e8ce a \u00e9t\u00e9 jou\u00e9e :\u00a0\u00a0<\/strong>elle sera jou\u00e9e en mai au Journ\u00e9es des Arts Vivants de Meyreuil(JAV)<\/p>\n<p><strong>\u00a0Vous montez ce spectacle ?<\/strong><\/p>\n<p>Acheter le texte ne vous donne pas les droits de repr\u00e9senter devant public.\u00a0 Il vous permets de travailler les textes en classe avec vos \u00e9l\u00e8ves.<\/p>\n<p><strong>Notez que les \u00e9coles du Qu\u00e9bec\u00a0b\u00e9n\u00e9ficient d&#8217;une entente entre la SOQAD (La Soci\u00e9t\u00e9 qu\u00e9b\u00e9coise des auteurs dramatiques) et le MEES (Minist\u00e8re de l\u2019\u00c9ducation et de l\u2019Enseignement sup\u00e9rieur) qui d\u00e9fraie les droits de repr\u00e9sentation en milieu scolaire.\u00a0\u00a0Mais pour que l\u2019auteur re\u00e7oive ses droits, il faut alors remplir un formulaire sur le\u00a0<a href=\"http:\/\/www.aqad.qc.ca\/utilisateur\/ecole-primaires-secondaires\/declaration-de-representation\">http:\/\/www.aqad.qc.ca\/utilisateur\/ecole-primaires-secondaires\/declaration-de-representation<\/a><\/strong><\/p>\n<p><strong><\/strong><\/p>\n","protected":false},"excerpt":{"rendered":"<p>Pi\u00e8ce pour 8-15<\/p>\n<p>11 personnages<\/p>\n<p>minimum 1 gar\u00e7on ou 1 fille, tous les autres r\u00f4les sont adaptables autour de ce personnage<\/p>\n","protected":false},"featured_media":4743,"comment_status":"open","ping_status":"closed","template":"","meta":[],"product_brand":[],"product_cat":[178,186,235,177,180],"product_tag":[],"class_list":{"0":"post-4740","1":"product","2":"type-product","3":"status-publish","4":"has-post-thumbnail","6":"product_cat-8-12-ans","7":"product_cat-auteurs-europeens","8":"product_cat-laurent-leca","9":"product_cat-pieces-de-theatre","10":"product_cat-secondaire-12-et","12":"first","13":"instock","14":"shipping-taxable","15":"product-type-grouped"},"jetpack_sharing_enabled":true,"_links":{"self":[{"href":"https:\/\/www.dramaction.qc.ca\/fr\/wp-json\/wp\/v2\/product\/4740","targetHints":{"allow":["GET"]}}],"collection":[{"href":"https:\/\/www.dramaction.qc.ca\/fr\/wp-json\/wp\/v2\/product"}],"about":[{"href":"https:\/\/www.dramaction.qc.ca\/fr\/wp-json\/wp\/v2\/types\/product"}],"replies":[{"embeddable":true,"href":"https:\/\/www.dramaction.qc.ca\/fr\/wp-json\/wp\/v2\/comments?post=4740"}],"wp:featuredmedia":[{"embeddable":true,"href":"https:\/\/www.dramaction.qc.ca\/fr\/wp-json\/wp\/v2\/media\/4743"}],"wp:attachment":[{"href":"https:\/\/www.dramaction.qc.ca\/fr\/wp-json\/wp\/v2\/media?parent=4740"}],"wp:term":[{"taxonomy":"product_brand","embeddable":true,"href":"https:\/\/www.dramaction.qc.ca\/fr\/wp-json\/wp\/v2\/product_brand?post=4740"},{"taxonomy":"product_cat","embeddable":true,"href":"https:\/\/www.dramaction.qc.ca\/fr\/wp-json\/wp\/v2\/product_cat?post=4740"},{"taxonomy":"product_tag","embeddable":true,"href":"https:\/\/www.dramaction.qc.ca\/fr\/wp-json\/wp\/v2\/product_tag?post=4740"}],"curies":[{"name":"wp","href":"https:\/\/api.w.org\/{rel}","templated":true}]}}