{"id":4424,"date":"2016-12-18T11:49:43","date_gmt":"2016-12-18T16:49:43","guid":{"rendered":"http:\/\/www.dramaction.qc.ca\/fr\/produit\/les-precieuses-les-bolosses\/"},"modified":"2017-09-01T19:49:26","modified_gmt":"2017-09-01T23:49:26","slug":"les-precieuses-les-bolosses","status":"publish","type":"product","link":"https:\/\/www.dramaction.qc.ca\/fr\/produit\/les-precieuses-les-bolosses\/","title":{"rendered":"Les pr\u00e9cieuses et les bolosses"},"content":{"rendered":"<p><strong>Pi\u00e8ce <\/strong><strong>pour <\/strong>14 \u00e0 17 ans<\/p>\n<p>Com\u00e9die tr\u00e8s librement inspir\u00e9e de <em>l&#8217;Illusion Comique<\/em> de Corneille.<\/p>\n<p>9 femmes \/ 5 hommes<\/p>\n<hr \/>\n<p><img decoding=\"async\" class=\"alignleft size-thumbnail wp-image-4428\" src=\"http:\/\/www.dramaction.qc.ca\/fr\/wp-content\/uploads\/2016\/12\/jpz-150x150.jpg\" alt=\"\" width=\"150\" height=\"150\" srcset=\"https:\/\/www.dramaction.qc.ca\/fr\/wp-content\/uploads\/2016\/12\/jpz-150x150.jpg 150w, https:\/\/www.dramaction.qc.ca\/fr\/wp-content\/uploads\/2016\/12\/jpz-200x200.jpg 200w, https:\/\/www.dramaction.qc.ca\/fr\/wp-content\/uploads\/2016\/12\/jpz-100x100.jpg 100w, https:\/\/www.dramaction.qc.ca\/fr\/wp-content\/uploads\/2016\/12\/jpz-300x300.jpg 300w, https:\/\/www.dramaction.qc.ca\/fr\/wp-content\/uploads\/2016\/12\/jpz-1024x1024.jpg 1024w\" sizes=\"(max-width: 150px) 100vw, 150px\" \/><strong>Auteur<\/strong> : Zedman<\/p>\n<p>Professeur documentaliste enseignant \u00e0 Lyon.<\/p>\n<p>Anime un atelier th\u00e9\u00e2tre et audiovisuel en coll\u00e8ge. Pratique le th\u00e9\u00e2tre amateur.<\/p>\n<p><strong>Nombre de personnages<\/strong> : 9 femmes \/ 5 hommes<br \/>\n<strong>Niveau de langue<\/strong> : Fran\u00e7ais international<br \/>\n<strong>Dur\u00e9e<\/strong> : 30 minutes<br \/>\n<strong>Nombre de pages<\/strong> : 19<\/p>\n<p><strong>R\u00e9sum\u00e9 de la pi\u00e8ce :<\/strong><\/p>\n<p>Mariane, une m\u00e8re inqui\u00e8te de la disparition de sa fille Louise qui a fugu\u00e9, se rend chez une magicienne de grande renomm\u00e9e pour tenter de la retrouver. Celle-ci, au moyen d&#8217;un artifice lui permet de la voir sous forme d&#8217;illusion en compagnie de gens d&#8217;apparences peu recommandables repousser les avances de G\u00e9ronimo, un gar\u00e7on \u00e9pris d&#8217;elle.<\/p>\n<p>&nbsp;<\/p>\n<p>Elle fait part \u00e0 la magicienne de la crainte que lui inspire ce gar\u00e7on qui lui semble violent \u00e0 l&#8217;\u00e9gard de Louise (qu&#8217;il appelle<\/p>\n<p>Juliette) et jaloux d&#8217;un certain Don Juan.<\/p>\n<p>&nbsp;<\/p>\n<p>Dans un riche salon, la marquise Yseult, son fr\u00e8re le baron Don Juan, fanfaron m\u00e9galomane, et trois pr\u00e9cieuses dansent sur une musique de Purcell. Scapin, valet de Don Juan, et Marotte, sa femme s&#8217;affairent aux t\u00e2ches domestiques. La comtesse B\u00e9r\u00e9nice danse avec Don Juan et lui fait part de la crainte que lui inspirent les bolosses.<\/p>\n<p>&nbsp;<\/p>\n<p>A ce moment, la porte s&#8217;ouvre et les bolosses font irruption dans la pi\u00e8ce. A leur t\u00eate, Louise (Juliette). Ils dansent du hip-hop sur la musique de Purcell devant les pr\u00e9cieuses p\u00e9trifi\u00e9es. Don Juan se cache sous une table et s&#8217;\u00e9vanouit. Quand Scapin vient le ranimer, il se met en col\u00e8re, furieux qu&#8217;on ait pu le soup\u00e7onner de couardise. A ce moment, il voit Juliette et, retrouvant son panache, entreprend de la s\u00e9duire. Son charme n&#8217;op\u00e8re pas comme il l&#8217;aurait souhait\u00e9 et il se fait \u00e9conduire de mani\u00e8re spectaculaire et humiliante devant toute l&#8217;assistance. Il quitte la pi\u00e8ce tout honteux. Les pr\u00e9cieuses mal remises de leurs \u00e9motions vont lui embo\u00eeter le pas. Les bolosses partent aussi. Seuls restent Scapin et Marotte qui d\u00e9barrassent les tables, ainsi que la marquise Yseult et Juliette. Les deux jeunes filles se regardent et semblent troubl\u00e9es. Juliette sort pour rejoindre les bolosses tandis que la marquise reste dans le salon semblant en proie \u00e0 des sentiments contradictoires. Juliette, revient quelques instants apr\u00e8s. Toutes deux se parlent avec un trouble qui va croissant. On apprend qu&#8217;elles ont \u00e9t\u00e9 amies et qu&#8217;elles fr\u00e9quentaient la m\u00eame \u00e9cole. On comprend qu&#8217;entre elles vient de se produire un coup de foudre.<\/p>\n<p>&nbsp;<\/p>\n<p>Mariane fait part \u00e0 la magicienne de ses inqui\u00e9tudes concernant la situation.<\/p>\n<p>&nbsp;<\/p>\n<p>Le lendemain, dans le m\u00eame salon, les pr\u00e9cieuses commentent ces derniers \u00e9v\u00e9nements \u00e0 leur fa\u00e7on et nous apprennent que la Marquise et Juliette passent d\u00e9sormais beaucoup de temps ensemble et semblent amoureuses l&#8217;une de l&#8217;autre. Don Juan ne s&#8217;est pas montr\u00e9 depuis son humiliation publique.<\/p>\n<p>Le surlendemain, une des pr\u00e9cieuses arrive au salon accompagn\u00e9e des bolosses (sans G\u00e9ronimo qui ne se montre plus lui non plus). Apr\u00e8s un moment de g\u00eane, bolosses et pr\u00e9cieuses commencent \u00e0 fraterniser.<\/p>\n<p>&nbsp;<\/p>\n<p>&nbsp;<\/p>\n<p>Le surlendemain, Juliette qui rentre de la campagne avec la Marquise Yseult lui fait part de la crainte qu&#8217;elle a d&#8217;avoir \u00e9t\u00e9 suivie par G\u00e9ronimo. La marquise lui propose de la raccompagner chez elle apr\u00e8s s&#8217;\u00eatre coiff\u00e9e par jeu du chapeau oubli\u00e9 par son fr\u00e8re. Elles arrivent en bas du grand escalier o\u00f9 G\u00e9ronimo jaloux, dissimul\u00e9 dans un recoin, sort de sa cachette et poignarde la marquise la prenant pour don Juan. Alert\u00e9s par les cris de Juliette, les bolosses la portent dans le salon o\u00f9 elle succombe \u00e0 sa blessure. Juliette terrass\u00e9e par la douleur s&#8217;effondre pr\u00e8s du corps d&#8217;Yseult et meurt \u00e0 son tour.<\/p>\n<p>&nbsp;<\/p>\n<p>Mariane, effondr\u00e9e par la mort de sa fille assiste \u00e0 ses fun\u00e9railles.<\/p>\n<p>&nbsp;<\/p>\n<p>Tous, \u00e0 l&#8217;exception de Don Juan et de G\u00e9ronimo se mettent en cercle autour des deux corps et, sur une musique de Purcell d\u00e9clament des paroles pr\u00f4nant la paix et la r\u00e9conciliation entre tous.<\/p>\n<p>&nbsp;<\/p>\n<p>Avec un \u00e9tonnement m\u00eal\u00e9e de joie, Mariane voit alors les deux d\u00e9funtes se lever et venir dans le groupe o\u00f9 elles viennent donner la main \u00e0 deux hommes arriv\u00e9s pendant le chant et dont les visages sont couverts d&#8217;un masque \u00e9trange (\u00e9voquant des hommes politiques connus). Ce sont G\u00e9ronimo et Don Juan apr\u00e8s leurs op\u00e9rations rat\u00e9es). L&#8217;un des bolosses f\u00e9licite tout le monde et Mariane apr\u00e8s un temps d&#8217;incompr\u00e9hension comprend qu&#8217;elle vient d&#8217;assister \u00e0 la g\u00e9n\u00e9rale d&#8217;une trag\u00e9die jou\u00e9e par une troupe de com\u00e9diens dont fait partie sa fille.<\/p>\n<p>&nbsp;<\/p>\n<p>Heureuse dans un premier temps de la savoir en vie et dans un second temps d\u00e9\u00e7ue que sa fille ne soit \u00ab\u00a0que\u00a0\u00bb com\u00e9dienne, elle est rassur\u00e9e par la magicienne qui arrive \u00e0 la convaincre que Louise a trouv\u00e9 l\u00e0 le m\u00e9tier qui la rend heureuse et que le th\u00e9\u00e2tre est la plus belle chose au monde.<\/p>\n<p><strong>Extrait disponibles<\/strong> : <a href=\"http:\/\/www.dramaction.qc.ca\/fr\/wp-content\/uploads\/2016\/12\/Extrait-bolosse.doc\">Extrait-bolosse<\/a><\/p>\n<p><strong>O\u00f9 la pi\u00e8ce a \u00e9t\u00e9 jou\u00e9e :\u00a0 <\/strong>Salle des Rancy, Lyon<\/p>\n<p><strong>\u00a0Vous montez ce spectacle ?<\/strong><\/p>\n<p>Acheter le texte ne vous donne pas les droits de repr\u00e9senter devant public.\u00a0 Il vous permets de travailler les textes en classe avec vos \u00e9l\u00e8ves.<\/p>\n<p><strong>Notez que les \u00e9coles du Qu\u00e9bec\u00a0b\u00e9n\u00e9ficient d&#8217;une entente entre la SOQAD (La Soci\u00e9t\u00e9 qu\u00e9b\u00e9coise des auteurs dramatiques) et le MEES (Minist\u00e8re de l\u2019\u00c9ducation et de l\u2019Enseignement sup\u00e9rieur) qui d\u00e9fraie les droits de repr\u00e9sentation en milieu scolaire.\u00a0\u00a0Mais pour que l\u2019auteur re\u00e7oive ses droits, il faut alors remplir un formulaire sur le\u00a0<a href=\"http:\/\/www.aqad.qc.ca\/utilisateur\/ecole-primaires-secondaires\/declaration-de-representation\">http:\/\/www.aqad.qc.ca\/utilisateur\/ecole-primaires-secondaires\/declaration-de-representation<\/a><\/strong><\/p>\n","protected":false},"excerpt":{"rendered":"<p>Le r\u00e9sum\u00e9, l&#8217;extrait et les d\u00e9tails de cette pi\u00e8ce se trouvent un peu plus bas dans la page.<\/p>\n<p><strong>Notez que les \u00e9coles du Qu\u00e9bec\u00a0b\u00e9n\u00e9ficient d&#8217;une entente entre la SOQAD (La Soci\u00e9t\u00e9 qu\u00e9b\u00e9coise des auteurs dramatiques) et le MEES (Minist\u00e8re de l\u2019\u00c9ducation et de l\u2019Enseignement sup\u00e9rieur) qui d\u00e9fraie les droits de repr\u00e9sentation en milieu scolaire.\u00a0\u00a0Mais pour que l\u2019auteur re\u00e7oive ses droits, il faut alors remplir un formulaire sur le\u00a0<a href=\"http:\/\/www.aqad.qc.ca\/utilisateur\/ecole-primaires-secondaires\/declaration-de-representation\">http:\/\/www.aqad.qc.ca\/utilisateur\/ecole-primaires-secondaires\/declaration-de-representation<\/a><\/strong><\/p>\n<p>&nbsp;<\/p>\n","protected":false},"featured_media":4430,"comment_status":"open","ping_status":"closed","template":"","meta":[],"product_brand":[],"product_cat":[186,177,180,198],"product_tag":[],"class_list":{"0":"post-4424","1":"product","2":"type-product","3":"status-publish","4":"has-post-thumbnail","6":"product_cat-auteurs-europeens","7":"product_cat-pieces-de-theatre","8":"product_cat-secondaire-12-et","9":"product_cat-zedman","11":"first","12":"instock","13":"shipping-taxable","14":"product-type-grouped"},"jetpack_sharing_enabled":true,"_links":{"self":[{"href":"https:\/\/www.dramaction.qc.ca\/fr\/wp-json\/wp\/v2\/product\/4424","targetHints":{"allow":["GET"]}}],"collection":[{"href":"https:\/\/www.dramaction.qc.ca\/fr\/wp-json\/wp\/v2\/product"}],"about":[{"href":"https:\/\/www.dramaction.qc.ca\/fr\/wp-json\/wp\/v2\/types\/product"}],"replies":[{"embeddable":true,"href":"https:\/\/www.dramaction.qc.ca\/fr\/wp-json\/wp\/v2\/comments?post=4424"}],"wp:featuredmedia":[{"embeddable":true,"href":"https:\/\/www.dramaction.qc.ca\/fr\/wp-json\/wp\/v2\/media\/4430"}],"wp:attachment":[{"href":"https:\/\/www.dramaction.qc.ca\/fr\/wp-json\/wp\/v2\/media?parent=4424"}],"wp:term":[{"taxonomy":"product_brand","embeddable":true,"href":"https:\/\/www.dramaction.qc.ca\/fr\/wp-json\/wp\/v2\/product_brand?post=4424"},{"taxonomy":"product_cat","embeddable":true,"href":"https:\/\/www.dramaction.qc.ca\/fr\/wp-json\/wp\/v2\/product_cat?post=4424"},{"taxonomy":"product_tag","embeddable":true,"href":"https:\/\/www.dramaction.qc.ca\/fr\/wp-json\/wp\/v2\/product_tag?post=4424"}],"curies":[{"name":"wp","href":"https:\/\/api.w.org\/{rel}","templated":true}]}}