{"id":4392,"date":"2016-12-17T19:41:41","date_gmt":"2016-12-18T00:41:41","guid":{"rendered":"http:\/\/www.dramaction.qc.ca\/fr\/produit\/par-la-bouche-de-mes-canons\/"},"modified":"2017-09-01T19:49:56","modified_gmt":"2017-09-01T23:49:56","slug":"par-la-bouche-de-mes-canons","status":"publish","type":"product","link":"https:\/\/www.dramaction.qc.ca\/fr\/produit\/par-la-bouche-de-mes-canons\/","title":{"rendered":"Par la bouche de mes canons !"},"content":{"rendered":"<p><strong>Pi\u00e8ce <\/strong><strong>pour \u00e9l\u00e8ves de 10 \u00e0 17 ans (3e cycle du primaire, 1er et 2e cycle du secondaire)<br \/>\n<\/strong>Pi\u00e8ce de th\u00e9\u00e2tre de <em>Michelle Beaudoin<\/em><\/p>\n<p>Une com\u00e9die historique pour 28-30 com\u00e9diens<\/p>\n<p>21H\/6F\/3 H ou F<br \/>\net deux monologues \u00e0 la mani\u00e8re du conte \u00e0 inventer dans une S.A.\u00c9. et \u00e0 interpr\u00e9ter par deux personnages f\u00e9minins ou masculins.<br \/>\nCette pi\u00e8ce propose le th\u00e9\u00e2tre d&#8217;ombre \u00e0 certains moments particuliers.<\/p>\n<hr \/>\n<p><img decoding=\"async\" class=\"alignleft size-thumbnail wp-image-4355\" src=\"http:\/\/www.dramaction.qc.ca\/fr\/wp-content\/uploads\/2016\/12\/13244666_10153498814711498_8828266541716027676_n-150x150.jpg\" alt=\"\" width=\"150\" height=\"150\" srcset=\"https:\/\/www.dramaction.qc.ca\/fr\/wp-content\/uploads\/2016\/12\/13244666_10153498814711498_8828266541716027676_n-150x150.jpg 150w, https:\/\/www.dramaction.qc.ca\/fr\/wp-content\/uploads\/2016\/12\/13244666_10153498814711498_8828266541716027676_n-200x200.jpg 200w, https:\/\/www.dramaction.qc.ca\/fr\/wp-content\/uploads\/2016\/12\/13244666_10153498814711498_8828266541716027676_n-100x100.jpg 100w, https:\/\/www.dramaction.qc.ca\/fr\/wp-content\/uploads\/2016\/12\/13244666_10153498814711498_8828266541716027676_n-500x500.jpg 500w, https:\/\/www.dramaction.qc.ca\/fr\/wp-content\/uploads\/2016\/12\/13244666_10153498814711498_8828266541716027676_n-300x300.jpg 300w, https:\/\/www.dramaction.qc.ca\/fr\/wp-content\/uploads\/2016\/12\/13244666_10153498814711498_8828266541716027676_n-768x768.jpg 768w, https:\/\/www.dramaction.qc.ca\/fr\/wp-content\/uploads\/2016\/12\/13244666_10153498814711498_8828266541716027676_n-1024x1024.jpg 1024w, https:\/\/www.dramaction.qc.ca\/fr\/wp-content\/uploads\/2016\/12\/13244666_10153498814711498_8828266541716027676_n.jpg 960w\" sizes=\"(max-width: 150px) 100vw, 150px\" \/><strong>Auteur<\/strong> :\u00a0<em>Michelle Beaudoin<\/em><\/p>\n<p>Com\u00e9dienne professionnelle, enseignante en art dramatique au primaire et au secondaire depuis 2000, Michelle Beaudoin \u00e9crit des pi\u00e8ces de th\u00e9\u00e2tre jeunesse pour ses classes depuis de nombreuses ann\u00e9es.<\/p>\n<p>D\u00e9tentrice d&#8217;une ma\u00eetrise en enseignement de l&#8217;art dramatique pour laquelle elle a obtenu une mention honorifique, Michelle se passionne pour la p\u00e9dagogie de son art. C&#8217;est pourquoi ses pi\u00e8ces servent tous les acteurs en offrant des situations dramatiques et des personnages consistants pour aider l&#8217;apprenti \u00e0 d\u00e9velopper son talent, ses techniques et son plaisir de jouer.<\/p>\n<p><strong>Nombre de personnages<\/strong> :<br \/>\n21H\/6F\/3 H ou F<br \/>\net deux monologues \u00e0 la mani\u00e8re du conte \u00e0 inventer dans une S.A.\u00c9. et \u00e0 interpr\u00e9ter par deux personnages f\u00e9minins ou masculins.<br \/>\nCette pi\u00e8ce propose le th\u00e9\u00e2tre d&#8217;ombre \u00e0 certains moments particuliers.<\/p>\n<p><strong>Niveau de langue<\/strong> : Fran\u00e7ais international, accents anglais et vieux fran\u00e7ais.<br \/>\n<strong>Dur\u00e9e<\/strong> : 40 minutes<br \/>\n<strong>Nombre de pages<\/strong> : 33<\/p>\n<p><strong>R\u00e9sum\u00e9 de la pi\u00e8ce :<\/strong><\/p>\n<p>En 1690, le roi d\u2019Angleterre est follement amoureux de la reine d\u2019\u00c9cosse. Pour gagner son coeur, il lui fait le pari de conqu\u00e9rir Qu\u00e9bec, la ville \u00abimprenable\u00bb selon la rumeur. D\u00e8s septembre, les vaisseaux de l\u2019arm\u00e9e britannique, sous les ordres du g\u00e9n\u00e9ral Phips, s\u2019installent devant les remparts de Qu\u00e9bec. Au coeur de la ville, la situation est grave et les habitants sont alarmistes. Ils ont faim, ils se sentent faibles et ils sont moins nombreux que les forces Anglaises. Un \u00e9missaire envoy\u00e9 par Phips viendra bient\u00f4t constater leur faiblesse. C\u2019est alors que Frontenac a une id\u00e9e des plus originales pour d\u00e9jouer Phips. Il leur r\u00e9pondra par la bouche de ses canons. Mais avant tout, pour que son plan fonctionne, il y a beaucoup \u00e0 faire\u2026<\/p>\n<p><strong>Extrait disponibles<\/strong> :\u00a0<a href=\"http:\/\/www.dramaction.qc.ca\/fr\/wp-content\/uploads\/2016\/12\/ExtraitdePARLABOUCHEDEMESCANONS-MichelleBeaudoin.docx.pdf\">ExtraitdePARLABOUCHEDEMESCANONS-MichelleBeaudoin.docx<\/a><\/p>\n<p><strong>O\u00f9 la pi\u00e8ce a \u00e9t\u00e9 jou\u00e9e :\u00a0<\/strong>Coll\u00e8ge Sainte-Marcelline, coll\u00e8ge Stanislas<\/p>\n<p><strong>\u00a0Vous montez ce spectacle ?<\/strong><\/p>\n<p>Acheter le texte ne vous donne pas les droits de repr\u00e9senter devant public.\u00a0 Il vous permets de travailler les textes en classe avec vos \u00e9l\u00e8ves.<\/p>\n<p><strong>Notez que les \u00e9coles du Qu\u00e9bec\u00a0b\u00e9n\u00e9ficient d&#8217;une entente entre la SOQAD (La Soci\u00e9t\u00e9 qu\u00e9b\u00e9coise des auteurs dramatiques) et le MEES (Minist\u00e8re de l\u2019\u00c9ducation et de l\u2019Enseignement sup\u00e9rieur) qui d\u00e9fraie les droits de repr\u00e9sentation en milieu scolaire.\u00a0\u00a0Mais pour que l\u2019auteur re\u00e7oive ses droits, il faut alors remplir un formulaire sur le\u00a0<a href=\"http:\/\/www.aqad.qc.ca\/utilisateur\/ecole-primaires-secondaires\/declaration-de-representation\">http:\/\/www.aqad.qc.ca\/utilisateur\/ecole-primaires-secondaires\/declaration-de-representation<\/a><\/strong><\/p>\n","protected":false},"excerpt":{"rendered":"<p>Le r\u00e9sum\u00e9, l&#8217;extrait et les d\u00e9tails de cette pi\u00e8ce se trouvent un peu plus bas dans la page.<\/p>\n<p><strong>Notez que les \u00e9coles du Qu\u00e9bec\u00a0b\u00e9n\u00e9ficient d&#8217;une entente entre la SOQAD (La Soci\u00e9t\u00e9 qu\u00e9b\u00e9coise des auteurs dramatiques) et le MEES (Minist\u00e8re de l\u2019\u00c9ducation et de l\u2019Enseignement sup\u00e9rieur) qui d\u00e9fraie les droits de repr\u00e9sentation en milieu scolaire.\u00a0\u00a0Mais pour que l\u2019auteur re\u00e7oive ses droits, il faut alors remplir un formulaire sur le\u00a0<a href=\"http:\/\/www.aqad.qc.ca\/utilisateur\/ecole-primaires-secondaires\/declaration-de-representation\">http:\/\/www.aqad.qc.ca\/utilisateur\/ecole-primaires-secondaires\/declaration-de-representation<\/a><\/strong><\/p>\n<p><span style=\"color: #999999;\"><em>n !<\/em><\/span><\/p>\n","protected":false},"featured_media":4397,"comment_status":"open","ping_status":"closed","template":"","meta":[],"product_brand":[],"product_cat":[178,179,196,177,180],"product_tag":[],"class_list":{"0":"post-4392","1":"product","2":"type-product","3":"status-publish","4":"has-post-thumbnail","6":"product_cat-8-12-ans","7":"product_cat-auteurs-quebecois","8":"product_cat-michelle-beaudoin","9":"product_cat-pieces-de-theatre","10":"product_cat-secondaire-12-et","12":"first","13":"instock","14":"shipping-taxable","15":"product-type-grouped"},"jetpack_sharing_enabled":true,"_links":{"self":[{"href":"https:\/\/www.dramaction.qc.ca\/fr\/wp-json\/wp\/v2\/product\/4392","targetHints":{"allow":["GET"]}}],"collection":[{"href":"https:\/\/www.dramaction.qc.ca\/fr\/wp-json\/wp\/v2\/product"}],"about":[{"href":"https:\/\/www.dramaction.qc.ca\/fr\/wp-json\/wp\/v2\/types\/product"}],"replies":[{"embeddable":true,"href":"https:\/\/www.dramaction.qc.ca\/fr\/wp-json\/wp\/v2\/comments?post=4392"}],"wp:featuredmedia":[{"embeddable":true,"href":"https:\/\/www.dramaction.qc.ca\/fr\/wp-json\/wp\/v2\/media\/4397"}],"wp:attachment":[{"href":"https:\/\/www.dramaction.qc.ca\/fr\/wp-json\/wp\/v2\/media?parent=4392"}],"wp:term":[{"taxonomy":"product_brand","embeddable":true,"href":"https:\/\/www.dramaction.qc.ca\/fr\/wp-json\/wp\/v2\/product_brand?post=4392"},{"taxonomy":"product_cat","embeddable":true,"href":"https:\/\/www.dramaction.qc.ca\/fr\/wp-json\/wp\/v2\/product_cat?post=4392"},{"taxonomy":"product_tag","embeddable":true,"href":"https:\/\/www.dramaction.qc.ca\/fr\/wp-json\/wp\/v2\/product_tag?post=4392"}],"curies":[{"name":"wp","href":"https:\/\/api.w.org\/{rel}","templated":true}]}}