{"id":4361,"date":"2016-12-17T19:26:37","date_gmt":"2016-12-18T00:26:37","guid":{"rendered":"http:\/\/www.dramaction.qc.ca\/fr\/produit\/tartuffe\/"},"modified":"2017-09-01T19:50:44","modified_gmt":"2017-09-01T23:50:44","slug":"tartuffe","status":"publish","type":"product","link":"https:\/\/www.dramaction.qc.ca\/fr\/produit\/tartuffe\/","title":{"rendered":"Un Tartuffe"},"content":{"rendered":"<p><strong>Adaptation du Tartuffe (Moli\u00e8re) pour les 12-60ans<\/strong><br \/>\nAdaptation de la c\u00e9l\u00e9brissime pi\u00e8ce de Moli\u00e8re. Bas\u00e9e sur l&#8217;historique de la pi\u00e8ce originale et adapt\u00e9e en quatre actes.<\/p>\n<p>Prologue en prose puis pi\u00e8ce en vers, puis \u00e9pilogue en prose.<\/p>\n<p>4H, 4F<\/p>\n<hr \/>\n<p><img decoding=\"async\" class=\"alignleft size-thumbnail wp-image-4365\" src=\"http:\/\/www.dramaction.qc.ca\/fr\/wp-content\/uploads\/2016\/12\/photololo-150x150.jpg\" alt=\"\" width=\"150\" height=\"150\" srcset=\"https:\/\/www.dramaction.qc.ca\/fr\/wp-content\/uploads\/2016\/12\/photololo-150x150.jpg 150w, https:\/\/www.dramaction.qc.ca\/fr\/wp-content\/uploads\/2016\/12\/photololo-200x200.jpg 200w, https:\/\/www.dramaction.qc.ca\/fr\/wp-content\/uploads\/2016\/12\/photololo-100x100.jpg 100w, https:\/\/www.dramaction.qc.ca\/fr\/wp-content\/uploads\/2016\/12\/photololo-300x300.jpg 300w, https:\/\/www.dramaction.qc.ca\/fr\/wp-content\/uploads\/2016\/12\/photololo-1024x1024.jpg 1024w\" sizes=\"(max-width: 150px) 100vw, 150px\" \/><strong>Auteur<\/strong> :\u00a0 Laurent Leca<\/p>\n<p>Informaticien, com\u00e9dien, metteur en sc\u00e8ne, auteur de chansons et de th\u00e9\u00e2tre, responsable des ateliers th\u00e9\u00e2tre de l&#8217;association &#8220;Th\u00e9\u00e2tre Off Meyreuil&#8221; (TOM)<\/p>\n<p><strong>R\u00e9sum\u00e9 de la pi\u00e8ce :<\/strong><\/p>\n<p>Un prologue explique comment Moli\u00e8re a du se plier aux volont\u00e9s du clerg\u00e9 pour modifier sa pi\u00e8ce dans ce souvenir, la troupe d\u00e9cide de la jouer dans sa version initiale, mais pas tout \u00e0 fait Adaptation et r\u00e9\u00e9criture en vers du Tartuffe initial de Moli\u00e8re.<\/p>\n<p>Com\u00e9die sur l&#8217;hypocrisie et la cr\u00e9dulit\u00e9, sur la manipulation et l&#8217;aveuglement.<\/p>\n<p><strong>Nombre de personnages<\/strong> : 4H, 4F<br \/>\n<strong>Niveau de langue<\/strong> : Fran\u00e7ais international<br \/>\n<strong>Dur\u00e9e<\/strong> : 1h15<br \/>\n<strong>Nombre de pages<\/strong> : 56<\/p>\n<p><strong>Extrait disponibles<\/strong> : <a href=\"http:\/\/www.dramaction.qc.ca\/fr\/wp-content\/uploads\/2016\/12\/Un-Tartuffe-extrait-2016.pdf\">Un-Tartuffe-extrait-2016<\/a><\/p>\n<p><strong>O\u00f9 la pi\u00e8ce a-t-elle \u00e9t\u00e9 jou\u00e9e ?<\/strong><\/p>\n<p>Journ\u00e9es des Arts Vivants de Meyreuil France<\/p>\n<p><strong>\u00a0Vous montez ce spectacle ?<\/strong><\/p>\n<p>Acheter le texte ne vous donne pas les droits de repr\u00e9senter devant public.\u00a0 Il vous permets de travailler les textes en classe avec vos \u00e9l\u00e8ves.<\/p>\n<p><strong>Notez que les \u00e9coles du Qu\u00e9bec\u00a0b\u00e9n\u00e9ficient d&#8217;une entente entre la SOQAD (La Soci\u00e9t\u00e9 qu\u00e9b\u00e9coise des auteurs dramatiques) et le MEES (Minist\u00e8re de l\u2019\u00c9ducation et de l\u2019Enseignement sup\u00e9rieur) qui d\u00e9fraie les droits de repr\u00e9sentation en milieu scolaire.\u00a0\u00a0Mais pour que l\u2019auteur re\u00e7oive ses droits, il faut alors remplir un formulaire sur le\u00a0<a href=\"http:\/\/www.aqad.qc.ca\/utilisateur\/ecole-primaires-secondaires\/declaration-de-representation\">http:\/\/www.aqad.qc.ca\/utilisateur\/ecole-primaires-secondaires\/declaration-de-representation<\/a><\/strong><\/p>\n","protected":false},"excerpt":{"rendered":"<p>Le r\u00e9sum\u00e9, l&#8217;extrait et les d\u00e9tails de cette pi\u00e8ce se trouvent un peu plus bas dans la page.<\/p>\n<p><strong>Notez que les \u00e9coles du Qu\u00e9bec\u00a0b\u00e9n\u00e9ficient d&#8217;une entente entre la SOQAD (La Soci\u00e9t\u00e9 qu\u00e9b\u00e9coise des auteurs dramatiques) et le MEES (Minist\u00e8re de l\u2019\u00c9ducation et de l\u2019Enseignement sup\u00e9rieur) qui d\u00e9fraie les droits de repr\u00e9sentation en milieu scolaire.\u00a0\u00a0Mais pour que l\u2019auteur re\u00e7oive ses droits, il faut alors remplir un formulaire sur le\u00a0<a href=\"http:\/\/www.aqad.qc.ca\/utilisateur\/ecole-primaires-secondaires\/declaration-de-representation\">http:\/\/www.aqad.qc.ca\/utilisateur\/ecole-primaires-secondaires\/declaration-de-representation<\/a><\/strong><\/p>\n<p>&nbsp;<\/p>\n","protected":false},"featured_media":4368,"comment_status":"open","ping_status":"closed","template":"","meta":[],"product_brand":[],"product_cat":[186,235,177,180],"product_tag":[],"class_list":{"0":"post-4361","1":"product","2":"type-product","3":"status-publish","4":"has-post-thumbnail","6":"product_cat-auteurs-europeens","7":"product_cat-laurent-leca","8":"product_cat-pieces-de-theatre","9":"product_cat-secondaire-12-et","11":"first","12":"instock","13":"shipping-taxable","14":"product-type-grouped"},"jetpack_sharing_enabled":true,"_links":{"self":[{"href":"https:\/\/www.dramaction.qc.ca\/fr\/wp-json\/wp\/v2\/product\/4361","targetHints":{"allow":["GET"]}}],"collection":[{"href":"https:\/\/www.dramaction.qc.ca\/fr\/wp-json\/wp\/v2\/product"}],"about":[{"href":"https:\/\/www.dramaction.qc.ca\/fr\/wp-json\/wp\/v2\/types\/product"}],"replies":[{"embeddable":true,"href":"https:\/\/www.dramaction.qc.ca\/fr\/wp-json\/wp\/v2\/comments?post=4361"}],"wp:featuredmedia":[{"embeddable":true,"href":"https:\/\/www.dramaction.qc.ca\/fr\/wp-json\/wp\/v2\/media\/4368"}],"wp:attachment":[{"href":"https:\/\/www.dramaction.qc.ca\/fr\/wp-json\/wp\/v2\/media?parent=4361"}],"wp:term":[{"taxonomy":"product_brand","embeddable":true,"href":"https:\/\/www.dramaction.qc.ca\/fr\/wp-json\/wp\/v2\/product_brand?post=4361"},{"taxonomy":"product_cat","embeddable":true,"href":"https:\/\/www.dramaction.qc.ca\/fr\/wp-json\/wp\/v2\/product_cat?post=4361"},{"taxonomy":"product_tag","embeddable":true,"href":"https:\/\/www.dramaction.qc.ca\/fr\/wp-json\/wp\/v2\/product_tag?post=4361"}],"curies":[{"name":"wp","href":"https:\/\/api.w.org\/{rel}","templated":true}]}}