{"id":4336,"date":"2016-12-17T19:10:47","date_gmt":"2016-12-18T00:10:47","guid":{"rendered":"http:\/\/www.dramaction.qc.ca\/fr\/produit\/comme-nuage\/"},"modified":"2017-09-01T19:51:10","modified_gmt":"2017-09-01T23:51:10","slug":"comme-nuage","status":"publish","type":"product","link":"https:\/\/www.dramaction.qc.ca\/fr\/produit\/comme-nuage\/","title":{"rendered":"Comme un nuage"},"content":{"rendered":"<p><strong>Comme un nuage<br \/>\n<\/strong><em>Auteur <\/em>Gianmarco Toto<\/p>\n<p>Nombre de personnages : 4 jeunes femmes | 5 filles | 3 gar\u00e7ons<\/p>\n<p>Pour acteurs de : de 15 \u00e0 20 ans<\/p>\n<p><strong>R\u00c9SUM\u00c9 DE LA PI\u00c8CE &#8211;<\/strong><\/p>\n<p>Louis est un jeune gar\u00e7on de 12 ans. Il est atteint d&#8217;une forme l\u00e9g\u00e8re d&#8217;autisme. Il fait son entr\u00e9e pour la premi\u00e8re fois dans un coll\u00e8ge et va apprendre \u00e0 se confronter au regard d&#8217;incompr\u00e9hension et aux mauvais jugements de ses camarades. Cependant Louis va se montrer un \u00e9l\u00e8ve remarquable ainsi qu&#8217;un camarade tr\u00e8s dr\u00f4le et attendrissant. Mais quel secret cache-t-il ? Et pourquoi regarde-t-il sans cesse les nuages ?<\/p>\n<hr \/>\n<p><strong>Auteur<\/strong> :\u00a0Gianmarco Toto<\/p>\n<p><img decoding=\"async\" class=\"alignleft size-thumbnail wp-image-4340\" src=\"http:\/\/www.dramaction.qc.ca\/fr\/wp-content\/uploads\/2016\/12\/portrait-page-auteur-facebook-150x150.jpg\" alt=\"\" width=\"150\" height=\"150\" srcset=\"https:\/\/www.dramaction.qc.ca\/fr\/wp-content\/uploads\/2016\/12\/portrait-page-auteur-facebook-150x150.jpg 150w, https:\/\/www.dramaction.qc.ca\/fr\/wp-content\/uploads\/2016\/12\/portrait-page-auteur-facebook-200x200.jpg 200w, https:\/\/www.dramaction.qc.ca\/fr\/wp-content\/uploads\/2016\/12\/portrait-page-auteur-facebook-100x100.jpg 100w, https:\/\/www.dramaction.qc.ca\/fr\/wp-content\/uploads\/2016\/12\/portrait-page-auteur-facebook-300x300.jpg 300w, https:\/\/www.dramaction.qc.ca\/fr\/wp-content\/uploads\/2016\/12\/portrait-page-auteur-facebook-1024x1024.jpg 1024w\" sizes=\"(max-width: 150px) 100vw, 150px\" \/>Com\u00e9dien et enseignant en art dramatique titulaire d&#8217;un dipl\u00f4me d&#8217;\u00e9tat. Anime des cours de th\u00e9\u00e2tre et dirige une \u00e9cole depuis une trentaine d\u2019ann\u00e9e. Son travail aupr\u00e8s des enfants et adolescents l\u2019a tout naturellement encourag\u00e9 \u00e0 l\u2019\u00e9criture th\u00e9\u00e2trale. Son r\u00e9pertoire comprend plus d\u2019une vingtaine de textes, tous mis en sc\u00e8ne avec le concours de ses \u00e9l\u00e8ves. Depuis quelques ann\u00e9es et aujourd\u2019hui encore, beaucoup de ses pi\u00e8ces sont choisies par des troupes amateurs ou des \u00e9tablissements scolaires pour leurs projets de spectacles.<\/p>\n<p><strong>Nombre de personnages<\/strong> : 4 jeunes femmes | 5 filles | 3 gar\u00e7ons<br \/>\n<strong>Niveau de langue<\/strong> : Fran\u00e7ais international (niveau interm\u00e9diaire)<br \/>\n<strong>Dur\u00e9e<\/strong> : 45 minutes<br \/>\n<strong>Nombre de pages<\/strong> : 28<br \/>\n<strong>Pi\u00e8ce jou\u00e9e ?<\/strong> :\u00a0 Association Th\u00e9\u00e2tre Scaramuccia &#8211; Urrugne (France) \/ Lima (P\u00e9rou) \/ ARTS 2000 Arradon (France)<\/p>\n<p>Extrait : <a href=\"http:\/\/www.dramaction.qc.ca\/fr\/wp-content\/uploads\/2016\/12\/COMME-UN-NUAGE-de-Gianmarco-Toto-extrait.pdf\">COMME-UN-NUAGE-de-Gianmarco-Toto-extrait<\/a><\/p>\n<p><strong>\u00a0Vous montez ce spectacle ?<\/strong><\/p>\n<p>Acheter le texte ne vous donne pas les droits de repr\u00e9senter devant public.\u00a0 Il vous permets de travailler les textes en classe avec vos \u00e9l\u00e8ves.<\/p>\n<p><strong>Notez que les \u00e9coles du Qu\u00e9bec\u00a0b\u00e9n\u00e9ficient d&#8217;une entente entre la SOQAD (La Soci\u00e9t\u00e9 qu\u00e9b\u00e9coise des auteurs dramatiques) et le MEES (Minist\u00e8re de l\u2019\u00c9ducation et de l\u2019Enseignement sup\u00e9rieur) qui d\u00e9fraie les droits de repr\u00e9sentation en milieu scolaire.\u00a0\u00a0Mais pour que l\u2019auteur re\u00e7oive ses droits, il faut alors remplir un formulaire sur le\u00a0<a href=\"http:\/\/www.aqad.qc.ca\/utilisateur\/ecole-primaires-secondaires\/declaration-de-representation\">http:\/\/www.aqad.qc.ca\/utilisateur\/ecole-primaires-secondaires\/declaration-de-representation<\/a><\/strong><\/p>\n","protected":false},"excerpt":{"rendered":"<p>Le r\u00e9sum\u00e9, l&#8217;extrait et les d\u00e9tails de cette pi\u00e8ce se trouvent un peu plus bas dans la page.<\/p>\n<p><strong>Notez que les \u00e9coles du Qu\u00e9bec\u00a0b\u00e9n\u00e9ficient d&#8217;une entente entre la SOQAD (La Soci\u00e9t\u00e9 qu\u00e9b\u00e9coise des auteurs dramatiques) et le MEES (Minist\u00e8re de l\u2019\u00c9ducation et de l\u2019Enseignement sup\u00e9rieur) qui d\u00e9fraie les droits de repr\u00e9sentation en milieu scolaire.\u00a0\u00a0Mais pour que l\u2019auteur re\u00e7oive ses droits, il faut alors remplir un formulaire sur le\u00a0<a href=\"http:\/\/www.aqad.qc.ca\/utilisateur\/ecole-primaires-secondaires\/declaration-de-representation\">http:\/\/www.aqad.qc.ca\/utilisateur\/ecole-primaires-secondaires\/declaration-de-representation<\/a><\/strong><\/p>\n<p>&nbsp;<\/p>\n","protected":false},"featured_media":4343,"comment_status":"open","ping_status":"closed","template":"","meta":[],"product_brand":[],"product_cat":[186,195,177,180],"product_tag":[],"class_list":{"0":"post-4336","1":"product","2":"type-product","3":"status-publish","4":"has-post-thumbnail","6":"product_cat-auteurs-europeens","7":"product_cat-gianmarco-toto","8":"product_cat-pieces-de-theatre","9":"product_cat-secondaire-12-et","11":"first","12":"instock","13":"shipping-taxable","14":"product-type-grouped"},"jetpack_sharing_enabled":true,"_links":{"self":[{"href":"https:\/\/www.dramaction.qc.ca\/fr\/wp-json\/wp\/v2\/product\/4336","targetHints":{"allow":["GET"]}}],"collection":[{"href":"https:\/\/www.dramaction.qc.ca\/fr\/wp-json\/wp\/v2\/product"}],"about":[{"href":"https:\/\/www.dramaction.qc.ca\/fr\/wp-json\/wp\/v2\/types\/product"}],"replies":[{"embeddable":true,"href":"https:\/\/www.dramaction.qc.ca\/fr\/wp-json\/wp\/v2\/comments?post=4336"}],"wp:featuredmedia":[{"embeddable":true,"href":"https:\/\/www.dramaction.qc.ca\/fr\/wp-json\/wp\/v2\/media\/4343"}],"wp:attachment":[{"href":"https:\/\/www.dramaction.qc.ca\/fr\/wp-json\/wp\/v2\/media?parent=4336"}],"wp:term":[{"taxonomy":"product_brand","embeddable":true,"href":"https:\/\/www.dramaction.qc.ca\/fr\/wp-json\/wp\/v2\/product_brand?post=4336"},{"taxonomy":"product_cat","embeddable":true,"href":"https:\/\/www.dramaction.qc.ca\/fr\/wp-json\/wp\/v2\/product_cat?post=4336"},{"taxonomy":"product_tag","embeddable":true,"href":"https:\/\/www.dramaction.qc.ca\/fr\/wp-json\/wp\/v2\/product_tag?post=4336"}],"curies":[{"name":"wp","href":"https:\/\/api.w.org\/{rel}","templated":true}]}}