{"id":4327,"date":"2016-12-17T19:05:45","date_gmt":"2016-12-18T00:05:45","guid":{"rendered":"http:\/\/www.dramaction.qc.ca\/fr\/produit\/ado-missile\/"},"modified":"2017-09-01T19:51:24","modified_gmt":"2017-09-01T23:51:24","slug":"ado-missile","status":"publish","type":"product","link":"https:\/\/www.dramaction.qc.ca\/fr\/produit\/ado-missile\/","title":{"rendered":"Ado-Missile"},"content":{"rendered":"<p><strong>Ado-Missile<br \/>\n<\/strong><em>Auteur Pierre Launay<\/em><br \/>\nNombre de personnages : Une femme adulte, les ados : entre 15 et 18 ans<\/p>\n<p>Th\u00e8me : Adolescence Po\u00e9sie Vieillesse Langage<\/p>\n<p><strong>R\u00c9SUM\u00c9 DE LA PI\u00c8CE &#8211;<\/strong><\/p>\n<p>Des adolescents se retrouvent un peu par hasard \u00e0 veiller un vieil homme en fin de vie, chez lui. Il est dans le coma dans un \u00e9tat v\u00e9g\u00e9tatif. Il met dans leurs t\u00eates des po\u00e8mes auxquels ils ne comprennent rien et qui changent leur vie.<\/p>\n<hr \/>\n<p><strong>Auteur<\/strong> :\u00a0<em>Pierre Launay<\/em><\/p>\n<p><img decoding=\"async\" class=\"alignleft size-thumbnail wp-image-4331\" src=\"http:\/\/www.dramaction.qc.ca\/fr\/wp-content\/uploads\/2016\/12\/IMG_6105-150x150.jpg\" alt=\"\" width=\"150\" height=\"150\" srcset=\"https:\/\/www.dramaction.qc.ca\/fr\/wp-content\/uploads\/2016\/12\/IMG_6105-150x150.jpg 150w, https:\/\/www.dramaction.qc.ca\/fr\/wp-content\/uploads\/2016\/12\/IMG_6105-200x200.jpg 200w, https:\/\/www.dramaction.qc.ca\/fr\/wp-content\/uploads\/2016\/12\/IMG_6105-100x100.jpg 100w, https:\/\/www.dramaction.qc.ca\/fr\/wp-content\/uploads\/2016\/12\/IMG_6105-300x300.jpg 300w, https:\/\/www.dramaction.qc.ca\/fr\/wp-content\/uploads\/2016\/12\/IMG_6105-1024x1024.jpg 1024w\" sizes=\"(max-width: 150px) 100vw, 150px\" \/>Pierre Launay est auteur dramatique<br \/>\nparce que le th\u00e9\u00e2tre lui plait de plus en plus bien qu&#8217;il ne l&#8217;ait rencontr\u00e9 que longtemps apr\u00e8s avoir fait les exp\u00e9riences les plus d\u00e9terminantes de son existence comme refaire le monde en fumant des cigarettes ou renoncer \u00e0 apprendre le tango argentin, le grec ancien et le chinois.<br \/>\nIl est l&#8217;auteur de Deux Femmes, une com\u00e9die gentiment f\u00e9ministe, Ado-Missiles, une com\u00e9die pleine de gros mots et de po\u00e8mes, Les Noues, une com\u00e9die jou\u00e9e en 2010 par Acte Un, M\u00eame Pas Peur, un spectacle pour enfants jou\u00e9 de 2008 \u00e0 2010, Pierre Launay est metteur en sc\u00e8ne parce que parfois, il faut bien s&#8217;y coller soi-m\u00eame, surtout quand on a mauvais caract\u00e8re et du mal \u00e0 supporter que les autres tripatouillent sa propre cr\u00e9ation, ou quand on n&#8217;est pas tr\u00e8s s\u00fbr de soi&#8230;<br \/>\nIl a mis en sc\u00e8ne Deux femmes, M\u00eame Pas Peur<\/p>\n<p>Pierre Launay est musicien, parce qu\u2019il est tomb\u00e9 dedans quand il \u00e9tait petit. C&#8217;est sans doute parce qu&#8217;il ne pouvait pas emmener son piano sur la plage pour charmer les filles en maillot de bain qu&#8217;il a fait du th\u00e9\u00e2tre pour se rendre int\u00e9ressant.\u00a0 Il est le compositeur des musiques de sc\u00e8nes de M\u00eame Pas Peur, et de Deux Femmes.<\/p>\n<p><strong>Nombre de personnages<\/strong> : Une femme adulte, 6 les ados : entre 15 et 18 ans<br \/>\n<strong>Niveau de langue<\/strong> : Fran\u00e7ais international<br \/>\n<strong>Dur\u00e9e<\/strong> : 70 minutes<br \/>\n<strong>Nombre de pages<\/strong> : 40<br \/>\n<strong>Pi\u00e8ce jou\u00e9e ?<\/strong> : Annecy (France)<\/p>\n<p>Extrait : <a href=\"http:\/\/www.dramaction.qc.ca\/fr\/wp-content\/uploads\/2016\/12\/Ado-Missile_extrait.docx\">Ado-Missile_extrait<\/a><\/p>\n<p><strong>\u00a0Vous montez ce spectacle ?<\/strong><\/p>\n<p>Acheter le texte ne vous donne pas les droits de repr\u00e9senter devant public.\u00a0 Il vous permets de travailler les textes en classe avec vos \u00e9l\u00e8ves.<\/p>\n<p><strong>Notez que les \u00e9coles du Qu\u00e9bec\u00a0b\u00e9n\u00e9ficient d&#8217;une entente entre la SOQAD (La Soci\u00e9t\u00e9 qu\u00e9b\u00e9coise des auteurs dramatiques) et le MEES (Minist\u00e8re de l\u2019\u00c9ducation et de l\u2019Enseignement sup\u00e9rieur) qui d\u00e9fraie les droits de repr\u00e9sentation en milieu scolaire.\u00a0\u00a0Mais pour que l\u2019auteur re\u00e7oive ses droits, il faut alors remplir un formulaire sur le\u00a0<a href=\"http:\/\/www.aqad.qc.ca\/utilisateur\/ecole-primaires-secondaires\/declaration-de-representation\">http:\/\/www.aqad.qc.ca\/utilisateur\/ecole-primaires-secondaires\/declaration-de-representation<\/a><\/strong><\/p>\n","protected":false},"excerpt":{"rendered":"<p>Le r\u00e9sum\u00e9, l&#8217;extrait et les d\u00e9tails de cette pi\u00e8ce se trouvent un peu plus bas dans la page.<\/p>\n<p><strong>Notez que les \u00e9coles du Qu\u00e9bec\u00a0b\u00e9n\u00e9ficient d&#8217;une entente entre la SOQAD (La Soci\u00e9t\u00e9 qu\u00e9b\u00e9coise des auteurs dramatiques) et le MEES (Minist\u00e8re de l\u2019\u00c9ducation et de l\u2019Enseignement sup\u00e9rieur) qui d\u00e9fraie les droits de repr\u00e9sentation en milieu scolaire.\u00a0\u00a0Mais pour que l\u2019auteur re\u00e7oive ses droits, il faut alors remplir un formulaire sur le\u00a0<a href=\"http:\/\/www.aqad.qc.ca\/utilisateur\/ecole-primaires-secondaires\/declaration-de-representation\">http:\/\/www.aqad.qc.ca\/utilisateur\/ecole-primaires-secondaires\/declaration-de-representation<\/a><\/strong><\/p>\n<p>&nbsp;<\/p>\n","protected":false},"featured_media":4335,"comment_status":"open","ping_status":"closed","template":"","meta":[],"product_brand":[],"product_cat":[186,177,194,180],"product_tag":[],"class_list":{"0":"post-4327","1":"product","2":"type-product","3":"status-publish","4":"has-post-thumbnail","6":"product_cat-auteurs-europeens","7":"product_cat-pieces-de-theatre","8":"product_cat-pierre-launay","9":"product_cat-secondaire-12-et","11":"first","12":"instock","13":"shipping-taxable","14":"product-type-grouped"},"jetpack_sharing_enabled":true,"_links":{"self":[{"href":"https:\/\/www.dramaction.qc.ca\/fr\/wp-json\/wp\/v2\/product\/4327","targetHints":{"allow":["GET"]}}],"collection":[{"href":"https:\/\/www.dramaction.qc.ca\/fr\/wp-json\/wp\/v2\/product"}],"about":[{"href":"https:\/\/www.dramaction.qc.ca\/fr\/wp-json\/wp\/v2\/types\/product"}],"replies":[{"embeddable":true,"href":"https:\/\/www.dramaction.qc.ca\/fr\/wp-json\/wp\/v2\/comments?post=4327"}],"wp:featuredmedia":[{"embeddable":true,"href":"https:\/\/www.dramaction.qc.ca\/fr\/wp-json\/wp\/v2\/media\/4335"}],"wp:attachment":[{"href":"https:\/\/www.dramaction.qc.ca\/fr\/wp-json\/wp\/v2\/media?parent=4327"}],"wp:term":[{"taxonomy":"product_brand","embeddable":true,"href":"https:\/\/www.dramaction.qc.ca\/fr\/wp-json\/wp\/v2\/product_brand?post=4327"},{"taxonomy":"product_cat","embeddable":true,"href":"https:\/\/www.dramaction.qc.ca\/fr\/wp-json\/wp\/v2\/product_cat?post=4327"},{"taxonomy":"product_tag","embeddable":true,"href":"https:\/\/www.dramaction.qc.ca\/fr\/wp-json\/wp\/v2\/product_tag?post=4327"}],"curies":[{"name":"wp","href":"https:\/\/api.w.org\/{rel}","templated":true}]}}