{"id":4312,"date":"2016-12-17T18:56:20","date_gmt":"2016-12-17T23:56:20","guid":{"rendered":"http:\/\/www.dramaction.qc.ca\/fr\/produit\/le-miroir-du-temps\/"},"modified":"2017-09-01T19:51:53","modified_gmt":"2017-09-01T23:51:53","slug":"le-miroir-du-temps","status":"publish","type":"product","link":"https:\/\/www.dramaction.qc.ca\/fr\/produit\/le-miroir-du-temps\/","title":{"rendered":"Le miroir du temps"},"content":{"rendered":"<p><strong>Le miroir du temps<br \/>\n<\/strong>de <em>Laurence Chavany<\/em><br \/>\nNombre de personnages : 15 personnages : 8 gar\u00e7ons, 7 filles.<\/p>\n<p>Des enfants trouvent, dans le grenier du grand-p\u00e8re de l&#8217;un d&#8217;eux, un miroir peu banal&#8230; Dot\u00e9 de pouvoirs magiques, il va leur permettre de se mettre dans la peau des personnages qu&#8217;ils ont toujours r\u00eav\u00e9 de devenir : personnages historiques, f\u00e9eriques ou contemporains.<\/p>\n<hr \/>\n<p><strong>Auteur<\/strong> : <em>Laurence Chavany<\/em><\/p>\n<p><a href=\"http:\/\/www.piece-theatre-scolaire.com\/wp-content\/uploads\/2016\/03\/lololo.jpg\" rel=\"attachment wp-att-380\"><img decoding=\"async\" class=\"alignleft size-thumbnail wp-image-380\" src=\"http:\/\/www.piece-theatre-scolaire.com\/wp-content\/uploads\/2016\/03\/lololo-150x150.jpg\" alt=\"lololo\" width=\"150\" height=\"150\" \/><\/a>F\u00e9rue de th\u00e9\u00e2tre, j&#8217;ai eu la joie d&#8217;animer durant plusieurs ann\u00e9es la section &#8220;th\u00e9\u00e2tre enfants&#8221; de la MJC de ma ville. Face au choix restreint de pi\u00e8ces destin\u00e9es aux enfants, j&#8217;ai d\u00e9cid\u00e9 de les \u00e9crire moi-m\u00eame&#8230; avec un grand plaisir.<\/p>\n<p><strong>Nombre de personnages<\/strong> : 15 personnages : 8 gar\u00e7ons, 7 filles.<br \/>\n<strong>Niveau de langue<\/strong> : Interm\u00e9diaire, Fran\u00e7ais europ\u00e9en<br \/>\n<strong>Dur\u00e9e<\/strong> : 35 minutes<br \/>\n<strong>Nombre de pages<\/strong> : 25<\/p>\n<p>Extrait : <a href=\"http:\/\/www.dramaction.qc.ca\/fr\/wp-content\/uploads\/2016\/12\/Sc\u00e8ne-4-du-Miroir-du-Temps-1.pdf\">Sc\u00e8ne-4-du-Miroir-du-Temps<\/a><\/p>\n<p><strong>Personnages : 15<\/strong><br \/>\nEulalie : la f\u00e9e<br \/>\nJoris : un extra-terrestre<br \/>\nDamien : Napol\u00e9on<br \/>\nAlexandre : Louis 14<br \/>\nDavid : Mickael Rackson<br \/>\nFloriane : une infirmi\u00e8re<br \/>\nGarance : une d\u00e9esse<br \/>\nNoam : Peter Pan<br \/>\nL\u00e9a : la f\u00e9e clochette<br \/>\nMarine : La comtesse de S\u00e9gur<br \/>\nAnthony : le psychiatre<br \/>\nPierre : un extra-terrestre<br \/>\nAnouk : la licorne<br \/>\nPaul : Justin Piber<br \/>\nCamille : la voyante<\/p>\n<p><strong>R\u00c9SUM\u00c9 DE LA PI\u00c8CE &#8211;<\/strong><\/p>\n<p>Des enfants trouvent, dans le grenier du grand-p\u00e8re de l&#8217;un d&#8217;eux, un miroir peu banal&#8230; Dot\u00e9 de pouvoirs magiques, il va leur permettre de se mettre dans la peau des personnages qu&#8217;ils ont toujours r\u00eav\u00e9 de devenir : personnages historiques, f\u00e9eriques ou contemporains.<\/p>\n<p><strong>\u00a0Vous montez ce spectacle ?<\/strong><\/p>\n<p>Acheter le texte ne vous donne pas les droits de repr\u00e9senter devant public.\u00a0 Il vous permets de travailler les textes en classe avec vos \u00e9l\u00e8ves.<\/p>\n<p>Pour les pr\u00e9senter devant public, vous devez payer les <a title=\"Droits d\u2019auteur et de reproduction\" href=\"http:\/\/www.piece-theatre-scolaire.com\/droits-dauteur-de-reproduction\/\">droits d&#8217;auteur<\/a>.<\/p>\n<p><strong>Notez que les \u00e9coles du Qu\u00e9bec\u00a0b\u00e9n\u00e9ficient d&#8217;une entente entre la SOQAD (La Soci\u00e9t\u00e9 qu\u00e9b\u00e9coise des auteurs dramatiques) et le MEES (Minist\u00e8re de l\u2019\u00c9ducation et de l\u2019Enseignement sup\u00e9rieur) qui d\u00e9fraie les droits de repr\u00e9sentation en milieu scolaire.\u00a0\u00a0Mais pour que l\u2019auteur re\u00e7oive ses droits, il faut alors remplir un formulaire sur le\u00a0<a href=\"http:\/\/www.aqad.qc.ca\/utilisateur\/ecole-primaires-secondaires\/declaration-de-representation\">http:\/\/www.aqad.qc.ca\/utilisateur\/ecole-primaires-secondaires\/declaration-de-representation<\/a><\/strong><\/p>\n","protected":false},"excerpt":{"rendered":"<p>Le r\u00e9sum\u00e9, l&#8217;extrait et les d\u00e9tails de cette pi\u00e8ce se trouvent un peu plus bas dans la page.<\/p>\n<p><strong>Notez que les \u00e9coles du Qu\u00e9bec\u00a0b\u00e9n\u00e9ficient d&#8217;une entente entre la SOQAD (La Soci\u00e9t\u00e9 qu\u00e9b\u00e9coise des auteurs dramatiques) et le MEES (Minist\u00e8re de l\u2019\u00c9ducation et de l\u2019Enseignement sup\u00e9rieur) qui d\u00e9fraie les droits de repr\u00e9sentation en milieu scolaire.\u00a0\u00a0Mais pour que l\u2019auteur re\u00e7oive ses droits, il faut alors remplir un formulaire sur le\u00a0<a href=\"http:\/\/www.aqad.qc.ca\/utilisateur\/ecole-primaires-secondaires\/declaration-de-representation\">http:\/\/www.aqad.qc.ca\/utilisateur\/ecole-primaires-secondaires\/declaration-de-representation<\/a><\/strong><\/p>\n<p>&nbsp;<\/p>\n","protected":false},"featured_media":4316,"comment_status":"open","ping_status":"closed","template":"","meta":[],"product_brand":[],"product_cat":[186,192,177,180],"product_tag":[],"class_list":{"0":"post-4312","1":"product","2":"type-product","3":"status-publish","4":"has-post-thumbnail","6":"product_cat-auteurs-europeens","7":"product_cat-laurence-chavany","8":"product_cat-pieces-de-theatre","9":"product_cat-secondaire-12-et","11":"first","12":"instock","13":"shipping-taxable","14":"product-type-grouped"},"jetpack_sharing_enabled":true,"_links":{"self":[{"href":"https:\/\/www.dramaction.qc.ca\/fr\/wp-json\/wp\/v2\/product\/4312","targetHints":{"allow":["GET"]}}],"collection":[{"href":"https:\/\/www.dramaction.qc.ca\/fr\/wp-json\/wp\/v2\/product"}],"about":[{"href":"https:\/\/www.dramaction.qc.ca\/fr\/wp-json\/wp\/v2\/types\/product"}],"replies":[{"embeddable":true,"href":"https:\/\/www.dramaction.qc.ca\/fr\/wp-json\/wp\/v2\/comments?post=4312"}],"wp:featuredmedia":[{"embeddable":true,"href":"https:\/\/www.dramaction.qc.ca\/fr\/wp-json\/wp\/v2\/media\/4316"}],"wp:attachment":[{"href":"https:\/\/www.dramaction.qc.ca\/fr\/wp-json\/wp\/v2\/media?parent=4312"}],"wp:term":[{"taxonomy":"product_brand","embeddable":true,"href":"https:\/\/www.dramaction.qc.ca\/fr\/wp-json\/wp\/v2\/product_brand?post=4312"},{"taxonomy":"product_cat","embeddable":true,"href":"https:\/\/www.dramaction.qc.ca\/fr\/wp-json\/wp\/v2\/product_cat?post=4312"},{"taxonomy":"product_tag","embeddable":true,"href":"https:\/\/www.dramaction.qc.ca\/fr\/wp-json\/wp\/v2\/product_tag?post=4312"}],"curies":[{"name":"wp","href":"https:\/\/api.w.org\/{rel}","templated":true}]}}