{"id":4299,"date":"2016-12-17T18:45:48","date_gmt":"2016-12-17T23:45:48","guid":{"rendered":"http:\/\/www.dramaction.qc.ca\/fr\/produit\/sommeil-dramatique\/"},"modified":"2018-01-05T19:12:03","modified_gmt":"2018-01-06T00:12:03","slug":"sommeil-dramatique","status":"publish","type":"product","link":"https:\/\/www.dramaction.qc.ca\/fr\/produit\/sommeil-dramatique\/","title":{"rendered":"Sommeil dramatique"},"content":{"rendered":"<p><strong>Sommeil dramatique<br \/>\n<\/strong>de<em> Marie Lapointe<\/em><br \/>\nNombre de personnages : 49 (<em>24H, 29F)<br \/>\n\u00c0 partir de 14 ans<br \/>\n<\/em><\/p>\n<p>Pi\u00e8ce \u00e0 grande distribution explorant le th\u00e9\u00e2tre qu\u00e9b\u00e9cois et les grands classiques. Des po\u00e8mes de Gilles Vigneault, \u00c9mile Nelligan, Claude Gauvreault et Gaston Miron y sont int\u00e9gr\u00e9es<\/p>\n<hr \/>\n<p><strong>Auteur<\/strong> : Marie Lapointe<\/p>\n<p><img decoding=\"async\" class=\"size-thumbnail wp-image-4303 alignleft\" src=\"http:\/\/www.dramaction.qc.ca\/fr\/wp-content\/uploads\/2016\/12\/anonyme-150x150.jpg\" alt=\"\" width=\"150\" height=\"150\" srcset=\"https:\/\/www.dramaction.qc.ca\/fr\/wp-content\/uploads\/2016\/12\/anonyme-150x150.jpg 150w, https:\/\/www.dramaction.qc.ca\/fr\/wp-content\/uploads\/2016\/12\/anonyme-200x200.jpg 200w, https:\/\/www.dramaction.qc.ca\/fr\/wp-content\/uploads\/2016\/12\/anonyme-100x100.jpg 100w, https:\/\/www.dramaction.qc.ca\/fr\/wp-content\/uploads\/2016\/12\/anonyme-300x300.jpg 300w, https:\/\/www.dramaction.qc.ca\/fr\/wp-content\/uploads\/2016\/12\/anonyme-1024x1024.jpg 1024w\" sizes=\"(max-width: 150px) 100vw, 150px\" \/>Courte biographie et photo \u00e0 venir.<\/p>\n<p><strong>Nombre de personnages<\/strong> : 49 personnages (<em>24H, 29F<\/em>)<br \/>\n<strong>Niveau de langue<\/strong> : \u00c0 la base Qu\u00e9b\u00e9cois mais avec diff\u00e9rents niveaux de langage selon les genre de th\u00e9\u00e2tre explor\u00e9s<br \/>\n<strong>Dur\u00e9e<\/strong> : 75 \u00e0 90 minutes<br \/>\n<strong>Nombre de pages<\/strong> : 55<\/p>\n<p><strong>Autres d\u00e9tails<\/strong> : Une fiche descriptive de chaque personnage et des po\u00e8tes est pr\u00e9sent\u00e9e en d\u00e9but de texte.\u00a0 Ces fiches acc\u00e9l\u00e8reront le travail de recherche pour les \u00e9l\u00e8ves et les enseignants. Parfait pour introduire les \u00e9l\u00e8ves au monde du th\u00e9\u00e2tre!<\/p>\n<p><strong>R\u00c9SUM\u00c9 DE LA PI\u00c8CE &#8211;<\/strong><\/p>\n<p>Alors que Jean-Fran\u00e7ois cherche une pi\u00e8ce \u00e0 faire jouer \u00e0 ses \u00e9l\u00e8ves, Tit-P\u00e9p\u00e8re aux Prunes le plongera dans un sommeil qui l&#8217;illuminera.<br \/>\nUn r\u00eave inspir\u00e9 de c\u00e9l\u00e8bres pi\u00e8ces qu\u00e9b\u00e9coises et classiques.<\/p>\n<p><strong>\u00a0Vous montez ce spectacle ?<\/strong><\/p>\n<p>Acheter le texte ne vous donne pas les droits de repr\u00e9senter devant public.\u00a0 Il vous permets de travailler les textes en classe avec vos \u00e9l\u00e8ves.<\/p>\n<p><strong>Notez que les \u00e9coles du Qu\u00e9bec\u00a0b\u00e9n\u00e9ficient d&#8217;une entente entre la SOQAD (La Soci\u00e9t\u00e9 qu\u00e9b\u00e9coise des auteurs dramatiques) et le MEES (Minist\u00e8re de l\u2019\u00c9ducation et de l\u2019Enseignement sup\u00e9rieur) qui d\u00e9fraie les droits de repr\u00e9sentation en milieu scolaire.\u00a0\u00a0Mais pour que l\u2019auteur re\u00e7oive ses droits, il faut alors remplir un formulaire sur le\u00a0<a href=\"http:\/\/www.aqad.qc.ca\/utilisateur\/ecole-primaires-secondaires\/declaration-de-representation\">http:\/\/www.aqad.qc.ca\/utilisateur\/ecole-primaires-secondaires\/declaration-de-representation<\/a><\/strong><\/p>\n<p>&nbsp;<\/p>\n","protected":false},"excerpt":{"rendered":"<p>Le r\u00e9sum\u00e9, l&#8217;extrait et les d\u00e9tails de cette pi\u00e8ce se trouvent un peu plus bas dans la page.<\/p>\n<p><strong>Notez que les \u00e9coles du Qu\u00e9bec\u00a0b\u00e9n\u00e9ficient d&#8217;une entente entre la SOQAD (La Soci\u00e9t\u00e9 qu\u00e9b\u00e9coise des auteurs dramatiques) et le MEES (Minist\u00e8re de l\u2019\u00c9ducation et de l\u2019Enseignement sup\u00e9rieur) qui d\u00e9fraie les droits de repr\u00e9sentation en milieu scolaire.\u00a0\u00a0Mais pour que l\u2019auteur re\u00e7oive ses droits, il faut alors remplir un formulaire sur le\u00a0<a href=\"http:\/\/www.aqad.qc.ca\/utilisateur\/ecole-primaires-secondaires\/declaration-de-representation\">http:\/\/www.aqad.qc.ca\/utilisateur\/ecole-primaires-secondaires\/declaration-de-representation<\/a><\/strong><\/p>\n<p>&nbsp;<\/p>\n","protected":false},"featured_media":4171,"comment_status":"open","ping_status":"closed","template":"","meta":[],"product_brand":[],"product_cat":[179,191,177,180],"product_tag":[],"class_list":{"0":"post-4299","1":"product","2":"type-product","3":"status-publish","4":"has-post-thumbnail","6":"product_cat-auteurs-quebecois","7":"product_cat-marie-lapointe","8":"product_cat-pieces-de-theatre","9":"product_cat-secondaire-12-et","10":"wcpv_product_vendors-marie-lapointe","12":"first","13":"instock","14":"shipping-taxable","15":"product-type-grouped"},"jetpack_sharing_enabled":true,"_links":{"self":[{"href":"https:\/\/www.dramaction.qc.ca\/fr\/wp-json\/wp\/v2\/product\/4299","targetHints":{"allow":["GET"]}}],"collection":[{"href":"https:\/\/www.dramaction.qc.ca\/fr\/wp-json\/wp\/v2\/product"}],"about":[{"href":"https:\/\/www.dramaction.qc.ca\/fr\/wp-json\/wp\/v2\/types\/product"}],"replies":[{"embeddable":true,"href":"https:\/\/www.dramaction.qc.ca\/fr\/wp-json\/wp\/v2\/comments?post=4299"}],"wp:featuredmedia":[{"embeddable":true,"href":"https:\/\/www.dramaction.qc.ca\/fr\/wp-json\/wp\/v2\/media\/4171"}],"wp:attachment":[{"href":"https:\/\/www.dramaction.qc.ca\/fr\/wp-json\/wp\/v2\/media?parent=4299"}],"wp:term":[{"taxonomy":"product_brand","embeddable":true,"href":"https:\/\/www.dramaction.qc.ca\/fr\/wp-json\/wp\/v2\/product_brand?post=4299"},{"taxonomy":"product_cat","embeddable":true,"href":"https:\/\/www.dramaction.qc.ca\/fr\/wp-json\/wp\/v2\/product_cat?post=4299"},{"taxonomy":"product_tag","embeddable":true,"href":"https:\/\/www.dramaction.qc.ca\/fr\/wp-json\/wp\/v2\/product_tag?post=4299"}],"curies":[{"name":"wp","href":"https:\/\/api.w.org\/{rel}","templated":true}]}}