{"id":4292,"date":"2016-12-17T18:41:19","date_gmt":"2016-12-17T23:41:19","guid":{"rendered":"http:\/\/www.dramaction.qc.ca\/fr\/produit\/popcorn\/"},"modified":"2017-09-01T19:52:28","modified_gmt":"2017-09-01T23:52:28","slug":"popcorn","status":"publish","type":"product","link":"https:\/\/www.dramaction.qc.ca\/fr\/produit\/popcorn\/","title":{"rendered":"Popcorn"},"content":{"rendered":"<p><strong>Pi\u00e8ce de th\u00e9\u00e2tre en cinq actes pour enfants de 11 &#8211; 17 ans.<br \/>\n<\/strong>de <em>Fran\u00e7ois Robert jr<\/em><br \/>\npour 16 acteurs\/trice<\/p>\n<hr \/>\n<p><strong>Auteur<\/strong> : Fran\u00e7ois Robert jr<\/p>\n<p><img decoding=\"async\" class=\"alignright size-thumbnail wp-image-4297\" src=\"http:\/\/www.dramaction.qc.ca\/fr\/wp-content\/uploads\/2016\/12\/31-12-2014-025-150x150.jpg\" alt=\"\" width=\"150\" height=\"150\" srcset=\"https:\/\/www.dramaction.qc.ca\/fr\/wp-content\/uploads\/2016\/12\/31-12-2014-025-150x150.jpg 150w, https:\/\/www.dramaction.qc.ca\/fr\/wp-content\/uploads\/2016\/12\/31-12-2014-025-200x200.jpg 200w, https:\/\/www.dramaction.qc.ca\/fr\/wp-content\/uploads\/2016\/12\/31-12-2014-025-100x100.jpg 100w, https:\/\/www.dramaction.qc.ca\/fr\/wp-content\/uploads\/2016\/12\/31-12-2014-025-300x300.jpg 300w, https:\/\/www.dramaction.qc.ca\/fr\/wp-content\/uploads\/2016\/12\/31-12-2014-025-1024x1024.jpg 1024w\" sizes=\"(max-width: 150px) 100vw, 150px\" \/>La pi\u00e8ce POPCORN a \u00e9t\u00e9 compos\u00e9e pendant ma derni\u00e8re ann\u00e9e comme enseignant au secondaire. En observant mes \u00e9l\u00e8ves interpr\u00e9ter une pi\u00e8ce de Tremblay il m&#8217;est venu l&#8217;id\u00e9e d&#8217;en \u00e9crire au moins une dans ma vie. Les jeunes m&#8217;inspirent beaucoup et ils font figure de proue dans cette pi\u00e8ce qui d\u00e9nonce le manque de libert\u00e9 qu&#8217;ont certaines \u00e9coles.<\/p>\n<p><strong>Nombre de personnages<\/strong> : Pour 16 acteurs<br \/>\n<strong>Niveau de langue<\/strong> : Le beau fran\u00e7ais du Qu\u00e9bec<br \/>\n<strong>Dur\u00e9e<\/strong> : 90 belles minutes \ud83d\ude09<br \/>\n<strong>Nombre de pages<\/strong> : 85<\/p>\n<p><strong>Extrait disponibles<\/strong> : <a href=\"http:\/\/www.dramaction.qc.ca\/fr\/wp-content\/uploads\/2016\/12\/popcorn_extrait.pdf\">popcorn_extrait<\/a><\/p>\n<p><strong>Les personnages &#8211;<\/strong><\/p>\n<p style=\"padding-left: 30px;\">1. JEFF (ses amis l\u2019appellent POPCORN)<br \/>\n2. MARCEL (p\u00e8re de JEFF)<br \/>\n3. NICOLE (m\u00e8re de JEFF)<br \/>\n4. DAN (le professeur et le cycliste)<br \/>\n5. MARIE (l\u2019amie de c\u0153ur de JEFF)<br \/>\n6. SAM, CHLO\u00c9, CARO (amis de JEFF)<br \/>\n7. ANDR\u00c9 (p\u00e8re de SAM)<br \/>\n8. BRIGITTE (m\u00e8re de MARIE)<br \/>\n9. GERMAINE (femme \u00e0 la fen\u00eatre)<br \/>\n10. LIANE (une prof blas\u00e9e)<br \/>\n11. JACK (un puscher)<br \/>\n12.\u00a0 CARMEN (l\u2019amie de c\u0153ur du puscher)<br \/>\n13. ANTONIO (le directeur d\u2019\u00e9cole)<br \/>\n14. JACOB (le concierge)<br \/>\n15. TH\u00c9ODORE (l\u2019ami de GERMAINE)<br \/>\n16. VOUS (l\u2019auditoire)<strong><br \/>\n<\/strong><\/p>\n<p><strong>\u00a0Vous montez ce spectacle ?<\/strong><\/p>\n<p>Acheter le texte ne vous donne pas les droits de repr\u00e9senter devant public.\u00a0 Il vous permet de travailler les textes en classe avec vos \u00e9l\u00e8ves.<\/p>\n<p><strong>Notez que les \u00e9coles du Qu\u00e9bec\u00a0b\u00e9n\u00e9ficient d&#8217;une entente entre la SOQAD (La Soci\u00e9t\u00e9 qu\u00e9b\u00e9coise des auteurs dramatiques) et le MEES (Minist\u00e8re de l\u2019\u00c9ducation et de l\u2019Enseignement sup\u00e9rieur) qui d\u00e9fraie les droits de repr\u00e9sentation en milieu scolaire.\u00a0\u00a0Mais pour que l\u2019auteur re\u00e7oive ses droits, il faut alors remplir un formulaire sur le\u00a0<a href=\"http:\/\/www.aqad.qc.ca\/utilisateur\/ecole-primaires-secondaires\/declaration-de-representation\">http:\/\/www.aqad.qc.ca\/utilisateur\/ecole-primaires-secondaires\/declaration-de-representation<\/a><\/strong><\/p>\n<p><em>\u00a0<\/em><\/p>\n","protected":false},"excerpt":{"rendered":"<p>Le r\u00e9sum\u00e9, l&#8217;extrait et les d\u00e9tails de cette pi\u00e8ce se trouvent un peu plus bas dans la page.<\/p>\n<p><strong>Notez que les \u00e9coles du Qu\u00e9bec\u00a0b\u00e9n\u00e9ficient d&#8217;une entente entre la SOQAD (La Soci\u00e9t\u00e9 qu\u00e9b\u00e9coise des auteurs dramatiques) et le MEES (Minist\u00e8re de l\u2019\u00c9ducation et de l\u2019Enseignement sup\u00e9rieur) qui d\u00e9fraie les droits de repr\u00e9sentation en milieu scolaire.\u00a0\u00a0Mais pour que l\u2019auteur re\u00e7oive ses droits, il faut alors remplir un formulaire sur le\u00a0<a href=\"http:\/\/www.aqad.qc.ca\/utilisateur\/ecole-primaires-secondaires\/declaration-de-representation\">http:\/\/www.aqad.qc.ca\/utilisateur\/ecole-primaires-secondaires\/declaration-de-representation<\/a><\/strong><\/p>\n<p>&nbsp;<\/p>\n","protected":false},"featured_media":4174,"comment_status":"open","ping_status":"closed","template":"","meta":[],"product_brand":[],"product_cat":[179,190,177,180],"product_tag":[],"class_list":{"0":"post-4292","1":"product","2":"type-product","3":"status-publish","4":"has-post-thumbnail","6":"product_cat-auteurs-quebecois","7":"product_cat-francois-robert-jr","8":"product_cat-pieces-de-theatre","9":"product_cat-secondaire-12-et","11":"first","12":"instock","13":"shipping-taxable","14":"product-type-grouped"},"jetpack_sharing_enabled":true,"_links":{"self":[{"href":"https:\/\/www.dramaction.qc.ca\/fr\/wp-json\/wp\/v2\/product\/4292","targetHints":{"allow":["GET"]}}],"collection":[{"href":"https:\/\/www.dramaction.qc.ca\/fr\/wp-json\/wp\/v2\/product"}],"about":[{"href":"https:\/\/www.dramaction.qc.ca\/fr\/wp-json\/wp\/v2\/types\/product"}],"replies":[{"embeddable":true,"href":"https:\/\/www.dramaction.qc.ca\/fr\/wp-json\/wp\/v2\/comments?post=4292"}],"wp:featuredmedia":[{"embeddable":true,"href":"https:\/\/www.dramaction.qc.ca\/fr\/wp-json\/wp\/v2\/media\/4174"}],"wp:attachment":[{"href":"https:\/\/www.dramaction.qc.ca\/fr\/wp-json\/wp\/v2\/media?parent=4292"}],"wp:term":[{"taxonomy":"product_brand","embeddable":true,"href":"https:\/\/www.dramaction.qc.ca\/fr\/wp-json\/wp\/v2\/product_brand?post=4292"},{"taxonomy":"product_cat","embeddable":true,"href":"https:\/\/www.dramaction.qc.ca\/fr\/wp-json\/wp\/v2\/product_cat?post=4292"},{"taxonomy":"product_tag","embeddable":true,"href":"https:\/\/www.dramaction.qc.ca\/fr\/wp-json\/wp\/v2\/product_tag?post=4292"}],"curies":[{"name":"wp","href":"https:\/\/api.w.org\/{rel}","templated":true}]}}