{"id":4277,"date":"2016-12-17T17:54:14","date_gmt":"2016-12-17T22:54:14","guid":{"rendered":"http:\/\/www.dramaction.qc.ca\/fr\/produit\/le-mail-piece-de-theatre\/"},"modified":"2017-09-01T19:52:41","modified_gmt":"2017-09-01T23:52:41","slug":"le-mail-piece-de-theatre","status":"publish","type":"product","link":"https:\/\/www.dramaction.qc.ca\/fr\/produit\/le-mail-piece-de-theatre\/","title":{"rendered":"Le mail"},"content":{"rendered":"<p><strong>Com\u00e9die <\/strong><strong>pour \u00e9l\u00e8ves de 13 \u00e0 17 ans<br \/>\n<\/strong>Pi\u00e8ce de th\u00e9\u00e2tre de<em> Jean-Fran\u00e7ois Rheault<br \/>\n33 personnages, 12H, 21F<br \/>\n<\/em><\/p>\n<hr \/>\n<p><a href=\"http:\/\/www.piece-theatre-scolaire.com\/wp-content\/uploads\/2014\/02\/anonyme.jpg\"><img decoding=\"async\" class=\" wp-image-146 alignleft\" src=\"http:\/\/www.piece-theatre-scolaire.com\/wp-content\/uploads\/2014\/02\/anonyme.jpg\" alt=\"anonyme\" width=\"134\" height=\"181\" \/><\/a><strong>Auteur<\/strong> : <em>Jean-Fran\u00e7ois Rheault<\/em><\/p>\n<p>Cette pi\u00e8ce de Jean-Fran\u00e7ois Rh\u00e9ault a \u00e9t\u00e9 \u00e9crite pour ses \u00e9l\u00e8ves.<\/p>\n<p><strong>Nombre de personnages<\/strong> : 33 personnages, 12H, 21F<br \/>\n<strong>Niveau de langue<\/strong> : Qu\u00e9b\u00e9cois (Avec r\u00e9gionalisme)<br \/>\n<strong>Dur\u00e9e<\/strong> : 90 minutes<br \/>\n<strong>Nombre de pages<\/strong> : 58<\/p>\n<p><strong>Extrait disponibles<\/strong> : \u00e0 venir !<\/p>\n<p><strong>R\u00e9sum\u00e9 de la pi\u00e8ce :<\/strong> <span style=\"font-family: verdana,courier new,courier,tahoma,sans-serif; font-size: small;\">Armand et Roger, complices depuis 50 ans, regardent d\u00e9filer devant eux des sc\u00e8nes de la vie quotidienne d&#8217;un centre commercial. Ils commenteront les actions de cette galerie de personnages sous l&#8217;oeil averti de Ren\u00e9, le balayeur du centre.\u00a0<\/span><\/p>\n<p><strong>\u00a0Vous montez ce spectacle ?<\/strong><\/p>\n<p>Acheter le texte ne vous donne pas les droits de repr\u00e9senter devant public.\u00a0 Il vous permets de travailler les textes en classe avec vos \u00e9l\u00e8ves.<\/p>\n<p><strong>Notez que les \u00e9coles du Qu\u00e9bec\u00a0b\u00e9n\u00e9ficient d&#8217;une entente entre la SOQAD (La Soci\u00e9t\u00e9 qu\u00e9b\u00e9coise des auteurs dramatiques) et le MEES (Minist\u00e8re de l\u2019\u00c9ducation et de l\u2019Enseignement sup\u00e9rieur) qui d\u00e9fraie les droits de repr\u00e9sentation en milieu scolaire.\u00a0\u00a0Mais pour que l\u2019auteur re\u00e7oive ses droits, il faut alors remplir un formulaire sur le\u00a0<a href=\"http:\/\/www.aqad.qc.ca\/utilisateur\/ecole-primaires-secondaires\/declaration-de-representation\">http:\/\/www.aqad.qc.ca\/utilisateur\/ecole-primaires-secondaires\/declaration-de-representation<\/a><\/strong><\/p>\n<p>&nbsp;<\/p>\n<p>&nbsp;<\/p>\n","protected":false},"excerpt":{"rendered":"<p>Le r\u00e9sum\u00e9, l&#8217;extrait et les d\u00e9tails de cette pi\u00e8ce se trouvent un peu plus bas dans la page.<\/p>\n<p><strong>Notez que les \u00e9coles du Qu\u00e9bec\u00a0b\u00e9n\u00e9ficient d&#8217;une entente entre la SOQAD (La Soci\u00e9t\u00e9 qu\u00e9b\u00e9coise des auteurs dramatiques) et le MEES (Minist\u00e8re de l\u2019\u00c9ducation et de l\u2019Enseignement sup\u00e9rieur) qui d\u00e9fraie les droits de repr\u00e9sentation en milieu scolaire.\u00a0\u00a0Mais pour que l\u2019auteur re\u00e7oive ses droits, il faut alors remplir un formulaire sur le\u00a0<a href=\"http:\/\/www.aqad.qc.ca\/utilisateur\/ecole-primaires-secondaires\/declaration-de-representation\">http:\/\/www.aqad.qc.ca\/utilisateur\/ecole-primaires-secondaires\/declaration-de-representation<\/a><\/strong><\/p>\n<p>&nbsp;<\/p>\n","protected":false},"featured_media":4278,"comment_status":"open","ping_status":"closed","template":"","meta":[],"product_brand":[],"product_cat":[179,189,177,180],"product_tag":[],"class_list":{"0":"post-4277","1":"product","2":"type-product","3":"status-publish","4":"has-post-thumbnail","6":"product_cat-auteurs-quebecois","7":"product_cat-jean-francois-rheault","8":"product_cat-pieces-de-theatre","9":"product_cat-secondaire-12-et","10":"wcpv_product_vendors-jean-francois-rheault","12":"first","13":"instock","14":"shipping-taxable","15":"product-type-grouped"},"jetpack_sharing_enabled":true,"_links":{"self":[{"href":"https:\/\/www.dramaction.qc.ca\/fr\/wp-json\/wp\/v2\/product\/4277","targetHints":{"allow":["GET"]}}],"collection":[{"href":"https:\/\/www.dramaction.qc.ca\/fr\/wp-json\/wp\/v2\/product"}],"about":[{"href":"https:\/\/www.dramaction.qc.ca\/fr\/wp-json\/wp\/v2\/types\/product"}],"replies":[{"embeddable":true,"href":"https:\/\/www.dramaction.qc.ca\/fr\/wp-json\/wp\/v2\/comments?post=4277"}],"wp:featuredmedia":[{"embeddable":true,"href":"https:\/\/www.dramaction.qc.ca\/fr\/wp-json\/wp\/v2\/media\/4278"}],"wp:attachment":[{"href":"https:\/\/www.dramaction.qc.ca\/fr\/wp-json\/wp\/v2\/media?parent=4277"}],"wp:term":[{"taxonomy":"product_brand","embeddable":true,"href":"https:\/\/www.dramaction.qc.ca\/fr\/wp-json\/wp\/v2\/product_brand?post=4277"},{"taxonomy":"product_cat","embeddable":true,"href":"https:\/\/www.dramaction.qc.ca\/fr\/wp-json\/wp\/v2\/product_cat?post=4277"},{"taxonomy":"product_tag","embeddable":true,"href":"https:\/\/www.dramaction.qc.ca\/fr\/wp-json\/wp\/v2\/product_tag?post=4277"}],"curies":[{"name":"wp","href":"https:\/\/api.w.org\/{rel}","templated":true}]}}