{"id":4270,"date":"2016-12-17T17:46:34","date_gmt":"2016-12-17T22:46:34","guid":{"rendered":"http:\/\/www.dramaction.qc.ca\/fr\/produit\/les-gars-contre-les-entre-deux\/"},"modified":"2017-09-01T19:52:56","modified_gmt":"2017-09-01T23:52:56","slug":"les-gars-contre-les-entre-deux","status":"publish","type":"product","link":"https:\/\/www.dramaction.qc.ca\/fr\/produit\/les-gars-contre-les-entre-deux\/","title":{"rendered":"L&#8217;entre-Deux"},"content":{"rendered":"<p><strong>Pi\u00e8ce de th\u00e9\u00e2tre en cinq actes pour enfants de 12 &#8211; 15 ans.<br \/>\n<\/strong>de <em>Isabelle Dupont<\/em><br \/>\n11 personnages<em>, distribution modulable<br \/>\n<\/em><\/p>\n<p><em>En tentant d&#8217;appeler l&#8217;esprit de la vieille grande tante Sophie, quatre jeunes filles se retrouvent par erreur dans une zone temporelle appel\u00e9e l&#8217;Entre-Deux.<\/em><\/p>\n<hr \/>\n<p><strong><img decoding=\"async\" class=\"alignleft size-thumbnail wp-image-4272\" src=\"http:\/\/www.dramaction.qc.ca\/fr\/wp-content\/uploads\/2016\/12\/DSC_6155-2-150x150.jpg\" alt=\"\" width=\"150\" height=\"150\" srcset=\"https:\/\/www.dramaction.qc.ca\/fr\/wp-content\/uploads\/2016\/12\/DSC_6155-2-150x150.jpg 150w, https:\/\/www.dramaction.qc.ca\/fr\/wp-content\/uploads\/2016\/12\/DSC_6155-2-200x200.jpg 200w, https:\/\/www.dramaction.qc.ca\/fr\/wp-content\/uploads\/2016\/12\/DSC_6155-2-100x100.jpg 100w, https:\/\/www.dramaction.qc.ca\/fr\/wp-content\/uploads\/2016\/12\/DSC_6155-2-300x300.jpg 300w, https:\/\/www.dramaction.qc.ca\/fr\/wp-content\/uploads\/2016\/12\/DSC_6155-2-1024x1024.jpg 1024w\" sizes=\"(max-width: 150px) 100vw, 150px\" \/>Auteure<\/strong> : Isabelle Dupont<\/p>\n<p>Com\u00e9dienne, auteure et professeure de th\u00e9\u00e2tre, Isabelle Dupont enseigne depuis plus de sept ans le th\u00e9\u00e2tre en parascolaire au Coll\u00e8ge Stanislas de Montr\u00e9al. Elle y a mont\u00e9 une quinzaine de pi\u00e8ce pour enfants et adolescents. Elle est aussi l&#8217;auteure de plusieurs courtes pi\u00e8ces qui ont \u00e9t\u00e9 pr\u00e9sent\u00e9es lors des soir\u00e9es Th\u00e9\u00e2tre Tout Court \u00e0 la Petite Licorne, \u00e0 Montr\u00e9al.<\/p>\n<p><strong>Nombre de personnages<\/strong> : 11 personnages (Distribution modulable)<br \/>\n<strong>Niveau de langue<\/strong> : Fran\u00e7ais international ou qu\u00e9b\u00e9cois<br \/>\n<strong>Dur\u00e9e<\/strong> : 45 minutes<br \/>\n<strong>Nombre de pages<\/strong> : 35<\/p>\n<p><strong>Extrait disponibles<\/strong> : <a href=\"http:\/\/www.dramaction.qc.ca\/fr\/wp-content\/uploads\/2016\/12\/Extrait-LEntre-Deux.pdf\">Extrait-LEntre-Deux<\/a><\/p>\n<p><strong>R\u00c9SUM\u00c9 DE LA PI\u00c8CE &#8211;<\/strong><\/p>\n<p>En tentant d&#8217;appeler l&#8217;esprit de la vieille grande tante Sophie, quatre jeunes filles se retrouvent par erreur dans une zone temporelle appel\u00e9e l&#8217;Entre-Deux, l\u00e0 o\u00f9 les \u00e2mes attendent avant d&#8217;\u00eatre retourn\u00e9es sur la terre. Elles tenteront par tous les moyens, avec l&#8217;aide de personnages farfelus, de retrouver leurs vies r\u00e9elles.<\/p>\n<p><strong>O\u00f9 la pi\u00e8ce a-t-elle \u00e9t\u00e9 jou\u00e9e ?<\/strong><\/p>\n<p>Coll\u00e8ge Stanislas, Montr\u00e9al<\/p>\n<p><strong>\u00a0Vous montez ce spectacle ?<\/strong><\/p>\n<p>Acheter le texte ne vous donne pas les droits de repr\u00e9senter devant public.\u00a0 Il vous permets de travailler les textes en classe avec vos \u00e9l\u00e8ves.<\/p>\n<p>Pour les pr\u00e9senter devant public, vous devez payer les <a title=\"Droits d\u2019auteur et de reproduction\" href=\"http:\/\/www.piece-theatre-scolaire.com\/droits-dauteur-de-reproduction\/\">droits d&#8217;auteur<\/a>.<\/p>\n<p><strong>Notez que les \u00e9coles du Qu\u00e9bec\u00a0b\u00e9n\u00e9ficient d&#8217;une entente entre la SOQAD (La Soci\u00e9t\u00e9 qu\u00e9b\u00e9coise des auteurs dramatiques) et le MEES (Minist\u00e8re de l\u2019\u00c9ducation et de l\u2019Enseignement sup\u00e9rieur) qui d\u00e9fraie les droits de repr\u00e9sentation en milieu scolaire.\u00a0\u00a0Mais pour que l\u2019auteur re\u00e7oive ses droits, il faut alors remplir un formulaire sur le\u00a0<a href=\"http:\/\/www.aqad.qc.ca\/utilisateur\/ecole-primaires-secondaires\/declaration-de-representation\">http:\/\/www.aqad.qc.ca\/utilisateur\/ecole-primaires-secondaires\/declaration-de-representation<\/a><\/strong><\/p>\n","protected":false},"excerpt":{"rendered":"<p>Le r\u00e9sum\u00e9, l&#8217;extrait et les d\u00e9tails de cette pi\u00e8ce se trouvent un peu plus bas dans la page.<\/p>\n<p><strong>Notez que les \u00e9coles du Qu\u00e9bec\u00a0b\u00e9n\u00e9ficient d&#8217;une entente entre la SOQAD (La Soci\u00e9t\u00e9 qu\u00e9b\u00e9coise des auteurs dramatiques) et le MEES (Minist\u00e8re de l\u2019\u00c9ducation et de l\u2019Enseignement sup\u00e9rieur) qui d\u00e9fraie les droits de repr\u00e9sentation en milieu scolaire.\u00a0\u00a0Mais pour que l\u2019auteur re\u00e7oive ses droits, il faut alors remplir un formulaire sur le\u00a0<a href=\"http:\/\/www.aqad.qc.ca\/utilisateur\/ecole-primaires-secondaires\/declaration-de-representation\">http:\/\/www.aqad.qc.ca\/utilisateur\/ecole-primaires-secondaires\/declaration-de-representation<\/a><\/strong><\/p>\n<p>&nbsp;<\/p>\n","protected":false},"featured_media":4163,"comment_status":"open","ping_status":"closed","template":"","meta":[],"product_brand":[],"product_cat":[178,179,188,177],"product_tag":[],"class_list":{"0":"post-4270","1":"product","2":"type-product","3":"status-publish","4":"has-post-thumbnail","6":"product_cat-8-12-ans","7":"product_cat-auteurs-quebecois","8":"product_cat-isabelle-dupont","9":"product_cat-pieces-de-theatre","10":"wcpv_product_vendors-isabelle-dupont","12":"first","13":"instock","14":"shipping-taxable","15":"product-type-grouped"},"jetpack_sharing_enabled":true,"_links":{"self":[{"href":"https:\/\/www.dramaction.qc.ca\/fr\/wp-json\/wp\/v2\/product\/4270","targetHints":{"allow":["GET"]}}],"collection":[{"href":"https:\/\/www.dramaction.qc.ca\/fr\/wp-json\/wp\/v2\/product"}],"about":[{"href":"https:\/\/www.dramaction.qc.ca\/fr\/wp-json\/wp\/v2\/types\/product"}],"replies":[{"embeddable":true,"href":"https:\/\/www.dramaction.qc.ca\/fr\/wp-json\/wp\/v2\/comments?post=4270"}],"wp:featuredmedia":[{"embeddable":true,"href":"https:\/\/www.dramaction.qc.ca\/fr\/wp-json\/wp\/v2\/media\/4163"}],"wp:attachment":[{"href":"https:\/\/www.dramaction.qc.ca\/fr\/wp-json\/wp\/v2\/media?parent=4270"}],"wp:term":[{"taxonomy":"product_brand","embeddable":true,"href":"https:\/\/www.dramaction.qc.ca\/fr\/wp-json\/wp\/v2\/product_brand?post=4270"},{"taxonomy":"product_cat","embeddable":true,"href":"https:\/\/www.dramaction.qc.ca\/fr\/wp-json\/wp\/v2\/product_cat?post=4270"},{"taxonomy":"product_tag","embeddable":true,"href":"https:\/\/www.dramaction.qc.ca\/fr\/wp-json\/wp\/v2\/product_tag?post=4270"}],"curies":[{"name":"wp","href":"https:\/\/api.w.org\/{rel}","templated":true}]}}