{"id":4259,"date":"2016-12-17T17:17:00","date_gmt":"2016-12-17T22:17:00","guid":{"rendered":"http:\/\/www.dramaction.qc.ca\/fr\/produit\/coups-de-theatre-volume-2\/"},"modified":"2016-12-17T21:14:17","modified_gmt":"2016-12-18T02:14:17","slug":"coups-de-theatre-volume-2","status":"publish","type":"product","link":"https:\/\/www.dramaction.qc.ca\/fr\/produit\/coups-de-theatre-volume-2\/","title":{"rendered":"Coups de th\u00e9\u00e2tre, volume 2"},"content":{"rendered":"<p><strong>Recueil de courtes pi\u00e8ces pour enfants et adolescents<\/strong><strong><br \/>\n<\/strong><em>de Yanik Comeau<br \/>\nplus de 60 personnages, variable<br \/>\n<\/em><\/p>\n<p>Du th\u00e9\u00e2tre absurde au th\u00e9\u00e2tre r\u00e9aliste, en passant par des adaptations d&#8217;\u0153uvres classiques et de textes inspir\u00e9s de situations de la vie quotidienne contemporaine, l&#8217;auteur et p\u00e9dagogue Yanik Comeau sait manier diff\u00e9rents styles d&#8217;\u00e9criture. Il jongle avec les mots comme d&#8217;autres jonglent avec les notes de musique.<\/p>\n<p><!--more--><\/p>\n<p align=\"left\"><a href=\"http:\/\/www.piece-theatre-scolaire.com\/wp-content\/uploads\/2014\/09\/volume2_couverture_210px.gif\"><img decoding=\"async\" class=\"alignleft wp-image-187 size-thumbnail\" src=\"http:\/\/www.piece-theatre-scolaire.com\/wp-content\/uploads\/2014\/09\/volume2_couverture_210px-150x150.gif\" alt=\"volume2_couverture_210px\" width=\"150\" height=\"150\" \/><\/a>Comme dans\u00a0le premier volume de la s\u00e9rie\u00a0<em>Coups\u00a0<\/em><em>de th\u00e9\u00e2tre \u2013 36 courtes pi\u00e8ces de th\u00e9\u00e2tre pour enfants et adolescents\u00a0<\/em>, Yanik Comeau propose un heureux m\u00e9lange de genres et de styles dans ces nouvelles sc\u00e8nes \u00e0 boucles boucl\u00e9es qui permettront aux enseignants, professeurs, metteurs en sc\u00e8ne ou animateurs d\u2019ateliers d\u2019art dramatique et de th\u00e9\u00e2tre d\u2019explorer diff\u00e9rents styles de jeu et une vari\u00e9t\u00e9 de niveaux de langage.<\/p>\n<div id=\"stcpDiv\" style=\"position: absolute; top: -1999px; left: -1988px;\">\n<p align=\"left\">Des parodies de contes classiques aux sc\u00e8nes tir\u00e9es de la vie quotidienne en passant par des drames et de nouvelles situations pour quelques personnages rencontr\u00e9s dans le premier volume,\u00a0<em>Coups de th\u00e9\u00e2tre\u00a0! \u2013 36 courtes pi\u00e8ces de th\u00e9\u00e2tre pour enfants et adolescents, volume 2\u00a0<\/em>est un rendez-vous avec plus d\u2019une centaine de personnages tous plus stimulants \u00e0 jouer les uns que les autres !<\/p>\n<p align=\"left\">Rares sont les textes de th\u00e9\u00e2tre \u00e9crits et con\u00e7us sp\u00e9cifiquement pour les cr\u00e9ations \u00e9tudiantes (primaire et secondaire) tout en tenant compte des r\u00e9alit\u00e9s et contraintes du milieu. Ce deuxi\u00e8me volume permettra aux enseignants (titulaires, professeur-e-s de fran\u00e7ais ou d\u2019art dramatique) de diversifier leur \u00e9ventail de courtes pi\u00e8ces \u00e0 faire d\u00e9couvrir aux jeunes. Pour le plus grand bonheur de tout le monde.<\/p>\n<p align=\"left\">ISBN\u00a0:\u00a0978-2-9814317-5-2 2012 300 pages (volume 2) (format \u00e9lectronique)<br \/>\nISBN :\u00a0978-2-9814317-3-8 (ensemble) (format \u00e9lectronique)<\/p>\n<p>&#8211; See more at: http:\/\/www.theatralites.com\/products-page\/volumes\/cdt_vol2\/#sthash.uwXaZkKL.dpuf<\/p>\n<\/div>\n<p align=\"left\">Comme dans\u00a0le premier volume de la s\u00e9rie\u00a0<em>Coups\u00a0<\/em><em>de th\u00e9\u00e2tre \u2013 36 courtes pi\u00e8ces de th\u00e9\u00e2tre pour enfants et adolescents\u00a0<\/em>, Yanik Comeau propose un heureux m\u00e9lange de genres et de styles dans ces nouvelles sc\u00e8nes \u00e0 boucles boucl\u00e9es qui permettront aux enseignants, professeurs, metteurs en sc\u00e8ne ou animateurs d&#8217;ateliers d&#8217;art dramatique et de th\u00e9\u00e2tre d&#8217;explorer diff\u00e9rents styles de jeu et une vari\u00e9t\u00e9 de niveaux de langage.<\/p>\n<p align=\"left\">Des parodies de contes classiques aux sc\u00e8nes tir\u00e9es de la vie quotidienne en passant par des drames et de nouvelles situations pour quelques personnages rencontr\u00e9s dans le premier volume,\u00a0<em>Coups de th\u00e9\u00e2tre\u00a0! \u2013 36 courtes pi\u00e8ces de th\u00e9\u00e2tre pour enfants et adolescents, volume 2\u00a0<\/em>est un rendez-vous avec plus d&#8217;une centaine de personnages tous plus stimulants \u00e0 jouer les uns que les autres !<\/p>\n<p align=\"left\">Rares sont les textes de th\u00e9\u00e2tre \u00e9crits et con\u00e7us sp\u00e9cifiquement pour les cr\u00e9ations \u00e9tudiantes (primaire et secondaire) tout en tenant compte des r\u00e9alit\u00e9s et contraintes du milieu. Ce deuxi\u00e8me volume permettra aux enseignants (titulaires, professeur-e-s de fran\u00e7ais ou d&#8217;art dramatique) de diversifier leur \u00e9ventail de courtes pi\u00e8ces \u00e0 faire d\u00e9couvrir aux jeunes. Pour le plus grand bonheur de tout le monde.<\/p>\n<p align=\"left\">ISBN\u00a0:\u00a0978-2-9814317-5-2 2012 300 pages (volume 2) (format \u00e9lectronique)<br \/>\nISBN :\u00a0978-2-9814317-3-8 (ensemble) (format \u00e9lectronique)<\/p>\n<p>Si vous d\u00e9cidez de monter ces pi\u00e8ces, prenez note que la licence de reproduction est incluse. Par contre, vous devez payer les droits d&#8217;auteur pour chaque repr\u00e9sentation.<\/p>\n<p align=\"left\"><strong>Vous avez des questions au sujet des droits d&#8217;auteur et des droits de reproduction, consultez notre page\u00a0<a title=\"Droits d'auteur et droits de reproduction\" href=\"http:\/\/www.theatralites.com\/droitsauteur\/\" target=\"_blank\">ici<\/a><\/strong><\/p>\n<p align=\"left\"><strong><a title=\"Coups de th\u00e9\u00e2tre volume 1\" href=\"http:\/\/www.comunikmedia.com\/publications_cdt_volume2.php\" target=\"_blank\"><em>Coups de th\u00e9\u00e2tre &#8211; 36 courtes pi\u00e8ces pour enfants et adolescents<\/em>, volume 2<\/a>\u00a0est aussi disponible en format papier<\/strong><\/p>\n<h2 align=\"left\">R\u00e9sum\u00e9s des pi\u00e8ces<\/h2>\n<p>13 pages, 3f, 2h<br \/>\nCom\u00e9die. D&#8217;apr\u00e8s une id\u00e9e originale de Ianik-Hugues Lajeunesse. Lors de la premi\u00e8re journ\u00e9e d&#8217;\u00e9cole, Guylaine, la nouvelle enseignante, prend les pr\u00e9sences et se rend compte que les noms de ses \u00e9l\u00e8ves risquent de lui donner du fil \u00e0 retordre. Pierre-Paul Pierre\u00a0? Andr\u00e9anne Saint-Andr\u00e9-Saint-Arneault\u00a0? Lysanne L\u00e9ger-Ligier\u00a0? Jean-Philippe Jean\u00a0? Ouf\u00a0!\u00a0L&#8217;ann\u00e9e scolaire commence bien, en effet\u00a0!<\/p>\n<p>6 pages, 1f, 1h<br \/>\nCom\u00e9die. Dans le cadre de son populaire \u00abtalk-show\u00bb, \u00c9lyse Boisvert accueille le Dr. Jacques LeLorier, sp\u00e9cialiste en ph\u00e9nom\u00e8nes paranormaux, qui tente de convaincre l&#8217;animatrice de l&#8217;existence d&#8217;extraterrestres. Malheureusement pour le docteur timide, l&#8217;animatrice trouve hilarante son affirmation qu&#8217;il h\u00e9berge chez lui une cr\u00e9ature venue d&#8217;un autre monde.<\/p>\n<p>8 pages, 2f<br \/>\nCom\u00e9die. Corinne Campeau, astrologue, se surprend elle-m\u00eame lorsqu&#8217;elle r\u00e9ussit \u00e0 pr\u00e9dire les num\u00e9ros de loterie qui se trouvent sur le billet de sa pauvre cliente na\u00efve, madame Janette Jannelle, retrait\u00e9e.<\/p>\n<p>9 pages, 2f, 1h<br \/>\nCom\u00e9die. Au lendemain de son\u00a0<em>party\u00a0<\/em>avec Fr\u00e9d\u00e9ric, Annie appelle son amie Vicky pour lui raconter la f\u00eate dans les moindres d\u00e9tails. Annie est tr\u00e8s insult\u00e9e lorsque Vicky est froide avec elle. Pourtant, un dimanche matin avant 8 heures, il est un peu normal de vouloir dormir\u00a0! Dans son emportement, Annie se trompera encore de ligne et finira par insulter Fr\u00e9d\u00e9ric. Ah, la technologie\u00a0!<\/p>\n<p>7 pages, 1f, 2h<br \/>\nParodie. L&#8217;animateur du magazine t\u00e9l\u00e9vis\u00e9 \u00abAux fronti\u00e8res de l&#8217;impossible\u00bb traitant du paranormal accueille une m\u00e9nag\u00e8re de l&#8217;Arkansas et un cultivateur de pommes de terre de l&#8217;Idaho qui pr\u00e9tendent avoir fait la rencontre d&#8217;extraterrestres. Ont-ils tout invent\u00e9 seulement pour passer \u00e0 la t\u00e9l\u00e9 ou rapportent-ils des \u00abhistoires vraies\u00bb\u00a0? \u00c0 vous de juger\u00a0!<\/p>\n<p>14 pages, 3f, 4h (pouvant \u00eatre jou\u00e9s par 1f, 2h)<br \/>\nCom\u00e9die. St\u00e9phane Mailloux fait des sondages t\u00e9l\u00e9phoniques pour Recherches M\u00e9dia inc. Dans ce m\u00e9tier, on rencontre toutes sortes de monde\u00a0! St\u00e9phane parle tour \u00e0 tour \u00e0 une dame \u00e2g\u00e9e m\u00e9fiante, un adolescent blas\u00e9, une fillette p\u00e9tillante, un bonhomme dans la cinquantaine, une gardienne d\u00e9pass\u00e9e et un frustr\u00e9 agressif. \u00c0 sa place, qui n&#8217;aurait pas h\u00e2te \u00e0 sa pause-caf\u00e9\u00a0?<\/p>\n<p>6 pages, 1f, 1h<br \/>\nCom\u00e9die. Nicolas Tousignant croyait pouvoir sauver du temps en passant par le service \u00e0 l&#8217;auto du Roi du Burger, mais il ne s&#8217;attendait pas \u00e0 tomber sur la pire pr\u00e9pos\u00e9e de l&#8217;histoire. Finira-t-elle par comprendre enfin ce qu&#8217;il veut manger\u00a0? \u00abBonjour, bienvenue au Roi du Burger\u00a0!\u00bb<\/p>\n<p>8 pages, 3f<br \/>\nCom\u00e9die. Madame Corbeil vient faire une d\u00e9monstration Dinerware o\u00f9 elle pr\u00e9sente \u00e0 mesdames Gingras et Gervais les derni\u00e8res \u00abnouveaut\u00e9s\u00bb et les grands \u00abclassiques\u00bb. Madame Gingras et madame Gervais sont peut-\u00eatre seulement deux pour la d\u00e9monstration, mais elles ach\u00e8teront assez pour que le d\u00e9placement de madame Corbeil en vaille la peine<\/p>\n<p>6 pages, 2f<br \/>\nCom\u00e9die. D&#8217;apr\u00e8s une id\u00e9e originale de Christian Cardin. Quand Bianca demande \u00e0 sa m\u00e8re d&#8217;o\u00f9 elle vient, maman est prise au d\u00e9pourvu et bien mal \u00e0 l&#8217;aise. Pas facile de raconter \u00e0 un enfant d&#8217;o\u00f9 viennent les b\u00e9b\u00e9s, mais est-ce vraiment ce que Bianca voulait savoir\u00a0?<\/p>\n<p>6 pages, 1f, 1h<br \/>\nCom\u00e9die. Normand Pigeon a mal choisi sa journ\u00e9e pour avoir une rage de dents. La dentiste Dion, qui vient tout juste de s&#8217;engueuler au t\u00e9l\u00e9phone avec son ex-mari, semble en avoir contre tous les hommes aujourd&#8217;hui. Peut-\u00eatre que le traitement de canal devrait \u00eatre report\u00e9 lorsqu&#8217;elle sera de meilleure humeur\u00a0?<\/p>\n<p>9 pages, 2f<br \/>\nCom\u00e9die. (Une brioche \u00e0 la cannelle II) Madame Durivage revient au restaurant La Tour Eiffel, l\u00e0 o\u00f9 elle a \u00e9t\u00e9 s\u00e8chement expuls\u00e9e par la serveuse Anne-Marie. Pourtant, lorsque Anne-Marie lui pr\u00e9sentera ses excuses, madame Durivage acceptera de mettre de l&#8217;eau dans son vin. Cependant, le vin tournera au vinaigre quand la cliente s&#8217;av\u00e9rera toujours aussi insupportable !<\/p>\n<p>11 pages, 2f<br \/>\nJoanie aide Zo\u00e9 \u00e0 r\u00e9viser ses le\u00e7ons, mais en r\u00e9alit\u00e9, cette derni\u00e8re a demand\u00e9 \u00e0 son amie de venir l&#8217;aider seulement parce qu&#8217;elle avait envie de jouer. Zo\u00e9 pr\u00e9tend d&#8217;ailleurs qu&#8217;elle conna\u00eet tout, tout, tout\u00a0! Quand Joanie la met au d\u00e9fi et parie son dernier 2$, Zo\u00e9 prouve \u00e0 son amie qu&#8217;elle pourrait la ruiner. Heureusement que Zo\u00e9 a encore un peu de compassion pour son amie\u2026<\/p>\n<p>8 pages, 3f, 2h<br \/>\nCom\u00e9die. L&#8217;id\u00e9e de cette courte pi\u00e8ce est partie du fait qu&#8217;il serait amusant de n&#8217;avoir \u00e0 jamais chercher quoi que ce soit\u2026 Imaginez un service qui nous permettrait de toujours retrouver \u00e0 la bonne place tout ce dont on a besoin\u00a0! Dans cette parodie des info publicit\u00e9s qui envahissent nos \u00e9crans de t\u00e9l\u00e9, on pr\u00e9sente un tel service, on ne peut plus r\u00e9volutionnaire\u00a0!<\/p>\n<p>6 pages, 3f, 1h<br \/>\nCom\u00e9die. Dans la voiture familiale, la famille Poirier-Laforest file au nouveau chalet des grands-parents paternels. Cependant, le papa n&#8217;a pas le meilleur sens de l&#8217;orientation et sa pauvre conjointe commence \u00e0 \u00eatre assez exasp\u00e9r\u00e9e ! Ah, si seulement les hommes \u00e9taient moins orgueilleux\u00a0!<\/p>\n<p>11 pages, 2h, 2f<br \/>\nCom\u00e9die romantique. Beno\u00eet et Lyne, d&#8217;anciens amoureux, ne se sont pas vus depuis tr\u00e8s longtemps. Lorsqu&#8217;ils se croisent par hasard dans un parc, ils revisitent de vieux sentiments\u2026 et leurs consciences ne se g\u00eanent pas pour commenter leurs comportements\u00a0!<\/p>\n<p>7 pages, 2f, 1h<br \/>\nCom\u00e9die. Gis\u00e8le invite Laurette et Michel au restaurant pour partager ses (trop nombreuses\u00a0!) photos de voyage avec ses amis. Lorsque apr\u00e8s plusieurs heures, le pauvre couple d\u00e9cide enfin de se pousser en douce, Gis\u00e8le ne r\u00e9alise m\u00eame pas qu&#8217;elle est seule \u00e0 regarder ses photos. Il y a des gens, comme \u00e7a, qui ne comprennent pas vite\u00a0!<\/p>\n<p>8 pages, 2f, 1h<br \/>\nCom\u00e9die. Am\u00e9lie se glisse dans la chambre de sa grande s\u0153ur pour lire son journal intime. Pendant qu&#8217;elle lit, Cynthia narre et revit son lunch avec Marc-Andr\u00e9, l&#8217;\u00e9lu de son c\u0153ur, \u00e0 la caf\u00e9t\u00e9ria de l&#8217;\u00e9cole\u2026 mais quand Cynthia d\u00e9couvrira la petite fouine dans sa chambre, \u00e7a va chauffer\u00a0!<\/p>\n<p>8 pages, 3f<br \/>\nCom\u00e9die avec participation du public. Anita Arsenault, cr\u00e9atrice des produits de beaut\u00e9 Kwik Care, est \u00abl&#8217;invit\u00e9e\u00bb de l&#8217;animatrice d&#8217;info publicit\u00e9 Monique Meunier. Anita pr\u00e9sente ses produits r\u00e9volutionnaires et invite des spectateurs \u00aben studio\u00bb \u00e0 venir t\u00e9moigner de leurs exp\u00e9riences avec les produits Kwik Care.!<\/p>\n<p>7 pages, 3f<br \/>\nCom\u00e9die. Deux s\u0153urs aux go\u00fbts musicaux diam\u00e9tralement oppos\u00e9s se livrent bataille pour l&#8217;utilisation du lecteur CD. Lorsque leur m\u00e8re arrive, elle les envoie dans leurs chambres respectives\u2026 et met la musique qui lui plait, \u00e0 elle\u00a0!<\/p>\n<p>8 pages, 3f<br \/>\nCom\u00e9die. Les parents de M\u00e9lissa la laissent seule pour la journ\u00e9e. La jeune fille est tiraill\u00e9e entre ses responsabilit\u00e9s (d\u00e9fendues par sa conscience, Ang\u00e9lique) et son d\u00e9sir de s&#8217;amuser (d\u00e9fendu par Violaine, le petit diable). M\u00e9lissa arrivera-t-elle \u00e0 trouver un compromis entre le bien et le mal\u00a0?<\/p>\n<p>6 pages, 1f, 1h<br \/>\nCom\u00e9die. Julien, un jeune gar\u00e7on fascin\u00e9 par la science, s&#8217;amuse avec sa nouvelle boussole au centre-ville. Lorsqu&#8217;il heurte madame Dandurand, les deux personnages amorcent un dialogue qui ne les m\u00e8nera nulle part\u2026 sauf, peut-\u00eatre, sur le chemin du rire pour les spectateurs\u00a0!<\/p>\n<p>8 pages, 2f, 1h<br \/>\nPastiche du conte\u00a0<em>Hansel et Gretel\u00a0<\/em>des Fr\u00e8res Grimm. Dans cette version, Gretel est fonceuse et d\u00e9termin\u00e9e, Hansel plut\u00f4t na\u00eff et perdu, et la sorci\u00e8re, toujours aussi ratoureuse. Gretel, qui en a vu d&#8217;autres, concocte un plan pour que son fr\u00e8re et elle puissent enfin retrouver leur chemin\u2026 et leur libert\u00e9\u2026 avec l&#8217;aide de la sorci\u00e8re qui ne se doute de rien\u00a0!<\/p>\n<p>3 pages, 1 personnage, masculin ou f\u00e9minin<br \/>\nPetites mises en situation (que les Am\u00e9ricains appelleraient \u00abrunning-gag\u00bb) \u00e0 utiliser en spectacle entre deux courtes pi\u00e8ces\u2026 ou comme exercice en atelier d&#8217;art dramatique.<\/p>\n<p>8 pages, 2f<br \/>\nCom\u00e9die. Fanie arrive chez son amie Tanya avec un sac rempli d&#8217;\u00e9chantillons de parfums que lui a donn\u00e9 sa m\u00e8re, pr\u00e9pos\u00e9e au comptoir des cosm\u00e9tiques d&#8217;un magasin \u00e0 rayons. Lorsque Tanya se retrouve noy\u00e9e dans un m\u00e9lange de fragrances douteux, elle n&#8217;est pas aussi enchant\u00e9e qu&#8217;elle croyait l&#8217;\u00eatre lorsqu&#8217;elle a demand\u00e9 \u00e0 Fanie d&#8217;apporter tous ces parfums.<\/p>\n<p>22 pages, 3f, 4h, 6 marionnettes<br \/>\nConte. Lorsque Simon Simard, maire de Simonville, re\u00e7oit un appel du P\u00e8re No\u00ebl lui-m\u00eame qui lui annon\u00e7ant qu&#8217;il doit annuler No\u00ebl \u00e0 Simonville parce que ses lutins font la gr\u00e8ve, le premier magistrat du village d\u00e9cide de sauver la f\u00eate avec la collaboration de quelques-uns de ses concitoyens. Une pi\u00e8ce pour le temps des f\u00eates, il va sans dire\u00a0!<\/p>\n<p>9 pages, 4f<br \/>\nParodie inspir\u00e9e du conte\u00a0<em>Cendrillon\u00a0<\/em>de Charles Perrault. La pauvre Cendrier &#8211; qui fume trois paquets par jour et qui a les dents et les doigts jaunes &#8211; doit faire le m\u00e9nage, le repassage, le reprisage pour sa m\u00e9chante belle-m\u00e8re et ses trois tr\u00e8s m\u00e9chantes filles. Lorsque sa f\u00e9e-marraine pas tr\u00e8s efficace vient la sauver de sa vie monotone et p\u00e9nible, Cendrier ne r\u00eave qu&#8217;\u00e0 une chose\u00a0: que le Prince partage sa passion pour la cigarette\u00a0!<\/p>\n<p>7 pages, 1f, 1h<br \/>\nCom\u00e9die absurde. D&#8217;apr\u00e8s une id\u00e9e originale de Christian Cardin. Le psychiatre et inventeur, Dr. Arthur Laflamme, croit avoir mis au point une console \u00e9lectrique qui permettra de contr\u00f4ler le cerveau des adolescents. Cependant, son cobaye, l&#8217;adolescente P\u00e9n\u00e9lope Desranleau, court-circuite son exp\u00e9rience et le Dr. Laflamme devra retourner \u00e0 la table \u00e0 dessin\u2026 si P\u00e9n\u00e9lope ne dispose pas de lui avant\u00a0!<\/p>\n<p>7 pages, 3f<br \/>\nCom\u00e9die. La r\u00e9alisatrice Bernadette Guay tourne une pub pour les confitures Wesley avec la com\u00e9dienne Charlotte Vadnais. La pauvre Charlotte bafouille, a des blancs de m\u00e9moire, \u00e9chappe sa tartine\u2026 bref, le tournage est difficile. La maquilleuse-coiffeuse, Johanne Laurier, n&#8217;aide pas la situation non plus.<\/p>\n<p>6 pages, 2f<br \/>\nPi\u00e8ce tragique. Marie-Lou a choisi d&#8217;en finir avec la vie, convaincue que sa famille ne sait m\u00eame pas qu&#8217;elle existe et que le gar\u00e7on qu&#8217;elle aimait plus que tout au monde ne veut plus rien savoir d&#8217;elle. Son amie Rebecca tentera de la sauver, de la convaincre que la vie vaut la peine d&#8217;\u00eatre v\u00e9cue\u2026 mais en vain.<\/p>\n<p>2 pages, 1f, 1h<br \/>\nMini-pi\u00e8ce comique pouvant \u00eatre utilis\u00e9e comme sketch de transition entre deux courtes pi\u00e8ces. Denise veut savoir qui a mang\u00e9 la tarte aux bleuets qu&#8217;elle venait de faire. Son fils Jo\u00ebl pr\u00e9tend que ce n&#8217;est pas lui, mais le contour de sa bouche le trahit.<\/p>\n<p>6 pages, 1f, 1h<br \/>\nCom\u00e9die. Le businessman am\u00e9ricain Thomas Williams a termin\u00e9 ses affaires \u00e0 Montr\u00e9al et saute dans le taxi de Murielle une deuxi\u00e8me fois. Cette fois, il veut \u00eatre conduit \u00e0 l&#8217;a\u00e9roport pour rentrer chez lui. On retrouve les personnages de la pi\u00e8ce\u00a0<em>Taxi\u00a0!\u00a0<\/em>(tir\u00e9e du volume 1) dans une nouvelle situation amusante.<\/p>\n<p>6 pages, 2f<br \/>\nPi\u00e8ce tragique. Caroline a jou\u00e9 avec sa vie et celle de son amie Christine alors qu&#8217;elle roulait dans le virage de la mort. Les deux filles se retrouvent dans le ravin apr\u00e8s le crash et Christine se bat pour rester en vie.<\/p>\n<p>6 pages, 2f<br \/>\nCom\u00e9die. Difficile d&#8217;\u00eatre servi en fran\u00e7ais dans quelques endroits au Qu\u00e9bec\u00a0? C&#8217;est parfois le cas dans l&#8217;ouest de l&#8217;\u00eele de Montr\u00e9al, selon madame Patenaude, une fervente d\u00e9fenderesse de la langue fran\u00e7aise. Quand St\u00e9phanie, employ\u00e9e du d\u00e9panneur du coin, l&#8217;aborde d&#8217;abord dans la langue de Shakespeare, madame Patenaude s&#8217;emporte. Moli\u00e8re se tournerait dans sa tombe\u00a0!<\/p>\n<p>8 pages, 2f, 1h<br \/>\nCom\u00e9die. Annie-Kim a un ami imaginaire pas si imaginaire que \u00e7a\u00a0! En effet, Xavier est peut-\u00eatre invisible pour la m\u00e8re d&#8217;Annie-Kim, mais il est capable de tenir une vraie de vraie cuill\u00e8re et manger de vraies de vraies c\u00e9r\u00e9ales !<\/p>\n<p>9 pages, 3f<br \/>\nCom\u00e9die dramatique. Les personnes \u00e2g\u00e9es oubli\u00e9es dans les centres d&#8217;accueil, \u00e7a n&#8217;a rien de dr\u00f4le. Quand M\u00e9lanie d\u00e9cide d&#8217;aller rendre visite \u00e0 sa grand-m\u00e8re Marguerite, atteinte de la maladie d&#8217;Alzheimer, elle r\u00e9alise rapidement que nos a\u00een\u00e9s, eux aussi, plus que jamais, ont besoin d&#8217;attention, d&#8217;affection et d&#8217;amour.<\/p>\n<p>5 pages, 2h et une voix f\u00e9minine<br \/>\nCom\u00e9die. D&#8217;apr\u00e8s une id\u00e9e originale de Philippe-Emmanuel V\u00e9zina et Francis-Emmanuel Hamel. Le petit Christophe d\u00e9couvre les joies de la \u00abzapette\u00bb du t\u00e9l\u00e9viseur, au grand dam de son fr\u00e8re \u00c9ric qui tente de faire ses devoirs. Leur m\u00e8re devra s&#8217;en m\u00ealer avant que n&#8217;\u00e9clate la Troisi\u00e8me Guerre Mondiale dans le salon familial.<\/p>\n","protected":false},"excerpt":{"rendered":"<p><strong>Recueil de courtes pi\u00e8ces pour enfants et adolescents<\/strong><strong><br \/>\n<\/strong><em>de Yanik Comeau<br \/>\nplus de 60 personnages, variable<br \/>\n<\/em><\/p>\n<p>Du th\u00e9\u00e2tre absurde au th\u00e9\u00e2tre r\u00e9aliste, en passant par des adaptations d&#8217;\u0153uvres classiques et de textes inspir\u00e9s de situations de la vie quotidienne contemporaine, l&#8217;auteur et p\u00e9dagogue Yanik Comeau sait manier diff\u00e9rents styles d&#8217;\u00e9criture. Il jongle avec les mots comme d&#8217;autres jonglent avec les notes de musique.<\/p>\n","protected":false},"featured_media":4261,"comment_status":"open","ping_status":"closed","template":"","meta":[],"product_brand":[],"product_cat":[178,179,177,180,185],"product_tag":[],"class_list":{"0":"post-4259","1":"product","2":"type-product","3":"status-publish","4":"has-post-thumbnail","6":"product_cat-8-12-ans","7":"product_cat-auteurs-quebecois","8":"product_cat-pieces-de-theatre","9":"product_cat-secondaire-12-et","10":"product_cat-yanik-comeau","12":"first","13":"instock","14":"downloadable","15":"shipping-taxable","16":"purchasable","17":"product-type-simple"},"jetpack_sharing_enabled":true,"_links":{"self":[{"href":"https:\/\/www.dramaction.qc.ca\/fr\/wp-json\/wp\/v2\/product\/4259","targetHints":{"allow":["GET"]}}],"collection":[{"href":"https:\/\/www.dramaction.qc.ca\/fr\/wp-json\/wp\/v2\/product"}],"about":[{"href":"https:\/\/www.dramaction.qc.ca\/fr\/wp-json\/wp\/v2\/types\/product"}],"replies":[{"embeddable":true,"href":"https:\/\/www.dramaction.qc.ca\/fr\/wp-json\/wp\/v2\/comments?post=4259"}],"wp:featuredmedia":[{"embeddable":true,"href":"https:\/\/www.dramaction.qc.ca\/fr\/wp-json\/wp\/v2\/media\/4261"}],"wp:attachment":[{"href":"https:\/\/www.dramaction.qc.ca\/fr\/wp-json\/wp\/v2\/media?parent=4259"}],"wp:term":[{"taxonomy":"product_brand","embeddable":true,"href":"https:\/\/www.dramaction.qc.ca\/fr\/wp-json\/wp\/v2\/product_brand?post=4259"},{"taxonomy":"product_cat","embeddable":true,"href":"https:\/\/www.dramaction.qc.ca\/fr\/wp-json\/wp\/v2\/product_cat?post=4259"},{"taxonomy":"product_tag","embeddable":true,"href":"https:\/\/www.dramaction.qc.ca\/fr\/wp-json\/wp\/v2\/product_tag?post=4259"}],"curies":[{"name":"wp","href":"https:\/\/api.w.org\/{rel}","templated":true}]}}