{"id":4250,"date":"2017-01-17T17:05:33","date_gmt":"2017-01-17T22:05:33","guid":{"rendered":"http:\/\/www.dramaction.qc.ca\/fr\/?post_type=product&#038;p=4250"},"modified":"2017-04-10T19:21:21","modified_gmt":"2017-04-10T23:21:21","slug":"coups-de-theatre-volume-1","status":"publish","type":"product","link":"https:\/\/www.dramaction.qc.ca\/fr\/produit\/coups-de-theatre-volume-1\/","title":{"rendered":"Coups de th\u00e9\u00e2tre, volume 1"},"content":{"rendered":"<p><strong>Recueil de courtes pi\u00e8ces pour enfants et adolescents<\/strong><strong><br \/>\n<\/strong><em>de Yanik Comeau<br \/>\nplus de 60 personnages, variable<br \/>\n<\/em><\/p>\n<p>Du th\u00e9\u00e2tre absurde au th\u00e9\u00e2tre r\u00e9aliste, en passant par des adaptations d&#8217;\u0153uvres classiques et de textes inspir\u00e9s de situations de la vie quotidienne contemporaine, l&#8217;auteur et p\u00e9dagogue Yanik Comeau sait manier diff\u00e9rents styles d&#8217;\u00e9criture. Il jongle avec les mots comme d&#8217;autres jonglent avec les notes de musique.<\/p>\n<p><!--more--><\/p>\n<p align=\"left\"><a href=\"http:\/\/www.piece-theatre-scolaire.com\/wp-content\/uploads\/2014\/02\/cdt1_175px_w.jpg\"><img decoding=\"async\" class=\"size-full wp-image-159 alignleft\" src=\"http:\/\/www.piece-theatre-scolaire.com\/wp-content\/uploads\/2014\/02\/cdt1_175px_w.jpg\" alt=\"cdt1_175px_w\" width=\"175\" height=\"225\" \/><\/a><em>Coups de th\u00e9\u00e2tre\u00a0! \u2013 36 courtes pi\u00e8ces de th\u00e9\u00e2tre pour enfants et adolescents, volume 1\u00a0<\/em>est un outil indispensable pour tout professeur de th\u00e9\u00e2tre ou d&#8217;art dramatique qui veut permettre \u00e0 tous ses \u00e9l\u00e8ves de jouer autre chose qu&#8217;un cactus\u00a0!<\/p>\n<p align=\"left\">Rares sont les textes de th\u00e9\u00e2tre \u00e9crits et con\u00e7us sp\u00e9cifiquement pour les cr\u00e9ations \u00e9tudiantes (primaire et secondaire) tout en tenant compte des r\u00e9alit\u00e9s et contraintes du milieu. Les enseignantes et les enseignants (titulaires, professeur-e-s de fran\u00e7ais ou d&#8217;art dramatique) sauront s\u00fbrement appr\u00e9cier l&#8217;arriv\u00e9e, dans nos \u00e9coles, de cet outil p\u00e9dagogique de qualit\u00e9.<\/p>\n<p align=\"left\">ISBN\u00a0:\u00a0978-2-9814317-4-5 \u00a02012 291 pages (volume 1) (format \u00e9lectronique)<br \/>\nISBN :\u00a0978-2-9814317-3-8 (ensemble) (format \u00e9lectronique)<\/p>\n<p>Si vous d\u00e9cidez de monter ces pi\u00e8ces, prenez note que la licence de reproduction est incluse. Par contre, vous devez payer les droits d&#8217;auteur pour chaque repr\u00e9sentation.<\/p>\n<p align=\"left\"><strong>Vous avez des questions au sujet des droits d&#8217;auteur et des droits de reproduction, consultez notre page <a title=\"Droits d'auteur et droits de reproduction\" href=\"http:\/\/www.theatralites.com\/droitsauteur\/\" target=\"_blank\">ici<\/a><\/strong><\/p>\n<p align=\"left\"><strong><a title=\"Coups de th\u00e9\u00e2tre volume 1\" href=\"http:\/\/www.comunikmedia.com\/publications_cdt_volume1.php\" target=\"_blank\"><em>Coups de th\u00e9\u00e2tre &#8211; 36 courtes pi\u00e8ces pour enfants et adolescents<\/em>, volume 1<\/a> est aussi disponible en format papier<\/strong><\/p>\n<h2 align=\"left\">R\u00e9sum\u00e9s des pi\u00e8ces<\/h2>\n<p>7 pages, 1f, 1h<br \/>\nCom\u00e9die absurde en fran\u00e7ais international. Derri\u00e8re le pupitre des nouvelles au R\u00e9seau National, Virginie de la Roche et Bernard Colbert se partagent un bulletin d&#8217;information des plus loufoques. Lors d&#8217;une pause publicitaire, ils se querellent et s&#8217;arrachent les manchettes. Au retour de la pause, les deux chefs d&#8217;antenne livrent des bouts de phrases compl\u00e8tement d\u00e9cousus qui donnent lieu \u00e0 une gymnastique mentale amusante.<\/p>\n<p>8 pages, 2f, 1h<br \/>\nCom\u00e9die. Annie appelle son amie Vicky pour lui annoncer qu&#8217;elle attend un appel du beau Fr\u00e9d\u00e9ric qui veut l&#8217;inviter \u00e0 une f\u00eate. Lorsque l&#8217;appel du gar\u00e7on arrive enfin, Annie laisse tour \u00e0 tour Vicky et Fr\u00e9d\u00e9ric en attente, et finit par faire la gaffe ultime\u00a0: Croyant qu&#8217;elle parle \u00e0 Vicky, Annie avoue \u00e0 Fr\u00e9d\u00e9ric qu&#8217;elle est amoureuse de lui\u00a0!<\/p>\n<p>5 pages, 1f, 1h<br \/>\nCom\u00e9die. Nathalie garde Louis et sa petite s\u0153ur Suzie. Incorrigible espi\u00e8gle, Louis a plus d&#8217;un tour dans son sac\u00a0: il fait dispara\u00eetre sa gardienne pour pouvoir \u00abjouer \u00e0 la magie\u00bb \u00e0 sa guise\u00a0!<\/p>\n<p>5 pages, 1f, 1h, des voix anonymes<br \/>\nCom\u00e9die \u00abtouchante\u00bb. \u00c0 mots couverts, deux jeunes s&#8217;avouent leur amour en faisant un travail dans une biblioth\u00e8que. Une pi\u00e8ce sur les silences et le langage corporel.<\/p>\n<p>6 pages, 1f, 1h<br \/>\nCom\u00e9die classique. Pi\u00e8ce inspir\u00e9e de Marivaux (\u00a0<em>Le jeu de l&#8217;amour et du hasard\u00a0<\/em>). Marianne et Dorante, promis l&#8217;un \u00e0 l&#8217;autre, se font passer pour leurs domestiques respectifs afin de pouvoir s&#8217;observer, \u00abs&#8217;\u00e9valuer\u00bb, mais se font prendre \u00e0 leur propre jeu.<\/p>\n<p>8 pages, 2h<br \/>\nCom\u00e9die satyrique. Raymond Duquette, un patient \u00e2g\u00e9 et plut\u00f4t hypocondriaque, vient voir le Dr Veilleux pour une radiographie. Le m\u00e9decin \u00e0 la morale douteuse, plus exp\u00e9ditif, lui prescrit plut\u00f4t un anti-inflammatoire et fait les derniers pr\u00e9paratifs pour son congr\u00e8s du Coll\u00e8ge des M\u00e9decins sous le soleil chaud de la Floride.<\/p>\n<p>5 pages, 2f, 1h (petit r\u00f4le)<br \/>\nCom\u00e9die absurde en fran\u00e7ais international. Madame Durivage commande sans cesse une brioche \u00e0 la cannelle \u00e0 une serveuse de plus en plus exasp\u00e9r\u00e9e. Lorsque cette derni\u00e8re n&#8217;en peut plus, elle donne brusquement son cong\u00e9 \u00e0 la cliente \u00e9tonn\u00e9e. Quand arrive monsieur Vall\u00e9e qui veut lui aussi une brioche \u00e0 la cannelle, Anne-Marie perd\u2026 tous ses moyens\u00a0!<\/p>\n<p>7 pages, 2f<br \/>\nCom\u00e9die. Annick Leblanc travaille au d\u00e9panneur de ses parents quand sa tante Diane, une dame \u00abtr\u00e8s proche de ses cennes\u00bb, vient faire quelques achats. Lorsque Diane gratte et gagne 50\u00a0000$ \u00e0 la loterie, Annick regrette d&#8217;avoir \u00e9t\u00e9 d\u00e9sagr\u00e9able avec cette cliente \u00abgratteuse\u00bb. Note de l&#8217;auteur\u00a0: Cette pi\u00e8ce a \u00e9t\u00e9 \u00e9crite plusieurs ann\u00e9es\u00a0<em>avant\u00a0<\/em>la s\u00e9rie de pubs de Loto-Qu\u00e9bec \u00abSoyez gentils avec ceux qui jouent au 6\/49\u00bb.<\/p>\n<p>8 pages, 3f<br \/>\nCom\u00e9die. Au salon de coiffure et d&#8217;esth\u00e9tique Chez Philom\u00e8ne, la coiffeuse\/proprio en voit de toutes les couleurs\u2026 et pas seulement dans les cheveux de ses clientes\u00a0! Aujourd&#8217;hui, madame Laurin (une pr\u00e9tentieuse) et madame Beauchemin (une cliente plus sympathique) ont rendez-vous. Les couteaux\u2026 ou les ciseaux volent bas\u00a0!.<\/p>\n<p>7 pages, 2f, 1h<br \/>\nCom\u00e9die. Ginette doit aider Mathieu et V\u00e9ronique, deux de ses \u00e9l\u00e8ves les plus difficiles, \u00e0 se rattraper en fran\u00e7ais. Malheureusement pour elle, les deux terreurs ne sont peut-\u00eatre pas forts en fran\u00e7ais, mais ils savent tourner une situation \u00e0 leur avantage\u00a0!.<\/p>\n<p>7 pages, 2f, 1 voix<br \/>\nCom\u00e9die. Entre deux num\u00e9ros de Bingo, madame Verreault et madame Charbonneau potinent sur les gens du village jusqu&#8217;\u00e0 ce que madame Charbonneau fasse un autre BINGO et que madame Verreault, jalouse, se\u00a0l\u00e8ve et parte en temp\u00eatant.<\/p>\n<p>10 pages, 2f, 1h<br \/>\nCom\u00e9die. Pendant que madame B\u00e9dard raconte \u00e0 madame Primeau son altercation avec une \u00abpetite vendeuse voleuse\u00bb, l&#8217;ascenseur du centre d&#8217;accueil o\u00f9 elles habitent s&#8217;arr\u00eate et elles doivent compter sur Roger, l&#8217;op\u00e9rateur d&#8217;ascenseur sourd, pour les sortir de l\u00e0. Que Dieu leur vienne en aide\u00a0!<\/p>\n<p>8 pages, 1f, 1h<br \/>\nCom\u00e9die sentimentale. Exercice d&#8217;\u00e9criture inspir\u00e9 de la pi\u00e8ce\u00a0<em>Jean et Marie\u00a0<\/em>de Yves Sauvageau. Tristan veut d\u00e9clarer \u00e0 \u00c9milie son amour, mais il le fait avec une maladresse qui\u2026 finit par toucher la jeune fille. Une pi\u00e8ce presque enti\u00e8rement \u00e9crite en rimes.<\/p>\n<p>6 pages, 2f<br \/>\nCom\u00e9die. Sarah est f\u00e2ch\u00e9e contre son amie Marjorie qui a annonc\u00e9 \u00e0 toute la classe que Sarah est amoureuse de Justin Leclerc. Malgr\u00e9 elle, Sarah raconte toute l&#8217;histoire \u00e0 sa m\u00e8re, m\u00eame si elle ne cesse de dire qu&#8217;elle ne veut\u00a0<em>pas\u00a0<\/em>en parler\u00a0!<\/p>\n<p>7 pages, 2h<br \/>\nCom\u00e9die satyrique. Apr\u00e8s un match important, le reporter-t\u00e9l\u00e9 Jean-Louis Duguay recueille les commentaires du joueur de hockey Philippe Saint-Louis, mais ce dernier n&#8217;a pas un vocabulaire tr\u00e8s\u2026 vari\u00e9, c&#8217;est le moins que l&#8217;on puisse dire\u00a0!<\/p>\n<p>6 pages, 1f, 1h<br \/>\nCom\u00e9die. Louise a une vilaine grippe et un mal de t\u00eate \u00e9pouvantable. Quand C\u00e9dric, son fils (un peu trop) cr\u00e9atif et original, d\u00e9cide de s&#8217;improviser m\u00e9decin pour qu&#8217;elle puisse gu\u00e9rir plus vite et aller jouer dehors avec lui, Louise se sauve pour \u00e9viter le pire\u00a0!<\/p>\n<p>8 pages, 3h<br \/>\nPi\u00e8ce tragique. Dans une ruelle de Carthag\u00e8ne, Yago, 12 ans, a rendez-vous avec le chef de sa bande de petits voleurs. Lorsque Tom\u00e1s se rend compte que sa nouvelle recrue ne livre pas la marchandise, il livre Yago aux policiers pour \u00e9viter d&#8217;\u00eatre arr\u00eat\u00e9.<\/p>\n<p>6 pages, 3f<br \/>\nCom\u00e9die inspir\u00e9e du \u00absketch\u00bb\u00a0<em>Les parents s&#8217;ennuient le dimanche\u00a0<\/em>extrait de la revue\u00a0<em>Les Fridolinades\u00a0<\/em>de Gratien G\u00e9linas, cette pi\u00e8ce met en sc\u00e8ne une m\u00e8re agit\u00e9e et ses deux filles qui craignent d&#8217;\u00eatre en retard pour l&#8217;\u00e9cole. Pauvre G\u00e9raldine qui doit tout pr\u00e9parer pour le petit d\u00e9jeuner en plus d&#8217;essayer de r\u00e9veiller son fils a\u00een\u00e9 \u00c9mile qui dort plus dur qu&#8217;une pierre\u00a0!<\/p>\n<p>10 pages, 2f, 1h<br \/>\nCom\u00e9die inspir\u00e9e du principe de la pi\u00e8ce\u00a0<em>Black Comedy\u00a0<\/em>de Peter Shaffer. Pour jouer un tour \u00e0 sa grande s\u0153ur Josianne qui \u00e9crit une lettre avec son amie Marie-\u00c8ve, Marco \u00e9teint la lumi\u00e8re du salon. Celui-ci se retrouvera dans de beaux draps lorsqu&#8217;il r\u00e9alisera qu&#8217;il y a vraiment une panne d&#8217;\u00e9lectricit\u00e9. C&#8217;est Josianne et Marie-\u00c8ve qui riront les derni\u00e8res et s&#8217;amuseront \u00e0 terroriser le petit fr\u00e8re aga\u00e7ant.<\/p>\n<p>5 pages, 2f<br \/>\nCom\u00e9die. Suzanne arrive du travail, essouffl\u00e9e et surmen\u00e9e. Sa fille Alexandra, qui conna\u00eet bien les tendances de sa m\u00e8re \u00e0 la distraction, aidera Suzanne \u00e0 trouver les choses qu&#8217;elle ne cesse de laisser tra\u00eener un peu partout. Pauvre Suzanne\u00a0! Comme elle aurait besoin de vacances\u00a0!<\/p>\n<p>8 pages, 2f, 1h<br \/>\nCom\u00e9die. Dans la salle d&#8217;attente d&#8217;une urgence, Patrick fait irruption avec sa femme Mireille dont les contractions ont commenc\u00e9. La r\u00e9ceptionniste blas\u00e9e, qui en a vu d&#8217;autres, gardera son sang-froid et c&#8217;est Mireille qui calmera son mari nerveux, stress\u00e9 et stressant\u00a0!<\/p>\n<p>8 pages, 2f, 1 voix<br \/>\nCom\u00e9die. Par une journ\u00e9e pluvieuse, Laurence propose \u00e0 son amie Annie-Claude qu&#8217;elles fassent une partie de th\u00e9. Costumes, bijoux, maquillages, tout y est\u00a0! Cependant, c&#8217;est toujours Laurence qui d\u00e9cide tout et Annie-Claude en a assez. Avant que n&#8217;\u00e9clate un deuxi\u00e8me \u00abBoston Tea Party\u00bb, la m\u00e8re de Laurence devra s&#8217;en m\u00ealer\u00a0!<\/p>\n<p>6 pages, 1f, 1h<br \/>\nParodie dramatis\u00e9e du conte\u00a0<em>Le Petit Chaperon Rouge\u00a0<\/em>de Charles Perrault dans laquelle ledit Chaperon Rouge ne s&#8217;en laisse pas imposer par un loup qui s&#8217;av\u00e8re peureux et innocent.<\/p>\n<p>8 pages, 2f, 1h<br \/>\nCom\u00e9die. Cornichon, Daphn\u00e9e et No\u00e9mie, trois poup\u00e9es, deviennent vivantes lorsque leur ma\u00eetresse, Val\u00e9rie, une fillette de cinq ans, les laisse seuls. Dialogue entre trois \u00eatres inanim\u00e9s qui deviennent anim\u00e9s\u2026 le temps d&#8217;une petite histoire.<\/p>\n<p>6 pages, 2f<br \/>\nCom\u00e9die absurde en fran\u00e7ais international. Inspir\u00e9e de la sc\u00e8ne IV de\u00a0<em>La Cantatrice chauve\u00a0<\/em>d&#8217;Eug\u00e8ne Ionesco, cette courte pi\u00e8ce met en sc\u00e8ne deux jeunes filles qui cherchent leurs chiens dans un parc. Dans la plus pure tradition ionescienne, l&#8217;absurde l&#8217;emportera, et Catherine et Julie feront des retrouvailles pour le moins \u00e9tranges.<\/p>\n<p>5 pages, 1f, 1h<br \/>\nCom\u00e9die absurde en fran\u00e7ais international. Sur un banc d&#8217;arr\u00eat d&#8217;autobus, Monsieur demande l&#8217;heure \u00e0 Madame. Quelle n&#8217;est pas sa surprise lorsque celle-ci consulte le soleil pour lui r\u00e9pondre\u00a0! Apr\u00e8s quelques tentatives, Madame accepte enfin de lui dire l&#8217;heure qu&#8217;il est sur sa montre. Mais la r\u00e9ponse n&#8217;aura rien pour satisfaire Monsieur\u00a0!<\/p>\n<p>7 pages, 2 personnages<br \/>\nCom\u00e9die absurde en fran\u00e7ais international. Inspir\u00e9e des personnages Vladimir et Estragon dans\u00a0<em>En attendant Godot\u00a0<\/em>de Samuel Beckett, cette pi\u00e8ce se veut d&#8217;abord et avant tout une d\u00e9licieuse \u00e9tude de personnages et un exercice sur les silences.<\/p>\n<p>8 pages, 3f<br \/>\nCom\u00e9die. Deux com\u00e9diennes pr\u00e9tentieuses viennent d\u00e9ranger la r\u00e9ceptionniste d&#8217;une grande agence d&#8217;artistes. Apr\u00e8s avoir endur\u00e9 les pr\u00e9cieuses pendant un moment, Sylvie lancera la serviette et quittera son emploi.<\/p>\n<p>5 pages, 1f, 1h, 1 voix f\u00e9minine<br \/>\nCom\u00e9die romantique. Adaptation de\u00a0<em>Rom\u00e9o et Juliette\u00a0<\/em>de William Shakespeare (Acte II, Sc\u00e8ne II). Cette nouvelle version de la c\u00e9l\u00e8bre sc\u00e8ne du balcon se veut moins ampoul\u00e9e, plus \u00abdirect au but\u00bb que l&#8217;originale, tout en respectant la po\u00e9sie et la beaut\u00e9 de l&#8217;\u0153uvre du grand ma\u00eetre. De plus, cette adaptation peut \u00eatre pr\u00e9sent\u00e9e devant public sans explication pr\u00e9alable.<\/p>\n<p>6 pages, 2f<br \/>\nCom\u00e9die. Dramatisation du po\u00e8me comique\u00a0<em>Robes et manteaux\u00a0<\/em>de Miguel Zamaco\u00efs. Madame de Tourin cherche une robe de bal et Ad\u00e8le, la vendeuse, lui trouvera une toilette qui lui irait \u00e0 ravir\u2026 si elle pesait cinquante kilos de moins\u00a0!<\/p>\n<p>6 pages, 2h<br \/>\nCom\u00e9die. Gilles Turcotte anime la\u00a0<em>Soir\u00e9e du\u00a0<\/em>Hockey au R\u00e9seau National, accompagn\u00e9 de l&#8217;analyste Mario L\u00e9gar\u00e9. Tout au long du match qu&#8217;ils commentent, les deux hommes pr\u00e9sentent aussi les commanditaires de chacun des moindres gestes qui se passe sur la glace\u00a0!<\/p>\n<p>7 pages, 1f, 1h<br \/>\nCom\u00e9die. Riche homme d&#8217;affaires texan, Thomas Williams monte dans la voiture taxi de Murielle, la chauffeure pas tr\u00e8s f\u00e9minine ni tr\u00e8s subtile. Une pi\u00e8ce tr\u00e8s dr\u00f4le sur les malentendus que peuvent provoquer les barri\u00e8res linguistiques.<\/p>\n<p>12 pages, 3f<br \/>\nCom\u00e9die. Quand Vivianne Beaubien \u00e9prouve des difficult\u00e9s \u00e0 rejoindre sa s\u0153ur Lilianne, elle fait appel \u00e0 la t\u00e9l\u00e9phoniste pour l&#8217;aider. Cependant, la pauvre Th\u00e9r\u00e8se se retrouve prise entre l&#8217;arbre et l&#8217;\u00e9corce lorsqu&#8217;elle r\u00e9alise que Lilianne en a marre d&#8217;\u00eatre toujours d\u00e9rang\u00e9e par sa s\u0153ur qui l&#8217;appelle vingt fois par jour\u00a0!<\/p>\n<p>6 pages, 2f<br \/>\nCom\u00e9die. Fernande et Henriette, deux dames \u00e2g\u00e9es qui se connaissent depuis toujours, se rem\u00e9morent des souvenirs de jeunesse. Le probl\u00e8me, c&#8217;est qu&#8217;elles n&#8217;ont pas du tout les m\u00eames souvenirs et ne se souviennent pas des\u00a0\u00e9v\u00e8nements\u00a0de la m\u00eame fa\u00e7on\u00a0!<\/p>\n<p>8 pages, 2h<br \/>\nCom\u00e9die. Alexis pr\u00e9sente au public le grand magicien Bizzordo\u2026 qui n&#8217;est malheureusement pas aussi bon et habile qu&#8217;il devrait l&#8217;\u00eatre. Une pi\u00e8ce qui fait appel \u00e0 un spectateur participant.<\/p>\n<p>7 pages, 2f<br \/>\nCom\u00e9die. Rollande Bouchard, passag\u00e8re nerveuse, en fait voir de toutes les couleurs \u00e0 la pauvre Francine, agente de bord sur le vol 702 vers Miami. Turbulence, dites-vous\u00a0? Y en a-t-il vraiment ou est-elle cr\u00e9\u00e9e par Rollande\u00a0?<\/p>\n","protected":false},"excerpt":{"rendered":"<p><strong>Recueil de courtes pi\u00e8ces pour enfants et adolescents<\/strong><strong><br \/>\n<\/strong><em>de Yanik Comeau<br \/>\nplus de 60 personnages, variable<br \/>\n<\/em><\/p>\n<p>Du th\u00e9\u00e2tre absurde au th\u00e9\u00e2tre r\u00e9aliste, en passant par des adaptations d&#8217;\u0153uvres classiques et de textes inspir\u00e9s de situations de la vie quotidienne contemporaine, l&#8217;auteur et p\u00e9dagogue Yanik Comeau sait manier diff\u00e9rents styles d&#8217;\u00e9criture. Il jongle avec les mots comme d&#8217;autres jonglent avec les notes de musique.<\/p>\n","protected":false},"featured_media":4252,"comment_status":"open","ping_status":"closed","template":"","meta":[],"product_brand":[],"product_cat":[178,179,177,180,185],"product_tag":[],"class_list":{"0":"post-4250","1":"product","2":"type-product","3":"status-publish","4":"has-post-thumbnail","6":"product_cat-8-12-ans","7":"product_cat-auteurs-quebecois","8":"product_cat-pieces-de-theatre","9":"product_cat-secondaire-12-et","10":"product_cat-yanik-comeau","12":"first","13":"instock","14":"downloadable","15":"sold-individually","16":"shipping-taxable","17":"purchasable","18":"product-type-simple"},"jetpack_sharing_enabled":true,"_links":{"self":[{"href":"https:\/\/www.dramaction.qc.ca\/fr\/wp-json\/wp\/v2\/product\/4250","targetHints":{"allow":["GET"]}}],"collection":[{"href":"https:\/\/www.dramaction.qc.ca\/fr\/wp-json\/wp\/v2\/product"}],"about":[{"href":"https:\/\/www.dramaction.qc.ca\/fr\/wp-json\/wp\/v2\/types\/product"}],"replies":[{"embeddable":true,"href":"https:\/\/www.dramaction.qc.ca\/fr\/wp-json\/wp\/v2\/comments?post=4250"}],"wp:featuredmedia":[{"embeddable":true,"href":"https:\/\/www.dramaction.qc.ca\/fr\/wp-json\/wp\/v2\/media\/4252"}],"wp:attachment":[{"href":"https:\/\/www.dramaction.qc.ca\/fr\/wp-json\/wp\/v2\/media?parent=4250"}],"wp:term":[{"taxonomy":"product_brand","embeddable":true,"href":"https:\/\/www.dramaction.qc.ca\/fr\/wp-json\/wp\/v2\/product_brand?post=4250"},{"taxonomy":"product_cat","embeddable":true,"href":"https:\/\/www.dramaction.qc.ca\/fr\/wp-json\/wp\/v2\/product_cat?post=4250"},{"taxonomy":"product_tag","embeddable":true,"href":"https:\/\/www.dramaction.qc.ca\/fr\/wp-json\/wp\/v2\/product_tag?post=4250"}],"curies":[{"name":"wp","href":"https:\/\/api.w.org\/{rel}","templated":true}]}}