{"id":4244,"date":"2016-12-17T16:57:57","date_gmt":"2016-12-17T21:57:57","guid":{"rendered":"http:\/\/www.dramaction.qc.ca\/fr\/?post_type=product&#038;p=4244"},"modified":"2017-09-01T19:53:47","modified_gmt":"2017-09-01T23:53:47","slug":"cette-annee-lhalloween-tombe-vendredi-13","status":"publish","type":"product","link":"https:\/\/www.dramaction.qc.ca\/fr\/produit\/cette-annee-lhalloween-tombe-vendredi-13\/","title":{"rendered":"Cette ann\u00e9e, l&#8217;Halloween tombe un vendredi 13 !"},"content":{"rendered":"<p><strong>Pi\u00e8ce humoristique en 6 tableaux pour les jeunes de 8 \u00e0 12 ans.<br \/>\n<\/strong>de <em>Marc-Andr\u00e9 Brunet<\/em><br \/>\n2 ou 3 personnages par tableau (13 personnages au total : 10 filles, 3 gar\u00e7ons)<em><br \/>\n<\/em><\/p>\n<p><em><strong>\u00a0<\/strong>Lors d&#8217;un violent orage\u00a0le soir de l&#8217;Halloween, \u00a0la foudre s&#8217;abat\u00a0sur une \u00e9cole remplie d&#8217;\u00e9l\u00e8ves, transformant tous ceux et celles qui portaient des costumes en v\u00e9ritables petits monstres. Qui pourra sauver cette \u00e9cole de la mal\u00e9diction de l&#8217;Halloween?<\/em><\/p>\n<p><!--more--><\/p>\n<hr \/>\n<p><img decoding=\"async\" class=\"alignleft wp-image-4159 size-thumbnail\" src=\"http:\/\/www.dramaction.qc.ca\/fr\/wp-content\/uploads\/2016\/12\/brunet08-150x150.jpg\" width=\"150\" height=\"150\" srcset=\"https:\/\/www.dramaction.qc.ca\/fr\/wp-content\/uploads\/2016\/12\/brunet08-150x150.jpg 150w, https:\/\/www.dramaction.qc.ca\/fr\/wp-content\/uploads\/2016\/12\/brunet08-200x200.jpg 200w, https:\/\/www.dramaction.qc.ca\/fr\/wp-content\/uploads\/2016\/12\/brunet08-100x100.jpg 100w, https:\/\/www.dramaction.qc.ca\/fr\/wp-content\/uploads\/2016\/12\/brunet08-300x300.jpg 300w, https:\/\/www.dramaction.qc.ca\/fr\/wp-content\/uploads\/2016\/12\/brunet08-1024x1024.jpg 1024w\" sizes=\"(max-width: 150px) 100vw, 150px\" \/><strong>Auteur<\/strong> : Marc-Andr\u00e9 Brunet<\/p>\n<p>\u00c9crites pour les \u00e9l\u00e8ves du cours de th\u00e9\u00e2tre de &#8220;Ru\u00e9e vers l&#8217;Art&#8221; et \u00e9prouv\u00e9e devant public, cette pi\u00e8ce est aussi int\u00e9ressante \u00e0 jouer qu&#8217;\u00e0 monter par vos \u00e9l\u00e8ves de <strong>8 \u00e0 12 ans.<\/strong><\/p>\n<p>Plus qu&#8217;un bon spectacle, un v\u00e9ritable outil p\u00e9dagogique dans l&#8217;enseignement du th\u00e9\u00e2tre gr\u00e2ce \u00e0 ses personnages plus grands que nature.<\/p>\n<p><strong>Nombre de personnages<\/strong> : 2 ou 3 personnages par tableau (13 personnages au total : 10 filles, 3 gar\u00e7ons) <em>*Il est possible de travestir certains des personnages.<\/em><br \/>\n<strong>Niveau de langue<\/strong> : Qu\u00e9b\u00e9cois (sans trop de r\u00e9gionalisme, donc adaptable pour tout pays)<br \/>\n<strong>Dur\u00e9e<\/strong> : 3 \u00e0 5 min \/ tableau (35 min au total)<br \/>\n<strong>Nombre de pages<\/strong> : 26<\/p>\n<p><strong>Extrait disponibles<\/strong> : <a href=\"http:\/\/www.dramaction.qc.ca\/fr\/wp-content\/uploads\/2016\/12\/Cette-annee-Halloween-tombe-un-vendredi-13-extrait.pdf\">Extrait du texte<\/a><\/p>\n<p><strong>R\u00c9SUM\u00c9 DE LA PI\u00c8CE &#8211;<\/strong>\u00a0\u00a0<strong>\u00a0<\/strong>Lors d&#8217;un violent orage\u00a0le soir de l&#8217;Halloween, \u00a0la foudre s&#8217;abat\u00a0sur une \u00e9cole remplie d&#8217;\u00e9l\u00e8ves, transformant tous ceux et celles qui portaient des costumes en v\u00e9ritables petits monstres. Qui pourra sauver cette \u00e9cole de la mal\u00e9diction de l&#8217;Halloween?<\/p>\n<p><strong>\u00a0Vous montez ce spectacle ?<\/strong><\/p>\n<p>Acheter le texte ne vous donne pas les droits de repr\u00e9senter devant public.\u00a0 Il vous permet de travailler les textes en classe avec vos \u00e9l\u00e8ves.<\/p>\n<p><strong>Notez que les \u00e9coles du Qu\u00e9bec\u00a0b\u00e9n\u00e9ficient d&#8217;une entente entre la SOQAD (La Soci\u00e9t\u00e9 qu\u00e9b\u00e9coise des auteurs dramatiques) et le MEES (Minist\u00e8re de l\u2019\u00c9ducation et de l\u2019Enseignement sup\u00e9rieur) qui d\u00e9fraie les droits de repr\u00e9sentation en milieu scolaire.\u00a0\u00a0Mais pour que l\u2019auteur re\u00e7oive ses droits, il faut alors remplir un formulaire sur le\u00a0<a href=\"http:\/\/www.aqad.qc.ca\/utilisateur\/ecole-primaires-secondaires\/declaration-de-representation\">http:\/\/www.aqad.qc.ca\/utilisateur\/ecole-primaires-secondaires\/declaration-de-representation<\/a><\/strong><\/p>\n<p>&nbsp;<\/p>\n","protected":false},"excerpt":{"rendered":"<p>Le r\u00e9sum\u00e9, l&#8217;extrait et les d\u00e9tails de cette pi\u00e8ce se trouvent un peu plus bas dans la page.<\/p>\n<p><strong>Notez que les \u00e9coles du Qu\u00e9bec\u00a0b\u00e9n\u00e9ficient d&#8217;une entente entre la SOQAD (La Soci\u00e9t\u00e9 qu\u00e9b\u00e9coise des auteurs dramatiques) et le MEES (Minist\u00e8re de l\u2019\u00c9ducation et de l\u2019Enseignement sup\u00e9rieur) qui d\u00e9fraie les droits de repr\u00e9sentation en milieu scolaire.\u00a0\u00a0Mais pour que l\u2019auteur re\u00e7oive ses droits, il faut alors remplir un formulaire sur le\u00a0<a href=\"http:\/\/www.aqad.qc.ca\/utilisateur\/ecole-primaires-secondaires\/declaration-de-representation\">http:\/\/www.aqad.qc.ca\/utilisateur\/ecole-primaires-secondaires\/declaration-de-representation<\/a><\/strong><\/p>\n<p>&nbsp;<\/p>\n","protected":false},"featured_media":4177,"comment_status":"open","ping_status":"closed","template":"","meta":[],"product_brand":[],"product_cat":[178,179,182,177],"product_tag":[],"class_list":{"0":"post-4244","1":"product","2":"type-product","3":"status-publish","4":"has-post-thumbnail","6":"product_cat-8-12-ans","7":"product_cat-auteurs-quebecois","8":"product_cat-marc-andre-brunet","9":"product_cat-pieces-de-theatre","10":"wcpv_product_vendors-marc-andre-brunet","12":"first","13":"instock","14":"shipping-taxable","15":"product-type-grouped"},"jetpack_sharing_enabled":true,"_links":{"self":[{"href":"https:\/\/www.dramaction.qc.ca\/fr\/wp-json\/wp\/v2\/product\/4244","targetHints":{"allow":["GET"]}}],"collection":[{"href":"https:\/\/www.dramaction.qc.ca\/fr\/wp-json\/wp\/v2\/product"}],"about":[{"href":"https:\/\/www.dramaction.qc.ca\/fr\/wp-json\/wp\/v2\/types\/product"}],"replies":[{"embeddable":true,"href":"https:\/\/www.dramaction.qc.ca\/fr\/wp-json\/wp\/v2\/comments?post=4244"}],"wp:featuredmedia":[{"embeddable":true,"href":"https:\/\/www.dramaction.qc.ca\/fr\/wp-json\/wp\/v2\/media\/4177"}],"wp:attachment":[{"href":"https:\/\/www.dramaction.qc.ca\/fr\/wp-json\/wp\/v2\/media?parent=4244"}],"wp:term":[{"taxonomy":"product_brand","embeddable":true,"href":"https:\/\/www.dramaction.qc.ca\/fr\/wp-json\/wp\/v2\/product_brand?post=4244"},{"taxonomy":"product_cat","embeddable":true,"href":"https:\/\/www.dramaction.qc.ca\/fr\/wp-json\/wp\/v2\/product_cat?post=4244"},{"taxonomy":"product_tag","embeddable":true,"href":"https:\/\/www.dramaction.qc.ca\/fr\/wp-json\/wp\/v2\/product_tag?post=4244"}],"curies":[{"name":"wp","href":"https:\/\/api.w.org\/{rel}","templated":true}]}}