{"id":4234,"date":"2016-12-16T11:04:48","date_gmt":"2016-12-16T16:04:48","guid":{"rendered":"http:\/\/www.dramaction.qc.ca\/fr\/produit\/piece-a-jouer-camping-parc\/"},"modified":"2017-09-01T19:53:59","modified_gmt":"2017-09-01T23:53:59","slug":"piece-a-jouer-camping-parc","status":"publish","type":"product","link":"https:\/\/www.dramaction.qc.ca\/fr\/produit\/piece-a-jouer-camping-parc\/","title":{"rendered":"Camping et parc d\u02bcattraction"},"content":{"rendered":"<p><strong>12 courtes pi\u00e8ces de th\u00e9\u00e2tre r\u00e9unies sur les th\u00e8mes<\/strong><br \/>\n<strong> Camping et Parc d&#8217;attraction<br \/>\n<\/strong>Recueil de 12 courtes sc\u00e8nes, de <em>Marc-Andr\u00e9 Brunet<br \/>\n41 (modulable) &#8211; X filles X gar\u00e7ons<br \/>\n<\/em><\/p>\n<p><!--more--><\/p>\n<hr \/>\n<p><img decoding=\"async\" class=\"alignleft wp-image-4159 size-thumbnail\" src=\"http:\/\/www.dramaction.qc.ca\/fr\/wp-content\/uploads\/2016\/12\/brunet08-150x150.jpg\" width=\"150\" height=\"150\" srcset=\"https:\/\/www.dramaction.qc.ca\/fr\/wp-content\/uploads\/2016\/12\/brunet08-150x150.jpg 150w, https:\/\/www.dramaction.qc.ca\/fr\/wp-content\/uploads\/2016\/12\/brunet08-200x200.jpg 200w, https:\/\/www.dramaction.qc.ca\/fr\/wp-content\/uploads\/2016\/12\/brunet08-100x100.jpg 100w, https:\/\/www.dramaction.qc.ca\/fr\/wp-content\/uploads\/2016\/12\/brunet08-300x300.jpg 300w, https:\/\/www.dramaction.qc.ca\/fr\/wp-content\/uploads\/2016\/12\/brunet08-1024x1024.jpg 1024w\" sizes=\"(max-width: 150px) 100vw, 150px\" \/><strong>Auteur<\/strong> : Marc-Andr\u00e9 Brunet<\/p>\n<p>\u00c9crites pour les \u00e9l\u00e8ves du cours de th\u00e9\u00e2tre de &#8220;Ru\u00e9e vers l&#8217;Art&#8221; et \u00e9prouv\u00e9es devant public, ces courtes pi\u00e8ces sont amusantes et pr\u00e9sentent des d\u00e9fis de personnages aux jeunes de 8 \u00e0 15 ans.<\/p>\n<p>Jou\u00e9es seules ou au complet, ce recueil est un excellent outil pour les enseignants de th\u00e9\u00e2tre. Encore une fois, Marc-Andr\u00e9 Brunet a su cr\u00e9er des moments et des personnages int\u00e9ressants, au grand plaisir des enseignants de th\u00e9\u00e2tre !<\/p>\n<p style=\"padding-left: 30px;\"><strong>Nombre de personnages<\/strong> : 41 (modulable) &#8211; X filles X gar\u00e7ons<br \/>\n<strong>Niveau de langue<\/strong> : Qu\u00e9b\u00e9cois (sans trop de r\u00e9gionalisme, donc adaptable pour tout pays)<br \/>\n<strong>Dur\u00e9e<\/strong> : 75 minutes<br \/>\n<strong>Nombre de pages<\/strong> : 71<\/p>\n<p style=\"padding-left: 30px;\"><strong>Extrait disponibles<\/strong> : <a href=\"http:\/\/www.dramaction.qc.ca\/fr\/wp-content\/uploads\/2016\/12\/Camping_et_parc_dattraction_-_extrait.pdf\">Extrait &#8211; Camping et parc d&#8217;attraction<\/a><\/p>\n<p><strong>\u00a0Vous montez ce spectacle ?<\/strong><\/p>\n<p>Acheter le texte ne vous donne pas les droits de repr\u00e9senter devant public.\u00a0 Il vous permets de travailler les textes en classe avec vos \u00e9l\u00e8ves.<\/p>\n<p><strong>Notez que les \u00e9coles du Qu\u00e9bec\u00a0b\u00e9n\u00e9ficient d&#8217;une entente entre la SOQAD (La Soci\u00e9t\u00e9 qu\u00e9b\u00e9coise des auteurs dramatiques) et le MEES (Minist\u00e8re de l\u2019\u00c9ducation et de l\u2019Enseignement sup\u00e9rieur) qui d\u00e9fraie les droits de repr\u00e9sentation en milieu scolaire.\u00a0\u00a0Mais pour que l\u2019auteur re\u00e7oive ses droits, il faut alors remplir un formulaire sur le\u00a0<a href=\"http:\/\/www.aqad.qc.ca\/utilisateur\/ecole-primaires-secondaires\/declaration-de-representation\">http:\/\/www.aqad.qc.ca\/utilisateur\/ecole-primaires-secondaires\/declaration-de-representation<\/a><\/strong><\/p>\n","protected":false},"excerpt":{"rendered":"<p>Le r\u00e9sum\u00e9, l&#8217;extrait et les d\u00e9tails de cette pi\u00e8ce se trouvent un peu plus bas dans la page.<\/p>\n<p><strong>Notez que les \u00e9coles du Qu\u00e9bec\u00a0b\u00e9n\u00e9ficient d&#8217;une entente entre la SOQAD (La Soci\u00e9t\u00e9 qu\u00e9b\u00e9coise des auteurs dramatiques) et le MEES (Minist\u00e8re de l\u2019\u00c9ducation et de l\u2019Enseignement sup\u00e9rieur) qui d\u00e9fraie les droits de repr\u00e9sentation en milieu scolaire.\u00a0\u00a0Mais pour que l\u2019auteur re\u00e7oive ses droits, il faut alors remplir un formulaire sur le\u00a0<a href=\"http:\/\/www.aqad.qc.ca\/utilisateur\/ecole-primaires-secondaires\/declaration-de-representation\">http:\/\/www.aqad.qc.ca\/utilisateur\/ecole-primaires-secondaires\/declaration-de-representation<\/a><\/strong><\/p>\n<p>&nbsp;<\/p>\n","protected":false},"featured_media":4169,"comment_status":"open","ping_status":"closed","template":"","meta":[],"product_brand":[],"product_cat":[178,179,177,180],"product_tag":[],"class_list":{"0":"post-4234","1":"product","2":"type-product","3":"status-publish","4":"has-post-thumbnail","6":"product_cat-8-12-ans","7":"product_cat-auteurs-quebecois","8":"product_cat-pieces-de-theatre","9":"product_cat-secondaire-12-et","11":"first","12":"instock","13":"shipping-taxable","14":"product-type-grouped"},"jetpack_sharing_enabled":true,"_links":{"self":[{"href":"https:\/\/www.dramaction.qc.ca\/fr\/wp-json\/wp\/v2\/product\/4234","targetHints":{"allow":["GET"]}}],"collection":[{"href":"https:\/\/www.dramaction.qc.ca\/fr\/wp-json\/wp\/v2\/product"}],"about":[{"href":"https:\/\/www.dramaction.qc.ca\/fr\/wp-json\/wp\/v2\/types\/product"}],"replies":[{"embeddable":true,"href":"https:\/\/www.dramaction.qc.ca\/fr\/wp-json\/wp\/v2\/comments?post=4234"}],"wp:featuredmedia":[{"embeddable":true,"href":"https:\/\/www.dramaction.qc.ca\/fr\/wp-json\/wp\/v2\/media\/4169"}],"wp:attachment":[{"href":"https:\/\/www.dramaction.qc.ca\/fr\/wp-json\/wp\/v2\/media?parent=4234"}],"wp:term":[{"taxonomy":"product_brand","embeddable":true,"href":"https:\/\/www.dramaction.qc.ca\/fr\/wp-json\/wp\/v2\/product_brand?post=4234"},{"taxonomy":"product_cat","embeddable":true,"href":"https:\/\/www.dramaction.qc.ca\/fr\/wp-json\/wp\/v2\/product_cat?post=4234"},{"taxonomy":"product_tag","embeddable":true,"href":"https:\/\/www.dramaction.qc.ca\/fr\/wp-json\/wp\/v2\/product_tag?post=4234"}],"curies":[{"name":"wp","href":"https:\/\/api.w.org\/{rel}","templated":true}]}}