{"id":4189,"date":"2016-12-14T19:08:08","date_gmt":"2016-12-15T00:08:08","guid":{"rendered":"http:\/\/www.dramaction.qc.ca\/fr\/?post_type=product&#038;p=4189"},"modified":"2017-09-01T19:54:25","modified_gmt":"2017-09-01T23:54:25","slug":"l%ca%bcepicerie-chill","status":"publish","type":"product","link":"https:\/\/www.dramaction.qc.ca\/fr\/produit\/l%ca%bcepicerie-chill\/","title":{"rendered":"L\u02bc\u00e9picerie chill !"},"content":{"rendered":"<p><strong>8 courtes pi\u00e8ces de th\u00e9\u00e2tre r\u00e9unies sur un m\u00eame th\u00e8me<\/strong><strong><br \/>\n<\/strong>Recueil de 8 courtes sc\u00e8nes de <em>Marc-Andr\u00e9 Brunet<\/em><br \/>\n19 (modulable) &#8211; 14 filles 5 gar\u00e7ons<em><br \/>\n<\/em><\/p>\n<hr \/>\n<p><strong><img decoding=\"async\" class=\"alignleft size-thumbnail wp-image-4159\" src=\"http:\/\/www.dramaction.qc.ca\/fr\/wp-content\/uploads\/2016\/12\/brunet08-150x150.jpg\" alt=\"\" width=\"150\" height=\"150\" srcset=\"https:\/\/www.dramaction.qc.ca\/fr\/wp-content\/uploads\/2016\/12\/brunet08-150x150.jpg 150w, https:\/\/www.dramaction.qc.ca\/fr\/wp-content\/uploads\/2016\/12\/brunet08-200x200.jpg 200w, https:\/\/www.dramaction.qc.ca\/fr\/wp-content\/uploads\/2016\/12\/brunet08-100x100.jpg 100w, https:\/\/www.dramaction.qc.ca\/fr\/wp-content\/uploads\/2016\/12\/brunet08-300x300.jpg 300w, https:\/\/www.dramaction.qc.ca\/fr\/wp-content\/uploads\/2016\/12\/brunet08-1024x1024.jpg 1024w\" sizes=\"(max-width: 150px) 100vw, 150px\" \/>Auteur<\/strong> : Marc-Andr\u00e9 Brunet<\/p>\n<p>\u00c9crites pour les \u00e9l\u00e8ves du cours de th\u00e9\u00e2tre de &#8220;Ru\u00e9e vers l&#8217;Art&#8221; et \u00e9prouv\u00e9es devant public, ces courtes pi\u00e8ces sont amusantes et pr\u00e9sentent des d\u00e9fis de personnages aux jeunes de 8 \u00e0 15 ans.<\/p>\n<p>Jou\u00e9es seules ou au complet, ce recueil est un excellent outil pour les enseignants de th\u00e9\u00e2tre. Encore une fois, Marc-Andr\u00e9 Brunet a su cr\u00e9er des moments et des personnages int\u00e9ressants, au grand plaisir des enseignants de th\u00e9\u00e2tre !<\/p>\n<p><strong>Nombre de personnages<\/strong> : 19 (modulable) &#8211; 14 filles 5 gar\u00e7ons<br \/>\n<strong>Niveau de langue<\/strong> : Qu\u00e9b\u00e9cois (sans trop de r\u00e9gionalisme, donc adaptable pour tout pays)<br \/>\n<strong>Dur\u00e9e<\/strong> : 45 minutes<br \/>\n<strong>Nombre de pages<\/strong> : 43<\/p>\n<p><strong>Extrait disponibles<\/strong> : <a href=\"http:\/\/www.dramaction.qc.ca\/fr\/wp-content\/uploads\/2016\/12\/Lepicerie_chill_-_extrait.pdf\">L&#8217;\u00e9picerie Chill &#8211; Extrait<\/a><\/p>\n<p><strong>R\u00c9SUM\u00c9 DES SC\u00c8NES &#8211;\u00a0<\/strong>D&#8217;anciens amoureux se retrouvent dans la rang\u00e9e des biscuits. Le g\u00e9rant a maille \u00e0 partir avec une de ses employ\u00e9es. Une caissi\u00e8re rencontre une chanteuse populaire. Une jeune fille croise sa dentiste dans la rang\u00e9e des bonbons. Deux vieilles font la course dans les rang\u00e9es avec leur panier \u00e0 roulettes. Une jeune employ\u00e9e s&#8217;amuse \u00e0 cr\u00e9er des couples dans l&#8217;\u00e9picerie. Un itin\u00e9rant se fait offrir de la nourriture par une employ\u00e9e g\u00e9n\u00e9reuse. Deux amies croisent Gouda, la mascotte des fromages &#8220;Go\u00fbttassa&#8221;.<\/p>\n<p><strong>\u00a0Vous montez ce spectacle ?<\/strong><\/p>\n<p>Acheter le texte ne vous donne pas les droits de repr\u00e9senter devant public.\u00a0 Il vous permets de travailler les textes en classe avec vos \u00e9l\u00e8ves.<\/p>\n<p><strong>Notez que les \u00e9coles du Qu\u00e9bec\u00a0b\u00e9n\u00e9ficient d&#8217;une entente entre la SOQAD (La Soci\u00e9t\u00e9 qu\u00e9b\u00e9coise des auteurs dramatiques) et le MEES (Minist\u00e8re de l\u2019\u00c9ducation et de l\u2019Enseignement sup\u00e9rieur) qui d\u00e9fraie les droits de repr\u00e9sentation en milieu scolaire.\u00a0\u00a0Mais pour que l\u2019auteur re\u00e7oive ses droits, il faut alors remplir un formulaire sur le\u00a0<a href=\"http:\/\/www.aqad.qc.ca\/utilisateur\/ecole-primaires-secondaires\/declaration-de-representation\">http:\/\/www.aqad.qc.ca\/utilisateur\/ecole-primaires-secondaires\/declaration-de-representation<\/a><\/strong><\/p>\n<p>Pour les pr\u00e9senter devant public, vous devez payer les <a title=\"Droits d\u2019auteur et de reproduction\" href=\"http:\/\/www.piece-theatre-scolaire.com\/droits-dauteur-de-reproduction\/\">droits d&#8217;auteur<\/a>.<\/p>\n","protected":false},"excerpt":{"rendered":"<p>Le r\u00e9sum\u00e9, l&#8217;extrait et les d\u00e9tails de cette pi\u00e8ce se trouvent un peu plus bas dans la page.<\/p>\n<p><strong>Notez que les \u00e9coles du Qu\u00e9bec\u00a0b\u00e9n\u00e9ficient d&#8217;une entente entre la SOQAD (La Soci\u00e9t\u00e9 qu\u00e9b\u00e9coise des auteurs dramatiques) et le MEES (Minist\u00e8re de l\u2019\u00c9ducation et de l\u2019Enseignement sup\u00e9rieur) qui d\u00e9fraie les droits de repr\u00e9sentation en milieu scolaire.\u00a0\u00a0Mais pour que l\u2019auteur re\u00e7oive ses droits, il faut alors remplir un formulaire sur le\u00a0<a href=\"http:\/\/www.aqad.qc.ca\/utilisateur\/ecole-primaires-secondaires\/declaration-de-representation\">http:\/\/www.aqad.qc.ca\/utilisateur\/ecole-primaires-secondaires\/declaration-de-representation<\/a><\/strong><\/p>\n<p>&nbsp;<\/p>\n","protected":false},"featured_media":4176,"comment_status":"open","ping_status":"closed","template":"","meta":[],"product_brand":[],"product_cat":[178,179,182,177,180],"product_tag":[],"class_list":{"0":"post-4189","1":"product","2":"type-product","3":"status-publish","4":"has-post-thumbnail","6":"product_cat-8-12-ans","7":"product_cat-auteurs-quebecois","8":"product_cat-marc-andre-brunet","9":"product_cat-pieces-de-theatre","10":"product_cat-secondaire-12-et","11":"wcpv_product_vendors-marc-andre-brunet","13":"first","14":"instock","15":"shipping-taxable","16":"product-type-grouped"},"jetpack_sharing_enabled":true,"_links":{"self":[{"href":"https:\/\/www.dramaction.qc.ca\/fr\/wp-json\/wp\/v2\/product\/4189","targetHints":{"allow":["GET"]}}],"collection":[{"href":"https:\/\/www.dramaction.qc.ca\/fr\/wp-json\/wp\/v2\/product"}],"about":[{"href":"https:\/\/www.dramaction.qc.ca\/fr\/wp-json\/wp\/v2\/types\/product"}],"replies":[{"embeddable":true,"href":"https:\/\/www.dramaction.qc.ca\/fr\/wp-json\/wp\/v2\/comments?post=4189"}],"wp:featuredmedia":[{"embeddable":true,"href":"https:\/\/www.dramaction.qc.ca\/fr\/wp-json\/wp\/v2\/media\/4176"}],"wp:attachment":[{"href":"https:\/\/www.dramaction.qc.ca\/fr\/wp-json\/wp\/v2\/media?parent=4189"}],"wp:term":[{"taxonomy":"product_brand","embeddable":true,"href":"https:\/\/www.dramaction.qc.ca\/fr\/wp-json\/wp\/v2\/product_brand?post=4189"},{"taxonomy":"product_cat","embeddable":true,"href":"https:\/\/www.dramaction.qc.ca\/fr\/wp-json\/wp\/v2\/product_cat?post=4189"},{"taxonomy":"product_tag","embeddable":true,"href":"https:\/\/www.dramaction.qc.ca\/fr\/wp-json\/wp\/v2\/product_tag?post=4189"}],"curies":[{"name":"wp","href":"https:\/\/api.w.org\/{rel}","templated":true}]}}