{"id":4154,"date":"2017-01-14T18:59:26","date_gmt":"2017-01-14T23:59:26","guid":{"rendered":"http:\/\/www.dramaction.qc.ca\/fr\/?post_type=product&#038;p=4154"},"modified":"2017-09-01T19:49:07","modified_gmt":"2017-09-01T23:49:07","slug":"lexamen-du-ministere","status":"publish","type":"product","link":"https:\/\/www.dramaction.qc.ca\/fr\/produit\/lexamen-du-ministere\/","title":{"rendered":"L&#8217;examen du minist\u00e8re"},"content":{"rendered":"<p><b>Pi\u00e8ce se d\u00e9roulant dans une \u00e9cole primaire pendant le \u00ab\u00a0terrible\u00a0\u00bb examen du minist\u00e8re.\u00a0<\/b><b><br \/>\n<\/b>Id\u00e9al pour des jeunes de niveau primaire (8-12 ans). La pi\u00e8ce est compos\u00e9e de sept sc\u00e8nes qui peuvent \u00eatre mont\u00e9es de fa\u00e7on ind\u00e9pendante.<br \/>\n(16 personnages)*<br \/>\n<i>*Cr\u00e9\u00e9 pour 14 filles et 2 gar\u00e7ons, mais tous les r\u00f4les peuvent FACILEMENT \u00eatre travestis.<\/i><\/p>\n<p>R\u00c9SUM\u00c9<br \/>\nAujourd&#8217;hui \u00e0 l&#8217;\u00e9cole, c&#8217;est l&#8217;examen du minist\u00e8re. Toutes les activit\u00e9s sont suspendues et chaque \u00e9l\u00e8ve doit faire face \u00e0 ce test qu&#8217;on dit impossible \u00e0 r\u00e9ussir\u2009! Tricheries, manigances et d\u00e9rapages prennent rapidement le dessus. Plus la journ\u00e9e avance, plus la situation s&#8217;envenime\u2009! Les professeurs et la direction perdent le contr\u00f4le et la petite \u00e9cole paisible se transforme en v\u00e9ritable zoo\u2009!<\/p>\n<p><strong>Nombre de personnages<\/strong> : 16 personnages (Modulable)<br \/>\n<strong>Niveau de langue<\/strong> : Qu\u00e9b\u00e9cois (sans trop de r\u00e9gionalisme, donc adaptable pour tout pays)<\/p>\n<p><strong>Extrait disponibles<\/strong> : <a href=\"http:\/\/www.dramaction.qc.ca\/fr\/wp-content\/uploads\/2016\/12\/Lexamen_du_minit\u00e8re_-_EXTRAITS.pdf\">Extrait de l&#8217;Examen du minist\u00e8re<\/a><\/p>\n<hr \/>\n<p><strong><img decoding=\"async\" class=\"alignleft size-thumbnail wp-image-4159\" src=\"http:\/\/www.dramaction.qc.ca\/fr\/wp-content\/uploads\/2016\/12\/brunet08-150x150.jpg\" alt=\"\" width=\"150\" height=\"150\" srcset=\"https:\/\/www.dramaction.qc.ca\/fr\/wp-content\/uploads\/2016\/12\/brunet08-150x150.jpg 150w, https:\/\/www.dramaction.qc.ca\/fr\/wp-content\/uploads\/2016\/12\/brunet08-200x200.jpg 200w, https:\/\/www.dramaction.qc.ca\/fr\/wp-content\/uploads\/2016\/12\/brunet08-100x100.jpg 100w, https:\/\/www.dramaction.qc.ca\/fr\/wp-content\/uploads\/2016\/12\/brunet08-300x300.jpg 300w, https:\/\/www.dramaction.qc.ca\/fr\/wp-content\/uploads\/2016\/12\/brunet08-1024x1024.jpg 1024w\" sizes=\"(max-width: 150px) 100vw, 150px\" \/>Auteur<\/strong> : Marc-Andr\u00e9 Brunet<\/p>\n<p>\u00c9crites pour les \u00e9l\u00e8ves du cours de th\u00e9\u00e2tre de &#8220;Ru\u00e9e vers l&#8217;Art&#8221; et \u00e9prouv\u00e9e devant public, cette pi\u00e8ce est aussi int\u00e9ressante \u00e0 jouer qu&#8217;\u00e0 monter par vos \u00e9l\u00e8ves de 13 \u00e0 17 ans.<\/p>\n<p>Plus qu&#8217;un bon spectacle, un v\u00e9ritable outil p\u00e9dagogique dans l&#8217;enseignement du th\u00e9\u00e2tre gr\u00e2ce \u00e0 ses personnages plus grands que nature.<\/p>\n<p><b>\u00a0<\/b><\/p>\n","protected":false},"excerpt":{"rendered":"<p>Le r\u00e9sum\u00e9, l&#8217;extrait et les d\u00e9tails de cette pi\u00e8ce se trouvent un peu plus bas dans la page.<\/p>\n<p><strong>Notez que les \u00e9coles du Qu\u00e9bec\u00a0b\u00e9n\u00e9ficient d&#8217;une entente entre la SOQAD (La Soci\u00e9t\u00e9 qu\u00e9b\u00e9coise des auteurs dramatiques) et le MEES (Minist\u00e8re de l\u2019\u00c9ducation et de l\u2019Enseignement sup\u00e9rieur) qui d\u00e9fraie les droits de repr\u00e9sentation en milieu scolaire.\u00a0\u00a0Mais pour que l\u2019auteur re\u00e7oive ses droits, il faut alors remplir un formulaire sur le\u00a0<a href=\"http:\/\/www.aqad.qc.ca\/utilisateur\/ecole-primaires-secondaires\/declaration-de-representation\">http:\/\/www.aqad.qc.ca\/utilisateur\/ecole-primaires-secondaires\/declaration-de-representation<\/a><\/strong><\/p>\n<p>&nbsp;<\/p>\n","protected":false},"featured_media":4167,"comment_status":"open","ping_status":"closed","template":"","meta":[],"product_brand":[],"product_cat":[178,179,182,177],"product_tag":[],"class_list":{"0":"post-4154","1":"product","2":"type-product","3":"status-publish","4":"has-post-thumbnail","6":"product_cat-8-12-ans","7":"product_cat-auteurs-quebecois","8":"product_cat-marc-andre-brunet","9":"product_cat-pieces-de-theatre","10":"wcpv_product_vendors-marc-andre-brunet","12":"first","13":"instock","14":"shipping-taxable","15":"product-type-grouped"},"jetpack_sharing_enabled":true,"_links":{"self":[{"href":"https:\/\/www.dramaction.qc.ca\/fr\/wp-json\/wp\/v2\/product\/4154","targetHints":{"allow":["GET"]}}],"collection":[{"href":"https:\/\/www.dramaction.qc.ca\/fr\/wp-json\/wp\/v2\/product"}],"about":[{"href":"https:\/\/www.dramaction.qc.ca\/fr\/wp-json\/wp\/v2\/types\/product"}],"replies":[{"embeddable":true,"href":"https:\/\/www.dramaction.qc.ca\/fr\/wp-json\/wp\/v2\/comments?post=4154"}],"wp:featuredmedia":[{"embeddable":true,"href":"https:\/\/www.dramaction.qc.ca\/fr\/wp-json\/wp\/v2\/media\/4167"}],"wp:attachment":[{"href":"https:\/\/www.dramaction.qc.ca\/fr\/wp-json\/wp\/v2\/media?parent=4154"}],"wp:term":[{"taxonomy":"product_brand","embeddable":true,"href":"https:\/\/www.dramaction.qc.ca\/fr\/wp-json\/wp\/v2\/product_brand?post=4154"},{"taxonomy":"product_cat","embeddable":true,"href":"https:\/\/www.dramaction.qc.ca\/fr\/wp-json\/wp\/v2\/product_cat?post=4154"},{"taxonomy":"product_tag","embeddable":true,"href":"https:\/\/www.dramaction.qc.ca\/fr\/wp-json\/wp\/v2\/product_tag?post=4154"}],"curies":[{"name":"wp","href":"https:\/\/api.w.org\/{rel}","templated":true}]}}