{"id":3792,"date":"2016-12-02T12:16:32","date_gmt":"2016-12-02T17:16:32","guid":{"rendered":"http:\/\/www.dramaction.qc.ca\/fr\/?post_type=product&#038;p=3792"},"modified":"2017-03-28T08:02:12","modified_gmt":"2017-03-28T12:02:12","slug":"5557-titre-dimprovisation-de-dramaction","status":"publish","type":"product","link":"https:\/\/www.dramaction.qc.ca\/fr\/produit\/5557-titre-dimprovisation-de-dramaction\/","title":{"rendered":"5557 titres d&#8217;improvisation de Dramaction"},"content":{"rendered":"<h3>Vous cherchez de l&#8217;inspiration ?<\/h3>\n<p>Les 5557 th\u00e8mes d&#8217;improvisation, c&#8217;est une liste Microsoft Excel tr\u00e8s utile qui vous permet de rapidement trouver de l&#8217;inspiration.\u00a0 Les enseignants se servent de cet outil pour :<\/p>\n<ul>\n<li>Cr\u00e9er des th\u00e8mes d&#8217;improvisation<\/li>\n<li>Trouver de l&#8217;inspiration rapide en classe<\/li>\n<li>Inspirer rapidement des cr\u00e9ations<\/li>\n<\/ul>\n<p><span style=\"color: #800000;\">NOUVEAUT\u00c9<\/span><\/p>\n<p>1. Puisque le fichier prends en charge les macros, vous aurez la possibilit\u00e9 de t\u00e9l\u00e9charger deux fichiers :<\/p>\n<ul>\n<li>Excel 1997-2003<\/li>\n<li>Une\u00a0version r\u00e9cente Excel prenant en charge les macros\u00a0.xlsm (pr\u00e9sent\u00e9 dans un fichier compress\u00e9 ZIP)<\/li>\n<\/ul>\n<p>2. Nous avons ajout\u00e9 une page dynamique permettant d&#8217;afficher un th\u00e8me al\u00e9atoire.<br \/>\nEn cliquant sur un bouton, vous pouvez faire afficher l&#8217;un des 5557 th\u00e8mes rapidement !<\/p>\n<p><img decoding=\"async\" class=\"alignleft wp-image-4855\" src=\"http:\/\/www.dramaction.qc.ca\/fr\/wp-content\/uploads\/2016\/12\/Capture-d\u00e9cran-2017-01-14-11.17.28.png\" alt=\"\" width=\"272\" height=\"440\" srcset=\"https:\/\/www.dramaction.qc.ca\/fr\/wp-content\/uploads\/2016\/12\/Capture-d\u00e9cran-2017-01-14-11.17.28.png 507w, https:\/\/www.dramaction.qc.ca\/fr\/wp-content\/uploads\/2016\/12\/Capture-d\u00e9cran-2017-01-14-11.17.28-500x807.png 500w, https:\/\/www.dramaction.qc.ca\/fr\/wp-content\/uploads\/2016\/12\/Capture-d\u00e9cran-2017-01-14-11.17.28-768x1240.png 768w\" sizes=\"(max-width: 272px) 100vw, 272px\" \/><\/p>\n","protected":false},"excerpt":{"rendered":"<p>Trouver une id\u00e9e ne sera jamais plus un probl\u00e8me avec ce fichier contenant 5557 th\u00e8mes.<\/p>\n<h3><span style=\"color: #800000;\">D\u00e9couvrez la nouvelle fonction : Un th\u00e8me al\u00e9atoire !<\/span><\/h3>\n<p>(Dans le premier onglet du fichier, cliquez simplement sur un bouton, on affichera un th\u00e8me au hasard)<\/p>\n<ul>\n<li>Parfait pour inspirer rapidement les \u00e9l\u00e8ves<\/li>\n<li>Parfait pour utiliser en classe rapidement<\/li>\n<li>Plus besoin d&#8217;inventer \u00e0 la vol\u00e9e un th\u00e8me<\/li>\n<\/ul>\n","protected":false},"featured_media":3795,"comment_status":"open","ping_status":"closed","template":"","meta":[],"product_brand":[],"product_cat":[150],"product_tag":[],"class_list":{"0":"post-3792","1":"product","2":"type-product","3":"status-publish","4":"has-post-thumbnail","6":"product_cat-exercices-et-ressources","8":"first","9":"instock","10":"featured","11":"downloadable","12":"sold-individually","13":"shipping-taxable","14":"purchasable","15":"product-type-simple"},"jetpack_sharing_enabled":true,"_links":{"self":[{"href":"https:\/\/www.dramaction.qc.ca\/fr\/wp-json\/wp\/v2\/product\/3792","targetHints":{"allow":["GET"]}}],"collection":[{"href":"https:\/\/www.dramaction.qc.ca\/fr\/wp-json\/wp\/v2\/product"}],"about":[{"href":"https:\/\/www.dramaction.qc.ca\/fr\/wp-json\/wp\/v2\/types\/product"}],"replies":[{"embeddable":true,"href":"https:\/\/www.dramaction.qc.ca\/fr\/wp-json\/wp\/v2\/comments?post=3792"}],"wp:featuredmedia":[{"embeddable":true,"href":"https:\/\/www.dramaction.qc.ca\/fr\/wp-json\/wp\/v2\/media\/3795"}],"wp:attachment":[{"href":"https:\/\/www.dramaction.qc.ca\/fr\/wp-json\/wp\/v2\/media?parent=3792"}],"wp:term":[{"taxonomy":"product_brand","embeddable":true,"href":"https:\/\/www.dramaction.qc.ca\/fr\/wp-json\/wp\/v2\/product_brand?post=3792"},{"taxonomy":"product_cat","embeddable":true,"href":"https:\/\/www.dramaction.qc.ca\/fr\/wp-json\/wp\/v2\/product_cat?post=3792"},{"taxonomy":"product_tag","embeddable":true,"href":"https:\/\/www.dramaction.qc.ca\/fr\/wp-json\/wp\/v2\/product_tag?post=3792"}],"curies":[{"name":"wp","href":"https:\/\/api.w.org\/{rel}","templated":true}]}}