{"id":3790,"date":"2016-12-02T12:03:59","date_gmt":"2016-12-02T17:03:59","guid":{"rendered":"http:\/\/www.dramaction.qc.ca\/fr\/?post_type=product&#038;p=3790"},"modified":"2017-03-28T08:02:20","modified_gmt":"2017-03-28T12:02:20","slug":"generateur-de-cartes-dimprovisation-xls","status":"publish","type":"product","link":"https:\/\/www.dramaction.qc.ca\/fr\/produit\/generateur-de-cartes-dimprovisation-xls\/","title":{"rendered":"G\u00e9n\u00e9rateur de cartes d&#8217;improvisation (XLS)"},"content":{"rendered":"<p>Bas\u00e9 sur les 5557 th\u00e8mes d\u2019improvisation, ce fichier Microsoft Excel permet de cr\u00e9er rapidement un nombre infini de cartes d\u2019improvisation sans effort !<\/p>\n<ul>\n<li>G\u00e9n\u00e9rez automatiquement 3 cartes d&#8217;improvisation \u00e0 imprimer<\/li>\n<li>Choisissez la r\u00e9currence des cat\u00e9gories, du minutage, etc.<\/li>\n<li>Contenu des cartes enti\u00e8rement personnalisable.<\/li>\n<li>Gagnez du temps et laissez le hasard s&#8217;occuper de votre cr\u00e9ativit\u00e9 !<\/li>\n<\/ul>\n<p>Les cartes d&#8217;improvisations cr\u00e9\u00e9es peuvent \u00eatre imprim\u00e9s sur papier ou encore dans des fichiers (pdf) afin de conserver vos r\u00e9sultats.<\/p>\n<p>Un outil indispensable pour les ligues d&#8217;improvisation !<\/p>\n<p><a href=\"http:\/\/www.dramaction.qc.ca\/fr\/produit\/generateur-de-cartes-dimprovisation-logo-deverrouille\/\">Consid\u00e9rez la version d\u00e9verrouill\u00e9e (vous pourrez ajouter le logo de votre choix)<\/a><\/p>\n<p>&nbsp;<\/p>\n","protected":false},"excerpt":{"rendered":"<p>Bas\u00e9 sur les 5557 th\u00e8mes d\u2019improvisation, ce fichier Microsoft Excel permet de cr\u00e9er rapidement un nombre infini de cartes d\u2019improvisation sans effort !<\/p>\n<ul>\n<li>G\u00e9n\u00e9rez automatiquement 3 cartes d&#8217;improvisation \u00e0 imprimer<\/li>\n<li>Choisissez la r\u00e9currence des cat\u00e9gories, du minutage, etc.<\/li>\n<li>Contenu des cartes enti\u00e8rement personnalisable.<\/li>\n<li>Gagnez du temps et laissez le hasard s&#8217;occuper de votre cr\u00e9ativit\u00e9 !<\/li>\n<\/ul>\n<p>&nbsp;<\/p>\n","protected":false},"featured_media":3791,"comment_status":"open","ping_status":"closed","template":"","meta":[],"product_brand":[],"product_cat":[150],"product_tag":[],"class_list":{"0":"post-3790","1":"product","2":"type-product","3":"status-publish","4":"has-post-thumbnail","6":"product_cat-exercices-et-ressources","8":"first","9":"instock","10":"featured","11":"downloadable","12":"sold-individually","13":"shipping-taxable","14":"purchasable","15":"product-type-simple"},"jetpack_sharing_enabled":true,"_links":{"self":[{"href":"https:\/\/www.dramaction.qc.ca\/fr\/wp-json\/wp\/v2\/product\/3790","targetHints":{"allow":["GET"]}}],"collection":[{"href":"https:\/\/www.dramaction.qc.ca\/fr\/wp-json\/wp\/v2\/product"}],"about":[{"href":"https:\/\/www.dramaction.qc.ca\/fr\/wp-json\/wp\/v2\/types\/product"}],"replies":[{"embeddable":true,"href":"https:\/\/www.dramaction.qc.ca\/fr\/wp-json\/wp\/v2\/comments?post=3790"}],"wp:featuredmedia":[{"embeddable":true,"href":"https:\/\/www.dramaction.qc.ca\/fr\/wp-json\/wp\/v2\/media\/3791"}],"wp:attachment":[{"href":"https:\/\/www.dramaction.qc.ca\/fr\/wp-json\/wp\/v2\/media?parent=3790"}],"wp:term":[{"taxonomy":"product_brand","embeddable":true,"href":"https:\/\/www.dramaction.qc.ca\/fr\/wp-json\/wp\/v2\/product_brand?post=3790"},{"taxonomy":"product_cat","embeddable":true,"href":"https:\/\/www.dramaction.qc.ca\/fr\/wp-json\/wp\/v2\/product_cat?post=3790"},{"taxonomy":"product_tag","embeddable":true,"href":"https:\/\/www.dramaction.qc.ca\/fr\/wp-json\/wp\/v2\/product_tag?post=3790"}],"curies":[{"name":"wp","href":"https:\/\/api.w.org\/{rel}","templated":true}]}}