{"id":913,"date":"2010-11-14T12:25:34","date_gmt":"2010-11-14T17:25:34","guid":{"rendered":"http:\/\/www.dramaction.qc.ca\/fr\/"},"modified":"2015-03-15T14:58:14","modified_gmt":"2015-03-15T18:58:14","slug":"textes-a-jouer","status":"publish","type":"page","link":"https:\/\/www.dramaction.qc.ca\/fr\/liens\/textes-a-jouer\/","title":{"rendered":"Textes \u00e0 jouer"},"content":{"rendered":"<p>trouver des pi\u00e8ces de th\u00e9\u00e2tre sur les sites :<\/p>\n<p><a href=\"http:\/\/www.piece-theatre-scolaire.com\" target=\"_blank\"><img decoding=\"async\" src=\"http:\/\/www.piece-theatre-scolaire.com\/wp-content\/uploads\/2012\/12\/logo2012.png\" alt=\"\" \/><\/a><\/p>\n<p><a href=\"http:\/\/www.theatralites.com\" target=\"_blank\"><img decoding=\"async\" src=\"http:\/\/www.theatralites.com\/wp-content\/uploads\/2012\/10\/logo23.png\" alt=\"\" width=\"314\" height=\"103\" \/><\/a><\/p>\n<p> http:\/\/theatregratuit.com\/<\/p>\n<p>[link-library settings=2 categorylistoverride=&#8221;42&#8243;]<\/p>\n<p>[link-library-addlink settings=2]<\/p>\n","protected":false},"excerpt":{"rendered":"<p>trouver des pi\u00e8ces de th\u00e9\u00e2tre sur les sites : http:\/\/theatregratuit.com\/ [link-library settings=2 categorylistoverride=&#8221;42&#8243;] [link-library-addlink settings=2]<\/p>\n","protected":false},"author":22,"featured_media":0,"parent":710,"menu_order":100,"comment_status":"open","ping_status":"open","template":"","meta":{"footnotes":""},"class_list":["post-913","page","type-page","status-publish","hentry"],"jetpack_sharing_enabled":true,"_links":{"self":[{"href":"https:\/\/www.dramaction.qc.ca\/fr\/wp-json\/wp\/v2\/pages\/913","targetHints":{"allow":["GET"]}}],"collection":[{"href":"https:\/\/www.dramaction.qc.ca\/fr\/wp-json\/wp\/v2\/pages"}],"about":[{"href":"https:\/\/www.dramaction.qc.ca\/fr\/wp-json\/wp\/v2\/types\/page"}],"author":[{"embeddable":true,"href":"https:\/\/www.dramaction.qc.ca\/fr\/wp-json\/wp\/v2\/users\/22"}],"replies":[{"embeddable":true,"href":"https:\/\/www.dramaction.qc.ca\/fr\/wp-json\/wp\/v2\/comments?post=913"}],"version-history":[{"count":1,"href":"https:\/\/www.dramaction.qc.ca\/fr\/wp-json\/wp\/v2\/pages\/913\/revisions"}],"predecessor-version":[{"id":7942,"href":"https:\/\/www.dramaction.qc.ca\/fr\/wp-json\/wp\/v2\/pages\/913\/revisions\/7942"}],"up":[{"embeddable":true,"href":"https:\/\/www.dramaction.qc.ca\/fr\/wp-json\/wp\/v2\/pages\/710"}],"wp:attachment":[{"href":"https:\/\/www.dramaction.qc.ca\/fr\/wp-json\/wp\/v2\/media?parent=913"}],"curies":[{"name":"wp","href":"https:\/\/api.w.org\/{rel}","templated":true}]}}