{"id":796,"date":"2010-11-05T11:47:50","date_gmt":"2010-11-05T15:47:50","guid":{"rendered":"http:\/\/www.dramaction.qc.ca\/fr\/"},"modified":"2014-04-23T20:56:01","modified_gmt":"2014-04-24T00:56:01","slug":"masques-de-theatre","status":"publish","type":"page","link":"https:\/\/www.dramaction.qc.ca\/fr\/ressources\/masques-de-theatre\/","title":{"rendered":"Masques de th\u00e9\u00e2tre"},"content":{"rendered":"<p><a href=\"http:\/\/www.dramaction.qc.ca\/fr\/wp-content\/uploads\/2010\/11\/fidelio.jpg\"><img decoding=\"async\" class=\"size-full wp-image-797 alignleft\" title=\"fidelio\" src=\"http:\/\/www.dramaction.qc.ca\/fr\/wp-content\/uploads\/2010\/11\/fidelio.jpg\" alt=\"\" width=\"200\" height=\"133\" srcset=\"https:\/\/www.dramaction.qc.ca\/fr\/wp-content\/uploads\/2010\/11\/fidelio.jpg 200w, https:\/\/www.dramaction.qc.ca\/fr\/wp-content\/uploads\/2010\/11\/fidelio-500x332.jpg 500w\" sizes=\"(max-width: 200px) 100vw, 200px\" \/><\/a><\/p>\n<p>C&#8217;est avec un grand plaisir que Dramaction vous invite \u00e0 d\u00e9couvrir le travail des ateliers pirate.<\/p>\n<p>Le catalogue \u00e0 jour\u00a0<a href=\"http:\/\/www.dramaction.qc.ca\/fr\/wp-content\/uploads\/2014\/04\/catalogue_2013_2014_LOW.pdf\">est disponible ici en t\u00e9l\u00e9chargement<\/a> !<\/p>\n<hr style=\"width: 100%;\" \/>\n<h2>Historique du fournisseur de masques de th\u00e9\u00e2tre<\/h2>\n<p>L&#8217;atelier Pirate fut cr\u00e9e en 1992 dans le but de renouer avec la tradition et l&#8217;aspect magique du masque. Nous voulions que nos masques soient accessibles \u00e0 un large public et que les gens de th\u00e9\u00e2tre, les amuseurs publiques et tous les amateurs de masques puissent trouver chez nous un vaste choix de mod\u00e8les de grande qualit\u00e9. Petit \u00e0 petit nous atteignons notre but afin de vous offrir une gamme qui s&#8217;\u00e9largit et se renouvelle constamment.<\/p>\n<p><strong>Fonctions du masque<\/strong><\/p>\n<p>Le masque peut \u00eatre port\u00e9 pour le jeu de com\u00e9dien, pour se d\u00e9guiser lors d&#8217;un bal masqu\u00e9, d&#8217;un carnaval ou d&#8217;une f\u00eate. Comme \u00e9l\u00e9ment d\u00e9coratif, il demeure toujours un bel objet cr\u00e9e pour le plaisir des yeux.<\/p>\n<p><strong>Collection<\/strong><\/p>\n<p>L&#8217;atelier Pirate vous offre une cinquantaine de mod\u00e8les diff\u00e9rents. Un choix de couleurs vous est propos\u00e9 afin de r\u00e9pondre aux besoins et aux go\u00fbts de chacun. Masques \u00e0 caract\u00e8re, masques de la Comm\u00e9dia dell&#8217;arte, masques de bal et de carnaval, masques traditionnels italiens ou japonais, masques animaliers sont autant de formes que vous y trouverez.<\/p>\n<p><strong>Fabrication, mat\u00e9riaux et caract\u00e9ristiques<\/strong><\/p>\n<p>Les masques sont enti\u00e8rement con\u00e7us et fabriqu\u00e9s \u00e0 la main par les artisans de l&#8217;atelier. Ils sont fais de latex (caoutchouc), un mat\u00e9riau \u00e0 la fois souple et r\u00e9sistant. Une fois port\u00e9s, ils s&#8217;assouplissent et deviennent plus confortables gr\u00e2ces \u00e0 la chaleur du visage. Diverses techniques de coloration \u00e0 la peinture acrylique permettent de rehausser les caract\u00e9ristiques des masques et leur conf\u00e8re une expression et une richesse propre.<\/p>\n<p>Pour obtenir plus de d\u00e9tails au sujet des masques disponibles chez Atelier Pirate ou commander, contactez nous :<\/p>\n<p>Atelier Pirate<br \/>\n7369 De La Roche<br \/>\nMontr\u00e9al H2R 2T4<br \/>\n514-272-5734<br \/>\npirateatelier@bellnet.ca<br \/>\nNotre site: <a href=\"http:\/\/atelierpirate.tripod.com\" target=\"_blank\">http:\/\/atelierpirate.tripod.com<\/a><\/p>\n","protected":false},"excerpt":{"rendered":"<p>C&#8217;est avec un grand plaisir que Dramaction vous invite \u00e0 d\u00e9couvrir le travail des ateliers pirate. Le catalogue \u00e0 jour\u00a0est disponible ici en t\u00e9l\u00e9chargement ! Historique du fournisseur de masques de th\u00e9\u00e2tre L&#8217;atelier Pirate fut cr\u00e9e en 1992 dans le but de renouer avec la tradition et l&#8217;aspect magique du masque. Nous voulions que nos [&hellip;]<\/p>\n","protected":false},"author":12,"featured_media":0,"parent":34,"menu_order":55,"comment_status":"open","ping_status":"closed","template":"","meta":{"footnotes":""},"class_list":["post-796","page","type-page","status-publish","hentry"],"jetpack_sharing_enabled":true,"_links":{"self":[{"href":"https:\/\/www.dramaction.qc.ca\/fr\/wp-json\/wp\/v2\/pages\/796","targetHints":{"allow":["GET"]}}],"collection":[{"href":"https:\/\/www.dramaction.qc.ca\/fr\/wp-json\/wp\/v2\/pages"}],"about":[{"href":"https:\/\/www.dramaction.qc.ca\/fr\/wp-json\/wp\/v2\/types\/page"}],"author":[{"embeddable":true,"href":"https:\/\/www.dramaction.qc.ca\/fr\/wp-json\/wp\/v2\/users\/12"}],"replies":[{"embeddable":true,"href":"https:\/\/www.dramaction.qc.ca\/fr\/wp-json\/wp\/v2\/comments?post=796"}],"version-history":[{"count":0,"href":"https:\/\/www.dramaction.qc.ca\/fr\/wp-json\/wp\/v2\/pages\/796\/revisions"}],"up":[{"embeddable":true,"href":"https:\/\/www.dramaction.qc.ca\/fr\/wp-json\/wp\/v2\/pages\/34"}],"wp:attachment":[{"href":"https:\/\/www.dramaction.qc.ca\/fr\/wp-json\/wp\/v2\/media?parent=796"}],"curies":[{"name":"wp","href":"https:\/\/api.w.org\/{rel}","templated":true}]}}