{"id":7440,"date":"2020-08-03T14:02:18","date_gmt":"2020-08-03T18:02:18","guid":{"rendered":"https:\/\/www.dramaction.qc.ca\/fr\/?page_id=7440"},"modified":"2020-08-03T14:02:22","modified_gmt":"2020-08-03T18:02:22","slug":"cours-avec-elodie-lehoux-therrien","status":"publish","type":"page","link":"https:\/\/www.dramaction.qc.ca\/fr\/cours-avec-elodie-lehoux-therrien\/","title":{"rendered":"Cours avec \u00c9lodie Lehoux-Therrien"},"content":{"rendered":"\n<h1>Cours de th\u00e9\u00e2tre!<\/h1>\n<h3>Groupes de 7 \u00e0 9 ans, de 10 \u00e0 12 ans et de 13 \u00e0 15 ans.<\/h3>\n<p>Enseignante : \u00c9lodie Lehoux-Therrien (21 ans) qui a d\u00e9marr\u00e9 son entreprise apr\u00e8s son passage \u00e0 l&#8217;\u00c9cole de th\u00e9\u00e2tre de Saint-Hyacinthe dans le but de transmettre sa passion pour le jeu et le th\u00e9\u00e2tre aux jeunes.<\/p>\n<p>La prochaine\u00a0d\u00e9butera le\u00a0<strong>31 ao\u00fbt 2020<\/strong>. Le co\u00fbt par enfant varie selon la municipalit\u00e9 dans laquelle vous inscrivez votre jeune, car le nombre de cours n&#8217;est pas le m\u00eame partout. Le montant \u00e0 payer inclut tous les achats que je devrai faire au courant de la session tels que les costumes, accessoires, location de salle, publicit\u00e9 pour l&#8217;entreprise, etc.<\/p>\n<p>Dans ces cours, les \u00e9l\u00e8ves verront plein de notions relatives au\u00a0<strong>th\u00e9\u00e2tre<\/strong>\u00a0et feront des apprentissages extr\u00eamement\u00a0<strong>utiles<\/strong>\u00a0pour de futurs acteur(rices) et com\u00e9dien(nes) ; apprentissages que j&#8217;ai moi-m\u00eame faits durant mon ann\u00e9e \u00e0 l&#8217;<em>\u00c9cole de th\u00e9\u00e2tre de Saint-Hyacinthe<\/em>! Apr\u00e8s quelques cours d&#8217;activit\u00e9s, nous commencerons \u00e0 pr\u00e9parer un\u00a0<strong>spectacle<\/strong>, soit une cr\u00e9ation, soit un texte que je proposerai aux \u00e9l\u00e8ves. La date du spectacle sera\u00a0<em>officialis\u00e9e en octobre<\/em>.<\/p>\n<p>Chaque groupe est compos\u00e9 de 5 \u00e0 9 jeunes d&#8217;un m\u00eame groupe d&#8217;\u00e2ge.<\/p>\n<p>Si vous avez certains doutes, il est possible de s&#8217;inscrire au premier cours d&#8217;essai\u00a0<strong>gratuitement<\/strong>! Vous proc\u00e9dez \u00e0 l&#8217;inscription normalement (en me mentionnant que c&#8217;est pour le cours d&#8217;essai) et il n&#8217;y a\u00a0<strong>aucun paiement<\/strong>\u00a0\u00e0 faire si vous d\u00e9cidez de ne pas inscrire votre enfant!<\/p>\n<p>Les paiements se font en un seul ou en deux versements\u00a0<strong>avant le 1er octobre 2020<\/strong>.<\/p>\n<p><strong>ANGE-GARDIEN<\/strong>\u00a0: Les lundis du\u00a031 ao\u00fbt\u00a0au\u00a07 d\u00e9cembre\u00a0<strong>au 125, Rue Saint Jean<\/strong>.\u00a0<em>Pas de cours le 2 novembre.<\/em><\/p>\n<p>7 \u00e0 12 ans : 15h \u00e0 16h<\/p>\n<p><strong>SAINT-ALEXANDRE<\/strong>\u00a0: Les lundis du 31 ao\u00fbt au 7 d\u00e9cembre\u00a0<strong>au 440,<\/strong>\u00a0R<strong>ue Bernard<\/strong>.\u00a0<em>Pas de cours le 2\u00a0novembre.<\/em><\/p>\n<p>7 \u00e0 9 ans : 18h30 \u00e0 19h30<\/p>\n<p>10 \u00e0 12 ans : 19h30 \u00e0 20h30<\/p>\n<p>13 \u00e0 15 ans : 20h30 \u00e0 21h30<\/p>\n<p><strong>RICHELIEU<\/strong>\u00a0: Les mercredis du\u00a02 septembre au 9 d\u00e9cembre\u00a0<strong>au 387, Chemin de Marieville<\/strong>.\u00a0<em>Pas de cours le 28 octobre.<\/em><\/p>\n<p>7 \u00e0 9 ans : 18h30 \u00e0 19h30<\/p>\n<p>10 \u00e0 12 ans : 19h30 \u00e0 20h30<\/p>\n<p>13 \u00e0 15 ans : 20h30 \u00e0 21h30<\/p>\n<p><strong>VENISE-EN-QU\u00c9BEC<\/strong>\u00a0: Les jeudis du\u00a03 septembre au 10 d\u00e9cembre\u00a0<strong>au 239, 16e Avenue Ouest<\/strong>.\u00a0<em>Pas de cours le 29 octobre.<\/em><\/p>\n<p>7 \u00e0 9 ans : 18h30 \u00e0 19h30<\/p>\n<p>10 \u00e0 12 ans : 19h30 \u00e0 20h30<\/p>\n<p>13 \u00e0 15 ans : 20h30 \u00e0 21h30<\/p>\n<p><strong>ROUGEMONT<\/strong>\u00a0: Les vendredis du 4 septembre au 11 d\u00e9cembre\u00a0<strong>au 270, La Grande-Caroline<\/strong>\u00a0.\u00a0<em>Pas de cours le\u00a030 octobre.<\/em><\/p>\n<p>7 \u00e0 9 ans : 18h30 \u00e0 19h30<\/p>\n<p>10 \u00e0 12 ans : 19h30 \u00e0 20h30<\/p>\n<p>13 \u00e0 15 ans : 20h30 \u00e0 21h30<\/p>\n<p><strong>SAINT-HYACINTHE (Assomption)<\/strong>\u00a0: Les samedis du 12 septembre au 5 d\u00e9cembre\u00a0<strong>au 1915, Rue Saint-Maurice<\/strong>.\u00a0<em>Pas de cours le\u00a031 octobre.<\/em><\/p>\n<p>7 \u00e0 9 ans : 9h \u00e0 10h<\/p>\n<p>10 \u00e0 12 ans : 10h \u00e0 11h<\/p>\n<p>13 \u00e0 15 ans : 11h \u00e0 12h<\/p>\n<p><strong>FARNHAM<\/strong>\u00a0: Les samedis du\u00a05 septembre au 12 d\u00e9cembre\u00a0<strong>au 1900, Rue Principale Est<\/strong>.\u00a0<em>Pas de cours le 31 octobre.<\/em><\/p>\n<p>7 \u00e0 9 ans : 13h \u00e0 14h<\/p>\n<p>10 \u00e0 12 ans : 14h \u00e0 15h<\/p>\n<p>13 \u00e0 15 ans : 15h \u00e0 16h<\/p>\n<p>\u00a0<\/p>\n<p>POUR ME CONTACTER : <a href=\"http:\/\/www.elodielt22.jimdofree.com\">www.elodielt22.jimdofree.com<\/a>\u00a0\/ (450) 357-3017 \/ <a href=\"mailto:elodielt22@hotmail.com\">elodielt22@hotmail.com<\/a> \/ Facebook : Th\u00e9\u00e2tre \u00c9lodie Lehoux-T. \/ Instagram : theatreelodielehouxt<\/p>\n","protected":false},"excerpt":{"rendered":"<p>Cours de th\u00e9\u00e2tre! Groupes de 7 \u00e0 9 ans, de 10 \u00e0 12 ans et de 13 \u00e0 15 ans. Enseignante : \u00c9lodie Lehoux-Therrien (21 ans) qui a d\u00e9marr\u00e9 son entreprise apr\u00e8s son passage \u00e0 l&#8217;\u00c9cole de th\u00e9\u00e2tre de Saint-Hyacinthe dans le but de transmettre sa passion pour le jeu et le th\u00e9\u00e2tre aux jeunes. [&hellip;]<\/p>\n","protected":false},"author":22,"featured_media":0,"parent":0,"menu_order":0,"comment_status":"closed","ping_status":"closed","template":"","meta":{"footnotes":""},"class_list":["post-7440","page","type-page","status-publish","hentry"],"jetpack_sharing_enabled":true,"_links":{"self":[{"href":"https:\/\/www.dramaction.qc.ca\/fr\/wp-json\/wp\/v2\/pages\/7440","targetHints":{"allow":["GET"]}}],"collection":[{"href":"https:\/\/www.dramaction.qc.ca\/fr\/wp-json\/wp\/v2\/pages"}],"about":[{"href":"https:\/\/www.dramaction.qc.ca\/fr\/wp-json\/wp\/v2\/types\/page"}],"author":[{"embeddable":true,"href":"https:\/\/www.dramaction.qc.ca\/fr\/wp-json\/wp\/v2\/users\/22"}],"replies":[{"embeddable":true,"href":"https:\/\/www.dramaction.qc.ca\/fr\/wp-json\/wp\/v2\/comments?post=7440"}],"version-history":[{"count":2,"href":"https:\/\/www.dramaction.qc.ca\/fr\/wp-json\/wp\/v2\/pages\/7440\/revisions"}],"predecessor-version":[{"id":7444,"href":"https:\/\/www.dramaction.qc.ca\/fr\/wp-json\/wp\/v2\/pages\/7440\/revisions\/7444"}],"wp:attachment":[{"href":"https:\/\/www.dramaction.qc.ca\/fr\/wp-json\/wp\/v2\/media?parent=7440"}],"curies":[{"name":"wp","href":"https:\/\/api.w.org\/{rel}","templated":true}]}}