{"id":690,"date":"2010-11-01T20:39:32","date_gmt":"2010-11-02T00:39:32","guid":{"rendered":"http:\/\/www.dramaction.qc.ca\/fr\/"},"modified":"2010-11-01T20:39:32","modified_gmt":"2010-11-02T00:39:32","slug":"corvis%e2%80%99art-ateliers-de-theatre-amateur-paris","status":"publish","type":"page","link":"https:\/\/www.dramaction.qc.ca\/fr\/cours-de-theatre\/corvis%e2%80%99art-ateliers-de-theatre-amateur-paris\/","title":{"rendered":"Corvis\u2019art : Ateliers de th\u00e9\u00e2tre amateur, Paris"},"content":{"rendered":"<h2>Corvis\u2019art : Ateliers de th\u00e9\u00e2tre amateur \u00e0 paris<\/h2>\n<p>Que nous ayons dix, vingt ou cinquante ans, nous pouvons \u00eatre attir\u00e9s par les feux de la rampe. Est-ce que vous en \u00eates capable ? Tr\u00e8s certainement oui.<\/p>\n<p>Corvis&#8217;art vous propose de vous \u00e9vader par la d\u00e9couverte et la pratique du th\u00e9\u00e2tre \u00e0 travers nos diff\u00e9rents ateliers : enfants, jeunes ou adultes.<br \/>\nLe travail d\u2019atelier :<\/p>\n<p>Les s\u00e9ances de 1h30 \u00e0 2h30 alternent entre la d\u00e9couverte ou le perfectionnement des techniques du com\u00e9dien, les r\u00e9p\u00e9titions du spectacle de fin d&#8217;ann\u00e9e, le travail sur la construction du personnage, des d\u00e9couvertes culturelles (sorties, nouveaux textes, rencontres avec des professionnels) et le travail sur la mise en sc\u00e8ne\u2026<\/p>\n<p>Dans un v\u00e9ritable esprit de troupe, enfants, jeunes ou adultes sont accompagn\u00e9es dans leurs d\u00e9couvertes par des com\u00e9diens professionnels.<br \/>\nLe spectacle :<\/p>\n<p>En mai 2008, dans des conditions professionnelles et dans un v\u00e9ritable th\u00e9\u00e2tre, la troupe pr\u00e9sentera le spectacle qu\u2019elle a choisi de monter. Ce sera l\u2019aboutissement du travail collectif et individuel de toute une ann\u00e9e.<br \/>\nLes sorties au th\u00e9\u00e2tre :<\/p>\n<p>Deux \u00e0 trois fois dans l\u2019ann\u00e9e, le groupe assistera \u00e0 un spectacle et rencontrera \u00e0 cette occasion l\u2019\u00e9quipe artistique. Une autre sortie sera consacr\u00e9e \u00e0 la d\u00e9couverte des \u00ab coulisses \u00bb d\u2019un grand th\u00e9\u00e2tre parisien.<\/p>\n<p>De plus, vous pourrez profiter de r\u00e9ductions dans nos th\u00e9\u00e2tres partenaires gr\u00e2ce \u00e0 votre carte de membre CORVIS\u2019ART.<\/p>\n<p>Les ateliers :<\/p>\n<p>Enfants (De 8 \u00e0 12 ans) : Samedi : 14h &#8211; 15h30<br \/>\nMaison des Associations de solidarit\u00e9, 10-18 rue des Terres au Cur\u00e9, Paris 13<\/p>\n<p>Jeunes : (De 16 \u00e0 20 ans) : Lundi : 18h30 -20h30<br \/>\nMaison des Associations de solidarit\u00e9, 10-18 rue des Terres au Cur\u00e9, Paris 13<\/p>\n<p>Adultes :<\/p>\n<p>Lundi : 20h &#8211; 22h<br \/>\nLyc\u00e9e Bossuet Notre-Dame, 17 rue Yves Toudic, Paris 10<\/p>\n<p>Jeudi : 19h30 &#8211; 21h30<br \/>\nMaison des Associations de solidarit\u00e9, 10-18 rue des Terres au Cur\u00e9, Paris 13<\/p>\n<p>Renseignements, inscription :<\/p>\n<p><a href=\"http:\/\/www.corvis-art.com\/\" target=\"_blank\">www.corvis-art.com<\/a><\/p>\n<p>01 78 94 61 50<\/p>\n","protected":false},"excerpt":{"rendered":"<p>Corvis\u2019art : Ateliers de th\u00e9\u00e2tre amateur \u00e0 paris Que nous ayons dix, vingt ou cinquante ans, nous pouvons \u00eatre attir\u00e9s par les feux de la rampe. Est-ce que vous en \u00eates capable ? Tr\u00e8s certainement oui. Corvis&#8217;art vous propose de vous \u00e9vader par la d\u00e9couverte et la pratique du th\u00e9\u00e2tre \u00e0 travers nos diff\u00e9rents ateliers [&hellip;]<\/p>\n","protected":false},"author":22,"featured_media":0,"parent":49,"menu_order":33,"comment_status":"open","ping_status":"open","template":"","meta":{"footnotes":""},"class_list":["post-690","page","type-page","status-publish","hentry"],"jetpack_sharing_enabled":true,"_links":{"self":[{"href":"https:\/\/www.dramaction.qc.ca\/fr\/wp-json\/wp\/v2\/pages\/690","targetHints":{"allow":["GET"]}}],"collection":[{"href":"https:\/\/www.dramaction.qc.ca\/fr\/wp-json\/wp\/v2\/pages"}],"about":[{"href":"https:\/\/www.dramaction.qc.ca\/fr\/wp-json\/wp\/v2\/types\/page"}],"author":[{"embeddable":true,"href":"https:\/\/www.dramaction.qc.ca\/fr\/wp-json\/wp\/v2\/users\/22"}],"replies":[{"embeddable":true,"href":"https:\/\/www.dramaction.qc.ca\/fr\/wp-json\/wp\/v2\/comments?post=690"}],"version-history":[{"count":0,"href":"https:\/\/www.dramaction.qc.ca\/fr\/wp-json\/wp\/v2\/pages\/690\/revisions"}],"up":[{"embeddable":true,"href":"https:\/\/www.dramaction.qc.ca\/fr\/wp-json\/wp\/v2\/pages\/49"}],"wp:attachment":[{"href":"https:\/\/www.dramaction.qc.ca\/fr\/wp-json\/wp\/v2\/media?parent=690"}],"curies":[{"name":"wp","href":"https:\/\/api.w.org\/{rel}","templated":true}]}}