{"id":683,"date":"2010-11-01T20:34:22","date_gmt":"2010-11-02T00:34:22","guid":{"rendered":"http:\/\/www.dramaction.qc.ca\/fr\/"},"modified":"2022-04-04T19:05:32","modified_gmt":"2022-04-04T23:05:32","slug":"ateliers-de-theatre-et-de-danse-cote-cour-cote-jardin-montreal","status":"publish","type":"page","link":"https:\/\/www.dramaction.qc.ca\/fr\/cours-de-theatre\/ateliers-de-theatre-et-de-danse-cote-cour-cote-jardin-montreal\/","title":{"rendered":"Ateliers de th\u00e9\u00e2tre et de danse C\u00f4t\u00e9 Cour C\u00f4t\u00e9 Jardin, Montr\u00e9al"},"content":{"rendered":"<h2>C\u00d4T\u00c9 COUR C\u00d4T\u00c9 JARDIN<strong><br \/>\n<\/strong>Th\u00e9\u00e2tre et Danse pour jeunes et adultes<\/h2>\n<p>Sous la direction g\u00e9n\u00e9rale de Marie-France Verdi, C\u00d4T\u00c9 COUR C\u00d4T\u00c9 JARDIN veut favoriser la rencontre entre le jeune public et les arts de la sc\u00e8ne, en particulier par le th\u00e9\u00e2tre et la danse.<\/p>\n<p>Se donnant comme mandat de cr\u00e9er des oeuvres accessibles C\u00d4T\u00c9 COUR C\u00d4T\u00c9 JARDIN a choisi de s\u2019impliquer et d\u2019enrichir le milieu social. Fond\u00e9e en 1998, elle se distingue surtout par son approche de m\u00e9diation culturelle et la qualit\u00e9 de son expertise. En mai 2009, C\u00d4T\u00c9 COUR C\u00d4T\u00c9 JARDIN recevait le Prix Arts et Cr\u00e9ativit\u00e9 d\u00e9cern\u00e9 par la Corporation de d\u00e9veloppement communautaire de Rosemont. Ce prix souligne l\u2019apport exceptionnel de la compagnie au d\u00e9veloppement de la culture chez les citoyens et plus particuli\u00e8rement chez les jeunes.<\/p>\n<p>Outre ses spectacles, la compagnie propose annuellement des centaines de rencontres, ateliers et camps sp\u00e9cialis\u00e9s en arts de la sc\u00e8ne. Figurant parmi les ressources Culture-\u00c9ducation, C\u00d4T\u00c9 COUR C\u00d4T\u00c9 JARDIN a r\u00e9alis\u00e9 de nombreux projets sp\u00e9ciaux dans plus d\u2019une centaine d\u2019\u00e9coles de la r\u00e9gion de Montr\u00e9al et ailleurs au Qu\u00e9bec. Avec les ann\u00e9es, C\u00d4T\u00c9 COUR C\u00d4T\u00c9 JARDIN a su conqu\u00e9rir le coeur et l\u2019imaginaire de milliers enfants.<\/p>\n<p><strong>COURS OFFERTS<\/strong><\/p>\n<h2><strong><a href=\"http:\/\/www.dramaction.qc.ca\/fr\/wp-content\/uploads\/2010\/11\/cotecour-cotejardin1.jpg\"><img decoding=\"async\" class=\"alignleft size-medium wp-image-684\" title=\"cotecour-cotejardin1\" src=\"http:\/\/www.dramaction.qc.ca\/fr\/wp-content\/uploads\/2010\/11\/cotecour-cotejardin1-288x300.jpg\" alt=\"\" width=\"288\" height=\"300\" srcset=\"https:\/\/www.dramaction.qc.ca\/fr\/wp-content\/uploads\/2010\/11\/cotecour-cotejardin1-288x300.jpg 288w, https:\/\/www.dramaction.qc.ca\/fr\/wp-content\/uploads\/2010\/11\/cotecour-cotejardin1-500x519.jpg 500w, https:\/\/www.dramaction.qc.ca\/fr\/wp-content\/uploads\/2010\/11\/cotecour-cotejardin1.jpg 382w\" sizes=\"(max-width: 288px) 100vw, 288px\" \/><\/a><\/strong><strong>TH\u00c9\u00c2TRE<\/strong><\/h2>\n<p><strong>Atelier :<\/strong><\/p>\n<ul>\n<li><strong>Les petits marionnettistes (5-6 ans)<\/strong><br \/>\n\u00ab Dans cet atelier, tu es initi\u00e9 au merveilleux monde du th\u00e9\u00e2tre et de la marionnette. Tu peux interpr\u00e9ter des personnages que tu fabriques toi-m\u00eame tout en d\u00e9veloppant ton \u00e9coute et ton sens de la parole.<br \/>\nRigolade et bricolages sont au rendez-vous ! \u00bb<\/li>\n<\/ul>\n<ul>\n<li><strong>Les \u00e9toiles montantes (7-9 ans)<\/strong><br \/>\n\u00ab Cet atelier te permet d\u2019apprendre et de mettre en pratique les techniques du th\u00e9\u00e2tre : la voix, la m\u00e9moire, la projection, le mouvement. Le tout dans un climat o\u00f9 le plaisir sert de moteur \u00e0 tes apprentissages. Viens apprendre tout en t\u2019amusant avec nous ! \u00bb<\/li>\n<\/ul>\n<ul>\n<li><strong>Les improvisac\u0153urs (8-12 ans)<\/strong><br \/>\n\u00ab Tu r\u00eaves d\u2019incarner toute sorte de personnalit\u00e9s ou de personnages et d\u2019inventer tes propres histoires ? Cet atelier est fait pour toi ! Il te permet de d\u00e9velopper tes qualit\u00e9s d\u2019\u00e9coute et de laisser libre cours \u00e0 ton imagination. Viens t\u2019amuser en t\u2019exprimant ! \u00bb<\/li>\n<\/ul>\n<ul>\n<li><strong>Les mordus du th\u00e9\u00e2tre (10-12 ans)<\/strong><br \/>\n\u00ab Cet atelier te permet d\u2019approfondir les techniques de sc\u00e8ne que tu as vu pr\u00e9c\u00e9demment tout en raffinant tes qualit\u00e9s de com\u00e9dien\u00b7ne : la projection, la justesse du jeu et la pr\u00e9sence sc\u00e9nique. Qu\u2019est-ce que tu attends ? Inscris-toi ! \u00bb<\/li>\n<\/ul>\n<p><strong>Troupe :<\/strong><\/p>\n<ul>\n<li><strong>Les Micro&#8217;parleurs (10-12 ans)<\/strong><br \/>\n\u00ab Tu es passionn\u00e9 de th\u00e9\u00e2tre et tu veux perfectionner ton jeu de com\u00e9dien ? La troupe de th\u00e9\u00e2tre des MICRO\u2019PARLEURS c\u2019est pour toi ! Elle te permet d\u2019aller \u00e0 la rencontre de la sc\u00e8ne en approfondissant ton exp\u00e9rience d\u2019interpr\u00e9tation et de mise en sc\u00e8ne. Tu prends part \u00e0 des activit\u00e9s sp\u00e9ciales hors atelier : sorties et visites au th\u00e9\u00e2tre et rencontres avec des professionnels du m\u00e9tier. L\u2019atelier s\u2019\u00e9tend sur une ann\u00e9e et culmine par des pr\u00e9sentations publiques, de quoi combler ton d\u00e9sir de jouer ! \u00bb<\/li>\n<\/ul>\n<ul>\n<li><strong>Les Entre&#8217;parleurs (13-17 ans)<\/strong><br \/>\n\u00ab Faire partie de la troupe des ENTRE\u2019PARLEURS, c\u2019est une excellente pr\u00e9paration au m\u00e9tier de com\u00e9dien ! Ici, tu exp\u00e9rimentes une d\u00e9marche de cr\u00e9ation plus approfondie. Dans un cadre semi-professionnel, tu fais l\u2019exp\u00e9rience du travail collectif de cr\u00e9ation et de mise en sc\u00e8ne. Tu continues aussi \u00e0 parfaire ton interpr\u00e9tation (justesse de jeu et pr\u00e9sence sc\u00e9nique). Des activit\u00e9s hors ateliers sont \u00e9galement pr\u00e9vues en allant \u00e0 la rencontre de diff\u00e9rents publics et en exp\u00e9rimentant plusieurs formes de jeu sc\u00e9nique. Entre en sc\u00e8ne \u00e0 ton tour ! \u00bb<\/li>\n<\/ul>\n<p><strong>DANSE<\/strong><\/p>\n<p><strong>Danse cr\u00e9ative :<\/strong><\/p>\n<ul>\n<li><strong>Danse parent-enfant (2\u00bd &#8211; 3\u00bd ans)<\/strong><br \/>\n\u00ab En utilisant l\u2019imagination et le jeu, parent et enfant d\u00e9couvrent ensemble les possibilit\u00e9s du corps et les diff\u00e9rentes mani\u00e8res de bouger en rythme. Plaisir assur\u00e9 ! \u00bb<\/li>\n<\/ul>\n<ul>\n<li><strong>Petit pas (4 ans)<\/strong><br \/>\n\u00ab \u00c0 travers des jeux, des histoires, des images destin\u00e9s \u00e0 ton \u00e2ge, tu apprends et inventes des mouvements pour apprivoiser les diff\u00e9rentes facettes de la danse. \u00bb<\/li>\n<li><strong>Pas l\u00e9ger (5 ans)<\/strong><br \/>\n\u00ab \u00c0 travers des jeux, des histoires, des images et des d\u00e9fis adapt\u00e9s \u00e0 ton \u00e2ge, tu apprends et inventes des mouvements pour apprivoiser les diff\u00e9rentes facettes de la danse. \u00bb<\/li>\n<\/ul>\n<p><strong>Ballet :<\/strong><\/p>\n<ul>\n<li><strong>Ballet pr\u00e9paratoire 1-2 (6-7 ans)<\/strong><br \/>\n\u00ab Tu d\u00e9couvres les pas de base du ballet. En participant \u00e0 des jeux-exercices, tu fais tes premiers pas pour devenir un danseur ou une ballerine ! \u00bb<\/li>\n<\/ul>\n<ul>\n<li><strong>Ballet \u00e9l\u00e9mentaire 1-2 (8-9 ans)<\/strong><br \/>\n\u00ab En tant qu\u2019apprenti artiste, tu danses sur diff\u00e9rents rythmes \u00e0 la barre et au centre. Pendant toute l\u2019ann\u00e9e, tu consolides les techniques de base et tu d\u00e9veloppes ton sens artistique. \u00bb<\/li>\n<\/ul>\n<ul>\n<li><strong>Ballet interm\u00e9diaire 1 (10-11 ans)<\/strong><br \/>\n\u00ab Dans ces cours, tu approfondis tes connaissances en ballet en relevant de nouveaux d\u00e9fis artistiques et techniques. Il est fortement recommand\u00e9 de faire deux cours par semaine si tu veux bien te pr\u00e9parer pour le futur travail sur les pointes ! \u00bb<\/li>\n<\/ul>\n<ul>\n<li><strong>Ballet interm\u00e9diaire 2 (11-12 ans)<\/strong><br \/>\n\u00ab Dans ces cours, tu approfondis tes connaissances en ballet en relevant de nouveaux d\u00e9fis artistiques et techniques. Tu as l\u2019occasion de faire deux cours par semaine pour d\u00e9velopper la force n\u00e9cessaire pour pr\u00e9parer le travail des pointes \u00bb<\/li>\n<\/ul>\n<ul>\n<li><strong>Ballet interm\u00e9diaire-avanc\u00e9 1 (12 ans et +)<\/strong><br \/>\n\u00ab En consolidant tes acquis par un travail plus intensif, tu affines tes habilet\u00e9s, ta souplesse et tes qualit\u00e9s d\u2019interpr\u00e9tation. Barre, centre, mini-variations, pointes sont au programme ! Minimum de 2 classes par semaine requis pour commencer les pointes (apr\u00e8s approbation du professeur). \u00bb<\/li>\n<\/ul>\n<ul>\n<li><strong>Pointe d\u00e9butant 1 (12 ans et +)<\/strong><br \/>\n\u00ab Ce cours de ballet se veut une introduction au travail sur pointes. La classe sera compos\u00e9e principalement d\u2019exercices simples visant le renforcement des pieds et chevilles ainsi que le bon contr\u00f4le de la mont\u00e9e et descente de pointe. La progression des encha\u00eenements se fera selon l\u2019\u00e9volution des \u00e9l\u00e8ves. \u00bb<\/li>\n<\/ul>\n<p><strong>Jazz :<\/strong><\/p>\n<ul>\n<li><strong>Jazz (8-12 ans)<\/strong><br \/>\n\u00ab Ce cours te permet l\u2019acquisition de techniques pr\u00e9cises et de chor\u00e9graphies misant sur l\u2019expression artistique, le rythme, la notion d\u2019espace, ainsi que la souplesse, l\u2019\u00e9quilibre et la coordination. Viens danser sur les plus grands classiques de Broadway et d\u2019aujourd\u2019hui pour d\u00e9couvrir la star en toi ! \u00bb<\/li>\n<\/ul>\n<p><strong>Contemporain : <\/strong><\/p>\n<ul>\n<li><strong>Danse contemporaine (8-12 ans)<\/strong><br \/>\n\u00ab Qu\u2019est-ce que la danse contemporaine ? Pour le d\u00e9couvrir, viens apprendre les bases de cette danse dans une ambiance dynamique et cr\u00e9ative ! La fluidit\u00e9 du mouvement, l\u2019ancrage avec le sol, le rapport \u00e0 l\u2019espace et au rythme sont autant d\u2019\u00e9l\u00e9ments utilis\u00e9s pour la cr\u00e9ation d\u2019encha\u00eenements sur diff\u00e9rentes musiques. \u00bb<\/li>\n<\/ul>\n<p><strong>PROGRAMMATION ESTIVALE<\/strong><\/p>\n<ul>\n<li><strong>Camps artistiques (7-9 ans et 10-13 ans)<\/strong><br \/>\n\u00ab Durant deux semaines, les participants d\u00e9veloppent leurs qualit\u00e9s artistiques et leur pr\u00e9sence sc\u00e9nique \u00e0 travers l\u2019interpr\u00e9tation du texte th\u00e9\u00e2tral, la justesse du jeu, le mouvement, le rythme, l\u2019expression chor\u00e9graphique. Ils ont la chance d\u2019investir un v\u00e9ritable th\u00e9\u00e2tre et d\u2019en d\u00e9couvrir les diff\u00e9rents aspects : la sc\u00e9nographie, les costumes, l\u2019\u00e9clairage, l\u2019environnement sonore et la r\u00e9gie technique. Chaque camp se conclut par un spectacle o\u00f9 les parents sont invit\u00e9s. \u00bb<\/li>\n<\/ul>\n<p>[mappress mapid=&#8221;1&#8243;]<\/p>\n","protected":false},"excerpt":{"rendered":"<p>C\u00d4T\u00c9 COUR C\u00d4T\u00c9 JARDIN Th\u00e9\u00e2tre et Danse pour jeunes et adultes Sous la direction g\u00e9n\u00e9rale de Marie-France Verdi, C\u00d4T\u00c9 COUR C\u00d4T\u00c9 JARDIN veut favoriser la rencontre entre le jeune public et les arts de la sc\u00e8ne, en particulier par le th\u00e9\u00e2tre et la danse. Se donnant comme mandat de cr\u00e9er des oeuvres accessibles C\u00d4T\u00c9 COUR [&hellip;]<\/p>\n","protected":false},"author":13,"featured_media":0,"parent":49,"menu_order":32,"comment_status":"open","ping_status":"closed","template":"","meta":{"footnotes":""},"class_list":["post-683","page","type-page","status-publish","hentry"],"jetpack_sharing_enabled":true,"_links":{"self":[{"href":"https:\/\/www.dramaction.qc.ca\/fr\/wp-json\/wp\/v2\/pages\/683","targetHints":{"allow":["GET"]}}],"collection":[{"href":"https:\/\/www.dramaction.qc.ca\/fr\/wp-json\/wp\/v2\/pages"}],"about":[{"href":"https:\/\/www.dramaction.qc.ca\/fr\/wp-json\/wp\/v2\/types\/page"}],"author":[{"embeddable":true,"href":"https:\/\/www.dramaction.qc.ca\/fr\/wp-json\/wp\/v2\/users\/13"}],"replies":[{"embeddable":true,"href":"https:\/\/www.dramaction.qc.ca\/fr\/wp-json\/wp\/v2\/comments?post=683"}],"version-history":[{"count":2,"href":"https:\/\/www.dramaction.qc.ca\/fr\/wp-json\/wp\/v2\/pages\/683\/revisions"}],"predecessor-version":[{"id":8267,"href":"https:\/\/www.dramaction.qc.ca\/fr\/wp-json\/wp\/v2\/pages\/683\/revisions\/8267"}],"up":[{"embeddable":true,"href":"https:\/\/www.dramaction.qc.ca\/fr\/wp-json\/wp\/v2\/pages\/49"}],"wp:attachment":[{"href":"https:\/\/www.dramaction.qc.ca\/fr\/wp-json\/wp\/v2\/media?parent=683"}],"curies":[{"name":"wp","href":"https:\/\/api.w.org\/{rel}","templated":true}]}}